{"id":99816,"date":"2025-02-11T19:40:21","date_gmt":"2025-02-11T16:56:02","guid":{"rendered":"https:\/\/factory.sale\/?post_type=product&#038;p=99816"},"modified":"2025-03-22T01:39:16","modified_gmt":"2025-03-21T22:39:16","slug":"aurinkopaneeli-kontio-solar-410w-musta-1-kpl","status":"publish","type":"product","link":"https:\/\/factory.sale\/fi\/tuote\/aurinkopaneeli-kontio-solar-410w-musta-1-kpl\/","title":{"rendered":"Aurinkopaneeli Kontio Solar, 410W, musta, 1 kpl"},"content":{"rendered":"<p><strong>Tuotekoodi<\/strong>: KON-KS005<\/p>\n<p>&nbsp;<\/p>\n<p>Kontio Solar 405 W aurinkopaneeli mustalla kehyksell\u00e4.<\/p>\n<p>&nbsp;<\/p>\n<p><strong>MBB (Multi-bus-bar) tarkoittaa, ett\u00e4 aurinkokenno on varustettu 12 tai 16 virtakiskolla 4, 5 tai 6 sijasta.<\/strong><\/p>\n<p>N\u00e4in saavutetaan korkeampi teho ja parempi luotettavuus.MBB:ss\u00e4 k\u00e4ytet\u00e4\u00e4n ohuita, py\u00f6ristettyj\u00e4 kuparilankoja, jotka eiv\u00e4t vaadi nauhoja aurinkokennon poikki. Py\u00f6ristetty poikkileikkaus parantaa optista suorituskyky\u00e4, koska aurinkokennoon heijastuu enemm\u00e4n valoa.<\/p>\n<p>&nbsp;<\/p>\n<p><strong>PERC (Passivated Emitter and Rear Contact) aurinkokennorakenne, jossa kennon taustalla oleva kerros on ns. passiivinen.<\/strong><\/p>\n<p>Passiivinen kerros nimens\u00e4 mukaan passivoi s\u00e4teily\u00e4 p\u00e4\u00e4sem\u00e4st\u00e4 kennon taustan l\u00e4pi hukkaan.<\/p>\n<p>&nbsp;<\/p>\n<p><strong>Half Cut &#8211; teknologia lis\u00e4\u00e4 paneelin tuotantoa, pienent\u00e4m\u00e4ll\u00e4 kennojen kokoa. <\/strong><\/p>\n<p>Pieni\u00e4 kennoja mahtuu paneeliin tuplam\u00e4\u00e4r\u00e4. Kooltaan pienemm\u00e4t kennot kest\u00e4v\u00e4t paremmin, jolloin half-cut -aurinkopaneeleilta voidaan odottaa pidemp\u00e4\u00e4 k\u00e4ytt\u00f6ik\u00e4\u00e4. Kontio Solarin yksikidekenno on jaettu laserilla kahteen osaan. Kaksi rinnakkaista aurinkokennoa tuottavat energiaa tehokkaammin riippumattomina toisistaan. Kun aurinkopaneelin kennoon osuu esimerkiksi puiden puiden varjo, jatkaa ylempi kenno energiantuottoaan yh\u00e4 t\u00e4ydell\u00e4 teholla. Pienemm\u00e4t kennot tarkoittavat my\u00f6s pienemp\u00e4\u00e4 sis\u00e4ist\u00e4 vastusta eli pienemp\u00e4\u00e4 virtah\u00e4vi\u00f6t\u00e4 ja pienemp\u00e4\u00e4 l\u00e4mp\u00f6tilaa = enemm\u00e4n s\u00e4hk\u00f6ntuotantoa Sinulle.<\/p>\n<p>&nbsp;<\/p>\n<p><strong>An<\/strong><strong>ti PID (potential-induced degradatio).<\/strong><\/p>\n<p>Kontio Solarin Anti PID teknologia v\u00e4hent\u00e4\u00e4 merkitt\u00e4v\u00e4sti PID ilmi\u00f6t\u00e4 muunmuassa korkealuokkaisella kvartsilasilla, joka luontaisesti sis\u00e4lt\u00e4\u00e4 sodiumia. Potentiaalin aiheuttama hajoaminen (PID) aurinkopaneeleissa johtuu huomattavasta potentiaalierosta puolijohdemateriaalin (kennon) ja moduulin muiden osien, kuten lasin, kiinnikkeiden tai alumiinirungon, v\u00e4lill\u00e4. My\u00f6s Kontio Solarin maadoitustekniikka auttaa rajoittamaan PID ilmi\u00f6t\u00e4.<\/p>\n<p>&nbsp;<\/p>\n<p><strong>Tuotetiedot:<\/strong><\/p>\n<ul>\n<li>Tuotemerkki: Kontio Solar<\/li>\n<li>Valmistusmaa: Kiina<\/li>\n<li>Korkeus (mm): 30<\/li>\n<li>Leveys (mm): 1 134<\/li>\n<li>Syvyys (mm): 1 722<\/li>\n<li>V\u00e4rin tarkenne: Kehyksen v\u00e4ri musta<\/li>\n<li>100 % tarkastettu tuote<\/li>\n<li>Korkealuokkainen pakkaus<\/li>\n<li>Yksikidepaneeli<\/li>\n<li>Half Cut<\/li>\n<li>MBB<\/li>\n<li>Mekaanisen kuorman (tuulikuorman, alapuoli) kesto: 2400 Pa<\/li>\n<li>Lumikuorman kesto: 5400 Pa<\/li>\n<li>Kehys: Anodisoitua alumiinia<\/li>\n<li>Kennoja: 108 kpl, 182 mm (2&#215;54)<\/li>\n<li>Hy\u00f6tysuhde: 20,8 %<\/li>\n<li>Lasi: AR (Anti-reflective) p\u00e4\u00e4llystetty, karkaistu, vahvuus 3,2 mm<\/li>\n<li>Liitin: MC4, IP68<\/li>\n<li>Virtajohtojen pituus: 1200 mm + ja -, vahvuus 4 m\u00b2<\/li>\n<li>Avoimen virtapiirin j\u00e4nnite: 37,23 V<\/li>\n<li>Oikosulkuvirta: 13,87 A<\/li>\n<li>J\u00e4nnite maksimiteholla: 31,21 V<\/li>\n<li>Virta maksimiteholla: 12,98 A<\/li>\n<li>Maksimi j\u00e4rjestelm\u00e4j\u00e4nnite: 1500 V<\/li>\n<li>Maksimi sulakekoko: 25 A<\/li>\n<li>Toimintal\u00e4mp\u00f6tila: -40 \u00b0C&#8230;+85 \u00b0C<\/li>\n<li>Sertifikaatit: IEC\/EN61730-1, IEC\/EN61730-2<\/li>\n<li>Teho (W): 405<\/li>\n<\/ul>\n<p>&nbsp;<\/p>\n<p>&nbsp;<\/p>\n<p><strong>M\u00c4\u00c4R\u00c4ALENNUS:<\/strong><\/p>\n<p>1 kpl &#8211; 105,11 EUR<br \/>\n2 kpl &#8211; 93,31 EUR<br \/>\n10 kpl &#8211; 89,41 EUR<br \/>\n18 kpl &#8211; 87,86 EUR<br \/>\n32 kpl &#8211; 85,53 EUR<\/p>\n<p>&nbsp;<\/p>\n<p>&nbsp;<\/p>\n<p><strong>Lis\u00e4ksi saatavilla:<\/strong><\/p>\n<ul>\n<li>Asennustarvikepakkaus &#8211; EASY RAIL etutuki tiilikattokiinnikkeelle<\/li>\n<li>Asennustarvikepakkaus &#8211; EASY RAIL tiilikattokiinnike<\/li>\n<li>Kiinnikesarja &#8211; EASY RAIL tiili<\/li>\n<li>Kiinnikesarja &#8211; EASY RAIL huopa \/ profiilipelti<\/li>\n<li>Kiinnikesarja &#8211; EASY RAIL tiilikuvio<\/li>\n<li>Kiinnikesarja &#8211; EASY RAIL rivikatto<\/li>\n<li>EASY RAIL Ruuvit rivikatto<\/li>\n<li>EASY RAIL kiinnike aaltopelti<\/li>\n<li>Aurinkovoimalan erotuskytkin &#8211; KSM 425 4X25A 400V 11KW<\/li>\n<li>EASY RAIL tiili suorapohja<\/li>\n<li>Kuorintapihdit 160mm<\/li>\n<li>EASY RAIL Ruuvit Aaltopelti<\/li>\n<li>EASY RAIL kiinnike rivikatto<\/li>\n<li>EASY RAIL kiinnike tiilikuvio<\/li>\n<li>EASY RAIL Ruuvit tiili<\/li>\n<li>Aurinkovoimalavaroitustarra<\/li>\n<\/ul>\n<p>&nbsp;<\/p>\n<p><a href=\"https:\/\/factory.sale\/wp-content\/uploads\/2025\/02\/kontio_solar_aurinkopaneeli_mittakuva.pdf\" target=\"_blank\" rel=\"noopener\">Mittakuva<\/a><\/p>\n<p><a href=\"https:\/\/factory.sale\/wp-content\/uploads\/2025\/02\/kontio_solar_aurinkopaneelit.pdf\" target=\"_blank\" rel=\"noopener\">Tietoa aurinkopaneelij\u00e4rjestelmist\u00e4<\/a><\/p>\n<p><a href=\"https:\/\/factory.sale\/wp-content\/uploads\/2025\/02\/Kontio-Solar-invertterin-IEC-61000-standardit.pdf\" target=\"_blank\" rel=\"noopener\">Kontio Solar standardit<\/a><\/p>\n","protected":false},"excerpt":{"rendered":"<p>Kontio Solar 405W aurinkopaneelit tarjoavat korkean suorituskyvyn, kest\u00e4vyyden ja innovatiivisen teknologian, mik\u00e4 tekee niist\u00e4 erinomaisen valinnan koteihin, liikekiinteist\u00f6ihin ja teollisuusk\u00e4ytt\u00f6\u00f6n.<\/p>\n<p>Ota askel kohti energiaomavaraisuutta Kontio Solarin tehokkailla aurinkopaneeleilla jo t\u00e4n\u00e4\u00e4n!<\/p>\n","protected":false},"featured_media":99812,"comment_status":"open","ping_status":"closed","template":"","meta":{"_acf_changed":false},"factory":[],"free-shipment":[],"product_brand":[],"product_cat":[4177,1332],"product_tag":[2112],"class_list":{"0":"post-99816","1":"product","2":"type-product","3":"status-publish","4":"has-post-thumbnail","6":"product_cat-kontio-solar-fi","7":"product_cat-uusiutuva-energia","8":"product_tag-solar-panel-fi","10":"first","11":"instock","12":"sale","13":"taxable","14":"shipping-taxable","15":"purchasable","16":"product-type-simple"},"acf":[],"_links":{"self":[{"href":"https:\/\/factory.sale\/fi\/wp-json\/wp\/v2\/product\/99816","targetHints":{"allow":["GET"]}}],"collection":[{"href":"https:\/\/factory.sale\/fi\/wp-json\/wp\/v2\/product"}],"about":[{"href":"https:\/\/factory.sale\/fi\/wp-json\/wp\/v2\/types\/product"}],"replies":[{"embeddable":true,"href":"https:\/\/factory.sale\/fi\/wp-json\/wp\/v2\/comments?post=99816"}],"wp:featuredmedia":[{"embeddable":true,"href":"https:\/\/factory.sale\/fi\/wp-json\/wp\/v2\/media\/99812"}],"wp:attachment":[{"href":"https:\/\/factory.sale\/fi\/wp-json\/wp\/v2\/media?parent=99816"}],"wp:term":[{"taxonomy":"factory","embeddable":true,"href":"https:\/\/factory.sale\/fi\/wp-json\/wp\/v2\/factory?post=99816"},{"taxonomy":"free-shipment","embeddable":true,"href":"https:\/\/factory.sale\/fi\/wp-json\/wp\/v2\/free-shipment?post=99816"},{"taxonomy":"product_brand","embeddable":true,"href":"https:\/\/factory.sale\/fi\/wp-json\/wp\/v2\/product_brand?post=99816"},{"taxonomy":"product_cat","embeddable":true,"href":"https:\/\/factory.sale\/fi\/wp-json\/wp\/v2\/product_cat?post=99816"},{"taxonomy":"product_tag","embeddable":true,"href":"https:\/\/factory.sale\/fi\/wp-json\/wp\/v2\/product_tag?post=99816"}],"curies":[{"name":"wp","href":"https:\/\/api.w.org\/{rel}","templated":true}]}}