{"id":99652,"date":"2025-02-09T23:30:52","date_gmt":"2025-02-09T21:20:04","guid":{"rendered":"https:\/\/factory.sale\/?post_type=product&#038;p=99652"},"modified":"2025-02-10T01:01:40","modified_gmt":"2025-02-09T22:01:40","slug":"saunan-sahkokiuas-harvia-moderna-v60xe-6-0-kw-ohjauskeskuksella-musta","status":"publish","type":"product","link":"https:\/\/factory.sale\/fi\/tuote\/saunan-sahkokiuas-harvia-moderna-v60xe-6-0-kw-ohjauskeskuksella-musta\/","title":{"rendered":"Saunan s\u00e4hk\u00f6kiuas Harvia Moderna v60xe, 6.0 kW ohjauskeskuksella, musta"},"content":{"rendered":"<p>Harvia Moderna on s\u00e4hk\u00f6kiukaiden aatelia. Moderna l\u00e4mmitt\u00e4\u00e4 saunasi nopeasti ja digitaalisen ohjauksen ansiosta sauna on helppo l\u00e4mmitt\u00e4\u00e4 omien l\u00e4mp\u00f6mieltymysten mukaan \u2013 jopa asteen tarkkuudella silloin kuin haluat. Erillinen elektroninen anturi pit\u00e4\u00e4 saunan l\u00e4mp\u00f6tilan tasaisena koko saunomisen ajan.<\/p>\n<p>Modernan Digitaalinen Xenio XE-ohjauspaneeli mahdollistaa monipuolisen ja mutkattoman saunan k\u00e4yt\u00f6n. Kaikki sen ominaisuudet on integroitu suoraan siihen yhdistettyyn Moderna-kiukaaseen, mik\u00e4 mahdollistaa vaivattoman asennuksen niin uuteen kuin my\u00f6s vanhaan saunaan.<\/p>\n<p>Xenio -ohjauspaneelin valaistujen kosketuspainikkeiden avulla ohjaat saunasi toimintoja my\u00f6s h\u00e4m\u00e4r\u00e4ss\u00e4 saunaymp\u00e4rist\u00f6ss\u00e4. S\u00e4\u00e4d\u00e4 l\u00e4mp\u00f6tilaa, valaistusta ja ajastuksia suoraan ohjauspaneelista. Ajastustoiminnon avulla voit laittaa saunasi l\u00e4mpi\u00e4m\u00e4\u00e4n juuri haluamallesi ajankohdalle. Ohjauspaneeli voidaan sijoittaa saunan sis\u00e4lle, jossa se voi toimia my\u00f6s digitaalisena saunan l\u00e4mp\u00f6mittarina. XE-mallin kiuas tukee et\u00e4k\u00e4ynnistyst\u00e4 ja turvalaitteet on helppo liitt\u00e4\u00e4 suoraan kiukaaseen.<\/p>\n<p>Moderna XE -malli on helppo p\u00e4ivitt\u00e4\u00e4 et\u00e4ohjattavaksi Xenio WiFi -lis\u00e4varustepaketin ja MyHarvia-mobiilisovelluksen avulla.<\/p>\n<p>&nbsp;<\/p>\n<p><strong>DIGITAALINEN DESIGN-KIUAS<\/strong><\/p>\n<p>Sein\u00e4\u00e4n asennettava n\u00e4ytt\u00e4v\u00e4 Moderna XE -digitaalisella ohjauksella l\u00e4mmitt\u00e4\u00e4 saunan nopeasti kylpykuntoon ja takaa napakat l\u00f6ylyt.<br \/>\nModerna XE -s\u00e4hk\u00f6kiuas on monipuolinen ominaisuuksiltaan ja se on helppo asentaa uuteen tai vanhaan saunaan. Se ei vaadi erillist\u00e4 kuivaan tilaan asennettavaa ohjauskeskusta. Kaikki liit\u00e4nn\u00e4t, kuten ohjauspaneeli, ovitunnistin ja l\u00e4mp\u00f6tila-anturi liitet\u00e4\u00e4n suoraa kiukaaseen.<br \/>\nXenio-ohjauspaneeli on varustettu valaistuilla kosketusn\u00e4pp\u00e4imill\u00e4 ja digitaalisella n\u00e4yt\u00f6ll\u00e4.<br \/>\nXenio XE -ohjauspaneelilla kytket kiukaan helposti p\u00e4\u00e4lle haluttuna ajankohtana ja halutulla l\u00e4mp\u00f6tilalla, ohjaat saunan valaistusta sek\u00e4 seuraat saunan l\u00e4mp\u00f6tilaa.<br \/>\nModerna XE -malli on helppo p\u00e4ivitt\u00e4\u00e4 MyHarvia yhteensopivaksi Xenio WiFi lis\u00e4varusteen avulla, jonka avulla voit ohjata saunasi toimintoja puhelimestasi. Tutustu MyHarvia \u2013sovellukseen osoitteessa www.myharvia.com.<br \/>\nKotik\u00e4yt\u00f6ss\u00e4 olevan kiukaan et\u00e4k\u00e4yt\u00f6n vaatimat turvalaitteet, kuten ovitunnistin tai kiukaan turvalaite, voidaan liitt\u00e4\u00e4 suoraa kiukaaseen. Et\u00e4k\u00e4yt\u00f6ss\u00e4 saunan ovitunnistintoiminto voidaan aktivoida suoraan Xenio -ohjauspaneelista.<br \/>\nModerna-s\u00e4hk\u00f6kiuas sopii digitaalisen ohjauksen ja pienien suojaet\u00e4isyyksien ansiosta erityisesti lauteisiin upotettavaksi.<\/p>\n<p>&nbsp;<\/p>\n<p>&nbsp;<\/p>\n<p><strong>\u00a0Tekniset tiedot:<\/strong><\/p>\n<div id=\"properties_group_68\">\n<table class=\"sauna-table-properties\">\n<tbody>\n<tr>\n<td>Tuotekoodi<\/td>\n<td class=\"sauna-properties-value-box \">HVE454XEM<\/td>\n<\/tr>\n<tr>\n<td class=\"hightLight\">Teho, kW<\/td>\n<td class=\"sauna-properties-value-box hightLight\">6.0<\/td>\n<\/tr>\n<tr>\n<td>Saunan min &#8211; max koko, m3<\/td>\n<td class=\"sauna-properties-value-box \">5-8<\/td>\n<\/tr>\n<tr>\n<td class=\"hightLight\">Mitta (KxLxS),mm<\/td>\n<td class=\"sauna-properties-value-box hightLight\">580 \/ 410 \/ 310<\/td>\n<\/tr>\n<tr>\n<td>Paino, kg<\/td>\n<td class=\"sauna-properties-value-box \">15<\/td>\n<\/tr>\n<tr>\n<td class=\"hightLight\">Maksimaalinen kivien m\u00e4\u00e4r\u00e4 (kg)<\/td>\n<td class=\"sauna-properties-value-box hightLight\">25<\/td>\n<\/tr>\n<tr>\n<td>Minimaaliset suojaet\u00e4isyydet (katto \/ sivut)<\/td>\n<td class=\"sauna-properties-value-box \">1100 \/ 50<\/td>\n<\/tr>\n<tr>\n<td class=\"hightLight\">S\u00e4hk\u00f6j\u00e4nnite<\/td>\n<td class=\"sauna-properties-value-box hightLight\">230 V 1N~ \/ 400 V 3N~<\/td>\n<\/tr>\n<tr>\n<td>Sulake A<\/td>\n<td class=\"sauna-properties-value-box \">1 x 25 \/ 3 x 10<\/td>\n<\/tr>\n<tr>\n<td class=\"hightLight\">Liit\u00e4nt\u00e4kaapeli (mm2)<\/td>\n<td class=\"sauna-properties-value-box hightLight\">3 x 2,5 \/ 5 x 1,5<\/td>\n<\/tr>\n<tr>\n<td>Ohjauskeskus<\/td>\n<td class=\"sauna-properties-value-box \">Varustettu<\/td>\n<\/tr>\n<tr>\n<td class=\"hightLight\">Vesis\u00e4ili\u00f6n tilavuus (l)<\/td>\n<td class=\"sauna-properties-value-box hightLight\">&#8211;<\/td>\n<\/tr>\n<tr>\n<td>Kivet<\/td>\n<td class=\"sauna-properties-value-box \">Kivet eiv\u00e4t sis\u00e4lly<\/td>\n<\/tr>\n<\/tbody>\n<\/table>\n<p>&nbsp;<\/p>\n<\/div>\n<p>Saunakivet ovat saatavilla erikseen ostettavaksi \u2013 <a href=\"https:\/\/factory.sale\/fi\/tuote-osasto\/saniteetti\/saunatarvikkeet\/kiuaskivet\/\" target=\"_blank\" rel=\"noopener\">katso lis\u00e4\u00e4 t\u00e4\u00e4lt\u00e4<\/a>.<\/p>\n<p>&nbsp;<\/p>\n<p><a href=\"https:\/\/factory.sale\/wp-content\/uploads\/2025\/02\/VE_XE_FISVENDEESITRUET_Y05-0885.pdf\" target=\"_blank\" rel=\"noopener\">K\u00e4ytt\u00f6ohjeet<\/a><\/p>\n","protected":false},"excerpt":{"rendered":"<p>Harvia Moderna on s\u00e4hk\u00f6kiukaiden aatelia. Moderna l\u00e4mmitt\u00e4\u00e4 saunasi nopeasti ja digitaalisen ohjauksen ansiosta sauna on helppo l\u00e4mmitt\u00e4\u00e4 omien l\u00e4mp\u00f6mieltymysten mukaan \u2013 jopa asteen tarkkuudella silloin kuin haluat. Erillinen elektroninen anturi pit\u00e4\u00e4 saunan l\u00e4mp\u00f6tilan tasaisena koko saunomisen ajan.<\/p>\n","protected":false},"featured_media":99640,"comment_status":"open","ping_status":"closed","template":"","meta":{"_acf_changed":false},"factory":[],"free-shipment":[],"product_brand":[],"product_cat":[1419,265],"product_tag":[],"class_list":{"0":"post-99652","1":"product","2":"type-product","3":"status-publish","4":"has-post-thumbnail","6":"product_cat-harvia-3","7":"product_cat-sauna-heaters","9":"first","10":"instock","11":"sale","12":"taxable","13":"shipping-taxable","14":"purchasable","15":"product-type-simple"},"acf":[],"_links":{"self":[{"href":"https:\/\/factory.sale\/fi\/wp-json\/wp\/v2\/product\/99652","targetHints":{"allow":["GET"]}}],"collection":[{"href":"https:\/\/factory.sale\/fi\/wp-json\/wp\/v2\/product"}],"about":[{"href":"https:\/\/factory.sale\/fi\/wp-json\/wp\/v2\/types\/product"}],"replies":[{"embeddable":true,"href":"https:\/\/factory.sale\/fi\/wp-json\/wp\/v2\/comments?post=99652"}],"wp:featuredmedia":[{"embeddable":true,"href":"https:\/\/factory.sale\/fi\/wp-json\/wp\/v2\/media\/99640"}],"wp:attachment":[{"href":"https:\/\/factory.sale\/fi\/wp-json\/wp\/v2\/media?parent=99652"}],"wp:term":[{"taxonomy":"factory","embeddable":true,"href":"https:\/\/factory.sale\/fi\/wp-json\/wp\/v2\/factory?post=99652"},{"taxonomy":"free-shipment","embeddable":true,"href":"https:\/\/factory.sale\/fi\/wp-json\/wp\/v2\/free-shipment?post=99652"},{"taxonomy":"product_brand","embeddable":true,"href":"https:\/\/factory.sale\/fi\/wp-json\/wp\/v2\/product_brand?post=99652"},{"taxonomy":"product_cat","embeddable":true,"href":"https:\/\/factory.sale\/fi\/wp-json\/wp\/v2\/product_cat?post=99652"},{"taxonomy":"product_tag","embeddable":true,"href":"https:\/\/factory.sale\/fi\/wp-json\/wp\/v2\/product_tag?post=99652"}],"curies":[{"name":"wp","href":"https:\/\/api.w.org\/{rel}","templated":true}]}}