{"id":99526,"date":"2025-02-02T21:52:47","date_gmt":"2025-02-02T19:12:13","guid":{"rendered":"https:\/\/factory.sale\/?post_type=product&#038;p=99526"},"modified":"2025-08-17T21:54:59","modified_gmt":"2025-08-17T18:54:59","slug":"tihea-pilliruokomatto","status":"publish","type":"product","link":"https:\/\/factory.sale\/fi\/tuote\/tihea-pilliruokomatto\/","title":{"rendered":"Tihe\u00e4 pilliruokomatto"},"content":{"rendered":"<p>Tihe\u00e4 pilliruokomatto sopii erinomaisesti sek\u00e4 sis\u00e4- ett\u00e4 ulkotiloihin koriste-elementiksi ja ulkoalueille luonnolliseksi yksityisyytt\u00e4 luovaksi suojaksi. Lis\u00e4ksi sit\u00e4 voidaan k\u00e4ytt\u00e4\u00e4 rappausalustana, kuten pilliruokolevyj\u00e4. T\u00e4m\u00e4 on k\u00e4yt\u00e4nn\u00f6llinen ja luonnonl\u00e4heinen ratkaisu, joka yhdist\u00e4\u00e4 toiminnallisuuden ja esteettisen kauneuden.<\/p>\n<p>&nbsp;<\/p>\n<p><strong>K\u00e4ytt\u00f6mahdollisuudet:<\/strong><\/p>\n<ul>\n<li>Tarjoaa vakaan pohjan viimeistelylle, kuten UKU pilliruokolevyt.<\/li>\n<li>Toimii koriste-elementtin\u00e4, joka tarjoaa varjoa ja yksityisyytt\u00e4 s\u00e4ilytt\u00e4en samalla avaruuden tunteen.<\/li>\n<li>Luo tyylikk\u00e4\u00e4n ja luonnonl\u00e4heisen tunnelman sis\u00e4tiloissa, puutarhassa ja terassilla.<\/li>\n<li>Tukee ja korostaa k\u00f6ynn\u00f6skasveja, tehden puutarhasta vehre\u00e4n ja el\u00e4v\u00e4n.<\/li>\n<\/ul>\n<p>&nbsp;<\/p>\n<p>Tihe\u00e4 pilliruokomatto on ihanteellinen valinta kaikille, jotka arvostavat luonnon kauneutta ja etsiv\u00e4t k\u00e4yt\u00e4nn\u00f6llist\u00e4 ja kest\u00e4v\u00e4\u00e4 ratkaisua ulko- tai sisustussuunnitteluprojekteihinsa.<\/p>\n<p>&nbsp;<\/p>\n<p>&nbsp;<\/p>\n<p><strong>Mitat:<\/strong><\/p>\n<p>10,8 m\u00b2\/rulla (1,8 x 6 m)<\/p>\n","protected":false},"excerpt":{"rendered":"<p>Tihe\u00e4 pilliruokomatto sopii erinomaisesti sek\u00e4 sis\u00e4- ett\u00e4 ulkotiloihin koriste-elementiksi ja ulkoalueille luonnolliseksi yksityisyytt\u00e4 luovaksi suojaksi. Lis\u00e4ksi sit\u00e4 voidaan k\u00e4ytt\u00e4\u00e4 rappausalustana, kuten pilliruokolevyj\u00e4. T\u00e4m\u00e4 on k\u00e4yt\u00e4nn\u00f6llinen ja luonnonl\u00e4heinen ratkaisu, joka yhdist\u00e4\u00e4 toiminnallisuuden ja esteettisen kauneuden.<\/p>\n","protected":false},"featured_media":99517,"comment_status":"open","ping_status":"closed","template":"","meta":{"_acf_changed":false},"factory":[],"free-shipment":[],"product_brand":[4557],"product_cat":[3473,1321],"product_tag":[],"class_list":{"0":"post-99526","1":"product","2":"type-product","3":"status-publish","4":"has-post-thumbnail","6":"product_brand-uku","7":"product_cat-luonnolliset-rakennusratkaisut","8":"product_cat-yleinen-rakentaminen","10":"first","11":"instock","12":"sale","13":"taxable","14":"shipping-taxable","15":"purchasable","16":"product-type-simple"},"acf":[],"_links":{"self":[{"href":"https:\/\/factory.sale\/fi\/wp-json\/wp\/v2\/product\/99526","targetHints":{"allow":["GET"]}}],"collection":[{"href":"https:\/\/factory.sale\/fi\/wp-json\/wp\/v2\/product"}],"about":[{"href":"https:\/\/factory.sale\/fi\/wp-json\/wp\/v2\/types\/product"}],"replies":[{"embeddable":true,"href":"https:\/\/factory.sale\/fi\/wp-json\/wp\/v2\/comments?post=99526"}],"wp:featuredmedia":[{"embeddable":true,"href":"https:\/\/factory.sale\/fi\/wp-json\/wp\/v2\/media\/99517"}],"wp:attachment":[{"href":"https:\/\/factory.sale\/fi\/wp-json\/wp\/v2\/media?parent=99526"}],"wp:term":[{"taxonomy":"factory","embeddable":true,"href":"https:\/\/factory.sale\/fi\/wp-json\/wp\/v2\/factory?post=99526"},{"taxonomy":"free-shipment","embeddable":true,"href":"https:\/\/factory.sale\/fi\/wp-json\/wp\/v2\/free-shipment?post=99526"},{"taxonomy":"product_brand","embeddable":true,"href":"https:\/\/factory.sale\/fi\/wp-json\/wp\/v2\/product_brand?post=99526"},{"taxonomy":"product_cat","embeddable":true,"href":"https:\/\/factory.sale\/fi\/wp-json\/wp\/v2\/product_cat?post=99526"},{"taxonomy":"product_tag","embeddable":true,"href":"https:\/\/factory.sale\/fi\/wp-json\/wp\/v2\/product_tag?post=99526"}],"curies":[{"name":"wp","href":"https:\/\/api.w.org\/{rel}","templated":true}]}}