{"id":99511,"date":"2025-02-02T21:13:58","date_gmt":"2025-02-02T18:37:32","guid":{"rendered":"https:\/\/factory.sale\/?post_type=product&#038;p=99511"},"modified":"2025-08-17T21:52:44","modified_gmt":"2025-08-17T18:52:44","slug":"harva-pilliruokomatto","status":"publish","type":"product","link":"https:\/\/factory.sale\/fi\/tuote\/harva-pilliruokomatto\/","title":{"rendered":"Harva pilliruokomatto"},"content":{"rendered":"<p>Harva pilliruokomatto on luonnollinen ja k\u00e4yt\u00e4nn\u00f6llinen rappausalusta sek\u00e4 savi- ett\u00e4 kalkkirappaukselle. Pilliruohon varret on aseteltu harvaan ja ommeltu rinnakkain kest\u00e4v\u00e4ll\u00e4 ja ruostumattomalla metallilangalla. Avoimen rakenteensa ansiosta matto on ihanteellinen rappausalusta, sill\u00e4 savi tarttuu erinomaisesti pilliruohon ymp\u00e4rille, tarjoten vahvan ja vakaan pohjan. Matto on kest\u00e4v\u00e4 ja helppo kiinnitt\u00e4\u00e4 niiteill\u00e4 runkoon, mik\u00e4 tekee asennuksesta nopeaa ja vaivatonta.<\/p>\n<p>&nbsp;<\/p>\n<p><strong>K\u00e4ytt\u00f6:<\/strong><\/p>\n<ul>\n<li>Asennettavissa seinille ja katoille, my\u00f6s ulkoseinille.<\/li>\n<li>Sopii sek\u00e4 tasaisille ett\u00e4 ep\u00e4tasaisille massiiviseinille, veistettyjen hirsiseinien, laudoitetun runkosein\u00e4n ja puisten rakennuslevyjen p\u00e4\u00e4lle.<\/li>\n<li>Mattoliitosten kohdalla pilliruokon p\u00e4\u00e4t on asetettava limitt\u00e4in.<\/li>\n<\/ul>\n<p>&nbsp;<\/p>\n<p>Harva pilliruokomatto tarjoaa luonnollisen mutta kest\u00e4v\u00e4n rappausalustan ja sopii erinomaisesti sek\u00e4 perinteisiin ett\u00e4 moderneihin rakennusratkaisuihin.<\/p>\n<p>&nbsp;<\/p>\n<p><strong>Mitat:<\/strong><\/p>\n<p>10 m\u00b2\/rulla (1,6 x 6,25 m)<\/p>\n<p>&nbsp;<\/p>\n","protected":false},"excerpt":{"rendered":"<p>Harva pilliruokomatto on luonnollinen ja k\u00e4yt\u00e4nn\u00f6llinen rappausalusta sek\u00e4 savi- ett\u00e4 kalkkirappaukselle. Pilliruohon varret on aseteltu harvaan ja ommeltu rinnakkain kest\u00e4v\u00e4ll\u00e4 ja ruostumattomalla metallilangalla. Avoimen rakenteensa ansiosta matto on ihanteellinen rappausalusta, sill\u00e4 savi tarttuu erinomaisesti pilliruohon ymp\u00e4rille, tarjoten vahvan ja vakaan pohjan. Matto on kest\u00e4v\u00e4 ja helppo kiinnitt\u00e4\u00e4 niiteill\u00e4 runkoon, mik\u00e4 tekee asennuksesta nopeaa ja vaivatonta.<\/p>\n","protected":false},"featured_media":99506,"comment_status":"open","ping_status":"closed","template":"","meta":{"_acf_changed":false},"factory":[],"free-shipment":[],"product_brand":[4557],"product_cat":[3473,1321],"product_tag":[],"class_list":{"0":"post-99511","1":"product","2":"type-product","3":"status-publish","4":"has-post-thumbnail","6":"product_brand-uku","7":"product_cat-luonnolliset-rakennusratkaisut","8":"product_cat-yleinen-rakentaminen","10":"first","11":"instock","12":"sale","13":"taxable","14":"shipping-taxable","15":"purchasable","16":"product-type-simple"},"acf":[],"_links":{"self":[{"href":"https:\/\/factory.sale\/fi\/wp-json\/wp\/v2\/product\/99511","targetHints":{"allow":["GET"]}}],"collection":[{"href":"https:\/\/factory.sale\/fi\/wp-json\/wp\/v2\/product"}],"about":[{"href":"https:\/\/factory.sale\/fi\/wp-json\/wp\/v2\/types\/product"}],"replies":[{"embeddable":true,"href":"https:\/\/factory.sale\/fi\/wp-json\/wp\/v2\/comments?post=99511"}],"wp:featuredmedia":[{"embeddable":true,"href":"https:\/\/factory.sale\/fi\/wp-json\/wp\/v2\/media\/99506"}],"wp:attachment":[{"href":"https:\/\/factory.sale\/fi\/wp-json\/wp\/v2\/media?parent=99511"}],"wp:term":[{"taxonomy":"factory","embeddable":true,"href":"https:\/\/factory.sale\/fi\/wp-json\/wp\/v2\/factory?post=99511"},{"taxonomy":"free-shipment","embeddable":true,"href":"https:\/\/factory.sale\/fi\/wp-json\/wp\/v2\/free-shipment?post=99511"},{"taxonomy":"product_brand","embeddable":true,"href":"https:\/\/factory.sale\/fi\/wp-json\/wp\/v2\/product_brand?post=99511"},{"taxonomy":"product_cat","embeddable":true,"href":"https:\/\/factory.sale\/fi\/wp-json\/wp\/v2\/product_cat?post=99511"},{"taxonomy":"product_tag","embeddable":true,"href":"https:\/\/factory.sale\/fi\/wp-json\/wp\/v2\/product_tag?post=99511"}],"curies":[{"name":"wp","href":"https:\/\/api.w.org\/{rel}","templated":true}]}}