{"id":99492,"date":"2025-02-02T20:19:56","date_gmt":"2025-02-02T17:19:01","guid":{"rendered":"https:\/\/factory.sale\/?post_type=product&#038;p=99492"},"modified":"2025-02-03T02:19:10","modified_gmt":"2025-02-02T23:19:10","slug":"uku-pilliruokolevy","status":"publish","type":"product","link":"https:\/\/factory.sale\/fi\/tuote\/uku-pilliruokolevy\/","title":{"rendered":"UKU pilliruokolevy"},"content":{"rendered":"<p>UKU pilliruokolevyt ovat luonnonl\u00e4heinen ja kest\u00e4v\u00e4 rakennusmateriaali, joka valmistetaan korkealaatuisesta V\u00f5rtsj\u00e4rven pilliruohosta.<\/p>\n<p>Ne ovat erinomainen esimerkki paikallisten raaka-aineiden ja perinteisen k\u00e4sity\u00f6taidon yhdist\u00e4misest\u00e4. Pilliruokolevyt valmistetaan huolellisesti leikatuista parhaista V\u00f5rtsj\u00e4rven pilliruokokorsista, jotka sidotaan k\u00e4sity\u00f6n\u00e4 kest\u00e4v\u00e4ll\u00e4 metallilangalla.<\/p>\n<p>Pilliruoho, nopeasti kasvava ja uusiutuva kasvi, edist\u00e4\u00e4 sadonkorjuulla kosteikkojen monimuotoisuuden s\u00e4ilytt\u00e4mist\u00e4, ymp\u00e4rist\u00f6n tasapainottamista ja vesist\u00f6jen puhdistamista maatalouskemikaaleista.<\/p>\n<p>&nbsp;<\/p>\n<p><strong>K\u00e4ytt\u00f6kohteet:<\/strong><\/p>\n<ul>\n<li>1-Rappausalustalevyt: Ihanteellinen pohjakerros luonnon rappauksille, tarjoten vakaan ja kest\u00e4v\u00e4n perustan.<\/li>\n<li>2-Koristelevyt: Tyylik\u00e4s ja k\u00e4yt\u00e4nn\u00f6llinen valinta sisustukseen sek\u00e4 puutarha- ja katosrakennelmiin.<\/li>\n<li>UKU pilliruokolevyt yhdist\u00e4v\u00e4t estetiikan ja toimivuuden tukien samalla ymp\u00e4rist\u00f6yst\u00e4v\u00e4llisi\u00e4 rakennusratkaisuja.<\/li>\n<\/ul>\n<p>&nbsp;<\/p>\n<p>&nbsp;<\/p>\n<p><strong>Tuotetiedot:<\/strong><\/p>\n<ul>\n<li>Paksuus 2,5 cm: 1,5 m\u00b2\/levy (0,75 m leveys x 2 m pituus).<\/li>\n<li>Paksuus 5 cm: 1,5 m\u00b2\/levy (0,75 m x 2 m) (52,50 \u20ac ilman ALV)<\/li>\n<\/ul>\n<p>Huom: Valmistamme erikoistilauksesta levyj\u00e4, joiden leveys on enint\u00e4\u00e4n 150 cm ja pituus projektin vaatimusten mukainen!<\/p>\n","protected":false},"excerpt":{"rendered":"<p>UKU pilliruokolevyt ovat luonnonl\u00e4heinen ja kest\u00e4v\u00e4 rakennusmateriaali, joka valmistetaan korkealaatuisesta V\u00f5rtsj\u00e4rven pilliruohosta.<\/p>\n<p>Ne ovat erinomainen esimerkki paikallisten raaka-aineiden ja perinteisen k\u00e4sity\u00f6taidon yhdist\u00e4misest\u00e4. Pilliruokolevyt valmistetaan huolellisesti leikatuista parhaista V\u00f5rtsj\u00e4rven pilliruokokorsista, jotka sidotaan k\u00e4sity\u00f6n\u00e4 kest\u00e4v\u00e4ll\u00e4 metallilangalla.<\/p>\n","protected":false},"featured_media":99480,"comment_status":"open","ping_status":"closed","template":"","meta":{"_acf_changed":false},"factory":[],"free-shipment":[],"product_brand":[],"product_cat":[3473,1321],"product_tag":[],"class_list":{"0":"post-99492","1":"product","2":"type-product","3":"status-publish","4":"has-post-thumbnail","6":"product_cat-luonnolliset-rakennusratkaisut","7":"product_cat-yleinen-rakentaminen","9":"first","10":"instock","11":"sale","12":"taxable","13":"shipping-taxable","14":"purchasable","15":"product-type-simple"},"acf":[],"_links":{"self":[{"href":"https:\/\/factory.sale\/fi\/wp-json\/wp\/v2\/product\/99492","targetHints":{"allow":["GET"]}}],"collection":[{"href":"https:\/\/factory.sale\/fi\/wp-json\/wp\/v2\/product"}],"about":[{"href":"https:\/\/factory.sale\/fi\/wp-json\/wp\/v2\/types\/product"}],"replies":[{"embeddable":true,"href":"https:\/\/factory.sale\/fi\/wp-json\/wp\/v2\/comments?post=99492"}],"wp:featuredmedia":[{"embeddable":true,"href":"https:\/\/factory.sale\/fi\/wp-json\/wp\/v2\/media\/99480"}],"wp:attachment":[{"href":"https:\/\/factory.sale\/fi\/wp-json\/wp\/v2\/media?parent=99492"}],"wp:term":[{"taxonomy":"factory","embeddable":true,"href":"https:\/\/factory.sale\/fi\/wp-json\/wp\/v2\/factory?post=99492"},{"taxonomy":"free-shipment","embeddable":true,"href":"https:\/\/factory.sale\/fi\/wp-json\/wp\/v2\/free-shipment?post=99492"},{"taxonomy":"product_brand","embeddable":true,"href":"https:\/\/factory.sale\/fi\/wp-json\/wp\/v2\/product_brand?post=99492"},{"taxonomy":"product_cat","embeddable":true,"href":"https:\/\/factory.sale\/fi\/wp-json\/wp\/v2\/product_cat?post=99492"},{"taxonomy":"product_tag","embeddable":true,"href":"https:\/\/factory.sale\/fi\/wp-json\/wp\/v2\/product_tag?post=99492"}],"curies":[{"name":"wp","href":"https:\/\/api.w.org\/{rel}","templated":true}]}}