{"id":99457,"date":"2025-02-01T01:28:10","date_gmt":"2025-01-31T22:27:16","guid":{"rendered":"https:\/\/factory.sale\/?post_type=product&#038;p=99457"},"modified":"2025-02-01T01:31:09","modified_gmt":"2025-01-31T22:31:09","slug":"piippusetti-dw50-cs-25m-%e2%88%85115-215-ruostumaton-teras","status":"publish","type":"product","link":"https:\/\/factory.sale\/fi\/tuote\/piippusetti-dw50-cs-25m-%e2%88%85115-215-ruostumaton-teras\/","title":{"rendered":"Piippusetti DW50 CS, 2,5m\/\u2205115\/215, ruostumaton ter\u00e4s"},"content":{"rendered":"<p>T\u00e4ydellinen pihasaunan piippupaketti ruostumattomasta ter\u00e4ksest\u00e4, liitosputken halkaisija 115mm. Piipun eristetyn osan halkaisija 215mm. Tyylikk\u00e4\u00e4n kiilt\u00e4v\u00e4 rst kokonaisuus. Laajennettavissa 0,5 ja 1,0m jatkoilla, vapaasti 5- metrin kokonaismittaan saakka.<\/p>\n<p>&nbsp;<\/p>\n<p><strong>Setti sis\u00e4lt\u00e4\u00e4:<\/strong><\/p>\n<ul>\n<li>2 x0,5m erist\u00e4m\u00e4t\u00f6nt\u00e4 hormia<\/li>\n<li>1,5m eristetty\u00e4 (1,0 ja 0,5m) hormiputkea<\/li>\n<li>piipunhattu<\/li>\n<li>sis\u00e4- ja katon l\u00e4pivienti paketti<\/li>\n<li>Ei tarvitse erillist\u00e4 tuentaa alle 3m huonekorkeuksissa<\/li>\n<\/ul>\n<p>Vesikaton yl\u00e4puolella ei tarvita tuentaa, mik\u00e4li korkeus vesikaton pinnasta on alle 3m<\/p>\n<p>&nbsp;<\/p>\n<p>&nbsp;<\/p>\n<p><strong>Tuotetiedot:<\/strong><\/p>\n<ul>\n<li>Korkeus (mm): 2 500<\/li>\n<li>Halkaisija (mm): 215<\/li>\n<li>Hormiliit\u00e4nn\u00e4n halkaisija (mm): 115<\/li>\n<li>Tuotteen paino (kg): 45<\/li>\n<li>V\u00e4ri: Ter\u00e4s<\/li>\n<li>Materiaali: Ter\u00e4s<\/li>\n<li>L\u00e4mp\u00f6tilaluokka T600, nokipalonkest\u00e4v\u00e4<\/li>\n<li>Eristetyn horminsuojaet\u00e4isyys 50mm<\/li>\n<li>Erist\u00e4m\u00e4tt\u00f6m\u00e4n putken suojaet\u00e4isyys 500mm<\/li>\n<\/ul>\n<p>&nbsp;<\/p>\n<p><strong>Pakkauksen mitat ja paino:<\/strong><\/p>\n<ul>\n<li>Pakkauksen leveys (mm): 1 000,00<\/li>\n<li>Pakkauksen korkeus (mm): 755,00<\/li>\n<li>Pakkauksen syvyys (mm): 680,00<\/li>\n<li>Rahtipaino (kg): 45,00<\/li>\n<\/ul>\n<p>&nbsp;<\/p>\n<p>&nbsp;<\/p>\n<p><a href=\"https:\/\/factory.sale\/wp-content\/uploads\/2025\/01\/SET-1-Manual-Vilpra-sauna-DW50-M-v2022-05-EN.pdf\" target=\"_blank\" rel=\"noopener\">K\u00e4ytt\u00f6ohje<\/a><\/p>\n<p><a href=\"https:\/\/factory.sale\/wp-content\/uploads\/2025\/01\/deklaracija.pdf\" target=\"_blank\" rel=\"noopener\">Deklarointi<\/a><\/p>\n<p><a href=\"https:\/\/factory.sale\/wp-content\/uploads\/2025\/01\/Sert-1397-CPR-0558-VilprosPramone-EN-2020-03-04.pdf\" target=\"_blank\" rel=\"noopener\">Sertifikaatti<\/a><\/p>\n","protected":false},"excerpt":{"rendered":"<p>T\u00e4ydellinen pihasaunan piippupaketti ruostumattomasta ter\u00e4ksest\u00e4, liitosputken halkaisija 115mm. Piipun eristetyn osan halkaisija 215mm. Tyylikk\u00e4\u00e4n kiilt\u00e4v\u00e4 rst kokonaisuus. Laajennettavissa 0,5 ja 1,0m jatkoilla, vapaasti 5- metrin kokonaismittaan saakka.<\/p>\n","protected":false},"featured_media":99454,"comment_status":"open","ping_status":"closed","template":"","meta":{"_acf_changed":false},"factory":[],"free-shipment":[],"product_brand":[],"product_cat":[4161,1334],"product_tag":[],"class_list":{"0":"post-99457","1":"product","2":"type-product","3":"status-publish","4":"has-post-thumbnail","6":"product_cat-piippusetit","7":"product_cat-saunatarvikkeet","9":"first","10":"instock","11":"sale","12":"taxable","13":"shipping-taxable","14":"purchasable","15":"product-type-simple"},"acf":[],"_links":{"self":[{"href":"https:\/\/factory.sale\/fi\/wp-json\/wp\/v2\/product\/99457","targetHints":{"allow":["GET"]}}],"collection":[{"href":"https:\/\/factory.sale\/fi\/wp-json\/wp\/v2\/product"}],"about":[{"href":"https:\/\/factory.sale\/fi\/wp-json\/wp\/v2\/types\/product"}],"replies":[{"embeddable":true,"href":"https:\/\/factory.sale\/fi\/wp-json\/wp\/v2\/comments?post=99457"}],"wp:featuredmedia":[{"embeddable":true,"href":"https:\/\/factory.sale\/fi\/wp-json\/wp\/v2\/media\/99454"}],"wp:attachment":[{"href":"https:\/\/factory.sale\/fi\/wp-json\/wp\/v2\/media?parent=99457"}],"wp:term":[{"taxonomy":"factory","embeddable":true,"href":"https:\/\/factory.sale\/fi\/wp-json\/wp\/v2\/factory?post=99457"},{"taxonomy":"free-shipment","embeddable":true,"href":"https:\/\/factory.sale\/fi\/wp-json\/wp\/v2\/free-shipment?post=99457"},{"taxonomy":"product_brand","embeddable":true,"href":"https:\/\/factory.sale\/fi\/wp-json\/wp\/v2\/product_brand?post=99457"},{"taxonomy":"product_cat","embeddable":true,"href":"https:\/\/factory.sale\/fi\/wp-json\/wp\/v2\/product_cat?post=99457"},{"taxonomy":"product_tag","embeddable":true,"href":"https:\/\/factory.sale\/fi\/wp-json\/wp\/v2\/product_tag?post=99457"}],"curies":[{"name":"wp","href":"https:\/\/api.w.org\/{rel}","templated":true}]}}