{"id":99200,"date":"2025-01-27T13:02:29","date_gmt":"2025-01-27T10:04:29","guid":{"rendered":"https:\/\/factory.sale\/?post_type=product&#038;p=99200"},"modified":"2026-02-05T15:14:46","modified_gmt":"2026-02-05T12:14:46","slug":"huum-uku-huum-uku-saunan-ohjausjarjestelmien-laajennusmoduuli-norja","status":"publish","type":"product","link":"https:\/\/factory.sale\/fi\/tuote\/huum-uku-huum-uku-saunan-ohjausjarjestelmien-laajennusmoduuli-norja\/","title":{"rendered":"HUUM UKU Saunan ohjausj\u00e4rjestelmien laajennusmoduuli (Norja)"},"content":{"rendered":"<h2><span style=\"font-size: 14pt;\">HUUM UKU Saunan ohjausj\u00e4rjestelmien laajennusmoduuli (Norja)<\/span><\/h2>\n<p>UKU laajennuskotelo on suunniteltu erityisesti yli 10,5 kW tehoisten kiukaiden (esim. HIVE 12, 15 ja 18 kW mallit) liitt\u00e4miseen Norjan s\u00e4hk\u00f6j\u00e4rjestelmiin. Se on yhteensopiva UKU WiFi- ja UKU Local -ohjausj\u00e4rjestelmien kanssa, varmistaen turvallisen ja tehokkaan suuritehoisten kiukaiden hallinnan.<\/p>\n<p>Ominaisuudet:<\/p>\n<ul>\n<li>Sopii yli 10,5 kW tehoisille s\u00e4hk\u00f6kiukaille<\/li>\n<li>Yleinen yhteensopivuus: Sopii <a title=\"UKU WiFi\" href=\"https:\/\/factory.sale\/fi\/tuote\/huum-uku-wi-fi-ohjain\/\">UKU WiFi<\/a>&#8211; ja <a title=\"Local\" href=\"https:\/\/factory.sale\/fi\/tuote\/huum-uku-local-paamoduuli-ilman-ohjauspaneelia\/\">Local<\/a>&#8211; ohjausmoduulien kanssa.<\/li>\n<li>Vaatii kytkenn\u00e4n erilliseen katkaisijaan<\/li>\n<li>Asennetaan l\u00f6ylyhuoneen ulkopuolelle, p\u00e4\u00e4moduulin l\u00e4heisyyteen<\/li>\n<li>Helppo kiinnitt\u00e4\u00e4 sein\u00e4\u00e4n mukana tulevilla ruuveilla<\/li>\n<\/ul>\n<p>Varmista saunasi optimaalinen suorituskyky UKU laajennuskotelolla, joka on suunniteltu vastaamaan Norjan s\u00e4hk\u00f6standardeja.<\/p>\n<p>EAN: 4744103013159<br \/>\n<br \/>\n<div class=\"video-wrapper \"><iframe loading=\"lazy\" title=\"UKU INTRODUCTION\" width=\"500\" height=\"281\" src=\"https:\/\/www.youtube.com\/embed\/qGxgJDDF6XE?feature=oembed\" frameborder=\"0\" allow=\"accelerometer; autoplay; clipboard-write; encrypted-media; gyroscope; picture-in-picture; web-share\" referrerpolicy=\"strict-origin-when-cross-origin\" allowfullscreen><\/iframe><\/div><br \/>\n<br \/>\n<a title=\"Avaa video uudessa v\u00e4lilehdess\u00e4\" href=\"https:\/\/www.youtube.com\/watch?v=qGxgJDDF6XE\" target=\"_blank\" rel=\"noopener\">Avaa video uudessa v\u00e4lilehdess\u00e4<\/a><\/p>\n","protected":false},"excerpt":{"rendered":"<p>HUUM UKU laajennuskotelo Norjan markkinoille sopii yli 10,5 kW tehoisille s\u00e4hk\u00f6kiukaille. Yhteensopiva UKU WiFi- ja Local-ohjausj\u00e4rjestelmien kanssa, mahdollistaen turvallisen ja tehokkaan hallinnan.<\/p>\n","protected":false},"featured_media":99197,"comment_status":"open","ping_status":"closed","template":"","meta":{"_acf_changed":false},"factory":[],"free-shipment":[],"product_brand":[4433],"product_cat":[2008,2195,1121,1346,1334],"product_tag":[],"class_list":{"0":"post-99200","1":"product","2":"type-product","3":"status-publish","4":"has-post-thumbnail","6":"product_brand-huum-fi","7":"product_cat-huum-fi-2","8":"product_cat-huum-fi-3","9":"product_cat-saniteetti","10":"product_cat-ohjauspaneeli","11":"product_cat-saunatarvikkeet","13":"first","14":"instock","15":"sale","16":"taxable","17":"shipping-taxable","18":"purchasable","19":"product-type-simple"},"acf":[],"_links":{"self":[{"href":"https:\/\/factory.sale\/fi\/wp-json\/wp\/v2\/product\/99200","targetHints":{"allow":["GET"]}}],"collection":[{"href":"https:\/\/factory.sale\/fi\/wp-json\/wp\/v2\/product"}],"about":[{"href":"https:\/\/factory.sale\/fi\/wp-json\/wp\/v2\/types\/product"}],"replies":[{"embeddable":true,"href":"https:\/\/factory.sale\/fi\/wp-json\/wp\/v2\/comments?post=99200"}],"wp:featuredmedia":[{"embeddable":true,"href":"https:\/\/factory.sale\/fi\/wp-json\/wp\/v2\/media\/99197"}],"wp:attachment":[{"href":"https:\/\/factory.sale\/fi\/wp-json\/wp\/v2\/media?parent=99200"}],"wp:term":[{"taxonomy":"factory","embeddable":true,"href":"https:\/\/factory.sale\/fi\/wp-json\/wp\/v2\/factory?post=99200"},{"taxonomy":"free-shipment","embeddable":true,"href":"https:\/\/factory.sale\/fi\/wp-json\/wp\/v2\/free-shipment?post=99200"},{"taxonomy":"product_brand","embeddable":true,"href":"https:\/\/factory.sale\/fi\/wp-json\/wp\/v2\/product_brand?post=99200"},{"taxonomy":"product_cat","embeddable":true,"href":"https:\/\/factory.sale\/fi\/wp-json\/wp\/v2\/product_cat?post=99200"},{"taxonomy":"product_tag","embeddable":true,"href":"https:\/\/factory.sale\/fi\/wp-json\/wp\/v2\/product_tag?post=99200"}],"curies":[{"name":"wp","href":"https:\/\/api.w.org\/{rel}","templated":true}]}}