{"id":99186,"date":"2025-01-27T13:02:46","date_gmt":"2025-01-27T10:26:42","guid":{"rendered":"https:\/\/factory.sale\/?post_type=product&#038;p=99186"},"modified":"2026-02-05T15:29:47","modified_gmt":"2026-02-05T12:29:47","slug":"huum-uku-saunan-ohjausjarjestelmien-laajennusmoduuli-eu","status":"publish","type":"product","link":"https:\/\/factory.sale\/fi\/tuote\/huum-uku-saunan-ohjausjarjestelmien-laajennusmoduuli-eu\/","title":{"rendered":"HUUM UKU Saunan ohjausj\u00e4rjestelmien laajennusmoduuli (EU)"},"content":{"rendered":"<h2><span style=\"font-size: 14pt;\">HUUM UKU Saunan ohjausj\u00e4rjestelmien laajennusmoduuli (EU)<\/span><\/h2>\n<p>T\u00e4ydenn\u00e4 saunakokemustasi UKU -laajennuskotelolla, joka on suunniteltu yli 18 kW:n s\u00e4hk\u00f6kiukaiden tukemiseen. T\u00e4m\u00e4 laajennuskotelo soveltuu k\u00e4ytett\u00e4v\u00e4ksi EU:ssa ja se on yhteensopiva UKU WiFi- ja Local-ohjausmoduulien kanssa. Laajennuskotelo tarjoaa turvallisen ja helppok\u00e4ytt\u00f6isen ratkaisun isompien kiukaiden integrointiin, s\u00e4ilytt\u00e4en samalla optimaalisen toiminnallisuuden ja luotettavuuden.<\/p>\n<p>Korkealaatuinen rakenne ja helppo asennusprosessi tekev\u00e4t t\u00e4st\u00e4 laajennuskotelosta luotettavan valinnan, joka parantaa saunasi ohjausj\u00e4rjestelm\u00e4n mahdollisuuksia. T\u00e4ydellinen lis\u00e4varuste ammattik\u00e4ytt\u00f6\u00f6n tai isompiin saunoihin. UKU -laajennuskotelo tuo lis\u00e4mukavuutta ja turvallisuutta saunaan.<\/p>\n<p>T\u00e4rkeimm\u00e4t ominaisuudet:<\/p>\n<ul>\n<li>Tukee suurempia kiukaita: Yhteensopiva yli 18 kW:n s\u00e4hk\u00f6kiukaiden kanssa.<\/li>\n<li>Yleinen yhteensopivuus: Sopii HUUM <a title=\"UKU WiFi\" href=\"https:\/\/factory.sale\/fi\/tuote\/huum-uku-wi-fi-ohjain\/\">UKU WiFi<\/a>&#8211; ja <a title=\"Local\" href=\"https:\/\/factory.sale\/fi\/tuote\/huum-uku-local-paamoduuli-ilman-ohjauspaneelia\/\">Local<\/a>&#8211; ohjausmoduulien kanssa.<\/li>\n<li>EU-sertifioitu: T\u00e4ytt\u00e4\u00e4 EU-standardit, toimii 400V 3N, 2x63A, 50Hz.<\/li>\n<li>Turvallinen ja luotettava: Lis\u00e4turvallisuus erillisill\u00e4 virtapiirikatkaisimilla.<\/li>\n<li>Helppo asennus: Suunniteltu asennettavaksi ohjausmoduulin l\u00e4helle h\u00f6yryhuoneen ulkopuolelle.<\/li>\n<\/ul>\n<p>EAN: 4744103013142<\/p>\n<div class=\"video-wrapper \"><iframe loading=\"lazy\" title=\"UKU INTRODUCTION\" width=\"500\" height=\"281\" src=\"https:\/\/www.youtube.com\/embed\/qGxgJDDF6XE?feature=oembed\" frameborder=\"0\" allow=\"accelerometer; autoplay; clipboard-write; encrypted-media; gyroscope; picture-in-picture; web-share\" referrerpolicy=\"strict-origin-when-cross-origin\" allowfullscreen><\/iframe><\/div>\n<p><a title=\"Avaa video uudessa v\u00e4lilehdess\u00e4\" href=\"https:\/\/www.youtube.com\/watch?v=qGxgJDDF6XE\" target=\"_blank\" rel=\"noopener\">Avaa video uudessa v\u00e4lilehdess\u00e4<\/a><\/p>\n","protected":false},"excerpt":{"rendered":"<p>HUUM UKU -laajennuskotelo (EU) laajentaa saunan ohjausj\u00e4rjestelm\u00e4n mahdollisuuksia tukemalla yli 18 kW:n kiukaita ja tarjoamalla turvallisen ja luotettavan ratkaisun.<\/p>\n","protected":false},"featured_media":99180,"comment_status":"open","ping_status":"closed","template":"","meta":{"_acf_changed":false},"factory":[],"free-shipment":[],"product_brand":[4433],"product_cat":[2195,2008,1121,1346,1334],"product_tag":[],"class_list":{"0":"post-99186","1":"product","2":"type-product","3":"status-publish","4":"has-post-thumbnail","6":"product_brand-huum-fi","7":"product_cat-huum-fi-3","8":"product_cat-huum-fi-2","9":"product_cat-saniteetti","10":"product_cat-ohjauspaneeli","11":"product_cat-saunatarvikkeet","13":"first","14":"instock","15":"sale","16":"taxable","17":"shipping-taxable","18":"purchasable","19":"product-type-simple"},"acf":[],"_links":{"self":[{"href":"https:\/\/factory.sale\/fi\/wp-json\/wp\/v2\/product\/99186","targetHints":{"allow":["GET"]}}],"collection":[{"href":"https:\/\/factory.sale\/fi\/wp-json\/wp\/v2\/product"}],"about":[{"href":"https:\/\/factory.sale\/fi\/wp-json\/wp\/v2\/types\/product"}],"replies":[{"embeddable":true,"href":"https:\/\/factory.sale\/fi\/wp-json\/wp\/v2\/comments?post=99186"}],"wp:featuredmedia":[{"embeddable":true,"href":"https:\/\/factory.sale\/fi\/wp-json\/wp\/v2\/media\/99180"}],"wp:attachment":[{"href":"https:\/\/factory.sale\/fi\/wp-json\/wp\/v2\/media?parent=99186"}],"wp:term":[{"taxonomy":"factory","embeddable":true,"href":"https:\/\/factory.sale\/fi\/wp-json\/wp\/v2\/factory?post=99186"},{"taxonomy":"free-shipment","embeddable":true,"href":"https:\/\/factory.sale\/fi\/wp-json\/wp\/v2\/free-shipment?post=99186"},{"taxonomy":"product_brand","embeddable":true,"href":"https:\/\/factory.sale\/fi\/wp-json\/wp\/v2\/product_brand?post=99186"},{"taxonomy":"product_cat","embeddable":true,"href":"https:\/\/factory.sale\/fi\/wp-json\/wp\/v2\/product_cat?post=99186"},{"taxonomy":"product_tag","embeddable":true,"href":"https:\/\/factory.sale\/fi\/wp-json\/wp\/v2\/product_tag?post=99186"}],"curies":[{"name":"wp","href":"https:\/\/api.w.org\/{rel}","templated":true}]}}