{"id":99145,"date":"2025-01-27T13:03:57","date_gmt":"2025-01-27T10:25:12","guid":{"rendered":"https:\/\/factory.sale\/?post_type=product&#038;p=99145"},"modified":"2026-02-05T11:33:23","modified_gmt":"2026-02-05T08:33:23","slug":"huum-uku-glass-ohjauspaneeli-kultainen","status":"publish","type":"product","link":"https:\/\/factory.sale\/fi\/tuote\/huum-uku-glass-ohjauspaneeli-kultainen\/","title":{"rendered":"HUUM UKU GLASS ohjauspaneeli &#8211; Kultainen"},"content":{"rendered":"<h2><span style=\"font-size: 14pt;\">HUUM UKU GLASS ohjauspaneeli &#8211; Kultainen<\/span><\/h2>\n<p>UKU GLASS kultainen ohjauspaneeli yhdist\u00e4\u00e4 ylellisen muotoilun ja k\u00e4yt\u00e4nn\u00f6llisyyden, tarjoten vaivattoman ja tyylikk\u00e4\u00e4n tavan saunan l\u00e4mmitt\u00e4miseen. T\u00e4m\u00e4 ohjauspaneeli sopii k\u00e4ytett\u00e4v\u00e4ksi WiFi- tai Local-p\u00e4\u00e4tteen kanssa.<\/p>\n<p>Sen kultainen lasipinta luo saunaan elegantin ja eksklusiivisen ilmeen. Ohjauspaneeli tarjoaa saumattoman k\u00e4ytt\u00f6kokemuksen saunan l\u00e4mp\u00f6tilan ja l\u00e4mmitysajan s\u00e4\u00e4t\u00e4miseen. Sopii kaikenlaisiin saunasisustuksiin.<\/p>\n<p><strong>T\u00e4rkeimm\u00e4t ominaisuudet:<\/strong><\/p>\n<ul>\n<li>Saunan l\u00e4mp\u00f6tilan ja l\u00e4mmitysajan s\u00e4\u00e4t\u00f6<\/li>\n<li>Yhteensopiva <a title=\"WiFi\" href=\"https:\/\/factory.sale\/fi\/tuote\/huum-uku-wi-fi-ohjain\/\">WiFi<\/a>&#8211; ja <a title=\"Local\" href=\"https:\/\/factory.sale\/fi\/tuote\/huum-uku-local-paamoduuli-ilman-ohjauspaneelia\/\">Local<\/a>-p\u00e4\u00e4tteiden kanssa<\/li>\n<li>Ylellinen kultainen lasimuotoilu<\/li>\n<li>Sopii upotettuun asennukseen tai k\u00e4ytett\u00e4v\u00e4ksi HUUMin pinnalle asennettavan kehyksen kanssa<\/li>\n<\/ul>\n<p>EAN: 4744103013302<\/p>\n<p>&nbsp;<\/p>\n<div class=\"video-wrapper \"><iframe loading=\"lazy\" title=\"HUUM UKU Gold sauna controller\" width=\"500\" height=\"281\" src=\"https:\/\/www.youtube.com\/embed\/KMU6tsMMlmY?feature=oembed\" frameborder=\"0\" allow=\"accelerometer; autoplay; clipboard-write; encrypted-media; gyroscope; picture-in-picture; web-share\" referrerpolicy=\"strict-origin-when-cross-origin\" allowfullscreen><\/iframe><\/div>\n<p>&nbsp;<\/p>\n<p><a title=\"Avaa video uudessa v\u00e4lilehdess\u00e4\" href=\"https:\/\/www.youtube.com\/watch?v=KMU6tsMMlmY\" target=\"_blank\" rel=\"noopener\">Avaa video uudessa v\u00e4lilehdess\u00e4<\/a><\/p>\n","protected":false},"excerpt":{"rendered":"<p>HUUM UKU GLASS kultainen ohjauspaneeli tuo saunallesi ylellisyytt\u00e4 ja tyylikkyytt\u00e4. Sopii k\u00e4ytett\u00e4v\u00e4ksi WiFi- tai Local-p\u00e4\u00e4tteen kanssa.<\/p>\n","protected":false},"featured_media":99132,"comment_status":"open","ping_status":"closed","template":"","meta":{"_acf_changed":false},"factory":[],"free-shipment":[],"product_brand":[4433],"product_cat":[2008,1121,1346],"product_tag":[4453],"class_list":{"0":"post-99145","1":"product","2":"type-product","3":"status-publish","4":"has-post-thumbnail","6":"product_brand-huum-fi","7":"product_cat-huum-fi-2","8":"product_cat-saniteetti","9":"product_cat-ohjauspaneeli","10":"product_tag-luxury-sauna-fi","12":"first","13":"instock","14":"sale","15":"taxable","16":"shipping-taxable","17":"purchasable","18":"product-type-simple"},"acf":[],"_links":{"self":[{"href":"https:\/\/factory.sale\/fi\/wp-json\/wp\/v2\/product\/99145","targetHints":{"allow":["GET"]}}],"collection":[{"href":"https:\/\/factory.sale\/fi\/wp-json\/wp\/v2\/product"}],"about":[{"href":"https:\/\/factory.sale\/fi\/wp-json\/wp\/v2\/types\/product"}],"replies":[{"embeddable":true,"href":"https:\/\/factory.sale\/fi\/wp-json\/wp\/v2\/comments?post=99145"}],"wp:featuredmedia":[{"embeddable":true,"href":"https:\/\/factory.sale\/fi\/wp-json\/wp\/v2\/media\/99132"}],"wp:attachment":[{"href":"https:\/\/factory.sale\/fi\/wp-json\/wp\/v2\/media?parent=99145"}],"wp:term":[{"taxonomy":"factory","embeddable":true,"href":"https:\/\/factory.sale\/fi\/wp-json\/wp\/v2\/factory?post=99145"},{"taxonomy":"free-shipment","embeddable":true,"href":"https:\/\/factory.sale\/fi\/wp-json\/wp\/v2\/free-shipment?post=99145"},{"taxonomy":"product_brand","embeddable":true,"href":"https:\/\/factory.sale\/fi\/wp-json\/wp\/v2\/product_brand?post=99145"},{"taxonomy":"product_cat","embeddable":true,"href":"https:\/\/factory.sale\/fi\/wp-json\/wp\/v2\/product_cat?post=99145"},{"taxonomy":"product_tag","embeddable":true,"href":"https:\/\/factory.sale\/fi\/wp-json\/wp\/v2\/product_tag?post=99145"}],"curies":[{"name":"wp","href":"https:\/\/api.w.org\/{rel}","templated":true}]}}