{"id":99144,"date":"2025-01-27T13:03:56","date_gmt":"2025-01-27T10:25:34","guid":{"rendered":"https:\/\/factory.sale\/?post_type=product&#038;p=99144"},"modified":"2026-02-05T11:59:07","modified_gmt":"2026-02-05T08:59:07","slug":"huum-uku-glass-ohjauspaneeli-peililasi","status":"publish","type":"product","link":"https:\/\/factory.sale\/fi\/tuote\/huum-uku-glass-ohjauspaneeli-peililasi\/","title":{"rendered":"HUUM UKU GLASS ohjauspaneeli &#8211; Peililasi"},"content":{"rendered":"<h2><span style=\"font-size: 14pt;\">HUUM UKU GLASS ohjauspaneeli &#8211; Peililasi<\/span><\/h2>\n<p>UKU GLASS peililasinen ohjauspaneeli tekee saunan l\u00e4mmitt\u00e4misest\u00e4 yksinkertaista ja eleganttia. Sen tyylik\u00e4s peilipintainen lasimuotoilu tuo saunaan ylellisyytt\u00e4 ja toiminnallisuutta. T\u00e4m\u00e4 ohjauspaneeli sopii k\u00e4ytett\u00e4v\u00e4ksi WiFi- tai Local-p\u00e4\u00e4tteen kanssa.<\/p>\n<p>Ohjauspaneeli on varustettu modernilla k\u00e4ytt\u00f6liittym\u00e4ll\u00e4, jolla voit s\u00e4\u00e4t\u00e4\u00e4 saunan l\u00e4mp\u00f6tilaa ja l\u00e4mmitysaikaa helposti. Tyylik\u00e4s ja minimalistinen muotoilu sulautuu t\u00e4ydellisesti osaksi saunasi sisustusta.<\/p>\n<p><strong>T\u00e4rkeimm\u00e4t ominaisuudet:<\/strong><\/p>\n<ul>\n<li>Saunan l\u00e4mp\u00f6tilan ja l\u00e4mmitysajan s\u00e4\u00e4t\u00f6<\/li>\n<li>Yhteensopiva <a title=\"WiFi\" href=\"https:\/\/factory.sale\/fi\/tuote\/huum-uku-wi-fi-ohjain\/\">WiFi<\/a>&#8211; ja <a title=\"Local\" href=\"https:\/\/factory.sale\/fi\/tuote\/huum-uku-local-paamoduuli-ilman-ohjauspaneelia\/\">Local<\/a>-p\u00e4\u00e4tteiden kanssa<\/li>\n<li>Moderni peilipintainen lasimuotoilu<\/li>\n<li>Sopii upotettuun asennukseen tai k\u00e4ytett\u00e4v\u00e4ksi HUUMin pinnalle asennettavan kehyksen kanssa<\/li>\n<\/ul>\n<p>EAN: 4744103013289<\/p>\n<p>&nbsp;<\/p>\n<div class=\"video-wrapper \"><iframe loading=\"lazy\" title=\"UKU Glass sauna controller\" width=\"500\" height=\"281\" src=\"https:\/\/www.youtube.com\/embed\/RcKgv7myvLM?feature=oembed\" frameborder=\"0\" allow=\"accelerometer; autoplay; clipboard-write; encrypted-media; gyroscope; picture-in-picture; web-share\" referrerpolicy=\"strict-origin-when-cross-origin\" allowfullscreen><\/iframe><\/div>\n<p>&nbsp;<\/p>\n<p><a title=\"Avaa video uudessa v\u00e4lilehdess\u00e4\" href=\"https:\/\/www.youtube.com\/watch?v=RcKgv7myvLM\" target=\"_blank\" rel=\"noopener\">Avaa video uudessa v\u00e4lilehdess\u00e4<\/a><\/p>\n<p>&nbsp;<\/p>\n","protected":false},"excerpt":{"rendered":"<p>HUUM UKU GLASS peililasinen ohjauspaneeli tuo modernin ja tyylikk\u00e4\u00e4n ilmeen saunallesi. Sopii k\u00e4ytett\u00e4v\u00e4ksi WiFi- tai Local-p\u00e4\u00e4tteen kanssa.<\/p>\n","protected":false},"featured_media":99135,"comment_status":"open","ping_status":"closed","template":"","meta":{"_acf_changed":false},"factory":[],"free-shipment":[],"product_brand":[4433],"product_cat":[2008,1121,1346],"product_tag":[4453],"class_list":{"0":"post-99144","1":"product","2":"type-product","3":"status-publish","4":"has-post-thumbnail","6":"product_brand-huum-fi","7":"product_cat-huum-fi-2","8":"product_cat-saniteetti","9":"product_cat-ohjauspaneeli","10":"product_tag-luxury-sauna-fi","12":"first","13":"instock","14":"sale","15":"taxable","16":"shipping-taxable","17":"purchasable","18":"product-type-simple"},"acf":[],"_links":{"self":[{"href":"https:\/\/factory.sale\/fi\/wp-json\/wp\/v2\/product\/99144","targetHints":{"allow":["GET"]}}],"collection":[{"href":"https:\/\/factory.sale\/fi\/wp-json\/wp\/v2\/product"}],"about":[{"href":"https:\/\/factory.sale\/fi\/wp-json\/wp\/v2\/types\/product"}],"replies":[{"embeddable":true,"href":"https:\/\/factory.sale\/fi\/wp-json\/wp\/v2\/comments?post=99144"}],"wp:featuredmedia":[{"embeddable":true,"href":"https:\/\/factory.sale\/fi\/wp-json\/wp\/v2\/media\/99135"}],"wp:attachment":[{"href":"https:\/\/factory.sale\/fi\/wp-json\/wp\/v2\/media?parent=99144"}],"wp:term":[{"taxonomy":"factory","embeddable":true,"href":"https:\/\/factory.sale\/fi\/wp-json\/wp\/v2\/factory?post=99144"},{"taxonomy":"free-shipment","embeddable":true,"href":"https:\/\/factory.sale\/fi\/wp-json\/wp\/v2\/free-shipment?post=99144"},{"taxonomy":"product_brand","embeddable":true,"href":"https:\/\/factory.sale\/fi\/wp-json\/wp\/v2\/product_brand?post=99144"},{"taxonomy":"product_cat","embeddable":true,"href":"https:\/\/factory.sale\/fi\/wp-json\/wp\/v2\/product_cat?post=99144"},{"taxonomy":"product_tag","embeddable":true,"href":"https:\/\/factory.sale\/fi\/wp-json\/wp\/v2\/product_tag?post=99144"}],"curies":[{"name":"wp","href":"https:\/\/api.w.org\/{rel}","templated":true}]}}