{"id":99110,"date":"2025-01-27T13:03:50","date_gmt":"2025-01-27T10:25:49","guid":{"rendered":"https:\/\/factory.sale\/?post_type=product&#038;p=99110"},"modified":"2026-02-05T12:02:39","modified_gmt":"2026-02-05T09:02:39","slug":"huum-uku-wood-saunan-ohjauspaneeli","status":"publish","type":"product","link":"https:\/\/factory.sale\/fi\/tuote\/huum-uku-wood-saunan-ohjauspaneeli\/","title":{"rendered":"HUUM UKU WOOD saunan ohjauspaneeli"},"content":{"rendered":"<h2><span style=\"font-size: 14pt;\">HUUM UKU WOOD saunan ohjauspaneeli<\/span><\/h2>\n<p>HUUM UKU WOOD ohjauspaneeli tuo luonnollista eleganssia saunakokemukseesi ja mahdollistaa tarkan l\u00e4mp\u00f6tilan, l\u00e4mmitysajan ja muiden toimintojen hallinnan. Ohjauspaneeli sopii k\u00e4ytett\u00e4v\u00e4ksi sek\u00e4 WiFi- ett\u00e4 Local-p\u00e4\u00e4moduulien kanssa, tarjoten joustavuutta tarpeidesi mukaan.<\/p>\n<p>Laadukkaasta puusta valmistettu ohjauspaneeli antaa saunallesi luonnollisen ja esteettisen ulkon\u00e4\u00f6n. Ergonominen muotoilu ja intuitiivinen k\u00e4ytt\u00f6liittym\u00e4 tekev\u00e4t sen k\u00e4yt\u00f6st\u00e4 helppoa ja mukavaa. Paneeli mahdollistaa lis\u00e4toimintojen, kuten valaistuksen, ilmanvaihdon ja h\u00f6yrystimen liitt\u00e4misen, tehden saunakokemuksestasi viel\u00e4kin nautinnollisemman.<\/p>\n<p><strong>Avainominaisuudet:<\/strong><\/p>\n<ul>\n<li>Sopii HUUM UKU <a title=\"WiFi\" href=\"https:\/\/factory.sale\/fi\/tuote\/huum-uku-wi-fi-ohjain\/\">WiFi<\/a>&#8211; ja <a title=\"Local\" href=\"https:\/\/factory.sale\/fi\/tuote\/huum-uku-local-paamoduuli-ilman-ohjauspaneelia\/\">Local<\/a>-p\u00e4\u00e4moduuleihin<\/li>\n<li>Valmistettu laadukkaasta puusta<\/li>\n<li>Intuitiivinen ja ergonominen muotoilu<\/li>\n<li>Kompakti ja tyylik\u00e4s, helppo asentaa sein\u00e4lle<\/li>\n<li>Tarkka l\u00e4mp\u00f6tilan ja l\u00e4mmitysajan hallinta<\/li>\n<li>Luonnollinen muotoilu, t\u00e4ydellinen saunahuoneeseen<\/li>\n<\/ul>\n<p>T\u00e4m\u00e4 ohjauspaneeli on t\u00e4ydellinen valinta saunomisen yst\u00e4ville, jotka arvostavat sek\u00e4 toiminnallisuutta ett\u00e4 estetiikkaa.<\/p>\n<p>EAN: 4744103013203<\/p>\n","protected":false},"excerpt":{"rendered":"<p>HUUM UKU WOOD saunan ohjauspaneeli yhdist\u00e4\u00e4 luonnollisen eleganssin ja huippuluokan toiminnallisuuden. Sopii k\u00e4ytett\u00e4v\u00e4ksi WiFi- ja Local-p\u00e4\u00e4moduulien kanssa. Hallitse saunaa tyylill\u00e4 ja tarkkuudella.<\/p>\n","protected":false},"featured_media":99104,"comment_status":"open","ping_status":"closed","template":"","meta":{"_acf_changed":false},"factory":[],"free-shipment":[],"product_brand":[4433],"product_cat":[2008,1121,1346],"product_tag":[859,4969,4110],"class_list":{"0":"post-99110","1":"product","2":"type-product","3":"status-publish","4":"has-post-thumbnail","6":"product_brand-huum-fi","7":"product_cat-huum-fi-2","8":"product_cat-saniteetti","9":"product_cat-ohjauspaneeli","10":"product_tag-huum-fi","11":"product_tag-huum-uku-fi","12":"product_tag-huum-uku-wood-ohjauspaneeli","14":"first","15":"instock","16":"sale","17":"taxable","18":"shipping-taxable","19":"purchasable","20":"product-type-simple"},"acf":[],"_links":{"self":[{"href":"https:\/\/factory.sale\/fi\/wp-json\/wp\/v2\/product\/99110","targetHints":{"allow":["GET"]}}],"collection":[{"href":"https:\/\/factory.sale\/fi\/wp-json\/wp\/v2\/product"}],"about":[{"href":"https:\/\/factory.sale\/fi\/wp-json\/wp\/v2\/types\/product"}],"replies":[{"embeddable":true,"href":"https:\/\/factory.sale\/fi\/wp-json\/wp\/v2\/comments?post=99110"}],"wp:featuredmedia":[{"embeddable":true,"href":"https:\/\/factory.sale\/fi\/wp-json\/wp\/v2\/media\/99104"}],"wp:attachment":[{"href":"https:\/\/factory.sale\/fi\/wp-json\/wp\/v2\/media?parent=99110"}],"wp:term":[{"taxonomy":"factory","embeddable":true,"href":"https:\/\/factory.sale\/fi\/wp-json\/wp\/v2\/factory?post=99110"},{"taxonomy":"free-shipment","embeddable":true,"href":"https:\/\/factory.sale\/fi\/wp-json\/wp\/v2\/free-shipment?post=99110"},{"taxonomy":"product_brand","embeddable":true,"href":"https:\/\/factory.sale\/fi\/wp-json\/wp\/v2\/product_brand?post=99110"},{"taxonomy":"product_cat","embeddable":true,"href":"https:\/\/factory.sale\/fi\/wp-json\/wp\/v2\/product_cat?post=99110"},{"taxonomy":"product_tag","embeddable":true,"href":"https:\/\/factory.sale\/fi\/wp-json\/wp\/v2\/product_tag?post=99110"}],"curies":[{"name":"wp","href":"https:\/\/api.w.org\/{rel}","templated":true}]}}