{"id":99089,"date":"2025-01-27T13:04:01","date_gmt":"2025-01-27T10:25:11","guid":{"rendered":"https:\/\/factory.sale\/?post_type=product&#038;p=99089"},"modified":"2026-03-06T14:22:44","modified_gmt":"2026-03-06T11:22:44","slug":"huum-uku-glass-ohjauspaneelin-asennuskehys","status":"publish","type":"product","link":"https:\/\/factory.sale\/fi\/tuote\/huum-uku-glass-ohjauspaneelin-asennuskehys\/","title":{"rendered":"HUUM UKU GLASS ohjauspaneelin asennuskehys"},"content":{"rendered":"<h2><span style=\"font-size: 14pt;\">HUUM UKU GLASS ohjauspaneelin asennuskehys<\/span><\/h2>\n<p>HUUM UKU GLASS ohjauspaneelin asennuskehys on suunniteltu helpottamaan HUUM UKU -ohjauspaneelin kiinnityst\u00e4 sein\u00e4\u00e4n. T\u00e4m\u00e4 tyylik\u00e4s musta metallikehys mahdollistaa ohjauspaneelin asentamisen pinnalle ilman upotusta, s\u00e4ilytt\u00e4en samalla viimeistellyn ja modernin ulkon\u00e4\u00f6n. T\u00e4m\u00e4 asennuskehys sopii UKU GLASS -ohjauspaneeleihin, joita on saatavana kolmessa v\u00e4riss\u00e4: musta, kultainen ja peililasi. Erinomainen valinta, kun saunan seinien upotus ei ole mahdollista.<\/p>\n<p>UKU GLASS ohjauspaneelin asennuskehys on helppo ja nopea asentaa ja se sopii t\u00e4ydellisesti eri sisustustyyleihin. Vankka metallirakenne tuo saunaan sek\u00e4 kest\u00e4vyytt\u00e4 ett\u00e4 esteettisyytt\u00e4.<\/p>\n<p><strong>T\u00e4rkeimm\u00e4t ominaisuudet:<\/strong><\/p>\n<ul>\n<li>Valmistettu kest\u00e4v\u00e4st\u00e4 ja laadukkaasta metallista.<\/li>\n<li>Mahdollistaa UKU GLASS -ohjauspaneelien asentamisen ilman sein\u00e4\u00e4n upotusta.<\/li>\n<li>Helppo ja nopea asennus.<\/li>\n<li>Sopii erilaisiin saunasisustuksiin.<\/li>\n<li>Minimalistinen ja moderni muotoilu.<\/li>\n<li>Suunniteltu erityisesti UKU GLASS -ohjauspaneeleille.<\/li>\n<\/ul>\n<p>EAN 4744103019304<\/p>\n","protected":false},"excerpt":{"rendered":"<p>HUUM UKU GLASS ohjauspaneelin asennuskehys on t\u00e4ydellinen ratkaisu kun ohjauspaneelin sein\u00e4upotus ei ole mahdollista. T\u00e4m\u00e4 kest\u00e4v\u00e4 ja moderni metallikehys mahdollistaa ohjauspaneelin tyylikk\u00e4\u00e4n pintakiinnityksen helposti ja nopeasti.<\/p>\n<p>&nbsp;<\/p>\n","protected":false},"featured_media":99064,"comment_status":"open","ping_status":"closed","template":"","meta":{"_acf_changed":false},"factory":[],"free-shipment":[],"product_brand":[4433],"product_cat":[2195,1121,1346,1334],"product_tag":[859,4968],"class_list":{"0":"post-99089","1":"product","2":"type-product","3":"status-publish","4":"has-post-thumbnail","6":"product_brand-huum-fi","7":"product_cat-huum-fi-3","8":"product_cat-saniteetti","9":"product_cat-ohjauspaneeli","10":"product_cat-saunatarvikkeet","11":"product_tag-huum-fi","12":"product_tag-huum-uku-glass","14":"first","15":"instock","16":"sale","17":"taxable","18":"shipping-taxable","19":"purchasable","20":"product-type-simple"},"acf":[],"_links":{"self":[{"href":"https:\/\/factory.sale\/fi\/wp-json\/wp\/v2\/product\/99089","targetHints":{"allow":["GET"]}}],"collection":[{"href":"https:\/\/factory.sale\/fi\/wp-json\/wp\/v2\/product"}],"about":[{"href":"https:\/\/factory.sale\/fi\/wp-json\/wp\/v2\/types\/product"}],"replies":[{"embeddable":true,"href":"https:\/\/factory.sale\/fi\/wp-json\/wp\/v2\/comments?post=99089"}],"wp:featuredmedia":[{"embeddable":true,"href":"https:\/\/factory.sale\/fi\/wp-json\/wp\/v2\/media\/99064"}],"wp:attachment":[{"href":"https:\/\/factory.sale\/fi\/wp-json\/wp\/v2\/media?parent=99089"}],"wp:term":[{"taxonomy":"factory","embeddable":true,"href":"https:\/\/factory.sale\/fi\/wp-json\/wp\/v2\/factory?post=99089"},{"taxonomy":"free-shipment","embeddable":true,"href":"https:\/\/factory.sale\/fi\/wp-json\/wp\/v2\/free-shipment?post=99089"},{"taxonomy":"product_brand","embeddable":true,"href":"https:\/\/factory.sale\/fi\/wp-json\/wp\/v2\/product_brand?post=99089"},{"taxonomy":"product_cat","embeddable":true,"href":"https:\/\/factory.sale\/fi\/wp-json\/wp\/v2\/product_cat?post=99089"},{"taxonomy":"product_tag","embeddable":true,"href":"https:\/\/factory.sale\/fi\/wp-json\/wp\/v2\/product_tag?post=99089"}],"curies":[{"name":"wp","href":"https:\/\/api.w.org\/{rel}","templated":true}]}}