{"id":98960,"date":"2025-01-23T19:07:07","date_gmt":"2025-01-23T16:07:09","guid":{"rendered":"https:\/\/factory.sale\/?post_type=product&#038;p=98960"},"modified":"2026-02-05T14:39:09","modified_gmt":"2026-02-05T11:39:09","slug":"huum-uku-wifi-paamoduuli-ilman-ohjauspaneelia","status":"publish","type":"product","link":"https:\/\/factory.sale\/fi\/tuote\/huum-uku-wifi-paamoduuli-ilman-ohjauspaneelia\/","title":{"rendered":"HUUM UKU 4.2 WiFi p\u00e4\u00e4moduuli (ilman ohjauspaneelia)"},"content":{"rendered":"<h2><span style=\"font-size: 14pt;\">HUUM UKU 4.2 WiFi p\u00e4\u00e4moduuli (ilman ohjauspaneelia)<\/span><\/h2>\n<p>Jos haluat l\u00e4mmitt\u00e4\u00e4 saunan kaukos\u00e4\u00e4timell\u00e4 tai mobiilisovelluksella, HUUM UKU WiFi on t\u00e4h\u00e4n ihanteellinen vaihtoehto. T\u00e4m\u00e4 p\u00e4\u00e4moduuli on tarkoitettu kotisaunoihin tai muihin saunoihin, joissa on Wi-Fi-yhteys, koska t\u00e4m\u00e4 kaukos\u00e4\u00e4din tarvitsee Wi-Fi-verkon muodostaakseen yhteyden mobiilisovellukseen. Voit olla miss\u00e4 p\u00e4in maailmaa tahansa \u00e4lypuhelimella ja mobiilisovelluksella (Android, iOS, web). Niin kauan kuin sinulla on internetyhteys \u00e4lypuhelimessasi, voit ohjata saunaa sinulle sopivana aikana.<\/p>\n<p>Oletko lopettamassa ty\u00f6t raskaan ty\u00f6p\u00e4iv\u00e4n j\u00e4lkeen tai haluatko nauttia saunasta palattuasi lenkilt\u00e4? Vain muutama klikkaus ja kuuma ja rentouttava sauna odottaa sinua. Mobiilisovelluksessa voit asettaa l\u00e4mmityksen alkamis- ja p\u00e4\u00e4ttymisajan, valita itsellesi sopivan l\u00e4mp\u00f6tilan sek\u00e4 tarkastella senhetkist\u00e4 l\u00e4mp\u00f6tilaa. Kun haluttu l\u00e4mp\u00f6tila on saavutettu, saat ilmoituksen puhelimeesi.<\/p>\n<p>WiFi-p\u00e4\u00e4moduuli sopii kaikille s\u00e4hk\u00f6l\u00e4mmittimille aina 18kW asti. Yhteensopiva sek\u00e4 HUUM s\u00e4hk\u00f6l\u00e4mmittimien ett\u00e4 muiden valmistajien l\u00e4mmittimien kanssa.<br \/>\nHUUM UKU WiFi -p\u00e4\u00e4moduulissa on useita ominaisuuksia ja vaihtoehtoja, jotka tekev\u00e4t saunan l\u00e4mmitt\u00e4misest\u00e4 ja saunassa k\u00e4ymisest\u00e4 miellytt\u00e4v\u00e4n ja turvallisen kokemuksen. T\u00e4h\u00e4n p\u00e4\u00e4moduuliin voi liitt\u00e4\u00e4 saunan valaistuksen, ilmanvaihdon ja h\u00f6yrystimen, siin\u00e4 on ylikuumenemissuoja ja lapsilukko, joten sinun ei tarvitse j\u00e4nnitt\u00e4\u00e4 ja murehtia liikaa turvallisuudesta saunap\u00e4iv\u00e4n\u00e4.<\/p>\n<p>Tekniset tiedot:<\/p>\n<ul>\n<li>Paino: 1.7 kg<\/li>\n<li>L\u00e4mp\u00f6tila: 40-110 \u00baC<\/li>\n<li>S\u00e4hk\u00f6kiukaille: 18 kW asti<\/li>\n<li>Sy\u00f6tt\u00f6j\u00e4nnite: 230V 1N, 400V 3N<\/li>\n<li>L\u00e4mmitysaika: 3h, 8h, 12h<\/li>\n<li>EAN: 4744103013340<\/li>\n<\/ul>\n<p>T\u00e4rkeimm\u00e4t ominaisuudet:<\/p>\n<ul>\n<li>Sopii s\u00e4hk\u00f6kiukaille joiden teho on enint\u00e4\u00e4n 18 kW<\/li>\n<li>Yhteensopiva eri valmistajien kiukaiden kanssa<\/li>\n<li>Tavoitel\u00e4mp\u00f6tila v\u00e4lill\u00e4 40\u2013110 \u00b0C<\/li>\n<li>Ajastin l\u00e4mmityksen aloitusajan ja keston s\u00e4\u00e4t\u00e4miseen<\/li>\n<li>Liitett\u00e4viss\u00e4 valaistukseen, ilmanvaihtoon ja h\u00f6yrystimeen<\/li>\n<li>Ylikuumenemissuoja<\/li>\n<li>Lapsilukko<\/li>\n<li>Ovianturi<\/li>\n<li>Tyylikk\u00e4iden ohjauspaneelien valikoima<\/li>\n<li>Hallittavissa sein\u00e4\u00e4n kiinnitett\u00e4v\u00e4st\u00e4 ohjauspaneelista<\/li>\n<li>Hallittavissa mobiilisovelluksen kautta<\/li>\n<li>Yhdistett\u00e4viss\u00e4 Wi-Fi-verkkoon<\/li>\n<\/ul>\n<p>Setti sis\u00e4lt\u00e4\u00e4:<\/p>\n<ul>\n<li>ohjauspaneelin kaapeli (3 m; 4 x 0,34 mm\u00b2)<\/li>\n<li>p\u00e4\u00e4moduuli (142 x 90 x 58 mm)<\/li>\n<li>l\u00e4mp\u00f6tilaanturi<\/li>\n<li>oveianturi<\/li>\n<li>l\u00e4mp\u00f6- ja ovianturin kaapeli (5 + 5m; 2 x 0,22 mm\u00b2).<\/li>\n<\/ul>\n<p>Huom! T\u00e4m\u00e4 saunan kiukaan ohjausj\u00e4rjestelm\u00e4 myyd\u00e4\u00e4n ilman ohjauspaneelia, mik\u00e4 antaa sinulle mahdollisuuden valita juuri sinun tyyliisi sopiva paneeli. Ohjauspaneelit ovat saatavilla erikseen, ja valikoimassa on useita laadukkaita vaihtoehtoja: <a href=\"https:\/\/factory.sale\/fi\/tuote\/huum-uku-classic%E2%80%A6auspaneeli-musta\/\" target=\"_blank\" rel=\"noopener\">klassinen musta<\/a>\u00a0(muovi),\u00a0klassinen valkoinen\u00a0(muovi),\u00a0<a href=\"https:\/\/factory.sale\/fi\/tuote\/huum-uku-wood-saunan-ohjauspaneeli\/\" target=\"_blank\" rel=\"noopener\">puu<\/a>,\u00a0<a href=\"https:\/\/factory.sale\/fi\/tuote\/huum-uku-glass-ohjauspaneeli-musta\/\" target=\"_blank\" rel=\"noopener\">lasi musta<\/a>,\u00a0<a href=\"https:\/\/factory.sale\/fi\/tuote\/huum-uku-glass-o%E2%80%A6neeli-peiliaisin\/\" target=\"_blank\" rel=\"noopener\">lasi peili<\/a>\u00a0tai\u00a0<a href=\"https:\/\/factory.sale\/fi\/tuote\/huum-uku-local-paamoduuli-ilman-ohjauspaneelia\/\" target=\"_blank\" rel=\"noopener\">lasi kulta<\/a>.<\/p>\n<p>&nbsp;<\/p>\n<p><span style=\"font-size: 18pt;\">HUUM UKU APP<\/span><\/p>\n<div class=\"video-wrapper \"><iframe loading=\"lazy\" title=\"Using HUUM UKU app\" width=\"500\" height=\"281\" src=\"https:\/\/www.youtube.com\/embed\/8Dh3EN1gn2g?feature=oembed\" frameborder=\"0\" allow=\"accelerometer; autoplay; clipboard-write; encrypted-media; gyroscope; picture-in-picture; web-share\" referrerpolicy=\"strict-origin-when-cross-origin\" allowfullscreen><\/iframe><\/div>\n<p>&nbsp;<\/p>\n<p><a title=\"Avaa video uudessa v\u00e4lilehdess\u00e4\" href=\"https:\/\/www.youtube.com\/watch?v=8Dh3EN1gn2g\" target=\"_blank\" rel=\"noopener\">Avaa video uudessa v\u00e4lilehdess\u00e4<\/a><\/p>\n","protected":false},"excerpt":{"rendered":"<p>HUUM UKU Wi-Fi on yhdistett\u00e4v\u00e4 Wi-Fi-verkkoon, jotta voit muodostaa yhteyden mobiilisovellukseen. Siksi se sopii kotisaunoihin tai muihin saunoihin, jotka ovat jo Wi-Fi-alueella. UKU Wi-Fi -saunaohjain tekee saunan l\u00e4mmitt\u00e4misest\u00e4 eritt\u00e4in helppoa ja mukavaa. UKU:lla voit l\u00e4mmitt\u00e4\u00e4 saunasi paikan p\u00e4\u00e4ll\u00e4 tai tehd\u00e4 sen puhelimestasi HUUM-mobiilisovelluksen kautta. UKU:ssa on useita turva- ja lis\u00e4ominaisuuksia miellytt\u00e4v\u00e4n saunakokemuksen takaamiseksi. Sit\u00e4 voidaan k\u00e4ytt\u00e4\u00e4 eri valmistajien l\u00e4mmittimien kanssa.<\/p>\n","protected":false},"featured_media":99362,"comment_status":"open","ping_status":"closed","template":"","meta":{"_acf_changed":false},"factory":[],"free-shipment":[],"product_brand":[4433],"product_cat":[2008,1121,1346],"product_tag":[859,4969],"class_list":{"0":"post-98960","1":"product","2":"type-product","3":"status-publish","4":"has-post-thumbnail","6":"product_brand-huum-fi","7":"product_cat-huum-fi-2","8":"product_cat-saniteetti","9":"product_cat-ohjauspaneeli","10":"product_tag-huum-fi","11":"product_tag-huum-uku-fi","13":"first","14":"instock","15":"sale","16":"downloadable","17":"taxable","18":"shipping-taxable","19":"purchasable","20":"product-type-simple"},"acf":[],"_links":{"self":[{"href":"https:\/\/factory.sale\/fi\/wp-json\/wp\/v2\/product\/98960","targetHints":{"allow":["GET"]}}],"collection":[{"href":"https:\/\/factory.sale\/fi\/wp-json\/wp\/v2\/product"}],"about":[{"href":"https:\/\/factory.sale\/fi\/wp-json\/wp\/v2\/types\/product"}],"replies":[{"embeddable":true,"href":"https:\/\/factory.sale\/fi\/wp-json\/wp\/v2\/comments?post=98960"}],"wp:featuredmedia":[{"embeddable":true,"href":"https:\/\/factory.sale\/fi\/wp-json\/wp\/v2\/media\/99362"}],"wp:attachment":[{"href":"https:\/\/factory.sale\/fi\/wp-json\/wp\/v2\/media?parent=98960"}],"wp:term":[{"taxonomy":"factory","embeddable":true,"href":"https:\/\/factory.sale\/fi\/wp-json\/wp\/v2\/factory?post=98960"},{"taxonomy":"free-shipment","embeddable":true,"href":"https:\/\/factory.sale\/fi\/wp-json\/wp\/v2\/free-shipment?post=98960"},{"taxonomy":"product_brand","embeddable":true,"href":"https:\/\/factory.sale\/fi\/wp-json\/wp\/v2\/product_brand?post=98960"},{"taxonomy":"product_cat","embeddable":true,"href":"https:\/\/factory.sale\/fi\/wp-json\/wp\/v2\/product_cat?post=98960"},{"taxonomy":"product_tag","embeddable":true,"href":"https:\/\/factory.sale\/fi\/wp-json\/wp\/v2\/product_tag?post=98960"}],"curies":[{"name":"wp","href":"https:\/\/api.w.org\/{rel}","templated":true}]}}