{"id":98662,"date":"2025-01-21T14:25:32","date_gmt":"2025-01-21T11:25:34","guid":{"rendered":"https:\/\/factory.sale\/?post_type=product&#038;p=98662"},"modified":"2026-03-29T13:02:55","modified_gmt":"2026-03-29T10:02:55","slug":"icon-205-kylpytynnyri-integroidulla-kiukaan","status":"publish","type":"product","link":"https:\/\/factory.sale\/fi\/tuote\/icon-205-kylpytynnyri-integroidulla-kiukaan\/","title":{"rendered":"Icon 205 kylpytynnyri integroidulla kiukaalla"},"content":{"rendered":"<p>Haaveiletko t\u00e4ydellisest\u00e4 rentoutumisesta omassa pihapiiriss\u00e4si? Icon 205 kylpytynnyri integroidulla kiukaalla on t\u00e4ydellinen valinta sinulle, joka arvostat ylellisyytt\u00e4, mukavuutta ja huippulaatua. T\u00e4m\u00e4 kylpytynnyri muuttaa pihasi tai terassisi yksityiseksi keitaaksi, tarjoten kylpyl\u00e4tasoisen el\u00e4myksen aivan kotisi l\u00e4heisyydess\u00e4.<\/p>\n<p>Tarkkaan suunniteltu ergonominen lasikuitusisusta, joka on saatavilla mustana, tyylikk\u00e4\u00e4n valkoisena, hillityn harmaana tai syv\u00e4n sinisen\u00e4, takaa vertaansa vailla olevan mukavuuden. Allasta ymp\u00e4r\u00f6iv\u00e4t 19 mm paksut l\u00e4mp\u00f6k\u00e4sitellyst\u00e4 puusta valmistetut sein\u00e4t, jotka on viimeistelty s\u00e4\u00e4olosuhteita kest\u00e4viksi, lis\u00e4\u00e4v\u00e4t tyylikkyytt\u00e4 ja kest\u00e4vyytt\u00e4.<\/p>\n<p>Allas l\u00e4mpenee mukavaan 38\u00b0C l\u00e4mp\u00f6tilaan vain 2-3 tunnissa, kiitos tehokkaan 304-laatuisen ruostumattomasta ter\u00e4ksest\u00e4 valmistetun kiukaan (30 kW). 2-metrinen savupiippu l\u00e4mm\u00f6nsuojuksella ja kannella takaa turvallisen ja helppok\u00e4ytt\u00f6isen k\u00e4yt\u00f6n, kun taas mukana toimitettavat l\u00e4mp\u00f6puuportaat tarjoavat tyylikk\u00e4\u00e4n ja turvallisen p\u00e4\u00e4syn altaaseen.<\/p>\n<p>T\u00e4m\u00e4 ei ole vain kylpytynnyri \u2013 t\u00e4m\u00e4 on henkil\u00f6kohtainen hyvinvointikeitaasi. Lis\u00e4\u00e4 kokemukseen ylellisyytt\u00e4 valinnaisilla lis\u00e4varusteilla, kuten ilmakuplaj\u00e4rjestelm\u00e4ll\u00e4, LED-valaistuksella, integroidulla suodatinj\u00e4rjestelm\u00e4ll\u00e4, Bluetoothilla varustetulla radiolla ja kaiuttimilla, pullotelineill\u00e4 ja muulla.<\/p>\n<p>Icon 205 kylpytynnyri on suunniteltu niille, jotka arvostavat el\u00e4m\u00e4n hienouksia. Olipa kyseess\u00e4 rentoutuminen pitk\u00e4n p\u00e4iv\u00e4n j\u00e4lkeen, intiimi illanvietto tai rauhallinen hetki t\u00e4htitaivaan alla, t\u00e4m\u00e4 kylpytynnyri tuo jokaiseen hetkeen ylellisyytt\u00e4 ja rentoutumista.<\/p>\n<p><strong>Tekniset tiedot:<\/strong><\/p>\n<ul>\n<li>Tilavuus: 1500 L<\/li>\n<li>Ulkohalkaisija: 2050 mm<\/li>\n<li>Sis\u00e4halkaisija: 1770 mm<\/li>\n<li>Korkeus: 1100 mm<\/li>\n<li>Syvyys: 930 mm<\/li>\n<li>Paino: 300 kg<\/li>\n<li>Paketin mitat: 230 x 125 x 223 cm<\/li>\n<li>Paikkam\u00e4\u00e4r\u00e4: 6 henkil\u00f6\u00e4<\/li>\n<li>L\u00e4mmitysaika (5\u201338\u00b0C): 2-3 tuntia<\/li>\n<\/ul>\n<p><strong>Setti sis\u00e4lt\u00e4\u00e4:<\/strong><\/p>\n<ul>\n<li>Ergonominen lasikuituosa saatavana kolmessa v\u00e4riss\u00e4: harmaa(RAL 7015),valkoinen(RAL 9010), musta(TAL 9005), sininen (RAL 5012) ja vaaleansininen(RAL 5024) .<\/li>\n<\/ul>\n<p><img loading=\"lazy\" decoding=\"async\" class=\"alignnone wp-image-115464\" src=\"https:\/\/factory.sale\/wp-content\/uploads\/2025\/01\/hot-tub-inserts-300x126.png\" alt=\"\" width=\"566\" height=\"238\" srcset=\"https:\/\/factory.sale\/wp-content\/uploads\/2025\/01\/hot-tub-inserts-300x126.png 300w, https:\/\/factory.sale\/wp-content\/uploads\/2025\/01\/hot-tub-inserts-1024x429.png 1024w, https:\/\/factory.sale\/wp-content\/uploads\/2025\/01\/hot-tub-inserts-150x63.png 150w, https:\/\/factory.sale\/wp-content\/uploads\/2025\/01\/hot-tub-inserts-768x322.png 768w, https:\/\/factory.sale\/wp-content\/uploads\/2025\/01\/hot-tub-inserts-1536x644.png 1536w, https:\/\/factory.sale\/wp-content\/uploads\/2025\/01\/hot-tub-inserts-2048x859.png 2048w, https:\/\/factory.sale\/wp-content\/uploads\/2025\/01\/hot-tub-inserts-600x252.png 600w\" sizes=\"auto, (max-width: 566px) 100vw, 566px\" \/><\/p>\n<ul>\n<li>19 mm l\u00e4mp\u00f6puusein\u00e4t s\u00e4\u00e4lt\u00e4 suojaavalla petsill\u00e4 parantamaan kest\u00e4vyytt\u00e4 (ruskeana, mustana tai harmaana).<\/li>\n<li>Tehokas AIS 304 ruostumattomasta ter\u00e4ksest\u00e4 valmistettu integroitu l\u00e4mmitin (30 kW).<\/li>\n<li>Sis\u00e4lt\u00e4\u00e4 suorakaiteen muotoiset portaat helpon p\u00e4\u00e4syn takaamiseksi.<\/li>\n<li>2 metrin savupiippu, jossa l\u00e4mp\u00f6suojas\u00e4leikk\u00f6 ja kansi turvallisuuden takaamiseksi.<\/li>\n<\/ul>\n<p><strong>Lis\u00e4varusteet (lis\u00e4maksusta):<\/strong><\/p>\n<ul>\n<li>LED-valaistus (yksi lamppu)<\/li>\n<li>Kuplaj\u00e4rjestelm\u00e4 kylpytynnyrille<\/li>\n<li>Eristetty kansi kylpytynnyrille<\/li>\n<li>Digitaalinen veden l\u00e4mp\u00f6mittari<\/li>\n<li>Vedenpuhdistustablettien annostelija (CombiTab)<\/li>\n<li>Suodatinpallot (350 g)<\/li>\n<li>Suodatinelementti<\/li>\n<li>Veden suodatusj\u00e4rjestelm\u00e4 suodatinpalloilla<\/li>\n<li>Hydromassaj\u00e4rjestelm\u00e4 (1,1 kW pumppu)<\/li>\n<li>Jalkojenpesuastia<\/li>\n<li>Piipun jatko \u2013 1 metri<\/li>\n<li>Piipunhattu kipin\u00e4suojalla<\/li>\n<li>Kylpytynnyrin eristys PUR-vaahdolla<\/li>\n<li>LED-valaistus (kaksi lamppua)<\/li>\n<li>LED-valaistus (kolme lamppua)<\/li>\n<li>Meriluokan \u00e4\u00e4nij\u00e4rjestelm\u00e4 (GR306) kahdella 2\u00d7120 W kaiuttimella<\/li>\n<li>Meriluokan \u00e4\u00e4nij\u00e4rjestelm\u00e4 (GR304) kahdella 2\u00d760 W kaiuttimella<\/li>\n<li>Veden suodatusj\u00e4rjestelm\u00e4 paperisuodattimella<\/li>\n<li>Niskatuki<\/li>\n<li>Taottu juomateline 3 kupille<\/li>\n<li>Taottu juomateline 5 kupille<\/li>\n<li>Kelluva Bluetooth-vedenl\u00e4mp\u00f6mittari<\/li>\n<li>CombiTab vedenpuhdistustabletit (800 g)<\/li>\n<\/ul>\n","protected":false},"excerpt":{"rendered":"<p>Icon 205 kylpytynnyri integroidulla kiukaalla tarjoaa t\u00e4ydellisen yhdistelm\u00e4n tyyli\u00e4, mukavuutta ja k\u00e4yt\u00e4nn\u00f6llisyytt\u00e4. Ergonominen lasikuitusisusta, 19 mm l\u00e4mp\u00f6puusein\u00e4t ja tehokas 30 kW ruostumattomasta ter\u00e4ksest\u00e4 valmistettu kiuas tekev\u00e4t t\u00e4st\u00e4 kylpytynnyrist\u00e4 t\u00e4ydellisen valinnan rentoutumiseen ja hyvinvointiin.<\/p>\n","protected":false},"featured_media":98631,"comment_status":"open","ping_status":"closed","template":"","meta":{"_acf_changed":false},"factory":[],"free-shipment":[],"product_brand":[],"product_cat":[2208,2586],"product_tag":[],"class_list":{"0":"post-98662","1":"product","2":"type-product","3":"status-publish","4":"has-post-thumbnail","6":"product_cat-hot-tubs-2","7":"product_cat-fiberglass-hot-tubs","9":"first","10":"instock","11":"sale","12":"taxable","13":"shipping-taxable","14":"purchasable","15":"product-type-simple"},"acf":[],"_links":{"self":[{"href":"https:\/\/factory.sale\/fi\/wp-json\/wp\/v2\/product\/98662","targetHints":{"allow":["GET"]}}],"collection":[{"href":"https:\/\/factory.sale\/fi\/wp-json\/wp\/v2\/product"}],"about":[{"href":"https:\/\/factory.sale\/fi\/wp-json\/wp\/v2\/types\/product"}],"replies":[{"embeddable":true,"href":"https:\/\/factory.sale\/fi\/wp-json\/wp\/v2\/comments?post=98662"}],"wp:featuredmedia":[{"embeddable":true,"href":"https:\/\/factory.sale\/fi\/wp-json\/wp\/v2\/media\/98631"}],"wp:attachment":[{"href":"https:\/\/factory.sale\/fi\/wp-json\/wp\/v2\/media?parent=98662"}],"wp:term":[{"taxonomy":"factory","embeddable":true,"href":"https:\/\/factory.sale\/fi\/wp-json\/wp\/v2\/factory?post=98662"},{"taxonomy":"free-shipment","embeddable":true,"href":"https:\/\/factory.sale\/fi\/wp-json\/wp\/v2\/free-shipment?post=98662"},{"taxonomy":"product_brand","embeddable":true,"href":"https:\/\/factory.sale\/fi\/wp-json\/wp\/v2\/product_brand?post=98662"},{"taxonomy":"product_cat","embeddable":true,"href":"https:\/\/factory.sale\/fi\/wp-json\/wp\/v2\/product_cat?post=98662"},{"taxonomy":"product_tag","embeddable":true,"href":"https:\/\/factory.sale\/fi\/wp-json\/wp\/v2\/product_tag?post=98662"}],"curies":[{"name":"wp","href":"https:\/\/api.w.org\/{rel}","templated":true}]}}