{"id":98613,"date":"2025-01-21T11:48:00","date_gmt":"2025-01-21T08:58:42","guid":{"rendered":"https:\/\/factory.sale\/?post_type=product&#038;p=98613"},"modified":"2026-03-29T13:06:26","modified_gmt":"2026-03-29T10:06:26","slug":"mielikki-sauna-2-29-x-2-47-m","status":"publish","type":"product","link":"https:\/\/factory.sale\/fi\/tuote\/mielikki-sauna-2-29-x-2-47-m\/","title":{"rendered":"Mielikki-sauna 2.29 x 2.47 m"},"content":{"rendered":"<p>Mielikki-sauna, jonka mitat ovat 2.29 x 2.47 m, on kompakti ja tyylik\u00e4s ulkosauna, joka sopii erinomaisesti pienempiin pihoihin. Korkealaatuisesta kuusipuusta valmistettu sauna tarjoaa perinteisen muotoilun ja modernin toiminnallisuuden yhdistelm\u00e4n. 45 mm paksut sein\u00e4t ja oksattomasta lepp\u00e4puusta valmistetut penkit takaavat kest\u00e4vyyden, mukavuuden ja autenttisen saunael\u00e4myksen. Karkaistusta lasista valmistetut ikkunat ja ovet tuovat tilaan valoa ja avaruutta samalla, kun ne s\u00e4ilytt\u00e4v\u00e4t yksityisyyden. Mielikki-sauna on eristetyill\u00e4 kattoelementeill\u00e4 ja itseliimautuvalla kattohuovalla varustettu ymp\u00e4rivuotiseen k\u00e4ytt\u00f6\u00f6n, mik\u00e4 takaa optimaalisen suorituskyvyn kaikissa s\u00e4\u00e4olosuhteissa.<\/p>\n<p><strong>Tekniset tiedot:<\/strong><\/p>\n<ul>\n<li>Mitat: 2.29 x 2.47 m<\/li>\n<li>Korkeus: 2.14 m (alin kohta) \/ 2.47 m (korkein kohta)<\/li>\n<li>Pinta-ala: 4 m\u00b2<\/li>\n<li>Sein\u00e4n paksuus: 45 mm<\/li>\n<li>Katon materiaali: Itsekiinnittyv\u00e4 kattohuopa<\/li>\n<li>Oven mitat: 80 x 190 cm<\/li>\n<li>Ikkunoiden mitat: 77 x 190 cm (2 kpl, karkaistu lasi)<\/li>\n<li>Lattia: 28 mm kuusi<\/li>\n<li>Paino: ~700 kg<\/li>\n<\/ul>\n<p><strong>T\u00e4rkeimm\u00e4t ominaisuudet:<\/strong><\/p>\n<ul>\n<li>Kompakti ja k\u00e4yt\u00e4nn\u00f6llinen suunnittelu: Sopii erinomaisesti pieniin pihoihin ja ulkotiloihin.<\/li>\n<li>Kest\u00e4v\u00e4 rakenne: 45 mm paksut kuusipuusta valmistetut sein\u00e4t ja kest\u00e4v\u00e4t perustuspalkit.<\/li>\n<li>Valoisa ja kutsuva sisustus: Suuret karkaistusta lasista valmistetut ikkunat ja lasiovi luovat avaran ja miellytt\u00e4v\u00e4n tunnelman.<\/li>\n<li>Ymp\u00e4rivuotinen mukavuus: Eristetyt kattorakenteet ja toimitukseen kuuluva kattomateriaali varmistavat k\u00e4yt\u00f6n kaikkina vuodenaikoina.<\/li>\n<li>Laadukkaat lepp\u00e4lauteet: Sis\u00e4lt\u00e4v\u00e4t selk\u00e4nojan ja reunalistat maksimaalisen mukavuuden takaamiseksi.<\/li>\n<\/ul>\n<p><strong>Setti sis\u00e4lt\u00e4\u00e4:<\/strong><\/p>\n<ul>\n<li>Valmiiksi leikatut puuosat kokoamisen helpottamiseksi<\/li>\n<li>Itsekiinnittyv\u00e4 kattomateriaali<\/li>\n<li>Korkealaatuiset penkit<\/li>\n<li>Lasiovi ja ikkunat (karkaistu lasi)<\/li>\n<li>Asennuspakkaus ruuveineen ja kiinnikkeineen<\/li>\n<li>Tuuletusritil\u00e4<\/li>\n<\/ul>\n<p>Huom! Kiuas ei sis\u00e4lly pakkaukseen.\u00a0<a href=\"https:\/\/factory.sale\/fi\/tuote\/huum-drop-sahkokiuas-9-kw\/\" target=\"_blank\" rel=\"noopener\">Sopivan s\u00e4hk\u00f6kiukaan l\u00f6yd\u00e4t t\u00e4\u00e4lt\u00e4<\/a>\u00a0ja\u00a0<a href=\"https:\/\/factory.sale\/fi\/tuote\/puukiuas-harvia-m3\/\" target=\"_blank\" rel=\"noopener\">puul\u00e4mmitteisen kiukaan t\u00e4\u00e4lt\u00e4<\/a>.<\/p>\n","protected":false},"excerpt":{"rendered":"<p>Mielikki-sauna, jonka mitat ovat 2.29 x 2.47 m, on kompakti ja kest\u00e4v\u00e4 ulkosauna, joka on suunniteltu ymp\u00e4rivuotiseen k\u00e4ytt\u00f6\u00f6n. Tyylik\u00e4s muotoilu, laadukkaat penkit ja karkaistut lasi-ikkunat tarjoavat miellytt\u00e4v\u00e4n ja rentouttavan saunael\u00e4myksen.<\/p>\n","protected":false},"featured_media":98595,"comment_status":"open","ping_status":"closed","template":"","meta":{"_acf_changed":false},"factory":[],"free-shipment":[],"product_brand":[],"product_cat":[1121,1317,2258],"product_tag":[3651,3818,2105,3870],"class_list":{"0":"post-98613","1":"product","2":"type-product","3":"status-publish","4":"has-post-thumbnail","6":"product_cat-saniteetti","7":"product_cat-sauna-fi","8":"product_cat-saunakuutiot","9":"product_tag-compact-sauna-fi","10":"product_tag-durable-sauna-fi","11":"product_tag-outdoor-sauna-fi","12":"product_tag-year-round-sauna-fi","14":"first","15":"instock","16":"sale","17":"taxable","18":"shipping-taxable","19":"purchasable","20":"product-type-simple"},"acf":[],"_links":{"self":[{"href":"https:\/\/factory.sale\/fi\/wp-json\/wp\/v2\/product\/98613","targetHints":{"allow":["GET"]}}],"collection":[{"href":"https:\/\/factory.sale\/fi\/wp-json\/wp\/v2\/product"}],"about":[{"href":"https:\/\/factory.sale\/fi\/wp-json\/wp\/v2\/types\/product"}],"replies":[{"embeddable":true,"href":"https:\/\/factory.sale\/fi\/wp-json\/wp\/v2\/comments?post=98613"}],"wp:featuredmedia":[{"embeddable":true,"href":"https:\/\/factory.sale\/fi\/wp-json\/wp\/v2\/media\/98595"}],"wp:attachment":[{"href":"https:\/\/factory.sale\/fi\/wp-json\/wp\/v2\/media?parent=98613"}],"wp:term":[{"taxonomy":"factory","embeddable":true,"href":"https:\/\/factory.sale\/fi\/wp-json\/wp\/v2\/factory?post=98613"},{"taxonomy":"free-shipment","embeddable":true,"href":"https:\/\/factory.sale\/fi\/wp-json\/wp\/v2\/free-shipment?post=98613"},{"taxonomy":"product_brand","embeddable":true,"href":"https:\/\/factory.sale\/fi\/wp-json\/wp\/v2\/product_brand?post=98613"},{"taxonomy":"product_cat","embeddable":true,"href":"https:\/\/factory.sale\/fi\/wp-json\/wp\/v2\/product_cat?post=98613"},{"taxonomy":"product_tag","embeddable":true,"href":"https:\/\/factory.sale\/fi\/wp-json\/wp\/v2\/product_tag?post=98613"}],"curies":[{"name":"wp","href":"https:\/\/api.w.org\/{rel}","templated":true}]}}