{"id":98513,"date":"2025-01-18T23:56:24","date_gmt":"2025-01-18T20:59:53","guid":{"rendered":"https:\/\/factory.sale\/?post_type=product&#038;p=98513"},"modified":"2025-01-19T00:17:03","modified_gmt":"2025-01-18T21:17:03","slug":"puutarhamokki-breta-44-mm-4x6-m-24-m%c2%b2","status":"publish","type":"product","link":"https:\/\/factory.sale\/fi\/tuote\/puutarhamokki-breta-44-mm-4x6-m-24-m%c2%b2\/","title":{"rendered":"Puutarham\u00f6kki BRETA (44 mm), 4\u00d76 m, 24 m\u00b2"},"content":{"rendered":"<p>BRETA-puutarham\u00f6kki on edullinen, k\u00e4yt\u00e4nn\u00f6llinen ja vieh\u00e4tt\u00e4v\u00e4 leirikabiini, joka rikastaa jokaista ulkoilukokemusta. Sen tilaratkaisu sis\u00e4lt\u00e4\u00e4 tilavan yhteisen alueen, joka voi toimia sek\u00e4 keitti\u00f6n\u00e4 ett\u00e4 olohuoneena, sek\u00e4 erillisen kylpyhuoneen yksityisyyden takaamiseksi. Kompakti terassi tarjoaa t\u00e4ydellisen paikan rentoutua ja nauttia luonnosta. BRETA-m\u00f6kin ainutlaatuinen py\u00f6re\u00e4 muotoilu ja pariovet yhdist\u00e4v\u00e4t perinteisen vieh\u00e4tyksen l\u00e4mpim\u00e4\u00e4n ja kutsuvaan estetiikkaan.<\/p>\n<p>Olipa kyseess\u00e4 henkil\u00f6kohtainen k\u00e4ytt\u00f6 tai osa glamping-liiketoimintaa, BRETA-puutarham\u00f6kki on monipuolinen valinta, joka vastaa erilaisiin tarpeisiin.<\/p>\n<p>&nbsp;<\/p>\n<p><strong>Puutarham\u00f6kki BRETA &#8211; t\u00e4rkeimm\u00e4t ominaisuudet:<\/strong><\/p>\n<p>Monipuolinen k\u00e4ytt\u00f6: Sopii vierashuoneeksi, pihan leirikabiiniksi tai glamping-yrityksen keskipisteeksi.<br \/>\nAinutlaatuinen muotoilu: Py\u00f6re\u00e4 muoto tuo jokaiseen ymp\u00e4rist\u00f6\u00f6n tyylikkyytt\u00e4 ja omaper\u00e4isyytt\u00e4.<br \/>\nSaatavilla eri kokoja: Useita kokovaihtoehtoja yksil\u00f6llisiin tarpeisiin.<br \/>\nKompakti terassi: Kodikas paikka rentoutumiseen ja ulkoilmasta nauttimiseen.<br \/>\nTilava yhteinen alue: 15 m\u00b2 yhdistettyyn keitti\u00f6- ja oleskelutilaan.<br \/>\nYksityinen kylpyhuone: Tuo mukavuutta ja yksityisyytt\u00e4 kaikille k\u00e4ytt\u00e4jille.<\/p>\n<p>&nbsp;<\/p>\n<p><strong>Tekniset tiedot:<\/strong><\/p>\n<p>Materiaali: Sertifioitu pohjoismainen m\u00e4nty tai kuusi<br \/>\nLattia-ala: 24 m\u00b2<br \/>\nUlkomitat: 400 x 600 cm<br \/>\nSein\u00e4n paksuus: 44 mm<br \/>\nKatto: 44 mm kattolaudat (valinnainen bitumikate saatavilla)<br \/>\nLattia: 18 mm ponttilauta (valinnainen)<br \/>\nHuoneita: 3<br \/>\nKaton ylitys: 60 cm<br \/>\nHarjakorkeus: 250 cm<br \/>\nOvet:<br \/>\nPariovi: 161 cm x 192 cm<br \/>\nYksitt\u00e4inen ovi: 70 cm x 192 cm<br \/>\nIkkunat:<br \/>\n1 ikkuna: 70 cm x 105 cm<br \/>\n1 ikkuna: 90 cm x 39 cm<\/p>\n<p>&nbsp;<\/p>\n<p>&nbsp;<\/p>\n<p><strong>Miksi valita puutarham\u00f6kki BRETA?<\/strong><\/p>\n<p>Jos etsit tilavaa ja monik\u00e4ytt\u00f6ist\u00e4 rentoutumispaikkaa tai glamping-ratkaisua, BRETA-puutarham\u00f6kki on t\u00e4ydellinen valinta. Korkealaatuisesta pohjoismaisesta puusta valmistettu m\u00f6kki tarjoaa runsaasti tilaa perhejuhliin tai liiketoimintaan. Sen k\u00e4yt\u00e4nn\u00f6llinen suunnittelu ja kest\u00e4v\u00e4t materiaalit takaavat, ett\u00e4 m\u00f6kki tuo iloa ja hy\u00f6ty\u00e4 vuosiksi eteenp\u00e4in. Koristele ulkotilasi BRETA-puutarham\u00f6kill\u00e4 \u2013 tyylik\u00e4s ja toimiva lis\u00e4, joka yhdist\u00e4\u00e4 mukavuuden ja luonnollisen vieh\u00e4tyksen.<\/p>\n<p>&nbsp;<\/p>\n<div class=\"video-wrapper \"><iframe loading=\"lazy\" title=\"How To Build a Log Cabin | Assembly Instructions\" width=\"500\" height=\"281\" src=\"https:\/\/www.youtube.com\/embed\/k9kK04ZBp0o?feature=oembed\" frameborder=\"0\" allow=\"accelerometer; autoplay; clipboard-write; encrypted-media; gyroscope; picture-in-picture; web-share\" referrerpolicy=\"strict-origin-when-cross-origin\" allowfullscreen><\/iframe><\/div>\n<div class=\"video-wrapper \"><iframe loading=\"lazy\" title=\"Hoe monteer je dakshingles voor zadeldaken?\" width=\"500\" height=\"281\" src=\"https:\/\/www.youtube.com\/embed\/9S4j3SFXrjM?feature=oembed\" frameborder=\"0\" allow=\"accelerometer; autoplay; clipboard-write; encrypted-media; gyroscope; picture-in-picture; web-share\" referrerpolicy=\"strict-origin-when-cross-origin\" allowfullscreen><\/iframe><\/div>\n","protected":false},"excerpt":{"rendered":"<p>Jos etsit tilavaa ja monik\u00e4ytt\u00f6ist\u00e4 rentoutumispaikkaa tai glamping-ratkaisua, BRETA-puutarham\u00f6kki on t\u00e4ydellinen valinta. Korkealaatuisesta pohjoismaisesta puusta valmistettu m\u00f6kki tarjoaa runsaasti tilaa perhejuhliin tai liiketoimintaan. Sen k\u00e4yt\u00e4nn\u00f6llinen suunnittelu ja kest\u00e4v\u00e4t materiaalit takaavat, ett\u00e4 m\u00f6kki tuo iloa ja hy\u00f6ty\u00e4 vuosiksi eteenp\u00e4in. Koristele ulkotilasi BRETA-puutarham\u00f6kill\u00e4 \u2013 tyylik\u00e4s ja toimiva lis\u00e4, joka yhdist\u00e4\u00e4 mukavuuden ja luonnollisen vieh\u00e4tyksen.<\/p>\n","protected":false},"featured_media":98488,"comment_status":"open","ping_status":"closed","template":"","meta":{"_acf_changed":false},"factory":[],"free-shipment":[],"product_brand":[],"product_cat":[2889,997],"product_tag":[],"class_list":{"0":"post-98513","1":"product","2":"type-product","3":"status-publish","4":"has-post-thumbnail","6":"product_cat-leirintamokit","7":"product_cat-piha-puutarha-fi","9":"first","10":"instock","11":"sale","12":"taxable","13":"shipping-taxable","14":"purchasable","15":"product-type-simple"},"acf":[],"_links":{"self":[{"href":"https:\/\/factory.sale\/fi\/wp-json\/wp\/v2\/product\/98513","targetHints":{"allow":["GET"]}}],"collection":[{"href":"https:\/\/factory.sale\/fi\/wp-json\/wp\/v2\/product"}],"about":[{"href":"https:\/\/factory.sale\/fi\/wp-json\/wp\/v2\/types\/product"}],"replies":[{"embeddable":true,"href":"https:\/\/factory.sale\/fi\/wp-json\/wp\/v2\/comments?post=98513"}],"wp:featuredmedia":[{"embeddable":true,"href":"https:\/\/factory.sale\/fi\/wp-json\/wp\/v2\/media\/98488"}],"wp:attachment":[{"href":"https:\/\/factory.sale\/fi\/wp-json\/wp\/v2\/media?parent=98513"}],"wp:term":[{"taxonomy":"factory","embeddable":true,"href":"https:\/\/factory.sale\/fi\/wp-json\/wp\/v2\/factory?post=98513"},{"taxonomy":"free-shipment","embeddable":true,"href":"https:\/\/factory.sale\/fi\/wp-json\/wp\/v2\/free-shipment?post=98513"},{"taxonomy":"product_brand","embeddable":true,"href":"https:\/\/factory.sale\/fi\/wp-json\/wp\/v2\/product_brand?post=98513"},{"taxonomy":"product_cat","embeddable":true,"href":"https:\/\/factory.sale\/fi\/wp-json\/wp\/v2\/product_cat?post=98513"},{"taxonomy":"product_tag","embeddable":true,"href":"https:\/\/factory.sale\/fi\/wp-json\/wp\/v2\/product_tag?post=98513"}],"curies":[{"name":"wp","href":"https:\/\/api.w.org\/{rel}","templated":true}]}}