{"id":98480,"date":"2025-01-17T20:05:55","date_gmt":"2025-01-17T17:13:28","guid":{"rendered":"https:\/\/factory.sale\/?post_type=product&#038;p=98480"},"modified":"2025-09-19T15:56:36","modified_gmt":"2025-09-19T12:56:36","slug":"varastokontti-unipal48-12-ibclle","status":"publish","type":"product","link":"https:\/\/factory.sale\/fi\/tuote\/varastokontti-unipal48-12-ibclle\/","title":{"rendered":"Varastokontti Unipal48 12 IBC:lle"},"content":{"rendered":"<p>T\u00e4m\u00e4n yksik\u00f6n pohja on valmistettu ter\u00e4slevyst\u00e4, ja vahvistuksena k\u00e4ytet\u00e4\u00e4n RHS-poikkitukia ja puristettuja kylkiluita. Kaikki kulmapylv\u00e4\u00e4t, hyllyt, p\u00e4\u00e4palkit ja poikkipalkit on valmistettu rullatusta onteloprofiilista, ja takasein\u00e4, sivut sek\u00e4 ovipaneelit on valmistettu ter\u00e4slevyst\u00e4, joka on tarvittaessa aallotettu. Katto on puristettu, varustettu sopivilla tuilla, hitsattu keh\u00e4n ymp\u00e4ri ja varustettu nostopisteill\u00e4. Ter\u00e4ksiset liukuovet liikkuvat helposti liukuvilla kiskoilla. Sump on valmistettu ter\u00e4ksest\u00e4, t\u00e4ysin tiivishitsattu ja varustettu ter\u00e4ksisill\u00e4 lavakanavilla. Kuten odottaa voi, sump t\u00e4ytt\u00e4\u00e4 kaikki voimassa olevat m\u00e4\u00e4r\u00e4ykset kapasiteetista, ja sen alapinta on varustettu jalustoilla, jotka est\u00e4v\u00e4t maaper\u00e4n kosketuksen ja v\u00e4hent\u00e4v\u00e4t korroosioriski\u00e4. Yl\u00e4kerroksen lavat lep\u00e4\u00e4v\u00e4t suoraan ter\u00e4srunkoisella tukirakenteella, ja ennen maalausta yksikk\u00f6 hiekkapuhalletaan t\u00e4ysin, jotta pinta on puhdas ja tarttumapintainen.<\/p>\n<p>T\u00e4m\u00e4 malli pystyy s\u00e4ilytt\u00e4m\u00e4\u00e4n jopa 48 x 205 litran tynnyri\u00e4 tai 12 x 1000 litran IBC:t\u00e4 kahdella tasolla, ja se soveltuu standardilavoille, joiden koot ovat 1200 mm x 1200 mm, 1200 mm x 1000 mm ja 1200 mm x 800 mm.<\/p>\n<p>&nbsp;<\/p>\n<p>&nbsp;<\/p>\n<p><strong>Tekniset tiedot:<\/strong><\/p>\n<p>Ulkomitat: 7800 mm P x 2130 mm L x 3355 mm K<br \/>\nS\u00e4ili\u00f6iden m\u00e4\u00e4r\u00e4: 48 x 205 l tynnyri\u00e4 tai 12 x 1000 l IBC:t\u00e4<br \/>\nSumpin kapasiteetti: 4500 l<br \/>\nV\u00e4ri: sininen<br \/>\nOmamassa: 4000 kg<br \/>\nOvien tyyppi: liukuovet<br \/>\nMaalin ominaisuudet: korkealaatuinen, nopeasti kuivuva pohja-\/pintamaali, joka on suunniteltu k\u00e4ytett\u00e4v\u00e4ksi suoraan metallilla tai paljaalla ter\u00e4ksell\u00e4; maali sis\u00e4lt\u00e4\u00e4 sinkkifosfaattia, joka ehk\u00e4isee korroosiota, ja on kemiallisesti kest\u00e4v\u00e4.<br \/>\nLis\u00e4varuste: automaattinen palosammutin<\/p>\n<p>&nbsp;<\/p>\n<p><strong>Valmistusaika:<\/strong> 30\u201360 p\u00e4iv\u00e4\u00e4 ennakkomaksun vastaanottamisesta<br \/>\n<strong>Toimitusaika:<\/strong> enint\u00e4\u00e4n 60 p\u00e4iv\u00e4\u00e4 ennakkomaksun vastaanottamisesta<\/p>\n<p>Tutustu samankaltaisiin tuotteisiin t\u00e4\u00e4ll\u00e4:\u00a0<a href=\"https:\/\/factory.sale\/fi\/tuote-osasto\/piha-puutarha-fi\/teollisuussailiot\/\"><i>\u201cTeollisuuss\u00e4ili\u00f6t\u201d<\/i><\/a><\/p>\n<p>Katso teollisuus s\u00e4ili\u00f6iden laadunhallintaj\u00e4rjestelm\u00e4n\u00a0<a href=\"https:\/\/www.iso.org\/standard\/62085.html\" target=\"_blank\" rel=\"noopener\">ISO 9001 \u2013 standardin seloste<\/a><\/p>\n<p><em><strong>Etk\u00f6 ole varma, mink\u00e4 s\u00e4ili\u00f6n valitsisit? Blogikirjoituksemme \u201c<a href=\"https:\/\/factory.sale\/fi\/blog\/kuinka-valita-oikea-sailio\/\" target=\"_blank\" rel=\"noopener\">Kuinka valita oikea s\u00e4ili\u00f6<\/a>\u201d selitt\u00e4\u00e4 askel askeleelta, mit\u00e4 tulee ottaa huomioon uutta s\u00e4ili\u00f6t\u00e4 valitessa. Tutustu nyt!<\/strong><\/em><\/p>\n","protected":false},"excerpt":{"rendered":"<p>Kest\u00e4v\u00e4 varastokontti 48 tynnyrille tai 12 IBC:lle, valmistettu ter\u00e4ksest\u00e4, 4500 litran sumpilla, liukuovilla ja korroosionkest\u00e4v\u00e4ll\u00e4 viimeistelyll\u00e4.<\/p>\n","protected":false},"featured_media":98441,"comment_status":"open","ping_status":"closed","template":"","meta":{"_acf_changed":false},"factory":[],"free-shipment":[],"product_brand":[],"product_cat":[3045],"product_tag":[],"class_list":{"0":"post-98480","1":"product","2":"type-product","3":"status-publish","4":"has-post-thumbnail","6":"product_cat-teollisuussailiot","8":"first","9":"instock","10":"sale","11":"taxable","12":"shipping-taxable","13":"purchasable","14":"product-type-simple"},"acf":[],"_links":{"self":[{"href":"https:\/\/factory.sale\/fi\/wp-json\/wp\/v2\/product\/98480","targetHints":{"allow":["GET"]}}],"collection":[{"href":"https:\/\/factory.sale\/fi\/wp-json\/wp\/v2\/product"}],"about":[{"href":"https:\/\/factory.sale\/fi\/wp-json\/wp\/v2\/types\/product"}],"replies":[{"embeddable":true,"href":"https:\/\/factory.sale\/fi\/wp-json\/wp\/v2\/comments?post=98480"}],"wp:featuredmedia":[{"embeddable":true,"href":"https:\/\/factory.sale\/fi\/wp-json\/wp\/v2\/media\/98441"}],"wp:attachment":[{"href":"https:\/\/factory.sale\/fi\/wp-json\/wp\/v2\/media?parent=98480"}],"wp:term":[{"taxonomy":"factory","embeddable":true,"href":"https:\/\/factory.sale\/fi\/wp-json\/wp\/v2\/factory?post=98480"},{"taxonomy":"free-shipment","embeddable":true,"href":"https:\/\/factory.sale\/fi\/wp-json\/wp\/v2\/free-shipment?post=98480"},{"taxonomy":"product_brand","embeddable":true,"href":"https:\/\/factory.sale\/fi\/wp-json\/wp\/v2\/product_brand?post=98480"},{"taxonomy":"product_cat","embeddable":true,"href":"https:\/\/factory.sale\/fi\/wp-json\/wp\/v2\/product_cat?post=98480"},{"taxonomy":"product_tag","embeddable":true,"href":"https:\/\/factory.sale\/fi\/wp-json\/wp\/v2\/product_tag?post=98480"}],"curies":[{"name":"wp","href":"https:\/\/api.w.org\/{rel}","templated":true}]}}