{"id":98478,"date":"2025-01-17T20:05:50","date_gmt":"2025-01-17T17:13:58","guid":{"rendered":"https:\/\/factory.sale\/?post_type=product&#038;p=98478"},"modified":"2025-01-24T10:15:23","modified_gmt":"2025-01-24T07:15:23","slug":"aada-xl-sauna-koottu-ja-eristetty-6-x-2-2m","status":"publish","type":"product","link":"https:\/\/factory.sale\/fi\/tuote\/aada-xl-sauna-koottu-ja-eristetty-6-x-2-2m\/","title":{"rendered":"&#8220;Aada XL&#8221; sauna, koottu ja eristetty, 6 x 2.2m"},"content":{"rendered":"<p>Aada XL sauna on ihanteellinen valinta niille, jotka etsiv\u00e4t tilavaa ja monik\u00e4ytt\u00f6ist\u00e4 saunaa ymp\u00e4rivuotiseen k\u00e4ytt\u00f6\u00f6n. T\u00e4m\u00e4 t\u00e4ysin koottu ja eristetty sauna on kooltaan 6 x 2,2 m ja siin\u00e4 on kolme erillist\u00e4 huonetta, ja se tarjoaa vertaansa vailla mukavuutta ja toimivuutta. Kolmessa huoneessa on saunahuone, pukeutumistila ja lis\u00e4tila, jota voidaan k\u00e4ytt\u00e4\u00e4 suihkuhuoneena tai varastona, joten se on ihanteellinen valinta perheille tai monik\u00e4ytt\u00f6isyytt\u00e4 etsiville. Saunahuoneen suuri panoraamaikkuna tuo tilaan luonnonvaloa ja tarjoaa upeat maisemat, luoden rentouttavan ja kutsuvan tunnelman. Korkealaatuisista materiaaleista valmistettu ja 100 mm mineraalivillalla eristetty Aada XL sauna on suunniteltu kest\u00e4m\u00e4\u00e4n kovimmatkin s\u00e4\u00e4olosuhteet, s\u00e4ilytt\u00e4en samalla optimaalisen l\u00e4mm\u00f6neristyksen.<\/p>\n<p><strong>Tekniset tiedot:<\/strong><\/p>\n<ul>\n<li>Ulkomitat: 6 x 2,2 m<\/li>\n<li>Sis\u00e4mitat: 5,8 x 1,9 m<\/li>\n<li>Kokonaispinta-ala: 10,7 m\u00b2<\/li>\n<li>Harjakorkeus: 2,5 m<\/li>\n<li>Sein\u00e4n paksuus: 180 mm (eristetty)<\/li>\n<li>Kattokaltevuus: 7\u00b0<\/li>\n<li>Panoraamaikkunoiden mitat: 2300 x 1480 mm (p\u00e4\u00e4ikkuna), 550 x 1480 mm (lis\u00e4ikkuna), 8 mm pronssinv\u00e4riset karkaistut lasit<\/li>\n<li>Oven mitat: 900 x 1900 mm<\/li>\n<li>Paino: n. 2200 kg<\/li>\n<\/ul>\n<p><strong>T\u00e4rkeimm\u00e4t ominaisuudet:<\/strong><\/p>\n<ul>\n<li>Valmiiksi koottu ja eristetty: heti valmis k\u00e4ytett\u00e4v\u00e4ksi ymp\u00e4rivuotiseen k\u00e4ytt\u00f6\u00f6n.<\/li>\n<li>Tilava muotoilu kolmella huoneella: saunatila, pukeutumishuone ja lis\u00e4huone suihkua tai varastointia varten.<\/li>\n<li>Erinomainen l\u00e4mm\u00f6neristys: 100 mm mineraalivilla seiniss\u00e4 ja katossa.<\/li>\n<li>Suuret panoraamaikkunat, jotka on valmistettu 8 mm karkaistusta lasista, tuovat luonnonvaloa ja tarjoavat upeat maisemat.<\/li>\n<li>Korkealaatuiset kaksitasoiset puulauteet maksimaaliseen mukavuuteen.<\/li>\n<li>Tyylik\u00e4s ja kest\u00e4v\u00e4 muotoilu, joka sopii jokaiseen pihaymp\u00e4rist\u00f6\u00f6n.<\/li>\n<\/ul>\n<p><strong>Pakkaus sis\u00e4lt\u00e4\u00e4:<\/strong><\/p>\n<ul>\n<li>Valmiiksi koottu ja eristetty saunarakennus.<\/li>\n<li>Kattomateriaali: bitumikate.<\/li>\n<li>Korkealaatuiset saunan lauteet (yl\u00e4laude: 1,8 x 1,8 x 0,6 m, alalaude: 1,25 x 1,25 x 0,35 m).<\/li>\n<li>Panoraamaikkunat (pronssinv\u00e4riset karkaistut lasit) ja ovi.<\/li>\n<li>Eristetyt ja tuuletetut sein\u00e4t, katto ja lattia maksimaalisen tehokkuuden takaamiseksi.<\/li>\n<\/ul>\n<p>Huom! Pakkaukseen ei sis\u00e4lly kiuasta. L\u00f6yd\u00e4t <a href=\"https:\/\/factory.sale\/fi\/tuote\/sahkokiuas-huum-hive-12kw\/\" target=\"_blank\" rel=\"noopener\">sopivan s\u00e4hk\u00f6kiukaan t\u00e4\u00e4lt\u00e4<\/a>\u00a0ja<a href=\"https:\/\/factory.sale\/fi\/tuote\/puukiuas-harvia-20-pro\/\" target=\"_blank\" rel=\"noopener\">\u00a0puul\u00e4mmitteisen kiukaan t\u00e4\u00e4lt\u00e4.<\/a><\/p>\n","protected":false},"excerpt":{"rendered":"<p>Aada XL sauna, mitoiltaan 6 x 2,2 m, on tilava ja eristetty sauna, jossa on kolme huonetta monik\u00e4ytt\u00f6iseen k\u00e4ytt\u00f6\u00f6n. Suuret panoraamaikkunat, korkealaatuiset lauteet ja kest\u00e4v\u00e4 rakenne tekev\u00e4t siit\u00e4 ihanteellisen valinnan ymp\u00e4rivuotiseen rentoutumiseen.<\/p>\n<p>&nbsp;<\/p>\n","protected":false},"featured_media":98454,"comment_status":"open","ping_status":"closed","template":"","meta":{"_acf_changed":false},"factory":[],"free-shipment":[],"product_brand":[],"product_cat":[1121,1317,2258],"product_tag":[3976,4452,2105,3870],"class_list":{"0":"post-98478","1":"product","2":"type-product","3":"status-publish","4":"has-post-thumbnail","6":"product_cat-saniteetti","7":"product_cat-sauna-fi","8":"product_cat-saunakuutiot","9":"product_tag-aada-xl-sauna-fi","10":"product_tag-garden-sauna-fi","11":"product_tag-outdoor-sauna-fi","12":"product_tag-year-round-sauna-fi","14":"first","15":"instock","16":"sale","17":"taxable","18":"shipping-taxable","19":"purchasable","20":"product-type-simple"},"acf":[],"_links":{"self":[{"href":"https:\/\/factory.sale\/fi\/wp-json\/wp\/v2\/product\/98478","targetHints":{"allow":["GET"]}}],"collection":[{"href":"https:\/\/factory.sale\/fi\/wp-json\/wp\/v2\/product"}],"about":[{"href":"https:\/\/factory.sale\/fi\/wp-json\/wp\/v2\/types\/product"}],"replies":[{"embeddable":true,"href":"https:\/\/factory.sale\/fi\/wp-json\/wp\/v2\/comments?post=98478"}],"wp:featuredmedia":[{"embeddable":true,"href":"https:\/\/factory.sale\/fi\/wp-json\/wp\/v2\/media\/98454"}],"wp:attachment":[{"href":"https:\/\/factory.sale\/fi\/wp-json\/wp\/v2\/media?parent=98478"}],"wp:term":[{"taxonomy":"factory","embeddable":true,"href":"https:\/\/factory.sale\/fi\/wp-json\/wp\/v2\/factory?post=98478"},{"taxonomy":"free-shipment","embeddable":true,"href":"https:\/\/factory.sale\/fi\/wp-json\/wp\/v2\/free-shipment?post=98478"},{"taxonomy":"product_brand","embeddable":true,"href":"https:\/\/factory.sale\/fi\/wp-json\/wp\/v2\/product_brand?post=98478"},{"taxonomy":"product_cat","embeddable":true,"href":"https:\/\/factory.sale\/fi\/wp-json\/wp\/v2\/product_cat?post=98478"},{"taxonomy":"product_tag","embeddable":true,"href":"https:\/\/factory.sale\/fi\/wp-json\/wp\/v2\/product_tag?post=98478"}],"curies":[{"name":"wp","href":"https:\/\/api.w.org\/{rel}","templated":true}]}}