{"id":98426,"date":"2025-01-17T18:48:32","date_gmt":"2025-01-17T16:00:42","guid":{"rendered":"https:\/\/factory.sale\/?post_type=product&#038;p=98426"},"modified":"2025-01-24T10:15:50","modified_gmt":"2025-01-24T07:15:50","slug":"aada-l-sauna-koottu-ja-eristetty-32-x-24m","status":"publish","type":"product","link":"https:\/\/factory.sale\/fi\/tuote\/aada-l-sauna-koottu-ja-eristetty-32-x-24m\/","title":{"rendered":"&#8220;Aada L&#8221; sauna, koottu ja eristetty, 3,2 x 2,4m"},"content":{"rendered":"<p>Aada L sauna on tilava ja k\u00e4yt\u00e4nn\u00f6llinen ratkaisu ymp\u00e4rivuotiseen rentoutumiseen. Mitat 4,4 x 2,2 m tarjoavat riitt\u00e4v\u00e4sti tilaa sek\u00e4 saunomiseen ett\u00e4 lis\u00e4huoneelle, jota voi k\u00e4ytt\u00e4\u00e4 pukeutumistilana tai varastona. Iso panoraamaikkuna tuo sis\u00e4\u00e4n luonnonvaloa ja avaa kauniit n\u00e4kym\u00e4t, lis\u00e4ten tilan tuntua ja viihtyisyytt\u00e4. Sauna on rakennettu laadukkaista ja kest\u00e4vist\u00e4 materiaaleista ja sen sein\u00e4t ja katto on eristetty 100 mm mineraalivillalla, joka takaa erinomaisen l\u00e4mm\u00f6npidon my\u00f6s talvikuukausina.<\/p>\n<p><strong>Tekniset tiedot:<\/strong><\/p>\n<ul>\n<li>Ulkomitat: 4,4 x 2,2 m<\/li>\n<li>Sis\u00e4mitat: 4,2 x 1,9 m<\/li>\n<li>Kokonaispinta-ala: 7,6 m\u00b2<\/li>\n<li>Harjakorkeus: 2,5 m<\/li>\n<li>Sein\u00e4n paksuus: 180 mm (eristetty)<\/li>\n<li>Kattokaltevuus: 7\u00b0<\/li>\n<li>Panoraamaikkunan mitat: 2300 x 1480 mm, 8 mm pronssinv\u00e4riset karkaistut lasit<\/li>\n<li>Oven mitat: 900 x 1900 mm<\/li>\n<li>Paino: n. 1400 kg<\/li>\n<\/ul>\n<p><strong>T\u00e4rkeimm\u00e4t ominaisuudet:<\/strong><\/p>\n<ul>\n<li>Tilava muotoilu lis\u00e4huoneella pukeutumiseen tai varastointiin.<\/li>\n<li>Suuri panoraamaikkuna tuo luonnonvaloa ja kauniita maisemia.<\/li>\n<li>Sein\u00e4t ja katto eristetty 100 mm mineraalivillalla, joka takaa erinomaisen l\u00e4mm\u00f6npidon.<\/li>\n<li>Korkealaatuiset puulauteet tarjoavat mukavuutta saunojille.<\/li>\n<li>Kest\u00e4v\u00e4 ja tyylik\u00e4s muotoilu, joka sopii kaikkiin pihaymp\u00e4rist\u00f6ihin.<\/li>\n<\/ul>\n<p><strong>Pakkaus sis\u00e4lt\u00e4\u00e4:<\/strong><\/p>\n<ul>\n<li>Valmiiksi koottu ja eristetty saunarakennus.<\/li>\n<li>Kattomateriaali: bitumikate.<\/li>\n<li>Korkealaatuiset saunan lauteet (yl\u00e4laude: 1,8 x 1,8 x 0,6 m, alalaude: 1,25 x 1,25 x 0,35 m).<\/li>\n<li>Panoraamaikkuna (pronssinv\u00e4riset karkaistut lasit) ja ovi.<\/li>\n<li>Eristetyt ja tuuletetut sein\u00e4t, katto ja lattia.<\/li>\n<li>Asennusohjeet ja kiinnitystarvikkeet.<\/li>\n<\/ul>\n<p>Huom! Pakkaukseen ei sis\u00e4lly kiuasta. L\u00f6yd\u00e4t <a href=\"https:\/\/factory.sale\/fi\/tuote\/sahkokiuas-huum-hive-12kw\/\" target=\"_blank\" rel=\"noopener\">sopivan s\u00e4hk\u00f6kiukaan t\u00e4\u00e4lt\u00e4<\/a>\u00a0ja<a href=\"https:\/\/factory.sale\/fi\/tuote\/puukiuas-harvia-20-pro\/\" target=\"_blank\" rel=\"noopener\">\u00a0puul\u00e4mmitteisen kiukaan t\u00e4\u00e4lt\u00e4.<\/a><\/p>\n","protected":false},"excerpt":{"rendered":"<p>Aada L sauna, mitoiltaan 4,4 x 2,2 m, on tilava ja eristetty sauna, jossa on lis\u00e4huone pukeutumiseen tai tavaroiden s\u00e4ilytykseen. Suuri panoraamaikkuna, laadukkaat lauteet ja kest\u00e4v\u00e4 rakenne tekev\u00e4t siit\u00e4 ihanteellisen valinnan ymp\u00e4rivuotiseen k\u00e4ytt\u00f6\u00f6n.<\/p>\n","protected":false},"featured_media":98407,"comment_status":"open","ping_status":"closed","template":"","meta":{"_acf_changed":false},"factory":[],"free-shipment":[],"product_brand":[],"product_cat":[1121,1317,2258],"product_tag":[3963,4452,2105,3870],"class_list":{"0":"post-98426","1":"product","2":"type-product","3":"status-publish","4":"has-post-thumbnail","6":"product_cat-saniteetti","7":"product_cat-sauna-fi","8":"product_cat-saunakuutiot","9":"product_tag-aada-l-sauna-fi","10":"product_tag-garden-sauna-fi","11":"product_tag-outdoor-sauna-fi","12":"product_tag-year-round-sauna-fi","14":"first","15":"instock","16":"sale","17":"taxable","18":"shipping-taxable","19":"purchasable","20":"product-type-simple"},"acf":[],"_links":{"self":[{"href":"https:\/\/factory.sale\/fi\/wp-json\/wp\/v2\/product\/98426","targetHints":{"allow":["GET"]}}],"collection":[{"href":"https:\/\/factory.sale\/fi\/wp-json\/wp\/v2\/product"}],"about":[{"href":"https:\/\/factory.sale\/fi\/wp-json\/wp\/v2\/types\/product"}],"replies":[{"embeddable":true,"href":"https:\/\/factory.sale\/fi\/wp-json\/wp\/v2\/comments?post=98426"}],"wp:featuredmedia":[{"embeddable":true,"href":"https:\/\/factory.sale\/fi\/wp-json\/wp\/v2\/media\/98407"}],"wp:attachment":[{"href":"https:\/\/factory.sale\/fi\/wp-json\/wp\/v2\/media?parent=98426"}],"wp:term":[{"taxonomy":"factory","embeddable":true,"href":"https:\/\/factory.sale\/fi\/wp-json\/wp\/v2\/factory?post=98426"},{"taxonomy":"free-shipment","embeddable":true,"href":"https:\/\/factory.sale\/fi\/wp-json\/wp\/v2\/free-shipment?post=98426"},{"taxonomy":"product_brand","embeddable":true,"href":"https:\/\/factory.sale\/fi\/wp-json\/wp\/v2\/product_brand?post=98426"},{"taxonomy":"product_cat","embeddable":true,"href":"https:\/\/factory.sale\/fi\/wp-json\/wp\/v2\/product_cat?post=98426"},{"taxonomy":"product_tag","embeddable":true,"href":"https:\/\/factory.sale\/fi\/wp-json\/wp\/v2\/product_tag?post=98426"}],"curies":[{"name":"wp","href":"https:\/\/api.w.org\/{rel}","templated":true}]}}