{"id":98396,"date":"2025-01-17T18:08:48","date_gmt":"2025-01-17T15:28:37","guid":{"rendered":"https:\/\/factory.sale\/?post_type=product&#038;p=98396"},"modified":"2025-01-24T10:16:00","modified_gmt":"2025-01-24T07:16:00","slug":"aada-sauna-koottu-ja-eristetty-32-x-24m","status":"publish","type":"product","link":"https:\/\/factory.sale\/fi\/tuote\/aada-sauna-koottu-ja-eristetty-32-x-24m\/","title":{"rendered":"&#8220;Aada&#8221; sauna, koottu ja eristetty, 3,2 x 2,4m"},"content":{"rendered":"<p>Aada-sauna tuo pihaasi tyylikk\u00e4\u00e4n ja k\u00e4yt\u00e4nn\u00f6llisen ratkaisun ymp\u00e4rivuotiseen rentoutumiseen. Mitat 3,2 x 2,4 m tekev\u00e4t siit\u00e4 tilavan ja monipuolisen valinnan sek\u00e4 kotiin ett\u00e4 m\u00f6kille. Iso panoraamaikkuna p\u00e4\u00e4st\u00e4\u00e4 luonnonvalon sis\u00e4\u00e4n ja tarjoaa upeat n\u00e4kym\u00e4t, kun taas korkealaatuiset lauteet takaavat mukavan saunakokemuksen. Rakennus on suunniteltu kest\u00e4m\u00e4\u00e4n Suomen vaihtelevat s\u00e4\u00e4olosuhteet, ja eristys varmistaa l\u00e4mm\u00f6npit\u00e4vyyden talvellakin.<\/p>\n<p><strong>Tekniset tiedot:<\/strong><\/p>\n<ul>\n<li>Ulkomitat: 3,2 x 2,4 m<\/li>\n<li>Sis\u00e4mitat: 2,65 x 1,9 m<\/li>\n<li>Kokonaispinta-ala: 4,9 m\u00b2<\/li>\n<li>Harjakorkeus: 2,5 m<\/li>\n<li>Sein\u00e4n paksuus: 180 mm (eristetty)<\/li>\n<li>Kattokaltevuus: 7\u00b0<\/li>\n<li>Panoraamaikkunan mitat: 2300 x 1480 mm, 8 mm pronssinv\u00e4riset karkaistut lasit<\/li>\n<li>Oven mitat: 900 x 1900 mm<\/li>\n<li>Paino: n. 1200 kg<\/li>\n<\/ul>\n<p><strong>T\u00e4rkeimm\u00e4t ominaisuudet:<\/strong><\/p>\n<ul>\n<li>Valmiiksi koottu ja hyvin eristetty: sauna on valmis k\u00e4ytt\u00f6\u00f6n heti toimituksen j\u00e4lkeen.<\/li>\n<li>Erinomainen l\u00e4mm\u00f6neristys: 100 mm mineraalivilla pit\u00e4\u00e4 l\u00e4mm\u00f6n sis\u00e4ll\u00e4 kylmill\u00e4kin s\u00e4ill\u00e4.<\/li>\n<li>Suuri panoraamaikkuna: tuo luonnon osaksi saunakokemusta.<\/li>\n<li>Laadukkaat kahden tason lauteet: mukavuutta ja tilaa saunojille.<\/li>\n<li>Kest\u00e4v\u00e4 rakenne: suunniteltu Suomen vaativiin s\u00e4\u00e4olosuhteisiin.<\/li>\n<\/ul>\n<p><strong>Toimitussis\u00e4lt\u00f6:<\/strong><\/p>\n<ul>\n<li>Valmiiksi koottu ja eristetty saunarakennus.<\/li>\n<li>Kattomateriaali: bitumikate.<\/li>\n<li>Korkealaatuiset puulauteet (yl\u00e4laude: 1,8 x 1,8 x 0,6 m, alalaude: 1,25 x 1,25 x 0,35 m).<\/li>\n<li>Panoraamaikkuna (pronssinv\u00e4riset karkaistut lasit) ja ovi.<\/li>\n<li>Eristetyt ja tuuletetut sein\u00e4t, katto ja lattia.<\/li>\n<li>Asennusohjeet ja kiinnitystarvikkeet.<\/li>\n<\/ul>\n<p>Huom! Pakkaukseen ei sis\u00e4lly kiuasta. L\u00f6yd\u00e4t <a href=\"https:\/\/factory.sale\/fi\/tuote\/sahkokiuas-huum-hive-12kw\/\" target=\"_blank\" rel=\"noopener\">sopivan s\u00e4hk\u00f6kiukaan t\u00e4\u00e4lt\u00e4<\/a>\u00a0ja<a href=\"https:\/\/factory.sale\/fi\/tuote\/puukiuas-harvia-20-pro\/\" target=\"_blank\" rel=\"noopener\">\u00a0puul\u00e4mmitteisen kiukaan t\u00e4\u00e4lt\u00e4.<\/a><\/p>\n","protected":false},"excerpt":{"rendered":"<p>Aada-sauna on valmiiksi koottu ja eristetty sauna ymp\u00e4rivuotiseen k\u00e4ytt\u00f6\u00f6n. Iso panoraamaikkuna ja laadukkaat lauteet yhdistettyn\u00e4 kest\u00e4v\u00e4\u00e4n rakenteeseen tekev\u00e4t siit\u00e4 ihanteellisen valinnan mihin tahansa pihaan.<\/p>\n","protected":false},"featured_media":98381,"comment_status":"open","ping_status":"closed","template":"","meta":{"_acf_changed":false},"factory":[],"free-shipment":[],"product_brand":[],"product_cat":[1121,1317,2258],"product_tag":[3956,4452,2105,3870],"class_list":{"0":"post-98396","1":"product","2":"type-product","3":"status-publish","4":"has-post-thumbnail","6":"product_cat-saniteetti","7":"product_cat-sauna-fi","8":"product_cat-saunakuutiot","9":"product_tag-aada-sauna-fi","10":"product_tag-garden-sauna-fi","11":"product_tag-outdoor-sauna-fi","12":"product_tag-year-round-sauna-fi","14":"first","15":"instock","16":"sale","17":"taxable","18":"shipping-taxable","19":"purchasable","20":"product-type-simple"},"acf":[],"_links":{"self":[{"href":"https:\/\/factory.sale\/fi\/wp-json\/wp\/v2\/product\/98396","targetHints":{"allow":["GET"]}}],"collection":[{"href":"https:\/\/factory.sale\/fi\/wp-json\/wp\/v2\/product"}],"about":[{"href":"https:\/\/factory.sale\/fi\/wp-json\/wp\/v2\/types\/product"}],"replies":[{"embeddable":true,"href":"https:\/\/factory.sale\/fi\/wp-json\/wp\/v2\/comments?post=98396"}],"wp:featuredmedia":[{"embeddable":true,"href":"https:\/\/factory.sale\/fi\/wp-json\/wp\/v2\/media\/98381"}],"wp:attachment":[{"href":"https:\/\/factory.sale\/fi\/wp-json\/wp\/v2\/media?parent=98396"}],"wp:term":[{"taxonomy":"factory","embeddable":true,"href":"https:\/\/factory.sale\/fi\/wp-json\/wp\/v2\/factory?post=98396"},{"taxonomy":"free-shipment","embeddable":true,"href":"https:\/\/factory.sale\/fi\/wp-json\/wp\/v2\/free-shipment?post=98396"},{"taxonomy":"product_brand","embeddable":true,"href":"https:\/\/factory.sale\/fi\/wp-json\/wp\/v2\/product_brand?post=98396"},{"taxonomy":"product_cat","embeddable":true,"href":"https:\/\/factory.sale\/fi\/wp-json\/wp\/v2\/product_cat?post=98396"},{"taxonomy":"product_tag","embeddable":true,"href":"https:\/\/factory.sale\/fi\/wp-json\/wp\/v2\/product_tag?post=98396"}],"curies":[{"name":"wp","href":"https:\/\/api.w.org\/{rel}","templated":true}]}}