{"id":98317,"date":"2025-01-17T11:51:57","date_gmt":"2025-01-17T09:52:20","guid":{"rendered":"https:\/\/factory.sale\/?post_type=product&#038;p=98317"},"modified":"2025-01-24T10:17:02","modified_gmt":"2025-01-24T07:17:02","slug":"ahti-xl-flat-70mm-sauna-3-4-x-2-3m","status":"publish","type":"product","link":"https:\/\/factory.sale\/fi\/tuote\/ahti-xl-flat-70mm-sauna-3-4-x-2-3m\/","title":{"rendered":"\u201cAhti XL Flat\u201d 70mm sauna 3.4 x 2.3m"},"content":{"rendered":"<p>Tee pihastasi ylellinen rentoutumispaikka Ahti XL Flat -saunalla. T\u00e4m\u00e4n saunan mitat ovat 3,4 x 2,3 m, mik\u00e4 tekee siit\u00e4 t\u00e4ydellisen valinnan omaan pihapiiriin sopivan hyvinvointikeitaan luomiseen. Tilavassa saunassa on mukava l\u00f6ylyhuone ja monik\u00e4ytt\u00f6inen pienempi tila, jonka voit helposti muokata suihkutilaksi tai pukuhuoneeksi. 70 mm paksuiset sein\u00e4t tarjoavat erinomaisen l\u00e4mm\u00f6neristyksen, tehden saunasta ihanteellisen ymp\u00e4rivuotiseen k\u00e4ytt\u00f6\u00f6n pohjoisessa ilmastossa.<\/p>\n<p><strong>Tekniset tiedot:<\/strong><\/p>\n<ul>\n<li>Mitat: 3,4 x 2,3 m<\/li>\n<li>Kokonaispinta-ala: 7,82 m\u00b2<\/li>\n<li>Korkeus: 280 cm<\/li>\n<li>Sein\u00e4n paksuus: 70 mm<\/li>\n<li>Kattotiivistys: Kyll\u00e4<\/li>\n<li>Ikkunat: 100 x 60 cm, 120 x 91 cm, 80 x 201 cm<\/li>\n<li>Paino: 1700 kg<\/li>\n<li>Paketin mitat: 460 x 120 x 120 cm<\/li>\n<\/ul>\n<p><strong>T\u00e4rkeimm\u00e4t ominaisuudet:<\/strong><\/p>\n<ul>\n<li>Paksut, 70 mm sein\u00e4t takaavat erinomaisen l\u00e4mm\u00f6neristyksen ja sopivuuden Suomen olosuhteisiin.<\/li>\n<li>Tilava ja k\u00e4yt\u00e4nn\u00f6llinen design, joka sis\u00e4lt\u00e4\u00e4 saunahuoneen ja monik\u00e4ytt\u00f6isen pienemm\u00e4n huoneen.<\/li>\n<li>Valmistettu korkealaatuisesta pohjoismaisesta kuusesta, joka kest\u00e4\u00e4 aikaa ja tuo luonnollista kauneutta pihallesi.<\/li>\n<li>Pienempi tila on muokattavissa helposti suihku- tai pukuhuoneeksi tarpeidesi mukaan.<\/li>\n<\/ul>\n<p><strong>Paketin sis\u00e4lt\u00f6:<\/strong><\/p>\n<ul>\n<li>Valmiiksi mitoitettuja puuosia nopeaan ja helppoon kokoamiseen.<\/li>\n<li>S\u00e4\u00e4nkest\u00e4v\u00e4 kattomateriaali.<\/li>\n<li>Laadukkaat saunapenkit mukavaan l\u00f6ylyttelyyn.<\/li>\n<li>Ikkunat ja ovet valmiiksi asennettavaksi.<\/li>\n<li>Kaikki tarvittavat kiinnitystarvikkeet ja yksityiskohtaiset kokoamisohjeet.<\/li>\n<\/ul>\n<p>Huom! Kiuas ei sis\u00e4lly pakkaukseen.\u00a0<a href=\"https:\/\/factory.sale\/fi\/tuote\/huum-drop-sahkokiuas-9-kw\/\" target=\"_blank\" rel=\"noopener\">Sopivan s\u00e4hk\u00f6kiukaan l\u00f6yd\u00e4t t\u00e4\u00e4lt\u00e4<\/a>\u00a0ja\u00a0<a href=\"https:\/\/factory.sale\/fi\/tuote\/puukiuas-harvia-m3\/\" target=\"_blank\" rel=\"noopener\">puul\u00e4mmitteisen kiukaan t\u00e4\u00e4lt\u00e4<\/a>.<\/p>\n<p>Tarkat piirustukset l\u00f6yd\u00e4t <a href=\"https:\/\/factory.sale\/wp-content\/uploads\/2025\/01\/Ahti-Flat-XL-70-mm.pdf.pdf\" target=\"_blank\" rel=\"noopener\">T\u00c4\u00c4LT\u00c4<\/a>.<\/p>\n","protected":false},"excerpt":{"rendered":"<p>Ahti XL Flat sauna on tilava ja monik\u00e4ytt\u00f6inen pihasauna, joka sopii hyvin pohjoisiin olosuhteisiin. 70 mm paksut sein\u00e4t ja moderni tasakatto takaavat ymp\u00e4rivuotisen mukavuuden. Monik\u00e4ytt\u00f6inen pienempi huone voidaan helposti muokata suihku- tai pukuhuoneeksi.<\/p>\n","protected":false},"featured_media":98294,"comment_status":"open","ping_status":"closed","template":"","meta":{"_acf_changed":false},"factory":[],"free-shipment":[],"product_brand":[],"product_cat":[1121,1317,2258],"product_tag":[3913,4454,4452,3866,3654,2105],"class_list":{"0":"post-98317","1":"product","2":"type-product","3":"status-publish","4":"has-post-thumbnail","6":"product_cat-saniteetti","7":"product_cat-sauna-fi","8":"product_cat-saunakuutiot","9":"product_tag-ahti-xl-flat-sauna-fi","10":"product_tag-backyard-wellness-fi","11":"product_tag-garden-sauna-fi","12":"product_tag-insulated-roof-sauna-fi","13":"product_tag-nordic-spruce-sauna-fi","14":"product_tag-outdoor-sauna-fi","16":"first","17":"instock","18":"sale","19":"taxable","20":"shipping-taxable","21":"purchasable","22":"product-type-simple"},"acf":[],"_links":{"self":[{"href":"https:\/\/factory.sale\/fi\/wp-json\/wp\/v2\/product\/98317","targetHints":{"allow":["GET"]}}],"collection":[{"href":"https:\/\/factory.sale\/fi\/wp-json\/wp\/v2\/product"}],"about":[{"href":"https:\/\/factory.sale\/fi\/wp-json\/wp\/v2\/types\/product"}],"replies":[{"embeddable":true,"href":"https:\/\/factory.sale\/fi\/wp-json\/wp\/v2\/comments?post=98317"}],"wp:featuredmedia":[{"embeddable":true,"href":"https:\/\/factory.sale\/fi\/wp-json\/wp\/v2\/media\/98294"}],"wp:attachment":[{"href":"https:\/\/factory.sale\/fi\/wp-json\/wp\/v2\/media?parent=98317"}],"wp:term":[{"taxonomy":"factory","embeddable":true,"href":"https:\/\/factory.sale\/fi\/wp-json\/wp\/v2\/factory?post=98317"},{"taxonomy":"free-shipment","embeddable":true,"href":"https:\/\/factory.sale\/fi\/wp-json\/wp\/v2\/free-shipment?post=98317"},{"taxonomy":"product_brand","embeddable":true,"href":"https:\/\/factory.sale\/fi\/wp-json\/wp\/v2\/product_brand?post=98317"},{"taxonomy":"product_cat","embeddable":true,"href":"https:\/\/factory.sale\/fi\/wp-json\/wp\/v2\/product_cat?post=98317"},{"taxonomy":"product_tag","embeddable":true,"href":"https:\/\/factory.sale\/fi\/wp-json\/wp\/v2\/product_tag?post=98317"}],"curies":[{"name":"wp","href":"https:\/\/api.w.org\/{rel}","templated":true}]}}