{"id":98153,"date":"2025-01-24T14:43:14","date_gmt":"2025-01-24T11:43:14","guid":{"rendered":"https:\/\/factory.sale\/?post_type=product&#038;p=98153"},"modified":"2025-01-24T14:43:14","modified_gmt":"2025-01-24T11:43:14","slug":"aitalauta-terra","status":"publish","type":"product","link":"https:\/\/factory.sale\/fi\/tuote\/aitalauta-terra\/","title":{"rendered":"Aitalauta &#8221;Terra&#8221;"},"content":{"rendered":"<p>Komposiittiaitalaudat ovat moderni ratkaisu mihin tahansa puutarhaan, omakotitaloon tai liikealueen piha-alueelle.<\/p>\n<p>Luonnolliseen puiseen aitaelementtiin verrattuna TOP DEX -komposiittiaitalaudat ovat kest\u00e4v\u00e4mpi\u00e4 eiv\u00e4tk\u00e4 vaadi erityist\u00e4 huoltoa, joten voit viett\u00e4\u00e4 enemm\u00e4n aikaa ulkona yst\u00e4vien ja perheen kanssa.<\/p>\n<p>Komposiittiaitalaudat sopivat erinomaisesti vaihteleviin s\u00e4\u00e4olosuhteisiin.<\/p>\n<p>&nbsp;<\/p>\n<p><strong>Tekniset tiedot:<\/strong><\/p>\n<p>Leveys: 100 mm<br \/>\nPaksuus: 20 mm<br \/>\nPituus: R\u00e4\u00e4t\u00e4l\u00f6ity pituus<br \/>\nMateriaali: WPC<\/p>\n<p>&nbsp;<\/p>\n<p>&nbsp;<\/p>\n<p><strong>V\u00e4ri:\u00a0<\/strong><\/p>\n<p><img loading=\"lazy\" decoding=\"async\" class=\"alignnone wp-image-97831\" src=\"https:\/\/factory.sale\/wp-content\/uploads\/2025\/01\/Composite-terrace-boards-classic-factory-sale-6-300x50.png\" sizes=\"auto, (max-width: 600px) 100vw, 600px\" srcset=\"https:\/\/factory.sale\/wp-content\/uploads\/2025\/01\/Composite-terrace-boards-classic-factory-sale-6-300x50.png 300w, https:\/\/factory.sale\/wp-content\/uploads\/2025\/01\/Composite-terrace-boards-classic-factory-sale-6-1024x172.png 1024w, https:\/\/factory.sale\/wp-content\/uploads\/2025\/01\/Composite-terrace-boards-classic-factory-sale-6-150x25.png 150w, https:\/\/factory.sale\/wp-content\/uploads\/2025\/01\/Composite-terrace-boards-classic-factory-sale-6-1536x258.png 1536w, https:\/\/factory.sale\/wp-content\/uploads\/2025\/01\/Composite-terrace-boards-classic-factory-sale-6-600x101.png 600w, https:\/\/factory.sale\/wp-content\/uploads\/2025\/01\/Composite-terrace-boards-classic-factory-sale-6.png 1538w\" alt=\"\" width=\"600\" height=\"100\" \/><\/p>\n","protected":false},"excerpt":{"rendered":"<p>Luonnolliseen puiseen aitaelementtiin verrattuna TOP DEX -komposiittiaitalaudat ovat kest\u00e4v\u00e4mpi\u00e4 eiv\u00e4tk\u00e4 vaadi erityist\u00e4 huoltoa, joten voit viett\u00e4\u00e4 enemm\u00e4n aikaa ulkona yst\u00e4vien ja perheen kanssa.<\/p>\n<p><strong>Hinta per metri.<\/strong><\/p>\n","protected":false},"featured_media":98025,"comment_status":"open","ping_status":"closed","template":"","meta":{"_acf_changed":false},"factory":[],"free-shipment":[],"product_brand":[],"product_cat":[2444,1605],"product_tag":[],"class_list":{"0":"post-98153","1":"product","2":"type-product","3":"status-publish","4":"has-post-thumbnail","6":"product_cat-komposiittipuuta","7":"product_cat-puutuotteet","9":"first","10":"instock","11":"sale","12":"taxable","13":"shipping-taxable","14":"purchasable","15":"product-type-simple"},"acf":[],"_links":{"self":[{"href":"https:\/\/factory.sale\/fi\/wp-json\/wp\/v2\/product\/98153","targetHints":{"allow":["GET"]}}],"collection":[{"href":"https:\/\/factory.sale\/fi\/wp-json\/wp\/v2\/product"}],"about":[{"href":"https:\/\/factory.sale\/fi\/wp-json\/wp\/v2\/types\/product"}],"replies":[{"embeddable":true,"href":"https:\/\/factory.sale\/fi\/wp-json\/wp\/v2\/comments?post=98153"}],"wp:featuredmedia":[{"embeddable":true,"href":"https:\/\/factory.sale\/fi\/wp-json\/wp\/v2\/media\/98025"}],"wp:attachment":[{"href":"https:\/\/factory.sale\/fi\/wp-json\/wp\/v2\/media?parent=98153"}],"wp:term":[{"taxonomy":"factory","embeddable":true,"href":"https:\/\/factory.sale\/fi\/wp-json\/wp\/v2\/factory?post=98153"},{"taxonomy":"free-shipment","embeddable":true,"href":"https:\/\/factory.sale\/fi\/wp-json\/wp\/v2\/free-shipment?post=98153"},{"taxonomy":"product_brand","embeddable":true,"href":"https:\/\/factory.sale\/fi\/wp-json\/wp\/v2\/product_brand?post=98153"},{"taxonomy":"product_cat","embeddable":true,"href":"https:\/\/factory.sale\/fi\/wp-json\/wp\/v2\/product_cat?post=98153"},{"taxonomy":"product_tag","embeddable":true,"href":"https:\/\/factory.sale\/fi\/wp-json\/wp\/v2\/product_tag?post=98153"}],"curies":[{"name":"wp","href":"https:\/\/api.w.org\/{rel}","templated":true}]}}