{"id":98130,"date":"2025-01-15T20:33:13","date_gmt":"2025-01-15T17:58:35","guid":{"rendered":"https:\/\/factory.sale\/?post_type=product&#038;p=98130"},"modified":"2026-03-29T13:11:04","modified_gmt":"2026-03-29T10:11:04","slug":"ehala-ergo-220-2-2m-sauna","status":"publish","type":"product","link":"https:\/\/factory.sale\/fi\/tuote\/ehala-ergo-220-2-2m-sauna\/","title":{"rendered":"&#8220;Ehala Ergo 220&#8221; &#8211; 2.2m sauna"},"content":{"rendered":"<p>Luo t\u00e4ydellinen rentoutumispaikka ulkotiloihin Ehala Ergo 220 -saunalla. T\u00e4m\u00e4 elegantti, 2,2 metri\u00e4 pitk\u00e4 tynnyrisauna on suunniteltu jopa kuudelle henkil\u00f6lle ja se on varustettu lasiovella sek\u00e4 ergonomisilla saunapenkeill\u00e4 ja selk\u00e4nojilla. T\u00e4m\u00e4 korkealaatuisesta pohjoismaisesta kuusipuusta valmistettu sauna yhdist\u00e4\u00e4 kest\u00e4vyyden ja esteettisyyden, sopien t\u00e4ydellisesti puutarhaasi tai pihallesi. Ehala Ergo 220 tarjoaa ensiluokkaisen saunakokemuksen ainutlaatuisella muotoilullaan ja erinomaisilla l\u00e4mp\u00f6ominaisuuksillaan. Saunan mukana toimitetaan kokoamaton paketti, joka mahdollistaa sen helpon kokoamisen kotona.<\/p>\n<p><strong>Tekniset tiedot:<\/strong><\/p>\n<ul>\n<li>Pituus: 2200 mm<\/li>\n<li>Halkaisija: 2050mm \/ 2300mm<\/li>\n<li>Sivusein\u00e4t: 42 mm<\/li>\n<li>P\u00e4\u00e4tysein\u00e4t: 28 mm<\/li>\n<li>Materiaali: Korkealaatuinen skandinaavinen kuusi, k\u00e4sittelem\u00e4t\u00f6n<\/li>\n<li>Saunan lauteet: Lepp\u00e4, k\u00e4sittelem\u00e4t\u00f6n. Puunsuojaukseen suosittelemme <a href=\"https:\/\/factory.sale\/fi\/tuote\/variton-oljy-saunan-lauteille-supi-laudesuoja-1l\/\" target=\"_blank\" rel=\"noopener\">Tikkurila Sauna SUPI -sarjaa<\/a>.<\/li>\n<li>Saunan lauteiden syvyys: 525 mm<\/li>\n<li>Istuinkorkeus 630 mm<\/li>\n<li>Ovi: 160 x 59 cm, 8 mm karkaistu lasi pronssis\u00e4vyinen<\/li>\n<li>Paino: noin 650 kg<\/li>\n<li>Pakkauksen mitat: 220 x 120 x 85 cm<\/li>\n<\/ul>\n<p><strong>Keskeiset ominaisuudet:<\/strong><\/p>\n<ul>\n<li>Kompakti ja tehokas: Vie v\u00e4h\u00e4n tilaa, mutta tarpeeksi suuri mahduttamaan mukavasti jopa 6 henke\u00e4.<\/li>\n<li>Kest\u00e4v\u00e4 skandinaavinen kuusipuu pitk\u00e4aikaiseen k\u00e4ytt\u00f6\u00f6n ja tehokkaaseen l\u00e4mm\u00f6nvaraukseen.<\/li>\n<li>Ajaton tynnyrisaunamuotoilu: Klassinen ilme, joka parantaa mit\u00e4 tahansa ulkotilaa.<\/li>\n<li>Ergonomiset saunan lauteet ja selk\u00e4nojat takaavat maksimaalisen mukavuuden.<\/li>\n<li>Moderni lasiovi korostaa muotoilua.<\/li>\n<li>S\u00e4\u00e4nkest\u00e4v\u00e4 katto: Kest\u00e4v\u00e4 kattomateriaali takaa pitk\u00e4n k\u00e4ytt\u00f6i\u00e4n kaikissa ilmastoissa.<\/li>\n<li>Toimitetaan kokoamattomana kuljetuksen helpottamiseksi.<\/li>\n<\/ul>\n<p><strong>Pakkaus sis\u00e4lt\u00e4\u00e4:<\/strong><\/p>\n<ul>\n<li>Valmis sauna (kokoamaton)<\/li>\n<li>Lasiovi kahvalla ja saranoilla<\/li>\n<li>Kiukaan alla ja takasein\u00e4ss\u00e4 palon- ja l\u00e4mm\u00f6nkest\u00e4v\u00e4 minerit-levy<\/li>\n<li>Puoliympyr\u00e4n muotoiset p\u00e4\u00e4tykaaret edess\u00e4 ja takana<\/li>\n<li>Tuuletusaukot<\/li>\n<li>Lattiaritil\u00e4t<\/li>\n<li>Ergonomiset saunan lauteet ja selk\u00e4nojat, k\u00e4sittelem\u00e4t\u00f6n lepp\u00e4<\/li>\n<li>Kaikki tarvittavat kiinnikkeet ja asennusohjeet<\/li>\n<li>Kattomateriaali bitumipaanuissa (saatavana eri v\u00e4reiss\u00e4).<\/li>\n<\/ul>\n<p><img loading=\"lazy\" decoding=\"async\" class=\"alignnone wp-image-97387\" src=\"https:\/\/factory.sale\/wp-content\/uploads\/2025\/01\/roof-color-options-300x67.webp\" alt=\"\" width=\"506\" height=\"113\" srcset=\"https:\/\/factory.sale\/wp-content\/uploads\/2025\/01\/roof-color-options-300x67.webp 300w, https:\/\/factory.sale\/wp-content\/uploads\/2025\/01\/roof-color-options-150x33.webp 150w, https:\/\/factory.sale\/wp-content\/uploads\/2025\/01\/roof-color-options-600x134.webp 600w, https:\/\/factory.sale\/wp-content\/uploads\/2025\/01\/roof-color-options.webp 754w\" sizes=\"auto, (max-width: 506px) 100vw, 506px\" \/><\/p>\n<p>Huom! Kiuas ei sis\u00e4lly pakkaukseen.\u00a0<a href=\"https:\/\/factory.sale\/fi\/tuote\/huum-drop-sahkokiuas-9-kw\/\" target=\"_blank\" rel=\"noopener\">Sopivan s\u00e4hk\u00f6kiukaan l\u00f6yd\u00e4t t\u00e4\u00e4lt\u00e4<\/a>\u00a0ja\u00a0<a href=\"https:\/\/factory.sale\/fi\/tuote\/puukiuas-harvia-m3\/\" target=\"_blank\" rel=\"noopener\">puul\u00e4mmitteisen kiukaan t\u00e4\u00e4lt\u00e4<\/a>.<\/p>\n<p><strong>Lis\u00e4varusteet (lis\u00e4maksusta):<\/strong><\/p>\n<ul>\n<li>Puolipanoraamaikkuna takasein\u00e4ss\u00e4 (saatavana pronssisena tai peilipintaisena)<\/li>\n<li>T\u00e4yslasinen takasein\u00e4 (saatavana pronssisena tai peilipintaisena)<\/li>\n<li>Lasinen etusein\u00e4 (lasiovella) (saatavana pronssisena tai peilipintaisena)<\/li>\n<li>LED-valonauhat<\/li>\n<li>2 avattavaa ikkunaa<\/li>\n<li>2 avaamatonta ikkunaa<\/li>\n<li>Selk\u00e4nojasarja (2 kpl)<\/li>\n<li>Niskatukisarja (2 kpl)<\/li>\n<li>Saunatarvikesarja (\u00e4mp\u00e4ri, kauha ja l\u00e4mp\u00f6mittari)<\/li>\n<li>Vesis\u00e4ili\u00f6 savupiippua varten<\/li>\n<li>Savupiippusarja + l\u00e4mmityskivet<\/li>\n<li>Puul\u00e4mmitteinen kiuas <a href=\"https:\/\/factory.sale\/fi\/tuote\/puukiuas-harvia-m3\/\" target=\"_blank\" rel=\"noopener\">Harvia M3<\/a><\/li>\n<li>Puukiuas <a href=\"https:\/\/factory.sale\/fi\/tuote\/puulammitin-huum-hive-wood-13-kw\/\" target=\"_blank\" rel=\"noopener\">HUUM HIVE Wood 13 kW<\/a><\/li>\n<li>Puukiuas <a href=\"https:\/\/factory.sale\/fi\/tuote\/huum-hive-flow-puulammitteinen-98kw\/\" target=\"_blank\" rel=\"noopener\">HUUM HIVE Flow 9,8 kW<\/a><\/li>\n<li>S\u00e4hk\u00f6kiuas <a href=\"https:\/\/factory.sale\/fi\/tuote\/sahkokiuas-huum-hive-12kw\/\" target=\"_blank\" rel=\"noopener\">HUUM HIVE 12 kW<\/a><\/li>\n<li>S\u00e4hk\u00f6kiuas <a href=\"https:\/\/factory.sale\/fi\/tuote\/sahkokiuas-harvia-cilindro-pc90-9kw\/\" target=\"_blank\" rel=\"noopener\">Harvia PC90<\/a><\/li>\n<li>S\u00e4hk\u00f6kiuas <a href=\"https:\/\/factory.sale\/fi\/tuote\/sahkokiuas-huum-hive-mini-9kw\/\" target=\"_blank\" rel=\"noopener\">HUUM HIVE Mini 9 kW<\/a><\/li>\n<li>S\u00e4hk\u00f6kiuas <a href=\"https:\/\/factory.sale\/fi\/tuote\/huum-drop-sahkokiuas-9-kw\/\" target=\"_blank\" rel=\"noopener\">HUUM DROP 9 kW<\/a><\/li>\n<\/ul>\n","protected":false},"excerpt":{"rendered":"<p>Ehala Ergo 220 on tyylik\u00e4s tynnyrisauna, joka on suunniteltu jopa kuudelle henkil\u00f6lle. T\u00e4m\u00e4 korkealaatuisesta pohjoismaisesta kuusipuusta valmistettu sauna on varustettu ergonomisilla saunapenkeill\u00e4 ja selk\u00e4nojilla sek\u00e4 lasiovella. Se sopii t\u00e4ydellisesti puutarhaan tai pihalle tarjoten ainutlaatuisen saunakokemuksen.<\/p>\n","protected":false},"featured_media":98120,"comment_status":"open","ping_status":"closed","template":"","meta":{"_acf_changed":false},"factory":[],"free-shipment":[],"product_brand":[],"product_cat":[1121,1317,1644],"product_tag":[3814,4454,1651,3651,3842,3843,3844,3654,2105],"class_list":{"0":"post-98130","1":"product","2":"type-product","3":"status-publish","4":"has-post-thumbnail","6":"product_cat-saniteetti","7":"product_cat-sauna-fi","8":"product_cat-tynnyrisauna","9":"product_tag-6-person-sauna-fi","10":"product_tag-backyard-wellness-fi","11":"product_tag-barrel-sauna-fi","12":"product_tag-compact-sauna-fi","13":"product_tag-ehala-ergo-220-sauna-fi","14":"product_tag-ergonomic-sauna-benches-fi","15":"product_tag-glass-door-sauna-fi","16":"product_tag-nordic-spruce-sauna-fi","17":"product_tag-outdoor-sauna-fi","19":"first","20":"instock","21":"sale","22":"taxable","23":"shipping-taxable","24":"purchasable","25":"product-type-simple"},"acf":[],"_links":{"self":[{"href":"https:\/\/factory.sale\/fi\/wp-json\/wp\/v2\/product\/98130","targetHints":{"allow":["GET"]}}],"collection":[{"href":"https:\/\/factory.sale\/fi\/wp-json\/wp\/v2\/product"}],"about":[{"href":"https:\/\/factory.sale\/fi\/wp-json\/wp\/v2\/types\/product"}],"replies":[{"embeddable":true,"href":"https:\/\/factory.sale\/fi\/wp-json\/wp\/v2\/comments?post=98130"}],"wp:featuredmedia":[{"embeddable":true,"href":"https:\/\/factory.sale\/fi\/wp-json\/wp\/v2\/media\/98120"}],"wp:attachment":[{"href":"https:\/\/factory.sale\/fi\/wp-json\/wp\/v2\/media?parent=98130"}],"wp:term":[{"taxonomy":"factory","embeddable":true,"href":"https:\/\/factory.sale\/fi\/wp-json\/wp\/v2\/factory?post=98130"},{"taxonomy":"free-shipment","embeddable":true,"href":"https:\/\/factory.sale\/fi\/wp-json\/wp\/v2\/free-shipment?post=98130"},{"taxonomy":"product_brand","embeddable":true,"href":"https:\/\/factory.sale\/fi\/wp-json\/wp\/v2\/product_brand?post=98130"},{"taxonomy":"product_cat","embeddable":true,"href":"https:\/\/factory.sale\/fi\/wp-json\/wp\/v2\/product_cat?post=98130"},{"taxonomy":"product_tag","embeddable":true,"href":"https:\/\/factory.sale\/fi\/wp-json\/wp\/v2\/product_tag?post=98130"}],"curies":[{"name":"wp","href":"https:\/\/api.w.org\/{rel}","templated":true}]}}