{"id":98080,"date":"2025-01-15T19:45:52","date_gmt":"2025-01-15T17:16:40","guid":{"rendered":"https:\/\/factory.sale\/?post_type=product&#038;p=98080"},"modified":"2026-03-29T13:18:10","modified_gmt":"2026-03-29T10:18:10","slug":"ehala-ergo-180-1-8m-lampopuusta","status":"publish","type":"product","link":"https:\/\/factory.sale\/fi\/tuote\/ehala-ergo-180-1-8m-lampopuusta\/","title":{"rendered":"&#8220;Ehala Ergo 180&#8221; &#8211; 1.8m, l\u00e4mp\u00f6puusta"},"content":{"rendered":"<p>Tutustu laadukkaaseen ja kest\u00e4v\u00e4\u00e4n Ehala Ergo 180 tynnyrisaunaan, joka on valmistettu l\u00e4mp\u00f6puusta. T\u00e4m\u00e4 kompakti ja tyylik\u00e4s sauna tarjoaa tilaa jopa kuudelle hengelle ja tuo pihallesi luksusta, josta voit nauttia ymp\u00e4ri vuoden. L\u00e4mp\u00f6puun erinomainen s\u00e4\u00e4nkest\u00e4vyys ja l\u00e4mm\u00f6neristys tekev\u00e4t t\u00e4st\u00e4 saunasta t\u00e4ydellisen valinnan rentoutumishetkiin. Sauna toimitetaan kokoamattomana ja se on helppo asentaa mukana tulevien ohjeiden avulla.<\/p>\n<p><strong>Tekniset tiedot:<\/strong><\/p>\n<ul>\n<li>Pituus: 1800 mm<\/li>\n<li>Halkaisija: 2050 mm<\/li>\n<li>Sivusein\u00e4t: 42 mm<\/li>\n<li>P\u00e4\u00e4tysein\u00e4t: 28 mm<\/li>\n<li>Materiaali: l\u00e4mp\u00f6puu, m\u00e4nty<\/li>\n<li>Saunan lauteet: l\u00e4mp\u00f6puu, haapa<\/li>\n<li>Saunan lauteiden syvyys: 525 mm<\/li>\n<li>Istuinkorkeus 630 mm<\/li>\n<li>Ovi: 160 x 59 cm, 8 mm karkaistu lasi pronssis\u00e4vyinen<\/li>\n<li>Paino: noin 600 kg<\/li>\n<li>Pakkauksen mitat: 200 x 120 x 85 cm<\/li>\n<\/ul>\n<p><strong>Keskeiset ominaisuudet:<\/strong><\/p>\n<ul>\n<li>Kompakti ja tehokas: Vie v\u00e4h\u00e4n tilaa, mutta tarpeeksi suuri mahduttamaan mukavasti jopa 4 henkil\u00f6\u00e4.<\/li>\n<li>Kest\u00e4v\u00e4\u00e4 l\u00e4mp\u00f6puuta pitk\u00e4aikaiseen k\u00e4ytt\u00f6\u00f6n ja tehokkaaseen l\u00e4mm\u00f6ns\u00e4ilytykseen.<\/li>\n<li>Ajaton tynnyrisaunamuotoilu: Klassinen ilme, joka parantaa mit\u00e4 tahansa ulkotilaa.<\/li>\n<li>Ergonomiset saunan lauteet ja selk\u00e4nojat takaavat maksimaalisen mukavuuden.<\/li>\n<li>Moderni lasiovi korostaa muotoilua.<\/li>\n<li>S\u00e4\u00e4nkest\u00e4v\u00e4 katto: Kest\u00e4v\u00e4 kattomateriaali takaa pitk\u00e4n k\u00e4ytt\u00f6i\u00e4n kaikissa ilmastoissa.<\/li>\n<li>Toimitetaan kokoamattomana kuljetuksen helpottamiseksi.<\/li>\n<\/ul>\n<p><strong>Pakkaus sis\u00e4lt\u00e4\u00e4:<\/strong><\/p>\n<ul>\n<li>Valmis sauna (kokoamaton)<\/li>\n<li>Lasiovi kahvalla ja saranoilla<\/li>\n<li>Kiukaan alla ja takasein\u00e4ss\u00e4 palon- ja l\u00e4mm\u00f6nkest\u00e4v\u00e4 minerit-levy<\/li>\n<li>Puoliympyr\u00e4n muotoiset p\u00e4\u00e4tykaaret edess\u00e4 ja takana<\/li>\n<li>Tuuletusaukot<\/li>\n<li>Lattiaritil\u00e4t<\/li>\n<li>Ergonomiset saunan lauteet ja selk\u00e4nojat, l\u00e4mp\u00f6haapa<\/li>\n<li>Kaikki tarvittavat kiinnikkeet ja asennusohjeet<\/li>\n<li>Kattomateriaali bitumipaanuissa (saatavana eri v\u00e4reiss\u00e4).<\/li>\n<\/ul>\n<p><img loading=\"lazy\" decoding=\"async\" class=\"alignnone wp-image-97387\" src=\"https:\/\/factory.sale\/wp-content\/uploads\/2025\/01\/roof-color-options-300x67.webp\" alt=\"\" width=\"506\" height=\"113\" srcset=\"https:\/\/factory.sale\/wp-content\/uploads\/2025\/01\/roof-color-options-300x67.webp 300w, https:\/\/factory.sale\/wp-content\/uploads\/2025\/01\/roof-color-options-150x33.webp 150w, https:\/\/factory.sale\/wp-content\/uploads\/2025\/01\/roof-color-options-600x134.webp 600w, https:\/\/factory.sale\/wp-content\/uploads\/2025\/01\/roof-color-options.webp 754w\" sizes=\"auto, (max-width: 506px) 100vw, 506px\" \/><\/p>\n<p>Huom! Kiuas ei sis\u00e4lly pakkaukseen.\u00a0<a href=\"https:\/\/factory.sale\/fi\/tuote\/huum-drop-sahkokiuas-9-kw\/\" target=\"_blank\" rel=\"noopener\">Sopivan s\u00e4hk\u00f6kiukaan l\u00f6yd\u00e4t t\u00e4\u00e4lt\u00e4<\/a>\u00a0ja\u00a0<a href=\"https:\/\/factory.sale\/fi\/tuote\/puukiuas-harvia-m3\/\" target=\"_blank\" rel=\"noopener\">puul\u00e4mmitteisen kiukaan t\u00e4\u00e4lt\u00e4<\/a>.<\/p>\n<p><strong>Lis\u00e4varusteet (lis\u00e4maksusta):<\/strong><\/p>\n<ul>\n<li>Puolipanoraamaikkuna takasein\u00e4ss\u00e4 (saatavana pronssisena tai peilipintaisena)<\/li>\n<li>T\u00e4yslasinen takasein\u00e4 (saatavana pronssisena tai peilipintaisena)<\/li>\n<li>Lasinen etusein\u00e4 (lasiovella) (saatavana pronssisena tai peilipintaisena)<\/li>\n<li>LED-valonauhat<\/li>\n<li>2 avattavaa ikkunaa<\/li>\n<li>2 avaamatonta ikkunaa<\/li>\n<li>Niskatukisarja (2 kpl)<\/li>\n<li>Saunatarvikesarja (\u00e4mp\u00e4ri, kauha ja l\u00e4mp\u00f6mittari)<\/li>\n<li>Vesis\u00e4ili\u00f6 savupiippua varten<\/li>\n<li>Savupiippusarja + l\u00e4mmityskivet<\/li>\n<li>Puul\u00e4mmitteinen kiuas <a href=\"https:\/\/factory.sale\/fi\/tuote\/puukiuas-harvia-m3\/\" target=\"_blank\" rel=\"noopener\">Harvia M3<\/a><\/li>\n<li>Puukiuas <a href=\"https:\/\/factory.sale\/fi\/tuote\/puulammitin-huum-hive-wood-13-kw\/\" target=\"_blank\" rel=\"noopener\">HUUM HIVE Wood 13 kW<\/a><\/li>\n<li>Puukiuas <a href=\"https:\/\/factory.sale\/fi\/tuote\/huum-hive-flow-puulammitteinen-98kw\/\" target=\"_blank\" rel=\"noopener\">HUUM HIVE Flow 9,8 kW<\/a><\/li>\n<li>S\u00e4hk\u00f6kiuas <a href=\"https:\/\/factory.sale\/fi\/tuote\/sahkokiuas-huum-hive-12kw\/\" target=\"_blank\" rel=\"noopener\">HUUM HIVE 12 kW<\/a><\/li>\n<li>S\u00e4hk\u00f6kiuas <a href=\"https:\/\/factory.sale\/fi\/tuote\/sahkokiuas-harvia-cilindro-pc90-9kw\/\" target=\"_blank\" rel=\"noopener\">Harvia PC90<\/a><\/li>\n<li>S\u00e4hk\u00f6kiuas <a href=\"https:\/\/factory.sale\/fi\/tuote\/sahkokiuas-huum-hive-mini-9kw\/\" target=\"_blank\" rel=\"noopener\">HUUM HIVE Mini 9 kW<\/a><\/li>\n<li>S\u00e4hk\u00f6kiuas <a href=\"https:\/\/factory.sale\/fi\/tuote\/huum-drop-sahkokiuas-9-kw\/\" target=\"_blank\" rel=\"noopener\">HUUM DROP 9 kW<\/a><\/li>\n<\/ul>\n<p>&nbsp;<\/p>\n","protected":false},"excerpt":{"rendered":"<p>Ehala Ergo 180 l\u00e4mp\u00f6puusta valmistettu tynnyrisauna tarjoaa kest\u00e4vyytt\u00e4 ja erinomaista l\u00e4mm\u00f6neristyst\u00e4. T\u00e4m\u00e4 kompakti tynnyrisauna sopii jopa kuudelle hengelle ja t\u00e4ydent\u00e4\u00e4 piha-alueesi elegantilla muotoilulla. Sauna toimitetaan kokoamattomana.<\/p>\n","protected":false},"featured_media":98075,"comment_status":"open","ping_status":"closed","template":"","meta":{"_acf_changed":false},"factory":[],"free-shipment":[],"product_brand":[],"product_cat":[1121,1317,1644],"product_tag":[3814,3656,1651,3651,3852,3853,2105,3819],"class_list":{"0":"post-98080","1":"product","2":"type-product","3":"status-publish","4":"has-post-thumbnail","6":"product_cat-saniteetti","7":"product_cat-sauna-fi","8":"product_cat-tynnyrisauna","9":"product_tag-6-person-sauna-fi","10":"product_tag-backyard-sauna-fi","11":"product_tag-barrel-sauna-fi","12":"product_tag-compact-sauna-fi","13":"product_tag-ergonominen-sauna","14":"product_tag-kestava-lampopuinen-tynnyrisauna","15":"product_tag-outdoor-sauna-fi","16":"product_tag-thermowood-sauna-fi","18":"first","19":"instock","20":"sale","21":"taxable","22":"shipping-taxable","23":"purchasable","24":"product-type-simple"},"acf":[],"_links":{"self":[{"href":"https:\/\/factory.sale\/fi\/wp-json\/wp\/v2\/product\/98080","targetHints":{"allow":["GET"]}}],"collection":[{"href":"https:\/\/factory.sale\/fi\/wp-json\/wp\/v2\/product"}],"about":[{"href":"https:\/\/factory.sale\/fi\/wp-json\/wp\/v2\/types\/product"}],"replies":[{"embeddable":true,"href":"https:\/\/factory.sale\/fi\/wp-json\/wp\/v2\/comments?post=98080"}],"wp:featuredmedia":[{"embeddable":true,"href":"https:\/\/factory.sale\/fi\/wp-json\/wp\/v2\/media\/98075"}],"wp:attachment":[{"href":"https:\/\/factory.sale\/fi\/wp-json\/wp\/v2\/media?parent=98080"}],"wp:term":[{"taxonomy":"factory","embeddable":true,"href":"https:\/\/factory.sale\/fi\/wp-json\/wp\/v2\/factory?post=98080"},{"taxonomy":"free-shipment","embeddable":true,"href":"https:\/\/factory.sale\/fi\/wp-json\/wp\/v2\/free-shipment?post=98080"},{"taxonomy":"product_brand","embeddable":true,"href":"https:\/\/factory.sale\/fi\/wp-json\/wp\/v2\/product_brand?post=98080"},{"taxonomy":"product_cat","embeddable":true,"href":"https:\/\/factory.sale\/fi\/wp-json\/wp\/v2\/product_cat?post=98080"},{"taxonomy":"product_tag","embeddable":true,"href":"https:\/\/factory.sale\/fi\/wp-json\/wp\/v2\/product_tag?post=98080"}],"curies":[{"name":"wp","href":"https:\/\/api.w.org\/{rel}","templated":true}]}}