{"id":97834,"date":"2025-01-15T13:26:43","date_gmt":"2025-01-15T10:34:43","guid":{"rendered":"https:\/\/factory.sale\/?post_type=product&#038;p=97834"},"modified":"2025-09-28T23:21:18","modified_gmt":"2025-09-28T20:21:18","slug":"topdex-komposiittiterassilaudat-classic","status":"publish","type":"product","link":"https:\/\/factory.sale\/fi\/tuote\/topdex-komposiittiterassilaudat-classic\/","title":{"rendered":"TopDex komposiittiterassilaudat &#8220;Classic&#8221;"},"content":{"rendered":"<p>Tutustu laadukkaisiin komposiittiterassilautoihin &#8220;Classic&#8221;, joiden leveys on 150 mm, paksuus 25 mm ja pituus r\u00e4\u00e4t\u00e4l\u00f6it\u00e4viss\u00e4 tarpeidesi mukaan. Kest\u00e4v\u00e4st\u00e4 WPC-materiaalista valmistetut tyylikk\u00e4\u00e4n Cappuccino-s\u00e4vyiset terassilaudat ovat kevyit\u00e4 (2,6 kg) ja t\u00e4ydellisi\u00e4 upeiden ulkotilojen luomiseen.<\/p>\n<p>Puu-polymeerikomposiittimateriaali on paras uuden sukupolven ratkaisu ulkoterasseille.<\/p>\n<p>WPC (Wood Plastic Composite) on ymp\u00e4rist\u00f6yst\u00e4v\u00e4llinen komposiittimateriaali, joka valmistetaan puusta ja polymeerist\u00e4 erityisell\u00e4 valmistusprosessilla. Luonnonkuitujen ja synteettisten materiaalien yhdistelm\u00e4 takaa lautojen erinomaisen laadun pitk\u00e4ll\u00e4 aikav\u00e4lill\u00e4. Luonnonpuun arvokkaimmat ominaisuudet s\u00e4ilyv\u00e4t, kun taas haitat eliminoituvat.<\/p>\n<p>Lautojen korkea esteettinen arvo sopii t\u00e4ydellisesti kaikenlaisiin arkkitehtonisiin tyyleihin. Molempia laudan pintoja voi k\u00e4ytt\u00e4\u00e4 \u2013 valitse tekstuuri, josta pid\u00e4t enemm\u00e4n!<\/p>\n<p>Laudat on helppo asentaa, joten ne sopivat erinomaisesti my\u00f6s kausiluonteisille terasseille.<\/p>\n<p><strong>Tekniset tiedot:<\/strong><\/p>\n<p>Leveys: 150 mm<br \/>\nPaksuus: 25 mm<br \/>\nPituus: 4000 mm tai r\u00e4\u00e4t\u00e4l\u00f6ity pituus<br \/>\nMateriaali: WPC<br \/>\nLineaarinen paino: 2,6 kg<\/p>\n<p>&nbsp;<\/p>\n<p><strong>V\u00e4ris\u00e4vyt:<\/strong><\/p>\n<p>&nbsp;<\/p>\n<p><img loading=\"lazy\" decoding=\"async\" class=\"alignnone wp-image-97829\" src=\"https:\/\/factory.sale\/wp-content\/uploads\/2025\/01\/Composite-terrace-boards-classic-factory-sale-6-300x50.png\" alt=\"\" width=\"546\" height=\"91\" srcset=\"https:\/\/factory.sale\/wp-content\/uploads\/2025\/01\/Composite-terrace-boards-classic-factory-sale-6-300x50.png 300w, https:\/\/factory.sale\/wp-content\/uploads\/2025\/01\/Composite-terrace-boards-classic-factory-sale-6-1024x172.png 1024w, https:\/\/factory.sale\/wp-content\/uploads\/2025\/01\/Composite-terrace-boards-classic-factory-sale-6-150x25.png 150w, https:\/\/factory.sale\/wp-content\/uploads\/2025\/01\/Composite-terrace-boards-classic-factory-sale-6-1536x258.png 1536w, https:\/\/factory.sale\/wp-content\/uploads\/2025\/01\/Composite-terrace-boards-classic-factory-sale-6-600x101.png 600w, https:\/\/factory.sale\/wp-content\/uploads\/2025\/01\/Composite-terrace-boards-classic-factory-sale-6.png 1538w\" sizes=\"auto, (max-width: 546px) 100vw, 546px\" \/><\/p>\n","protected":false},"excerpt":{"rendered":"<p>Tutustu laadukkaisiin komposiittiterassilautoihin &#8220;Classic&#8221;, joiden leveys on 150 mm, paksuus 25 mm ja pituus r\u00e4\u00e4t\u00e4l\u00f6it\u00e4viss\u00e4 tarpeidesi mukaan. Kest\u00e4v\u00e4st\u00e4 WPC-materiaalista valmistetut tyylikk\u00e4\u00e4n Cappuccino-s\u00e4vyiset terassilaudat ovat kevyit\u00e4 (2,6 kg) ja t\u00e4ydellisi\u00e4 upeiden ulkotilojen luomiseen.<\/p>\n","protected":false},"featured_media":97798,"comment_status":"open","ping_status":"closed","template":"","meta":{"_acf_changed":false},"factory":[],"free-shipment":[],"product_brand":[],"product_cat":[451],"product_tag":[],"class_list":{"0":"post-97834","1":"product","2":"type-product","3":"status-publish","4":"has-post-thumbnail","6":"product_cat-terassilaudat","8":"first","9":"instock","10":"sale","11":"taxable","12":"shipping-taxable","13":"purchasable","14":"product-type-simple"},"acf":[],"_links":{"self":[{"href":"https:\/\/factory.sale\/fi\/wp-json\/wp\/v2\/product\/97834","targetHints":{"allow":["GET"]}}],"collection":[{"href":"https:\/\/factory.sale\/fi\/wp-json\/wp\/v2\/product"}],"about":[{"href":"https:\/\/factory.sale\/fi\/wp-json\/wp\/v2\/types\/product"}],"replies":[{"embeddable":true,"href":"https:\/\/factory.sale\/fi\/wp-json\/wp\/v2\/comments?post=97834"}],"wp:featuredmedia":[{"embeddable":true,"href":"https:\/\/factory.sale\/fi\/wp-json\/wp\/v2\/media\/97798"}],"wp:attachment":[{"href":"https:\/\/factory.sale\/fi\/wp-json\/wp\/v2\/media?parent=97834"}],"wp:term":[{"taxonomy":"factory","embeddable":true,"href":"https:\/\/factory.sale\/fi\/wp-json\/wp\/v2\/factory?post=97834"},{"taxonomy":"free-shipment","embeddable":true,"href":"https:\/\/factory.sale\/fi\/wp-json\/wp\/v2\/free-shipment?post=97834"},{"taxonomy":"product_brand","embeddable":true,"href":"https:\/\/factory.sale\/fi\/wp-json\/wp\/v2\/product_brand?post=97834"},{"taxonomy":"product_cat","embeddable":true,"href":"https:\/\/factory.sale\/fi\/wp-json\/wp\/v2\/product_cat?post=97834"},{"taxonomy":"product_tag","embeddable":true,"href":"https:\/\/factory.sale\/fi\/wp-json\/wp\/v2\/product_tag?post=97834"}],"curies":[{"name":"wp","href":"https:\/\/api.w.org\/{rel}","templated":true}]}}