{"id":97654,"date":"2025-01-13T13:58:20","date_gmt":"2025-01-13T10:58:23","guid":{"rendered":"https:\/\/factory.sale\/?post_type=product&#038;p=97654"},"modified":"2026-03-29T13:28:15","modified_gmt":"2026-03-29T10:28:15","slug":"hiid-xl-sauna-6-9m-x-4-4m","status":"publish","type":"product","link":"https:\/\/factory.sale\/fi\/tuote\/hiid-xl-sauna-6-9m-x-4-4m\/","title":{"rendered":"&#8220;Hiid XL&#8221; sauna 6.9m x 4.4m"},"content":{"rendered":"<p>Hiid XL sauna sopii erinomaisesti niille, jotka arvostavat k\u00e4yt\u00e4nn\u00f6llisyytt\u00e4 ja viihtyvyytt\u00e4 omalla pihalla. Avara sis\u00e4tila ja erillinen rentoutumisalue tekev\u00e4t t\u00e4st\u00e4 saunasta t\u00e4ydellisen valinnan sek\u00e4 saunomiseen ett\u00e4 rentoutumiseen.<\/p>\n<p>Sauna on valmistettu laadukkaasta pohjoismaisesta kuusesta, mik\u00e4 varmistaa kest\u00e4vyyden ja pitk\u00e4n k\u00e4ytt\u00f6i\u00e4n. Suuret ikkunat tuovat runsaasti luonnonvaloa ja luovat miellytt\u00e4v\u00e4n, avoimen tunnelman. Selke\u00e4 ja huolella suunniteltu rakenne varmistaa, ett\u00e4 sauna sopii kauniisti erilaisiin pihoihin ja ymp\u00e4rist\u00f6ihin.<\/p>\n<p><strong>Tekniset tiedot:<\/strong><\/p>\n<ul>\n<li>Ulkomitat: 6900 mm (P) x 4410 mm (L) x 2460 mm (K)<\/li>\n<li>Ikkunat: 177 x 60 cm (karkaistu lasi) \/ 2 kpl, 129 x 177 cm \/ 60 x 177 cm<\/li>\n<li>Ovet: 80 x 190 cm \/ 80 x 200 cm \/ 70 x 190 cm<\/li>\n<li>Sein\u00e4n paksuus: 70 mm<\/li>\n<li>Materiaali: Korkealaatuinen pohjoismainen kuusi<\/li>\n<li>Katto: S\u00e4\u00e4nkest\u00e4v\u00e4 ja kest\u00e4v\u00e4 kattomateriaali<\/li>\n<\/ul>\n<p><strong>T\u00e4rkeimm\u00e4t ominaisuudet:<\/strong><\/p>\n<ul>\n<li>Tilava ja toimiva: Paljon tilaa saunomiseen ja rentoutumiseen, t\u00e4ydellinen perheelle tai yst\u00e4vien kanssa vietett\u00e4viin hetkiin.<\/li>\n<li>Valoisa ja viihtyis\u00e4: Suuret ikkunat tuovat runsaasti luonnonvaloa ja luovat miellytt\u00e4v\u00e4n ilmapiirin.<\/li>\n<li>Laadukas rakenne: 70 mm paksut pohjoismaisesta kuusesta valmistetut sein\u00e4t takaavat hyv\u00e4n eristyksen ja kest\u00e4vyyden.<\/li>\n<li>Rentoutumisalue: Erillinen tila rentoutumiseen ennen ja j\u00e4lkeen saunomisen.<\/li>\n<li>S\u00e4\u00e4nkest\u00e4v\u00e4 rakenne: Sauna kest\u00e4\u00e4 ankaratkin s\u00e4\u00e4olosuhteet ja s\u00e4ilytt\u00e4\u00e4 toimivuutensa vuosiksi eteenp\u00e4in.<\/li>\n<\/ul>\n<p><strong>Pakkaus sis\u00e4lt\u00e4\u00e4:<\/strong><\/p>\n<ul>\n<li>Tasopakettina toimitettu saunarakenne helppoa kokoamista varten<\/li>\n<li>Ergonomiset, mukavat penkit<\/li>\n<li>Suuret ikkunat luonnonvaloa varten<\/li>\n<li>S\u00e4\u00e4nkest\u00e4v\u00e4 kattomateriaali<\/li>\n<li>Kaikki tarvittavat kiinnikkeet ja yksityiskohtaiset kokoamisohjeet<\/li>\n<\/ul>\n<p>Huom! Kiuas ei sis\u00e4lly pakkaukseen! <a href=\"https:\/\/factory.sale\/fi\/tuote\/huum-drop-sahkokiuas-9-kw\/\" target=\"_blank\" rel=\"noopener\">L\u00f6yd\u00e4t sopivan s\u00e4hk\u00f6kiukaan t\u00e4\u00e4lt\u00e4<\/a> ja <a href=\"https:\/\/factory.sale\/wp-content\/uploads\/2024\/12\/Sauna-Mattias-detailed-drawings-factory-sale.pdf\" target=\"_blank\" rel=\"noopener\">puul\u00e4mmitteisen kiukaan t\u00e4\u00e4lt\u00e4.<\/a><\/p>\n","protected":false},"excerpt":{"rendered":"<p>Hiid XL sauna \u2013 Tilava ja k\u00e4yt\u00e4nn\u00f6llinen ulkosauna<\/p>\n<p>Hiid XL sauna tarjoaa reilusti tilaa ja mukavuutta, ja se sopii t\u00e4ydellisesti mihin tahansa pihapiiriin. Erillinen rentoutumisalue ja laadukas rakenne tekev\u00e4t siit\u00e4 ihanteellisen valinnan sek\u00e4 saunomiseen ett\u00e4 rentoutumiseen.<\/p>\n","protected":false},"featured_media":96329,"comment_status":"open","ping_status":"closed","template":"","meta":{"_acf_changed":false},"factory":[],"free-shipment":[],"product_brand":[],"product_cat":[1121,1317,2258],"product_tag":[3561,4453,3654,2105],"class_list":{"0":"post-97654","1":"product","2":"type-product","3":"status-publish","4":"has-post-thumbnail","6":"product_cat-saniteetti","7":"product_cat-sauna-fi","8":"product_cat-saunakuutiot","9":"product_tag-hiid-xl-sauna-fi","10":"product_tag-luxury-sauna-fi","11":"product_tag-nordic-spruce-sauna-fi","12":"product_tag-outdoor-sauna-fi","14":"first","15":"instock","16":"sale","17":"taxable","18":"shipping-taxable","19":"purchasable","20":"product-type-simple"},"acf":[],"_links":{"self":[{"href":"https:\/\/factory.sale\/fi\/wp-json\/wp\/v2\/product\/97654","targetHints":{"allow":["GET"]}}],"collection":[{"href":"https:\/\/factory.sale\/fi\/wp-json\/wp\/v2\/product"}],"about":[{"href":"https:\/\/factory.sale\/fi\/wp-json\/wp\/v2\/types\/product"}],"replies":[{"embeddable":true,"href":"https:\/\/factory.sale\/fi\/wp-json\/wp\/v2\/comments?post=97654"}],"wp:featuredmedia":[{"embeddable":true,"href":"https:\/\/factory.sale\/fi\/wp-json\/wp\/v2\/media\/96329"}],"wp:attachment":[{"href":"https:\/\/factory.sale\/fi\/wp-json\/wp\/v2\/media?parent=97654"}],"wp:term":[{"taxonomy":"factory","embeddable":true,"href":"https:\/\/factory.sale\/fi\/wp-json\/wp\/v2\/factory?post=97654"},{"taxonomy":"free-shipment","embeddable":true,"href":"https:\/\/factory.sale\/fi\/wp-json\/wp\/v2\/free-shipment?post=97654"},{"taxonomy":"product_brand","embeddable":true,"href":"https:\/\/factory.sale\/fi\/wp-json\/wp\/v2\/product_brand?post=97654"},{"taxonomy":"product_cat","embeddable":true,"href":"https:\/\/factory.sale\/fi\/wp-json\/wp\/v2\/product_cat?post=97654"},{"taxonomy":"product_tag","embeddable":true,"href":"https:\/\/factory.sale\/fi\/wp-json\/wp\/v2\/product_tag?post=97654"}],"curies":[{"name":"wp","href":"https:\/\/api.w.org\/{rel}","templated":true}]}}