{"id":97652,"date":"2025-01-13T13:58:18","date_gmt":"2025-01-13T10:58:21","guid":{"rendered":"https:\/\/factory.sale\/?post_type=product&#038;p=97652"},"modified":"2026-03-29T13:30:37","modified_gmt":"2026-03-29T10:30:37","slug":"mattias-sauna-3-3-x-3-3m","status":"publish","type":"product","link":"https:\/\/factory.sale\/fi\/tuote\/mattias-sauna-3-3-x-3-3m\/","title":{"rendered":"&#8220;Mattias&#8221; sauna 3.3 x 3.3m"},"content":{"rendered":"<p>Mattias-sauna on tyylikk\u00e4\u00e4sti muotoiltu ulkosauna, jossa yhdistyy nykyaikainen muotoilu ja laadukkaat materiaalit poikkeuksellisena rentoutumisel\u00e4myksen\u00e4. Avaran ja harkitun suunnittelunsa ansiosta t\u00e4m\u00e4 sauna on t\u00e4ydellinen lis\u00e4 kotipihalle tai m\u00f6kille. Mattias-sauna toimitetaan tasopakettina, mik\u00e4 tekee kuljetuksesta ja kokoamisesta vaivatonta. Mattias-sauna yhdist\u00e4\u00e4 tyylin, kest\u00e4vyyden ja toiminnallisuuden t\u00e4ydellisesti. Olipa tavoitteena rentoutuminen perheen kanssa tai tunnelmallisen ulkotilan luominen, t\u00e4m\u00e4 sauna tarjoaa kaiken mit\u00e4 tarvitset.<\/p>\n<p>Tekniset tiedot<\/p>\n<ul>\n<li>Ulkomitat: 3340 mm (P) x 3340 mm (L) x 2405 mm (K)<\/li>\n<li>Sein\u00e4n paksuus: 70 mm<\/li>\n<li>Materiaali: Kest\u00e4v\u00e4 pohjoismainen kuusi<\/li>\n<li>Katto: Laadukas, s\u00e4\u00e4nkest\u00e4v\u00e4 kattomateriaali<\/li>\n<li>Paketin mitat: <span data-sheets-root=\"1\">450 cm x 120 m x 100 m<\/span><\/li>\n<li>Paino: 1000 kg<\/li>\n<\/ul>\n<p>Keskeiset ominaisuudet<\/p>\n<ul>\n<li>Avara ja toimiva: Sauna tarjoaa runsaasti tilaa mukavaan istumiseen ja rentoutumiseen.<\/li>\n<li>Moderni muotoilu: Puhdas ja nykyaikainen ulkoasu t\u00e4ydent\u00e4\u00e4 mit\u00e4 tahansa ulkotilaa.<\/li>\n<li>Laadukas rakenne: Valmistettu 70 mm paksusta pohjoismaisesta kuusesta, joka takaa erinomaisen eristyksen ja pitk\u00e4n k\u00e4ytt\u00f6i\u00e4n.<\/li>\n<li>Tasopakettitoimitus: Kompakti paketti helpottaa kuljetusta ja kokoonpanoa paikan p\u00e4\u00e4ll\u00e4.<\/li>\n<li>Huolella suunnitellut yksityiskohdat: Pakettiin sis\u00e4ltyy penkit, suuret lasi-ikkunat, lasiovi ja kest\u00e4v\u00e4 kattomateriaali, jotka takaavat t\u00e4ydellisen ja nautinnollisen saunakokemuksen.<\/li>\n<\/ul>\n<p>Pakkaus sis\u00e4lt\u00e4\u00e4<\/p>\n<ul>\n<li>Esileikatut puuosat nopeaa kokoonpanoa varten<\/li>\n<li>S\u00e4\u00e4nkest\u00e4v\u00e4 kattomateriaali<\/li>\n<li>Laadukkaat penkit maksimaalisen mukavuuden takaamiseksi<\/li>\n<li>Suuret lasi-ikkunat ja lasiovi luonnonvalon ja tuuletuksen takaamiseksi<\/li>\n<li>Kaikki tarvittavat kiinnikkeet ja yksityiskohtaiset kokoamisohjeet<\/li>\n<\/ul>\n<p>Huom! Kiuas ei sis\u00e4lly pakkaukseen! <a href=\"https:\/\/factory.sale\/fi\/tuote\/huum-drop-sahkokiuas-9-kw\/\" target=\"_blank\" rel=\"noopener\">L\u00f6yd\u00e4t sopivan s\u00e4hk\u00f6kiukaan t\u00e4\u00e4lt\u00e4<\/a> ja <a href=\"https:\/\/factory.sale\/fi\/tuote\/puukiuas-harvia-m3\/\" target=\"_blank\" rel=\"noopener\">puul\u00e4mmitteisen kiukaan t\u00e4\u00e4lt\u00e4.<\/a><\/p>\n","protected":false},"excerpt":{"rendered":"<p>Esittelyss\u00e4 Mattias-sauna \u2013 Modernia eleganssia ja mukavuutta!<br \/>\nMattias-saunassa yhdistyy tyylik\u00e4s muotoilu ja korkealuokkainen pohjoismainen kuusirakenne, joka luo tyylikk\u00e4\u00e4n ja kest\u00e4v\u00e4n saunakokemuksen. T\u00e4m\u00e4 tilava ja toimiva sauna tarjoaa rentouttavan el\u00e4myksen laadukkailla lauteilla, suurilla lasi-ikkunoilla ja helposti kootettavilla komponenteilla.<\/p>\n","protected":false},"featured_media":96268,"comment_status":"open","ping_status":"closed","template":"","meta":{"_acf_changed":false},"factory":[],"free-shipment":[],"product_brand":[],"product_cat":[1317,2258],"product_tag":[3534,3818,4452,3816,3654,2105],"class_list":{"0":"post-97652","1":"product","2":"type-product","3":"status-publish","4":"has-post-thumbnail","6":"product_cat-sauna-fi","7":"product_cat-saunakuutiot","8":"product_tag-3x3m-sauna-fi","9":"product_tag-durable-sauna-fi","10":"product_tag-garden-sauna-fi","11":"product_tag-modern-sauna-design-fi","12":"product_tag-nordic-spruce-sauna-fi","13":"product_tag-outdoor-sauna-fi","15":"first","16":"instock","17":"sale","18":"taxable","19":"shipping-taxable","20":"purchasable","21":"product-type-simple"},"acf":[],"_links":{"self":[{"href":"https:\/\/factory.sale\/fi\/wp-json\/wp\/v2\/product\/97652","targetHints":{"allow":["GET"]}}],"collection":[{"href":"https:\/\/factory.sale\/fi\/wp-json\/wp\/v2\/product"}],"about":[{"href":"https:\/\/factory.sale\/fi\/wp-json\/wp\/v2\/types\/product"}],"replies":[{"embeddable":true,"href":"https:\/\/factory.sale\/fi\/wp-json\/wp\/v2\/comments?post=97652"}],"wp:featuredmedia":[{"embeddable":true,"href":"https:\/\/factory.sale\/fi\/wp-json\/wp\/v2\/media\/96268"}],"wp:attachment":[{"href":"https:\/\/factory.sale\/fi\/wp-json\/wp\/v2\/media?parent=97652"}],"wp:term":[{"taxonomy":"factory","embeddable":true,"href":"https:\/\/factory.sale\/fi\/wp-json\/wp\/v2\/factory?post=97652"},{"taxonomy":"free-shipment","embeddable":true,"href":"https:\/\/factory.sale\/fi\/wp-json\/wp\/v2\/free-shipment?post=97652"},{"taxonomy":"product_brand","embeddable":true,"href":"https:\/\/factory.sale\/fi\/wp-json\/wp\/v2\/product_brand?post=97652"},{"taxonomy":"product_cat","embeddable":true,"href":"https:\/\/factory.sale\/fi\/wp-json\/wp\/v2\/product_cat?post=97652"},{"taxonomy":"product_tag","embeddable":true,"href":"https:\/\/factory.sale\/fi\/wp-json\/wp\/v2\/product_tag?post=97652"}],"curies":[{"name":"wp","href":"https:\/\/api.w.org\/{rel}","templated":true}]}}