{"id":97649,"date":"2025-01-13T13:58:15","date_gmt":"2025-01-13T10:58:18","guid":{"rendered":"https:\/\/factory.sale\/?post_type=product&#038;p=97649"},"modified":"2026-03-29T13:33:24","modified_gmt":"2026-03-29T10:33:24","slug":"hiid-sauna-4-3-x-4-6m","status":"publish","type":"product","link":"https:\/\/factory.sale\/fi\/tuote\/hiid-sauna-4-3-x-4-6m\/","title":{"rendered":"&#8220;Hiid&#8221; sauna 4.3 x 4.6m"},"content":{"rendered":"<p>Hiid saunassa yhdistyv\u00e4t moderni muotoilu, laadukkaat materiaalit ja tehokas toimivuus, mik\u00e4 tekee siit\u00e4 t\u00e4ydellisen saunan pienempiin ulkotiloihin. Sen k\u00e4yt\u00e4nn\u00f6llinen suunnittelu, pohjoismainen tyyli ja kest\u00e4v\u00e4 rakenne tarjoavat rentoutumishetki\u00e4 omassa puutarhassa.<\/p>\n<p>Hiid sauna on kompakti mutta ylellinen sauna, joka yhdist\u00e4\u00e4 tyylikkyyden, k\u00e4yt\u00e4nn\u00f6llisyyden ja kest\u00e4vyyden. Olipa tarkoitus luoda yksityinen rentoutumispaikka tai lis\u00e4t\u00e4 vaikuttava yksityiskohta puutarhaan, t\u00e4m\u00e4 sauna tarjoaa ensiluokkaisen saunakokemuksen.<\/p>\n<p><strong>Tekniset tiedot<\/strong><\/p>\n<ul>\n<li>Ulkomitat: 4342 mm (P) x 4610 mm (L) x 2405 mm (K)<\/li>\n<li>Sein\u00e4n paksuus: 70 mm<\/li>\n<li>Materiaali: Korkealaatuinen pohjoismainen kuusi<\/li>\n<li>Katto: Kest\u00e4v\u00e4 ja s\u00e4\u00e4nkest\u00e4v\u00e4 kattomateriaali<\/li>\n<li>Paketin mitat: <span data-sheets-root=\"1\">480 cm x 120 cm x 130 cm<\/span><\/li>\n<li>Paino: 1700 kg<\/li>\n<\/ul>\n<p><strong>Keskeiset ominaisuudet<\/strong><\/p>\n<ul>\n<li>Kompakti ja toimiva: T\u00e4ydellinen pienempiin puutarhoihin tai terasseille, tarjoten samalla runsaasti tilaa rentoutumiseen.<\/li>\n<li>Moderni pohjoismainen muotoilu: Tyylik\u00e4s ja k\u00e4yt\u00e4nn\u00f6llinen, sopii mihin tahansa ulkotilaan.<\/li>\n<li>Laadukas rakenne: Valmistettu 70 mm paksusta pohjoismaisesta kuusesta, joka takaa erinomaisen eristyksen ja pitk\u00e4n k\u00e4ytt\u00f6i\u00e4n.<\/li>\n<li>Tasopakettitoimitus: Kompakti paketti helpottaa kuljetusta ja kokoonpanoa paikan p\u00e4\u00e4ll\u00e4.<\/li>\n<li>Mukautettavat sis\u00e4tilat: Pakettiin sis\u00e4ltyy laadukkaat penkit, ikkunat ja ovet, jotka takaavat mukavuuden ja k\u00e4yt\u00e4nn\u00f6llisyyden.<\/li>\n<\/ul>\n<p><strong>Pakkaus sis\u00e4lt\u00e4\u00e4<\/strong><\/p>\n<ul>\n<li>Tasopakettina toimitettu saunarakenne nopeaan kokoonpanoon<\/li>\n<li>S\u00e4\u00e4nkest\u00e4v\u00e4 kattomateriaali<\/li>\n<li>Ergonomiset puiset penkit<\/li>\n<li>Tyylikk\u00e4\u00e4t ikkunat ja ovet luonnonvalon ja tuuletuksen takaamiseksi<\/li>\n<li>Kaikki tarvittavat kiinnikkeet ja yksityiskohtaiset kokoamisohjeet<\/li>\n<\/ul>\n<p>Huom! Kiuas ei sis\u00e4lly pakkaukseen! <a href=\"https:\/\/factory.sale\/fi\/tuote\/huum-drop-sahkokiuas-9-kw\/\" target=\"_blank\" rel=\"noopener\">L\u00f6yd\u00e4t sopivan s\u00e4hk\u00f6kiukaan t\u00e4\u00e4lt\u00e4<\/a> ja <a href=\"https:\/\/factory.sale\/fi\/tuote\/puukiuas-harvia-m3\/\" target=\"_blank\" rel=\"noopener\">puul\u00e4mmitteisen kiukaan t\u00e4\u00e4lt\u00e4.<\/a><\/p>\n<p>&nbsp;<\/p>\n","protected":false},"excerpt":{"rendered":"<p>Esittelyss\u00e4 Hiid sauna \u2013 Kompakti design ja moderni mukavuus!<br \/>\nHiid sauna on tyylik\u00e4s ja k\u00e4yt\u00e4nn\u00f6llinen ulkosauna, joka sopii pienempiin tiloihin mukavuudesta ja laadusta tinkim\u00e4tt\u00e4. Se on valmistettu pohjoismaisesta kuusesta ja mukautettavalla sisustuksella \u2013 t\u00e4ydellinen lis\u00e4 puutarhaan tai pihalle.<\/p>\n","protected":false},"featured_media":96287,"comment_status":"open","ping_status":"closed","template":"","meta":{"_acf_changed":false},"factory":[],"free-shipment":[],"product_brand":[],"product_cat":[1317,2258],"product_tag":[3656,3651,4452,3816,3654,2105],"class_list":{"0":"post-97649","1":"product","2":"type-product","3":"status-publish","4":"has-post-thumbnail","6":"product_cat-sauna-fi","7":"product_cat-saunakuutiot","8":"product_tag-backyard-sauna-fi","9":"product_tag-compact-sauna-fi","10":"product_tag-garden-sauna-fi","11":"product_tag-modern-sauna-design-fi","12":"product_tag-nordic-spruce-sauna-fi","13":"product_tag-outdoor-sauna-fi","15":"first","16":"instock","17":"sale","18":"taxable","19":"shipping-taxable","20":"purchasable","21":"product-type-simple"},"acf":[],"_links":{"self":[{"href":"https:\/\/factory.sale\/fi\/wp-json\/wp\/v2\/product\/97649","targetHints":{"allow":["GET"]}}],"collection":[{"href":"https:\/\/factory.sale\/fi\/wp-json\/wp\/v2\/product"}],"about":[{"href":"https:\/\/factory.sale\/fi\/wp-json\/wp\/v2\/types\/product"}],"replies":[{"embeddable":true,"href":"https:\/\/factory.sale\/fi\/wp-json\/wp\/v2\/comments?post=97649"}],"wp:featuredmedia":[{"embeddable":true,"href":"https:\/\/factory.sale\/fi\/wp-json\/wp\/v2\/media\/96287"}],"wp:attachment":[{"href":"https:\/\/factory.sale\/fi\/wp-json\/wp\/v2\/media?parent=97649"}],"wp:term":[{"taxonomy":"factory","embeddable":true,"href":"https:\/\/factory.sale\/fi\/wp-json\/wp\/v2\/factory?post=97649"},{"taxonomy":"free-shipment","embeddable":true,"href":"https:\/\/factory.sale\/fi\/wp-json\/wp\/v2\/free-shipment?post=97649"},{"taxonomy":"product_brand","embeddable":true,"href":"https:\/\/factory.sale\/fi\/wp-json\/wp\/v2\/product_brand?post=97649"},{"taxonomy":"product_cat","embeddable":true,"href":"https:\/\/factory.sale\/fi\/wp-json\/wp\/v2\/product_cat?post=97649"},{"taxonomy":"product_tag","embeddable":true,"href":"https:\/\/factory.sale\/fi\/wp-json\/wp\/v2\/product_tag?post=97649"}],"curies":[{"name":"wp","href":"https:\/\/api.w.org\/{rel}","templated":true}]}}