{"id":97645,"date":"2025-01-13T13:58:12","date_gmt":"2025-01-13T10:58:14","guid":{"rendered":"https:\/\/factory.sale\/?post_type=product&#038;p=97645"},"modified":"2026-03-29T13:38:56","modified_gmt":"2026-03-29T10:38:56","slug":"ilmarinen-sauna-4-x-195m","status":"publish","type":"product","link":"https:\/\/factory.sale\/fi\/tuote\/ilmarinen-sauna-4-x-195m\/","title":{"rendered":"&#8220;Ilmarinen&#8221; sauna 4 x 1,95m"},"content":{"rendered":"<p>Pohjoismaisen mytologian inspiroima Ilmarinen -sauna on kest\u00e4v\u00e4 ja toimiva tynnyrisauna, jossa on ainutlaatuinen py\u00f6re\u00e4 muotoilu ja laadukas skandinaavinen kuusiviimeistely, joten se sopii t\u00e4ydellisesti jokaiseen kotiin tai m\u00f6kkiin.<\/p>\n<p>Sen k\u00e4yt\u00e4nn\u00f6llisiin ominaisuuksiin kuuluvat \u00e4lykk\u00e4\u00e4sti integroitu polttopuus\u00e4ilytys sek\u00e4 monitasoinen sis\u00e4\u00e4nk\u00e4ynti ulkopenkill\u00e4 ja -p\u00f6yd\u00e4ll\u00e4, jonka avulla voit nauttia saunael\u00e4myksest\u00e4 my\u00f6s saunan ulkopuolella. Suuri py\u00f6re\u00e4 panoraamaikkuna tuo runsaasti luonnonvaloa saunaan ja tarjoaa upeat n\u00e4kym\u00e4t. Ilmarinen -sauna on rakennettu kest\u00e4m\u00e4\u00e4n, ja se on valmistettu korkealaatuisista s\u00e4\u00e4nkest\u00e4vist\u00e4 materiaalista, jotka takaavat pitk\u00e4ik\u00e4isyyden ja kest\u00e4vyyden.<\/p>\n<p><strong>Tekniset tiedot:<\/strong><\/p>\n<ul>\n<li>Ulkomitat: 1950 mm (P) x 4000 mm (L) x 2480 mm (K)<\/li>\n<li>Ikkuna \u00d890 cm<\/li>\n<li>Ovi 70 x 180 cm<\/li>\n<li>Materiaali: L\u00e4mp\u00f6puu<\/li>\n<li>Sein\u00e4n paksuus: 42 mm<\/li>\n<li>Pakkausmitat: K120 cm x S120 cm x P400 cm<\/li>\n<li>Paino: 1100 kg<\/li>\n<\/ul>\n<p><strong>Keskeiset ominaisuudet:<\/strong><\/p>\n<ul>\n<li>Avarat sis\u00e4tilat.<\/li>\n<li>Tasopakettitoimitus: Saunarakennus toimitetaan kompaktina pakettina, mik\u00e4 tekee kuljetuksesta ja kokoamisesta helppoa.<\/li>\n<li>Moderni muotoilu: Tyylik\u00e4s ja moderni ulkoasu sopii t\u00e4ydellisesti mihin tahansa ulkotilaan ja yhdist\u00e4\u00e4 toimivuuden ja esteettisen vetovoiman.<\/li>\n<li>Laadukkaat materiaalit: Valmistettu kest\u00e4viksi, mik\u00e4 takaa pitk\u00e4n k\u00e4yt\u00f6n erilaisissa s\u00e4\u00e4olosuhteissa.<\/li>\n<li>Kest\u00e4v\u00e4 kattorakenne: Suunniteltu kest\u00e4m\u00e4\u00e4n s\u00e4\u00e4n vaihtelut ja tarjoamaan luotettavan suojan.<\/li>\n<\/ul>\n<p><strong>Mit\u00e4 pakkaus sis\u00e4lt\u00e4\u00e4<\/strong><\/p>\n<ul>\n<li>Litte\u00e4ksi pakattu saunarakenne esivalmistetuilla paneeleilla<\/li>\n<li>Karkaistu lasi-ikkuna ja puinen ovi ikkunoilla<\/li>\n<li>Mukavat saunan lauteet kest\u00e4v\u00e4st\u00e4 puusta<\/li>\n<li>Ulkoistuinalue<\/li>\n<li>Kaikki tarvittavat kiinnikkeet ja asennusohjeet<\/li>\n<li>Kiukaan ja kiukaan takasein\u00e4n alla tulenkest\u00e4v\u00e4 Minerit-levy<\/li>\n<li>Lattiaritil\u00e4t<\/li>\n<li>Ilmanvaihtoj\u00e4rjestelm\u00e4<\/li>\n<li>Bitumipaanu kattomateriaali (saatavana eri v\u00e4reiss\u00e4)<\/li>\n<\/ul>\n<p><img loading=\"lazy\" decoding=\"async\" class=\"alignnone wp-image-97387\" src=\"https:\/\/factory.sale\/wp-content\/uploads\/2025\/01\/roof-color-options-300x67.webp\" alt=\"\" width=\"484\" height=\"108\" srcset=\"https:\/\/factory.sale\/wp-content\/uploads\/2025\/01\/roof-color-options-300x67.webp 300w, https:\/\/factory.sale\/wp-content\/uploads\/2025\/01\/roof-color-options-150x33.webp 150w, https:\/\/factory.sale\/wp-content\/uploads\/2025\/01\/roof-color-options-600x134.webp 600w, https:\/\/factory.sale\/wp-content\/uploads\/2025\/01\/roof-color-options.webp 754w\" sizes=\"auto, (max-width: 484px) 100vw, 484px\" \/><\/p>\n<p>Huom! Kiuas ei sis\u00e4lly pakkaukseen. <a href=\"https:\/\/factory.sale\/fi\/tuote\/huum-drop-sahkokiuas-9-kw\/\" target=\"_blank\" rel=\"noopener\">Sopivan s\u00e4hk\u00f6kiukaan l\u00f6yd\u00e4t t\u00e4\u00e4lt\u00e4<\/a> ja <a href=\"https:\/\/factory.sale\/fi\/tuote\/puukiuas-harvia-m3\/\" target=\"_blank\" rel=\"noopener\">puul\u00e4mmitteisen kiukaan t\u00e4\u00e4lt\u00e4<\/a>.<\/p>\n<p><strong>Valinnaiset lis\u00e4varusteet:<\/strong><\/p>\n<ul>\n<li>LED-valolistat<\/li>\n<li>Selk\u00e4tukisarja (2 kpl)<\/li>\n<li>Niskatukisarja (2 kpl)<\/li>\n<li>Saunatarvikesarja (Sis\u00e4lt\u00e4\u00e4 \u00e4mp\u00e4rin, kauhan ja l\u00e4mp\u00f6mittarin)<\/li>\n<li>Vesis\u00e4ili\u00f6 puukiuasta varten<\/li>\n<li>Savupiippusarja<\/li>\n<\/ul>\n","protected":false},"excerpt":{"rendered":"<p>Esittelyss\u00e4 Ilmarinen-sauna \u2013 moderni ja kest\u00e4v\u00e4 tynnyrisauna!<\/p>\n<p>Ilmarinen-sauna yhdist\u00e4\u00e4 tyylikk\u00e4\u00e4n muotoilun ja k\u00e4yt\u00e4nn\u00f6llisyyden, tarjoten t\u00e4ydellisen rentoutumiskokemuksen kotipihalla tai m\u00f6kill\u00e4. L\u00e4mp\u00f6puusta valmistettu ja runsaalla luonnonvalolla t\u00e4yttyv\u00e4 saunarakennus on helppo koota ja se on suunniteltu kest\u00e4m\u00e4\u00e4n vuosien k\u00e4ytt\u00f6\u00e4.<\/p>\n","protected":false},"featured_media":97664,"comment_status":"open","ping_status":"closed","template":"","meta":{"_acf_changed":false},"factory":[],"free-shipment":[],"product_brand":[],"product_cat":[1317,1644],"product_tag":[1651,3651,4452,3816,2105],"class_list":{"0":"post-97645","1":"product","2":"type-product","3":"status-publish","4":"has-post-thumbnail","6":"product_cat-sauna-fi","7":"product_cat-tynnyrisauna","8":"product_tag-barrel-sauna-fi","9":"product_tag-compact-sauna-fi","10":"product_tag-garden-sauna-fi","11":"product_tag-modern-sauna-design-fi","12":"product_tag-outdoor-sauna-fi","14":"first","15":"instock","16":"sale","17":"taxable","18":"shipping-taxable","19":"purchasable","20":"product-type-simple"},"acf":[],"_links":{"self":[{"href":"https:\/\/factory.sale\/fi\/wp-json\/wp\/v2\/product\/97645","targetHints":{"allow":["GET"]}}],"collection":[{"href":"https:\/\/factory.sale\/fi\/wp-json\/wp\/v2\/product"}],"about":[{"href":"https:\/\/factory.sale\/fi\/wp-json\/wp\/v2\/types\/product"}],"replies":[{"embeddable":true,"href":"https:\/\/factory.sale\/fi\/wp-json\/wp\/v2\/comments?post=97645"}],"wp:featuredmedia":[{"embeddable":true,"href":"https:\/\/factory.sale\/fi\/wp-json\/wp\/v2\/media\/97664"}],"wp:attachment":[{"href":"https:\/\/factory.sale\/fi\/wp-json\/wp\/v2\/media?parent=97645"}],"wp:term":[{"taxonomy":"factory","embeddable":true,"href":"https:\/\/factory.sale\/fi\/wp-json\/wp\/v2\/factory?post=97645"},{"taxonomy":"free-shipment","embeddable":true,"href":"https:\/\/factory.sale\/fi\/wp-json\/wp\/v2\/free-shipment?post=97645"},{"taxonomy":"product_brand","embeddable":true,"href":"https:\/\/factory.sale\/fi\/wp-json\/wp\/v2\/product_brand?post=97645"},{"taxonomy":"product_cat","embeddable":true,"href":"https:\/\/factory.sale\/fi\/wp-json\/wp\/v2\/product_cat?post=97645"},{"taxonomy":"product_tag","embeddable":true,"href":"https:\/\/factory.sale\/fi\/wp-json\/wp\/v2\/product_tag?post=97645"}],"curies":[{"name":"wp","href":"https:\/\/api.w.org\/{rel}","templated":true}]}}