{"id":97525,"date":"2024-11-11T00:40:46","date_gmt":"2025-01-12T17:16:25","guid":{"rendered":"https:\/\/factory.sale\/?post_type=product&#038;p=97525"},"modified":"2026-03-29T15:03:42","modified_gmt":"2026-03-29T12:03:42","slug":"vegvisir-xl-sauna-2","status":"publish","type":"product","link":"https:\/\/factory.sale\/fi\/tuote\/vegvisir-xl-sauna-2\/","title":{"rendered":"&#8220;Vegvisir XL&#8221; sauna"},"content":{"rendered":"<p>Tutustu Vegvisir XL -saunaan \u2013 Tilavaa ulkoilmamukavuutta<\/p>\n<p>Kohota hyvinvointirutiinejasi Vegvisir XL -saunallamme, joka on suunniteltu maksimaaliseen mukavuuteen ja kest\u00e4vyyteen. Korkealaatuisesta kuusesta valmistettu ja ylellisill\u00e4 haapapenkeill\u00e4 varustettu sauna tarjoaa tilavan ja ylellisen rentoutumispaikan puutarhaasi tai takapihallesi. Etsitp\u00e4 sitten rentoutumista tai sosiaalista tilaa, Vegvisir XL -sauna tarjoaa poikkeuksellisen saunakokemuksen.<\/p>\n<p>T\u00e4rkeimm\u00e4t ominaisuudet:<\/p>\n<ul>\n<li>Premium-kuusirakenne \u2013 45 mm paksut kuusisein\u00e4t tarjoavat erinomaista eristyst\u00e4 ja pitk\u00e4ik\u00e4ist\u00e4 kest\u00e4vyytt\u00e4, tarjoten l\u00e4mp\u00f6\u00e4 ja mukavuutta ymp\u00e4ri vuoden.<\/li>\n<li>Tilava sis\u00e4tila \u2013 Kaksi suurta karkaistua lasi-ikkunaa (765 mm x 1770 mm) ja avattava ikkuna (1000 mm x 500 mm) p\u00e4\u00e4st\u00e4v\u00e4t sis\u00e4\u00e4n luonnonvaloa s\u00e4ilytt\u00e4en viihtyis\u00e4n tunnelman.<\/li>\n<li>Lukittavat karkaistut lasiovet \u2013 Saunassa on kaksi lukittavaa karkaistua lasiovea, jotka takaavat sek\u00e4 yksityisyyden ett\u00e4 turvallisuuden.<\/li>\n<li>P\u00e4\u00e4ovi: 800 mm x 1900 mm<\/li>\n<li>Lis\u00e4ovi: 700 mm x 1900 mm<\/li>\n<li>Ylelliset oksattomat haapapenkit \u2013 k\u00e4sintehdyt saunan lauteet, jotka on valmistettu korkealaatuisesta oksattomasta puusta, mukaan lukien selk\u00e4nojat ja jalkalistat, suunniteltu mukavuuteen ja kest\u00e4vyyteen.<\/li>\n<\/ul>\n<p class=\"\" data-start=\"795\" data-end=\"811\">Tekniset tiedot:<\/p>\n<ul>\n<li data-start=\"813\" data-end=\"1502\">Materiaali: Pohjoismainen kuusi<\/li>\n<li data-start=\"813\" data-end=\"1502\">Sein\u00e4n paksuus: 45 mm<\/li>\n<li data-start=\"813\" data-end=\"1502\">Ulkomitat: 2420 mm x 3846 mm x 2490 mm (K x L x S)<\/li>\n<li data-start=\"813\" data-end=\"1502\">Alarunko: 90 mm x 45 mm (kyll\u00e4stetty)<\/li>\n<li data-start=\"813\" data-end=\"1502\">Perustuspalkit: 45 mm x 45 mm (kyll\u00e4stetty)<\/li>\n<li data-start=\"813\" data-end=\"1502\">Lattialaudat: 28 mm paksut<\/li>\n<li data-start=\"813\" data-end=\"1502\">Kattoparrut: 70 mm x 170 mm<\/li>\n<li data-start=\"813\" data-end=\"1502\">Katon laudoitus: 20 mm paksu<\/li>\n<li data-start=\"813\" data-end=\"1502\">Kattomateriaali: Itseliimautuva kattohuopa, antaa pitk\u00e4kestoisen suojan s\u00e4\u00e4olosuhteita vastaan<\/li>\n<li data-start=\"813\" data-end=\"1502\">Ikkunat: 4 mm karkaistu lasi, 765 mm x 1770 mm (2 kpl), avattava ikkuna 1000 mm x 500 mm<\/li>\n<li data-start=\"813\" data-end=\"1502\">Ovet: Karkaistu lasi, p\u00e4\u00e4ovi 800 mm x 1900 mm, lis\u00e4ovi 700 mm x 1900 mm<\/li>\n<li data-start=\"813\" data-end=\"1502\">T\u00e4ydellinen asennussarja \u2013 sis\u00e4lt\u00e4\u00e4 ruuvit ja kiinnitystarvikkeet helppoon ja turvalliseen asennukseen<\/li>\n<li data-start=\"813\" data-end=\"1502\">Lauteiden materiaali: oksaton haapa<\/li>\n<\/ul>\n<p>HUOM! Kiuas ei sis\u00e4lly pakkaukseen.<\/p>\n<p>Suositellut kiukaat:<\/p>\n    <div class=\"col-xl-3 col-6\">\n        <div class=\"product-card h-100\">\n            <div class=\"ratio ratio-4x3 overflow-hidden\">\n                <a href=\"https:\/\/factory.sale\/fi\/tuote\/huum-hive-flow-puulammitteinen-98kw\/\">\n                    <img loading=\"lazy\" decoding=\"async\" width=\"768\" height=\"768\" src=\"https:\/\/factory.sale\/wp-content\/uploads\/2024\/07\/wood-burning-sauna-heater-huum-hive-flow-factory-sale.webp\" class=\"img-fluid object-fit-contain w-100 h-100\" alt=\"Puukiuas HUUM HIVE Flow 9,8kW\" srcset=\"https:\/\/factory.sale\/wp-content\/uploads\/2024\/07\/wood-burning-sauna-heater-huum-hive-flow-factory-sale.webp 2304w, https:\/\/factory.sale\/wp-content\/uploads\/2024\/07\/wood-burning-sauna-heater-huum-hive-flow-factory-sale-300x300.webp 300w, https:\/\/factory.sale\/wp-content\/uploads\/2024\/07\/wood-burning-sauna-heater-huum-hive-flow-factory-sale-1024x1024.webp 1024w, https:\/\/factory.sale\/wp-content\/uploads\/2024\/07\/wood-burning-sauna-heater-huum-hive-flow-factory-sale-150x150.webp 150w, https:\/\/factory.sale\/wp-content\/uploads\/2024\/07\/wood-burning-sauna-heater-huum-hive-flow-factory-sale-1536x1536.webp 1536w, https:\/\/factory.sale\/wp-content\/uploads\/2024\/07\/wood-burning-sauna-heater-huum-hive-flow-factory-sale-2048x2048.webp 2048w, https:\/\/factory.sale\/wp-content\/uploads\/2024\/07\/wood-burning-sauna-heater-huum-hive-flow-factory-sale-400x400.webp 400w, https:\/\/factory.sale\/wp-content\/uploads\/2024\/07\/wood-burning-sauna-heater-huum-hive-flow-factory-sale-600x600.webp 600w, https:\/\/factory.sale\/wp-content\/uploads\/2024\/07\/wood-burning-sauna-heater-huum-hive-flow-factory-sale-100x100.webp 100w\" sizes=\"auto, (max-width: 768px) 100vw, 768px\" \/>                <\/a>\n            <\/div>\n\n            <div class=\"px-xl-3 px-2 py-3 text-xl-start\">\n                <a class=\"product-title-link\" href=\"https:\/\/factory.sale\/fi\/tuote\/huum-hive-flow-puulammitteinen-98kw\/\">\n                    <p class=\"d-none d-xl-block\">Puukiuas HUUM HIVE Flow 9,8kW<\/p>\n                    <p class=\"d-xl-none\">Puukiuas HUUM HIVE Flow 9,8kW<\/p>\n                <\/a>\n\n                <div class=\"price\">\n                                            <span class=\"new-price\"><span class=\"woocommerce-Price-amount amount\"><bdi><span class=\"woocommerce-Price-currencySymbol\">&euro;<\/span>1 380,00<\/bdi><\/span><\/span>\n                        <span class=\"old-price\"><span class=\"woocommerce-Price-amount amount\"><bdi><span class=\"woocommerce-Price-currencySymbol\">&euro;<\/span>1 528,00<\/bdi><\/span><\/span>\n                                    <\/div>\n\n                <div class=\"d-xl-grid d-none gap-4 d-xl-flex justify-content-start mt-2\">\n                    <button class=\"btn btn-product ajax-add-to-quote w-100 mt-1rem\"\n                            data-product-id=\"87878\">\n                        Add to quote\n                    <\/button>\n                <\/div>\n            <\/div>\n\n                            <div class=\"sale\">Sale -10%<\/div>\n                    <\/div>\n    <\/div>\n    \n    <div class=\"col-xl-3 col-6\">\n        <div class=\"product-card h-100\">\n            <div class=\"ratio ratio-4x3 overflow-hidden\">\n                <a href=\"https:\/\/factory.sale\/fi\/tuote\/puulammitin-huum-hive-wood-13-kw\/\">\n                    <img loading=\"lazy\" decoding=\"async\" width=\"768\" height=\"768\" src=\"https:\/\/factory.sale\/wp-content\/uploads\/2021\/03\/huum-hive-wood-sauna-heater-13kw-factory-sale-768x768.webp\" class=\"img-fluid object-fit-contain w-100 h-100\" alt=\"Puukiuas HUUM HIVE Wood 13 kw\" srcset=\"https:\/\/factory.sale\/wp-content\/uploads\/2021\/03\/huum-hive-wood-sauna-heater-13kw-factory-sale-768x768.webp 768w, https:\/\/factory.sale\/wp-content\/uploads\/2021\/03\/huum-hive-wood-sauna-heater-13kw-factory-sale-300x300.webp 300w, https:\/\/factory.sale\/wp-content\/uploads\/2021\/03\/huum-hive-wood-sauna-heater-13kw-factory-sale-1024x1024.webp 1024w, https:\/\/factory.sale\/wp-content\/uploads\/2021\/03\/huum-hive-wood-sauna-heater-13kw-factory-sale-150x150.webp 150w, https:\/\/factory.sale\/wp-content\/uploads\/2021\/03\/huum-hive-wood-sauna-heater-13kw-factory-sale-1536x1536.webp 1536w, https:\/\/factory.sale\/wp-content\/uploads\/2021\/03\/huum-hive-wood-sauna-heater-13kw-factory-sale-2048x2048.webp 2048w, https:\/\/factory.sale\/wp-content\/uploads\/2021\/03\/huum-hive-wood-sauna-heater-13kw-factory-sale-600x600.webp 600w, https:\/\/factory.sale\/wp-content\/uploads\/2021\/03\/huum-hive-wood-sauna-heater-13kw-factory-sale-100x100.webp 100w\" sizes=\"auto, (max-width: 768px) 100vw, 768px\" \/>                <\/a>\n            <\/div>\n\n            <div class=\"px-xl-3 px-2 py-3 text-xl-start\">\n                <a class=\"product-title-link\" href=\"https:\/\/factory.sale\/fi\/tuote\/puulammitin-huum-hive-wood-13-kw\/\">\n                    <p class=\"d-none d-xl-block\">Puukiuas HUUM HIVE Wood 13 kw<\/p>\n                    <p class=\"d-xl-none\">Puukiuas HUUM HIVE Wood 13 kw<\/p>\n                <\/a>\n\n                <div class=\"price\">\n                                            <span class=\"new-price\"><span class=\"woocommerce-Price-amount amount\"><bdi><span class=\"woocommerce-Price-currencySymbol\">&euro;<\/span>1 000,00<\/bdi><\/span><\/span>\n                        <span class=\"old-price\"><span class=\"woocommerce-Price-amount amount\"><bdi><span class=\"woocommerce-Price-currencySymbol\">&euro;<\/span>1 100,00<\/bdi><\/span><\/span>\n                                    <\/div>\n\n                <div class=\"d-xl-grid d-none gap-4 d-xl-flex justify-content-start mt-2\">\n                    <button class=\"btn btn-product ajax-add-to-quote w-100 mt-1rem\"\n                            data-product-id=\"6869\">\n                        Add to quote\n                    <\/button>\n                <\/div>\n            <\/div>\n\n                            <div class=\"sale\">Sale -9%<\/div>\n                    <\/div>\n    <\/div>\n    \n    <div class=\"col-xl-3 col-6\">\n        <div class=\"product-card h-100\">\n            <div class=\"ratio ratio-4x3 overflow-hidden\">\n                <a href=\"https:\/\/factory.sale\/fi\/tuote\/puulammitteinen-huum-hive-wood-17kw\/\">\n                    <img loading=\"lazy\" decoding=\"async\" width=\"768\" height=\"768\" src=\"https:\/\/factory.sale\/wp-content\/uploads\/2022\/08\/huum-hive-wood-sauna-heater-factory-sale-2-1.webp\" class=\"img-fluid object-fit-contain w-100 h-100\" alt=\"Puukiuas HUUM HIVE Wood 17kW\" srcset=\"https:\/\/factory.sale\/wp-content\/uploads\/2022\/08\/huum-hive-wood-sauna-heater-factory-sale-2-1.webp 2304w, https:\/\/factory.sale\/wp-content\/uploads\/2022\/08\/huum-hive-wood-sauna-heater-factory-sale-2-1-300x300.webp 300w, https:\/\/factory.sale\/wp-content\/uploads\/2022\/08\/huum-hive-wood-sauna-heater-factory-sale-2-1-1024x1024.webp 1024w, https:\/\/factory.sale\/wp-content\/uploads\/2022\/08\/huum-hive-wood-sauna-heater-factory-sale-2-1-150x150.webp 150w, https:\/\/factory.sale\/wp-content\/uploads\/2022\/08\/huum-hive-wood-sauna-heater-factory-sale-2-1-1536x1536.webp 1536w, https:\/\/factory.sale\/wp-content\/uploads\/2022\/08\/huum-hive-wood-sauna-heater-factory-sale-2-1-2048x2048.webp 2048w, https:\/\/factory.sale\/wp-content\/uploads\/2022\/08\/huum-hive-wood-sauna-heater-factory-sale-2-1-400x400.webp 400w, https:\/\/factory.sale\/wp-content\/uploads\/2022\/08\/huum-hive-wood-sauna-heater-factory-sale-2-1-600x600.webp 600w, https:\/\/factory.sale\/wp-content\/uploads\/2022\/08\/huum-hive-wood-sauna-heater-factory-sale-2-1-100x100.webp 100w\" sizes=\"auto, (max-width: 768px) 100vw, 768px\" \/>                <\/a>\n            <\/div>\n\n            <div class=\"px-xl-3 px-2 py-3 text-xl-start\">\n                <a class=\"product-title-link\" href=\"https:\/\/factory.sale\/fi\/tuote\/puulammitteinen-huum-hive-wood-17kw\/\">\n                    <p class=\"d-none d-xl-block\">Puukiuas HUUM HIVE Wood 17kW<\/p>\n                    <p class=\"d-xl-none\">Puukiuas HUUM HIVE Wood 17kW<\/p>\n                <\/a>\n\n                <div class=\"price\">\n                                            <span class=\"new-price\"><span class=\"woocommerce-Price-amount amount\"><bdi><span class=\"woocommerce-Price-currencySymbol\">&euro;<\/span>1 165,00<\/bdi><\/span><\/span>\n                        <span class=\"old-price\"><span class=\"woocommerce-Price-amount amount\"><bdi><span class=\"woocommerce-Price-currencySymbol\">&euro;<\/span>1 281,00<\/bdi><\/span><\/span>\n                                    <\/div>\n\n                <div class=\"d-xl-grid d-none gap-4 d-xl-flex justify-content-start mt-2\">\n                    <button class=\"btn btn-product ajax-add-to-quote w-100 mt-1rem\"\n                            data-product-id=\"13839\">\n                        Add to quote\n                    <\/button>\n                <\/div>\n            <\/div>\n\n                            <div class=\"sale\">Sale -9%<\/div>\n                    <\/div>\n    <\/div>\n    \n    <div class=\"col-xl-3 col-6\">\n        <div class=\"product-card h-100\">\n            <div class=\"ratio ratio-4x3 overflow-hidden\">\n                <a href=\"https:\/\/factory.sale\/fi\/tuote\/sahkokiuas-huum-hive-15-kw\/\">\n                    <img loading=\"lazy\" decoding=\"async\" width=\"768\" height=\"768\" src=\"https:\/\/factory.sale\/wp-content\/uploads\/2022\/08\/huum-hive-sauna-heater-electric-15kw-incl-factory-sale-768x768.webp\" class=\"img-fluid object-fit-contain w-100 h-100\" alt=\"S\u00e4hk\u00f6kiuas HUUM HIVE 15 kw\" srcset=\"https:\/\/factory.sale\/wp-content\/uploads\/2022\/08\/huum-hive-sauna-heater-electric-15kw-incl-factory-sale-768x768.webp 768w, https:\/\/factory.sale\/wp-content\/uploads\/2022\/08\/huum-hive-sauna-heater-electric-15kw-incl-factory-sale-300x300.webp 300w, https:\/\/factory.sale\/wp-content\/uploads\/2022\/08\/huum-hive-sauna-heater-electric-15kw-incl-factory-sale-1024x1024.webp 1024w, https:\/\/factory.sale\/wp-content\/uploads\/2022\/08\/huum-hive-sauna-heater-electric-15kw-incl-factory-sale-150x150.webp 150w, https:\/\/factory.sale\/wp-content\/uploads\/2022\/08\/huum-hive-sauna-heater-electric-15kw-incl-factory-sale-1536x1536.webp 1536w, https:\/\/factory.sale\/wp-content\/uploads\/2022\/08\/huum-hive-sauna-heater-electric-15kw-incl-factory-sale-2048x2048.webp 2048w, https:\/\/factory.sale\/wp-content\/uploads\/2022\/08\/huum-hive-sauna-heater-electric-15kw-incl-factory-sale-600x600.webp 600w, https:\/\/factory.sale\/wp-content\/uploads\/2022\/08\/huum-hive-sauna-heater-electric-15kw-incl-factory-sale-100x100.webp 100w\" sizes=\"auto, (max-width: 768px) 100vw, 768px\" \/>                <\/a>\n            <\/div>\n\n            <div class=\"px-xl-3 px-2 py-3 text-xl-start\">\n                <a class=\"product-title-link\" href=\"https:\/\/factory.sale\/fi\/tuote\/sahkokiuas-huum-hive-15-kw\/\">\n                    <p class=\"d-none d-xl-block\">S\u00e4hk\u00f6kiuas HUUM HIVE 15 kw<\/p>\n                    <p class=\"d-xl-none\">S\u00e4hk\u00f6kiuas HUUM HIVE 15 kw<\/p>\n                <\/a>\n\n                <div class=\"price\">\n                                            <span class=\"new-price\"><span class=\"woocommerce-Price-amount amount\"><bdi><span class=\"woocommerce-Price-currencySymbol\">&euro;<\/span>1 018,00<\/bdi><\/span><\/span>\n                        <span class=\"old-price\"><span class=\"woocommerce-Price-amount amount\"><bdi><span class=\"woocommerce-Price-currencySymbol\">&euro;<\/span>1 119,00<\/bdi><\/span><\/span>\n                                    <\/div>\n\n                <div class=\"d-xl-grid d-none gap-4 d-xl-flex justify-content-start mt-2\">\n                    <button class=\"btn btn-product ajax-add-to-quote w-100 mt-1rem\"\n                            data-product-id=\"23259\">\n                        Add to quote\n                    <\/button>\n                <\/div>\n            <\/div>\n\n                            <div class=\"sale\">Sale -9%<\/div>\n                    <\/div>\n    <\/div>\n    \n<p>&nbsp;<\/p>\n<p>Tukeva ja kompakti pakkaus \u2013 Pakattu tukevasti, mitat 400 cm x 120 cm x 90 cm, paino noin 1000 kg, mik\u00e4 takaa helpon kuljetuksen ja turvallisen toimituksen.<\/p>\n<p>Suunniteltu ulkok\u00e4ytt\u00f6\u00f6n \u2013 Rakennettu kest\u00e4m\u00e4\u00e4n vaativia s\u00e4\u00e4olosuhteita. Moderni Vegvisir XL sopii t\u00e4ydellisesti kaikkiin ulkotiloihin varmistaen, ett\u00e4 voit nauttia saunastasi kaikkina vuodenaikoina.<\/p>\n<p>&nbsp;<\/p>\n","protected":false},"excerpt":{"rendered":"<p>Astu tilavaan Vegvisir XL -saunaan, joka on valmistettu korkealaatuisesta kuusesta paksuilla eristetyill\u00e4 seinill\u00e4 ja ylellisill\u00e4 oksattomilla haapapenkeill\u00e4. Suuret karkaistut lasi-ikkunat, kest\u00e4v\u00e4 rakenne ja t\u00e4ydellinen asennussarja tekev\u00e4t t\u00e4st\u00e4 saunasta vertaansa vailla olevan rentoutumiskokemuksen ulkoilmassa.<\/p>\n","protected":false},"featured_media":90571,"comment_status":"open","ping_status":"closed","template":"","meta":{"_acf_changed":false},"factory":[],"free-shipment":[],"product_brand":[],"product_cat":[767,798,2256],"product_tag":[809],"class_list":{"0":"post-97525","1":"product","2":"type-product","3":"status-publish","4":"has-post-thumbnail","6":"product_cat-sanitary-ware","7":"product_cat-sauna-2","8":"product_cat-sauna-cubes","9":"product_tag-sauna","11":"first","12":"instock","13":"sale","14":"taxable","15":"shipping-taxable","16":"purchasable","17":"product-type-simple"},"acf":[],"_links":{"self":[{"href":"https:\/\/factory.sale\/fi\/wp-json\/wp\/v2\/product\/97525","targetHints":{"allow":["GET"]}}],"collection":[{"href":"https:\/\/factory.sale\/fi\/wp-json\/wp\/v2\/product"}],"about":[{"href":"https:\/\/factory.sale\/fi\/wp-json\/wp\/v2\/types\/product"}],"replies":[{"embeddable":true,"href":"https:\/\/factory.sale\/fi\/wp-json\/wp\/v2\/comments?post=97525"}],"wp:featuredmedia":[{"embeddable":true,"href":"https:\/\/factory.sale\/fi\/wp-json\/wp\/v2\/media\/90571"}],"wp:attachment":[{"href":"https:\/\/factory.sale\/fi\/wp-json\/wp\/v2\/media?parent=97525"}],"wp:term":[{"taxonomy":"factory","embeddable":true,"href":"https:\/\/factory.sale\/fi\/wp-json\/wp\/v2\/factory?post=97525"},{"taxonomy":"free-shipment","embeddable":true,"href":"https:\/\/factory.sale\/fi\/wp-json\/wp\/v2\/free-shipment?post=97525"},{"taxonomy":"product_brand","embeddable":true,"href":"https:\/\/factory.sale\/fi\/wp-json\/wp\/v2\/product_brand?post=97525"},{"taxonomy":"product_cat","embeddable":true,"href":"https:\/\/factory.sale\/fi\/wp-json\/wp\/v2\/product_cat?post=97525"},{"taxonomy":"product_tag","embeddable":true,"href":"https:\/\/factory.sale\/fi\/wp-json\/wp\/v2\/product_tag?post=97525"}],"curies":[{"name":"wp","href":"https:\/\/api.w.org\/{rel}","templated":true}]}}