{"id":97473,"date":"2025-01-11T19:18:27","date_gmt":"2025-01-11T16:18:30","guid":{"rendered":"https:\/\/factory.sale\/?post_type=product&#038;p=97473"},"modified":"2026-03-29T13:49:00","modified_gmt":"2026-03-29T10:49:00","slug":"ehala-400-tynnyrisauna-4m-lampopuuta-pukuhuoneella-ja-ulkoistuimilla","status":"publish","type":"product","link":"https:\/\/factory.sale\/fi\/tuote\/ehala-400-tynnyrisauna-4m-lampopuuta-pukuhuoneella-ja-ulkoistuimilla\/","title":{"rendered":"&#8220;Ehala 400&#8221; tynnyrisauna \u2013 4m, l\u00e4mp\u00f6puuta, pukuhuoneella ja ulkoistuimilla"},"content":{"rendered":"<p>Ehala 400 tynnyrisauna on t\u00e4ydellinen yhdistelm\u00e4 toiminnallisuutta, kest\u00e4vyytt\u00e4 ja tyylik\u00e4st\u00e4 suunnittelua. T\u00e4m\u00e4 laadukkaasta l\u00e4mp\u00f6puusta valmistettu 4-metrinen sauna on suunniteltu jopa 6 hengelle, joten se sopii ihanteellisesti perhejuhliin tai seurusteluun yst\u00e4vien kanssa. Sen harkittuun suunnitteluun kuuluu viihtyis\u00e4 saunahuone, k\u00e4yt\u00e4nn\u00f6llinen pukuhuone ja ulkoistuimet vilvoittelua tai rentoutumista varten.<\/p>\n<p>Elementtej\u00e4 kest\u00e4m\u00e4\u00e4n rakennettu l\u00e4mp\u00f6puurakenne takaa pitk\u00e4ik\u00e4isyyden ja erinomaisen eristyksen. Takapihallasi tai j\u00e4rven rannalla Ehala 400 -tynnyrisauna sulautuu saumattomasti mihin tahansa ulkotilaan ja tarjoaa samalla vertaansa vailla olevan saunael\u00e4myksen.<\/p>\n<p><strong>Tekniset tiedot<\/strong><\/p>\n<ul>\n<li>Pituus: 4000 mm<\/li>\n<li>Halkaisija: 2050mm \/ 2300mm<\/li>\n<li>Sivusein\u00e4t: 42 mm<\/li>\n<li>P\u00e4\u00e4tysein\u00e4t: 28 mm<\/li>\n<li>Materiaali: l\u00e4mp\u00f6puu, m\u00e4nty<\/li>\n<li>Saunan lauteet: l\u00e4mp\u00f6puu, haapa<\/li>\n<li>Saunan lauteiden syvyys: 520 mm<\/li>\n<li>Istuinkorkeus: 630 mm<\/li>\n<li>Ikkunat: Karkaistu lasi, 67 cm x 30 cm<\/li>\n<li>Ulko-ovi: 1650 mm x 590 mm, puinen ovi lasipaneelilla (665 mm x 300 mm)<\/li>\n<li>Lukitusovi: 1690 mm x 590 mm, 8 mm karkaistu lasi pronssis\u00e4vyisen\u00e4<\/li>\n<li>Paino: 1050 kg<\/li>\n<li>Pakkauksen mitat: 400 cm x 120 cm x 120 cm<\/li>\n<\/ul>\n<p><strong>T\u00e4rkeimm\u00e4t ominaisuudet<\/strong><\/p>\n<ul>\n<li>L\u00e4mp\u00f6k\u00e4sitelty puu: Erinomainen kest\u00e4vyys, s\u00e4\u00e4nkest\u00e4vyys ja pitk\u00e4 k\u00e4ytt\u00f6ik\u00e4.<\/li>\n<li>Klassinen tynnyrisuunnittelu: Tyylik\u00e4s ja ajaton, sulautuu kauniisti ulkotiloihin.<\/li>\n<li>Tilava sisustus: Erillinen saunahuone ja pukeutumistila, jossa ulkoistuimet lis\u00e4\u00e4 toiminnallisuutta.<\/li>\n<li>Luonnonvalo ja yksityisyys: Karkaistut lasi-ikkunat tuovat valoa s\u00e4ilytt\u00e4en samalla yksityisyyden.<\/li>\n<li>S\u00e4\u00e4nkest\u00e4v\u00e4 katto: Kest\u00e4v\u00e4 kattomateriaali, joka on suunniteltu kaikkiin vuodenaikoihin.<\/li>\n<\/ul>\n<p><strong>Mit\u00e4 pakkaus sis\u00e4lt\u00e4\u00e4<\/strong><\/p>\n<ul>\n<li>Valmis sauna (kokoamaton).<\/li>\n<li>Puinen ovi ikkunalla ja karkaistut lasi-ikkunat.<\/li>\n<li>Karkaistu lasinen v\u00e4liovi kahvalla ja saranoilla<\/li>\n<li>Kiukaan alla ja takasein\u00e4ss\u00e4 palon- ja l\u00e4mm\u00f6nkest\u00e4v\u00e4 minerit-levy<\/li>\n<li>Puoliympyr\u00e4n muotoiset p\u00e4\u00e4tykaaret edess\u00e4 ja takana<\/li>\n<li>Tuuletusaukot<\/li>\n<li>Lattiaritil\u00e4t<\/li>\n<li>L\u00e4mp\u00f6sauna ja ulkopenkit<\/li>\n<li>Kaikki tarvittavat kiinnikkeet ja asennusohjeet<\/li>\n<li>Kattomateriaali bitumipaanuissa (saatavana eri v\u00e4reiss\u00e4).<\/li>\n<\/ul>\n<p><img loading=\"lazy\" decoding=\"async\" class=\"alignnone wp-image-97387\" src=\"https:\/\/factory.sale\/wp-content\/uploads\/2025\/01\/roof-color-options-300x67.webp\" alt=\"\" width=\"484\" height=\"108\" srcset=\"https:\/\/factory.sale\/wp-content\/uploads\/2025\/01\/roof-color-options-300x67.webp 300w, https:\/\/factory.sale\/wp-content\/uploads\/2025\/01\/roof-color-options-150x33.webp 150w, https:\/\/factory.sale\/wp-content\/uploads\/2025\/01\/roof-color-options-600x134.webp 600w, https:\/\/factory.sale\/wp-content\/uploads\/2025\/01\/roof-color-options.webp 754w\" sizes=\"auto, (max-width: 484px) 100vw, 484px\" \/><\/p>\n<p>Huom! Kiuas ei sis\u00e4lly pakkaukseen. <a href=\"https:\/\/factory.sale\/fi\/tuote\/huum-drop-sahkokiuas-9-kw\/\" target=\"_blank\" rel=\"noopener\">Sopivan s\u00e4hk\u00f6kiukaan l\u00f6yd\u00e4t t\u00e4\u00e4lt\u00e4<\/a> ja <a href=\"https:\/\/factory.sale\/fi\/tuote\/puukiuas-harvia-m3\/\" target=\"_blank\" rel=\"noopener\">puul\u00e4mmitteisen kiukaan t\u00e4\u00e4lt\u00e4<\/a>.<\/p>\n<p><strong>Valinnaiset lis\u00e4varusteet (lis\u00e4hintaan):<\/strong><\/p>\n<ul>\n<li>Puolipanoraamaikkuna takasein\u00e4ss\u00e4 (saatavana pronssisena tai peilipintaisena)<\/li>\n<li>T\u00e4yslasinen takasein\u00e4 (saatavana pronssisena tai peilipintaisena)<\/li>\n<li>Lasinen etusein\u00e4 (lasiovella) (saatavana pronssisena tai peilipintaisena)<\/li>\n<li>LED-valonauhat<\/li>\n<li>2 avattavaa ikkunaa<\/li>\n<li>2 avaamatonta ikkunaa<\/li>\n<li>Selk\u00e4nojasarja (2kpl)<\/li>\n<li>Niskatukisarja (2 kpl)<\/li>\n<li>Saunatarvikesarja (\u00e4mp\u00e4ri, kauha ja l\u00e4mp\u00f6mittari)<\/li>\n<li>Vesis\u00e4ili\u00f6 savupiippua varten<\/li>\n<li>Savupiippusarja + l\u00e4mmityskivet<\/li>\n<li>Puukiuas <a href=\"https:\/\/factory.sale\/fi\/tuote\/puulammitin-huum-hive-wood-13-kw\/\" target=\"_blank\" rel=\"noopener\">HUUM HIVE Wood 13 kW<\/a><\/li>\n<li>Puukiuas <a href=\"https:\/\/factory.sale\/fi\/tuote\/huum-hive-flow-puulammitteinen-98kw\/\" target=\"_blank\" rel=\"noopener\">HUUM HIVE Flow 9,8 kW<\/a><\/li>\n<li>S\u00e4hk\u00f6kiuas <a href=\"https:\/\/factory.sale\/fi\/tuote\/sahkokiuas-huum-hive-12kw\/\" target=\"_blank\" rel=\"noopener\">HUUM HIVE 12 kW<\/a><\/li>\n<li>S\u00e4hk\u00f6kiuas <a href=\"https:\/\/factory.sale\/fi\/tuote\/sahkokiuas-harvia-cilindro-pc90-9kw\/\" target=\"_blank\" rel=\"noopener\">Harvia PC90<\/a><\/li>\n<li>S\u00e4hk\u00f6kiuas <a href=\"https:\/\/factory.sale\/fi\/tuote\/sahkokiuas-huum-hive-mini-9kw\/\" target=\"_blank\" rel=\"noopener\">HUUM HIVE Mini 9 kW<\/a><\/li>\n<li>S\u00e4hk\u00f6kiuas <a href=\"https:\/\/factory.sale\/fi\/tuote\/huum-drop-sahkokiuas-9-kw\/\" target=\"_blank\" rel=\"noopener\">HUUM DROP 9 kW<\/a><\/li>\n<\/ul>\n","protected":false},"excerpt":{"rendered":"<p>Ehala 400 tynnyrisauna yhdist\u00e4\u00e4 l\u00e4mp\u00f6k\u00e4sitellyn puun kest\u00e4vyyden ja tilavan sek\u00e4 k\u00e4yt\u00e4nn\u00f6llisen suunnittelun. Ehala 400 tynnyrisauna on 4 metrin l\u00e4mp\u00f6puusauna, johon mahtuu mukavasti 6 henkil\u00f6\u00e4. Klassisen muotoilunsa, kest\u00e4vien materiaaliensa ja ulkoistuimiensa ansiosta se on t\u00e4ydellinen valinta rentoutumiseen ja seurusteluun ymp\u00e4ri vuoden.<\/p>\n","protected":false},"featured_media":96709,"comment_status":"open","ping_status":"closed","template":"","meta":{"_acf_changed":false},"factory":[],"free-shipment":[],"product_brand":[],"product_cat":[1121,1317,1644],"product_tag":[3816,3653,3819],"class_list":{"0":"post-97473","1":"product","2":"type-product","3":"status-publish","4":"has-post-thumbnail","6":"product_cat-saniteetti","7":"product_cat-sauna-fi","8":"product_cat-tynnyrisauna","9":"product_tag-modern-sauna-design-fi","10":"product_tag-outdoor-sauna-with-seating-fi","11":"product_tag-thermowood-sauna-fi","13":"first","14":"instock","15":"sale","16":"taxable","17":"shipping-taxable","18":"purchasable","19":"product-type-simple"},"acf":[],"_links":{"self":[{"href":"https:\/\/factory.sale\/fi\/wp-json\/wp\/v2\/product\/97473","targetHints":{"allow":["GET"]}}],"collection":[{"href":"https:\/\/factory.sale\/fi\/wp-json\/wp\/v2\/product"}],"about":[{"href":"https:\/\/factory.sale\/fi\/wp-json\/wp\/v2\/types\/product"}],"replies":[{"embeddable":true,"href":"https:\/\/factory.sale\/fi\/wp-json\/wp\/v2\/comments?post=97473"}],"wp:featuredmedia":[{"embeddable":true,"href":"https:\/\/factory.sale\/fi\/wp-json\/wp\/v2\/media\/96709"}],"wp:attachment":[{"href":"https:\/\/factory.sale\/fi\/wp-json\/wp\/v2\/media?parent=97473"}],"wp:term":[{"taxonomy":"factory","embeddable":true,"href":"https:\/\/factory.sale\/fi\/wp-json\/wp\/v2\/factory?post=97473"},{"taxonomy":"free-shipment","embeddable":true,"href":"https:\/\/factory.sale\/fi\/wp-json\/wp\/v2\/free-shipment?post=97473"},{"taxonomy":"product_brand","embeddable":true,"href":"https:\/\/factory.sale\/fi\/wp-json\/wp\/v2\/product_brand?post=97473"},{"taxonomy":"product_cat","embeddable":true,"href":"https:\/\/factory.sale\/fi\/wp-json\/wp\/v2\/product_cat?post=97473"},{"taxonomy":"product_tag","embeddable":true,"href":"https:\/\/factory.sale\/fi\/wp-json\/wp\/v2\/product_tag?post=97473"}],"curies":[{"name":"wp","href":"https:\/\/api.w.org\/{rel}","templated":true}]}}