{"id":97472,"date":"2025-01-11T19:18:27","date_gmt":"2025-01-11T16:18:30","guid":{"rendered":"https:\/\/factory.sale\/?post_type=product&#038;p=97472"},"modified":"2026-03-29T13:51:38","modified_gmt":"2026-03-29T10:51:38","slug":"ehala-400-tynnyrisauna-4m-pukuhuoneella-ja-ulkopenkilla","status":"publish","type":"product","link":"https:\/\/factory.sale\/fi\/tuote\/ehala-400-tynnyrisauna-4m-pukuhuoneella-ja-ulkopenkilla\/","title":{"rendered":"&#8220;Ehala 400&#8221; tynnyrisauna &#8211; 4m, pukuhuoneella ja ulkopenkill\u00e4"},"content":{"rendered":"<p>Ehala 400 sauna on suunniteltu henkil\u00f6ille, jotka arvostavat laatua, toimivuutta ja ajattomia ratkaisuja. T\u00e4m\u00e4 klassinen tynnyrisauna ei ole pelkk\u00e4 sauna \u2013 se on tila, jossa voit l\u00f6yt\u00e4\u00e4 rauhan, rentoutua pitk\u00e4n p\u00e4iv\u00e4n j\u00e4lkeen ja viett\u00e4\u00e4 laatuaikaa perheen tai yst\u00e4vien kanssa.<\/p>\n<p>Korkealaatuisesta pohjoismaisesta kuusesta valmistettu Ehala 400 yhdist\u00e4\u00e4 kest\u00e4vyyden ja eleganssin. Sis\u00e4tiloissa on viihtyis\u00e4 saunahuone, k\u00e4yt\u00e4nn\u00f6llinen pukeutumistila ja terassi virkistyst\u00e4 tai juoman nauttimista varten saunak\u00e4ynnin j\u00e4lkeen. T\u00e4m\u00e4 sauna ei ole vain lis\u00e4 kiinteist\u00f6si; se on el\u00e4m\u00e4ntapap\u00e4ivitys, joka tarjoaa sinulle mahdollisuuden rentoutua omassa yksityisess\u00e4 lomakohteessasi.<\/p>\n<p><strong>Tekniset tiedot<\/strong><\/p>\n<ul>\n<li>Pituus: 4000 mm<\/li>\n<li>Halkaisija: 2050mm \/ 2300mm<\/li>\n<li>Sivusein\u00e4t: 42 mm<\/li>\n<li>P\u00e4\u00e4tysein\u00e4t: 28 mm<\/li>\n<li>Materiaali: Korkealaatuinen skandinaavinen kuusi, k\u00e4sittelem\u00e4t\u00f6n<\/li>\n<li>Saunan lauteet: Lepp\u00e4, k\u00e4sittelem\u00e4t\u00f6n <a href=\"https:\/\/factory.sale\/fi\/tuote\/variton-oljy-saunan-lauteille-supi-laudesuoja-1l\/\" target=\"_blank\" rel=\"noopener\">Tikkurila Sauna SUPI -sarjaa<\/a>.<\/li>\n<li>Saunan lauteiden syvyys: 520 mm<\/li>\n<li>Istuinkorkeus: 630 mm<\/li>\n<li>Ikkunat: Karkaistu lasi, 67 cm x 30 cm<\/li>\n<li>Ulko-ovi: 1650 mm x 590 mm, puinen ovi lasipaneelilla (665 mm x 300 mm)<\/li>\n<li>Lukitusovi: 1690 mm x 590 mm, 8 mm karkaistu lasi pronssin s\u00e4vyss\u00e4<\/li>\n<li>Paino: 1050 kg<\/li>\n<li>Pakkauksen mitat: 400 cm x 120 cm x 120 cm<\/li>\n<\/ul>\n<p><strong>T\u00e4rkeimm\u00e4t ominaisuudet<\/strong><\/p>\n<ul>\n<li>Ajaton tynnyrisuunnittelu: Tyylik\u00e4s ja toimiva, sulautuu t\u00e4ydellisesti kaikkiin ulkotiloihin.<\/li>\n<li>Monik\u00e4ytt\u00f6inen pohjaratkaisu: Sis\u00e4lt\u00e4\u00e4 saunatilan, pukeutumistilan ja terassin vilvoittelua tai seurustelua varten.<\/li>\n<li>Kest\u00e4v\u00e4 rakenne: Rakennettu 42 mm paksusta pohjoismaisesta kuusesta lis\u00e4en pitk\u00e4ik\u00e4isyytt\u00e4 ja eristyst\u00e4.<\/li>\n<li>Valoisa ja kutsuva: Varustettu karkaistuilla lasi-ikkunoilla, jotka tuovat luonnonvaloa s\u00e4ilytt\u00e4en samalla yksityisyyden.<\/li>\n<li>S\u00e4\u00e4nkest\u00e4v\u00e4 katto: Varmistaa ymp\u00e4rivuotisen k\u00e4ytett\u00e4vyyden erilaisissa s\u00e4\u00e4olosuhteissa.<\/li>\n<\/ul>\n<p><strong>Mit\u00e4 pakkaus sis\u00e4lt\u00e4\u00e4<\/strong><\/p>\n<ul>\n<li>Valmis sauna (kokoamaton).<\/li>\n<li>Puinen ovi ikkunalla ja karkaistut lasi-ikkunat.<\/li>\n<li>Karkaistu lasinen v\u00e4liovi kahvalla ja saranoilla<\/li>\n<li>Kiukaan alla ja takasein\u00e4ss\u00e4 palon- ja l\u00e4mm\u00f6nkest\u00e4v\u00e4 minerit-levy<\/li>\n<li>Puoliympyr\u00e4n muotoiset p\u00e4\u00e4tykaaret edess\u00e4 ja takana<\/li>\n<li>Tuuletusaukot<\/li>\n<li>Lattiaritil\u00e4t<\/li>\n<li>Lepp\u00e4sauna ja ulkopenkit<\/li>\n<li>Kaikki tarvittavat kiinnikkeet ja asennusohjeet<\/li>\n<li>Kattomateriaali bitumipaanuissa (saatavana eri v\u00e4reiss\u00e4).<\/li>\n<\/ul>\n<p><img loading=\"lazy\" decoding=\"async\" class=\"alignnone wp-image-97387\" src=\"https:\/\/factory.sale\/wp-content\/uploads\/2025\/01\/roof-color-options-300x67.webp\" alt=\"\" width=\"484\" height=\"108\" srcset=\"https:\/\/factory.sale\/wp-content\/uploads\/2025\/01\/roof-color-options-300x67.webp 300w, https:\/\/factory.sale\/wp-content\/uploads\/2025\/01\/roof-color-options-150x33.webp 150w, https:\/\/factory.sale\/wp-content\/uploads\/2025\/01\/roof-color-options-600x134.webp 600w, https:\/\/factory.sale\/wp-content\/uploads\/2025\/01\/roof-color-options.webp 754w\" sizes=\"auto, (max-width: 484px) 100vw, 484px\" \/><\/p>\n<p>Huomio! Pakkaukseen ei sis\u00e4lly kiuasta. L\u00f6yd\u00e4t <a href=\"https:\/\/factory.sale\/fi\/tuote\/sahkokiuas-huum-hive-12kw\/\" target=\"_blank\" rel=\"noopener\">sopivan s\u00e4hk\u00f6kiukaan t\u00e4\u00e4lt\u00e4<\/a> ja<a href=\"https:\/\/factory.sale\/fi\/tuote\/puukiuas-harvia-20-pro\/\" target=\"_blank\" rel=\"noopener\"> puul\u00e4mmitteisen kiukaan t\u00e4\u00e4lt\u00e4.<\/a><\/p>\n<p><strong>Valinnaiset lis\u00e4varusteet (lis\u00e4hintaan):<\/strong><\/p>\n<ul>\n<li>Puolipanoraamaikkuna takasein\u00e4ss\u00e4 (saatavana pronssisena tai peilipintaisena)<\/li>\n<li>T\u00e4yslasinen takasein\u00e4 (saatavana pronssisena tai peilipintaisena)<\/li>\n<li>Lasinen etusein\u00e4 (lasiovella) (saatavana pronssisena tai peilipintaisena)<\/li>\n<li>LED-valonauhat<\/li>\n<li>2 avattavaa ikkunaa<\/li>\n<li>2 avaamatonta ikkunaa<\/li>\n<li>Selk\u00e4nojasarja (2kpl)<\/li>\n<li>Niskatukisarja (2 kpl)<\/li>\n<li>Saunatarvikesarja (\u00e4mp\u00e4ri, kauha ja l\u00e4mp\u00f6mittari)<\/li>\n<li>Vesis\u00e4ili\u00f6 savupiippua varten<\/li>\n<li>Savupiippusarja + l\u00e4mmityskivet<\/li>\n<li>Puukiuas <a href=\"https:\/\/factory.sale\/fi\/tuote\/puulammitin-huum-hive-wood-13-kw\/\" target=\"_blank\" rel=\"noopener\">HUUM HIVE Wood 13 kW<\/a><\/li>\n<li>Puukiuas <a href=\"https:\/\/factory.sale\/fi\/tuote\/huum-hive-flow-puulammitteinen-98kw\/\" target=\"_blank\" rel=\"noopener\">HUUM HIVE Flow 9,8 kW<\/a><\/li>\n<li>S\u00e4hk\u00f6kiuas <a href=\"https:\/\/factory.sale\/fi\/tuote\/sahkokiuas-huum-hive-12kw\/\" target=\"_blank\" rel=\"noopener\">HUUM HIVE 12 kW<\/a><\/li>\n<li>S\u00e4hk\u00f6kiuas <a href=\"https:\/\/factory.sale\/fi\/tuote\/sahkokiuas-harvia-cilindro-pc90-9kw\/\" target=\"_blank\" rel=\"noopener\">Harvia PC90<\/a><\/li>\n<li>S\u00e4hk\u00f6kiuas <a href=\"https:\/\/factory.sale\/fi\/tuote\/sahkokiuas-huum-hive-mini-9kw\/\" target=\"_blank\" rel=\"noopener\">HUUM HIVE Mini 9 kW<\/a><\/li>\n<li>S\u00e4hk\u00f6kiuas <a href=\"https:\/\/factory.sale\/fi\/tuote\/huum-drop-sahkokiuas-9-kw\/\" target=\"_blank\" rel=\"noopener\">HUUM DROP 9 kW<\/a><\/li>\n<\/ul>\n","protected":false},"excerpt":{"rendered":"<p>Ehala 400 sauna on suunniteltu niille, jotka etsiv\u00e4t t\u00e4ydellist\u00e4 saunael\u00e4myst\u00e4 takapihalleen tai veden \u00e4\u00e4rell\u00e4 oleskeluun. Ajattoman tynnyrin muotoilun, tilavan ulkoasun ja kest\u00e4vien materiaalien ansiosta se on t\u00e4ydellinen pakopaikka rentoutumiseen ja virkistymiseen.<\/p>\n","protected":false},"featured_media":97236,"comment_status":"open","ping_status":"closed","template":"","meta":{"_acf_changed":false},"factory":[],"free-shipment":[],"product_brand":[],"product_cat":[1121,1317,1644],"product_tag":[1651,3637,3816,2105],"class_list":{"0":"post-97472","1":"product","2":"type-product","3":"status-publish","4":"has-post-thumbnail","6":"product_cat-saniteetti","7":"product_cat-sauna-fi","8":"product_cat-tynnyrisauna","9":"product_tag-barrel-sauna-fi","10":"product_tag-ehala-400-sauna-fi","11":"product_tag-modern-sauna-design-fi","12":"product_tag-outdoor-sauna-fi","14":"first","15":"instock","16":"sale","17":"taxable","18":"shipping-taxable","19":"purchasable","20":"product-type-simple"},"acf":[],"_links":{"self":[{"href":"https:\/\/factory.sale\/fi\/wp-json\/wp\/v2\/product\/97472","targetHints":{"allow":["GET"]}}],"collection":[{"href":"https:\/\/factory.sale\/fi\/wp-json\/wp\/v2\/product"}],"about":[{"href":"https:\/\/factory.sale\/fi\/wp-json\/wp\/v2\/types\/product"}],"replies":[{"embeddable":true,"href":"https:\/\/factory.sale\/fi\/wp-json\/wp\/v2\/comments?post=97472"}],"wp:featuredmedia":[{"embeddable":true,"href":"https:\/\/factory.sale\/fi\/wp-json\/wp\/v2\/media\/97236"}],"wp:attachment":[{"href":"https:\/\/factory.sale\/fi\/wp-json\/wp\/v2\/media?parent=97472"}],"wp:term":[{"taxonomy":"factory","embeddable":true,"href":"https:\/\/factory.sale\/fi\/wp-json\/wp\/v2\/factory?post=97472"},{"taxonomy":"free-shipment","embeddable":true,"href":"https:\/\/factory.sale\/fi\/wp-json\/wp\/v2\/free-shipment?post=97472"},{"taxonomy":"product_brand","embeddable":true,"href":"https:\/\/factory.sale\/fi\/wp-json\/wp\/v2\/product_brand?post=97472"},{"taxonomy":"product_cat","embeddable":true,"href":"https:\/\/factory.sale\/fi\/wp-json\/wp\/v2\/product_cat?post=97472"},{"taxonomy":"product_tag","embeddable":true,"href":"https:\/\/factory.sale\/fi\/wp-json\/wp\/v2\/product_tag?post=97472"}],"curies":[{"name":"wp","href":"https:\/\/api.w.org\/{rel}","templated":true}]}}