{"id":97446,"date":"2025-01-11T19:12:31","date_gmt":"2025-01-11T16:12:34","guid":{"rendered":"https:\/\/factory.sale\/?post_type=product&#038;p=97446"},"modified":"2026-03-29T14:03:30","modified_gmt":"2026-03-29T11:03:30","slug":"ehala-280-tynnyrisauna-2-8m-ulkoistuimilla","status":"publish","type":"product","link":"https:\/\/factory.sale\/fi\/tuote\/ehala-280-tynnyrisauna-2-8m-ulkoistuimilla\/","title":{"rendered":"&#8220;Ehala 280&#8221; tynnyrisauna \u2013 2.8m, ulkoistuimilla"},"content":{"rendered":"<p>Koe rentoutuminen Ehala 280 tynnyrisaunassa \u2013 t\u00e4ydellinen valinta sek\u00e4 yksityiseen k\u00e4ytt\u00f6\u00f6n ett\u00e4 yst\u00e4vien kanssa saunomiseen. Tilava 2,8 metrin pituinen tynnyrisauna tarjoaa autenttisen saunael\u00e4myksen ymp\u00e4ri vuoden. Korkealaatuisista materiaaleista valmistettu ja kest\u00e4v\u00e4ll\u00e4 katteella varustettu sauna sopii erinomaisesti mihin tahansa pihaymp\u00e4rist\u00f6\u00f6n. Ulkoistuimet lis\u00e4\u00e4v\u00e4t k\u00e4yt\u00e4nn\u00f6llisyytt\u00e4, tarjoten mukavan paikan rentoutumiseen ennen saunomista tai sen j\u00e4lkeen.<\/p>\n<p>Saunan tilava sis\u00e4tila sopii jopa nelj\u00e4lle hengelle ja tarjoaa tarpeeksi tilaa rentoutumiseen ja nautiskeluun. Harkittu muotoilu ja laadukkaasta pohjoismaisesta kuusesta valmistetut vahvat sein\u00e4paneelit takaavat kest\u00e4vyyden ja pitk\u00e4n k\u00e4ytt\u00f6i\u00e4n, tarjoten samalla erinomaisen l\u00e4mm\u00f6neristyksen.<\/p>\n<p><strong>Tekniset tiedot<\/strong><\/p>\n<ul>\n<li>Pituus: 2800 mm<\/li>\n<li>Halkaisija: 2050 mm<\/li>\n<li>Sivusein\u00e4t: 42 mm<\/li>\n<li>P\u00e4\u00e4tysein\u00e4t: 28 mm<\/li>\n<li>Materiaali: Korkealaatuinen skandinaavinen kuusi, k\u00e4sittelem\u00e4t\u00f6n<\/li>\n<li>Saunan lauteet: Lepp\u00e4, k\u00e4sittelem\u00e4t\u00f6n. Puunsuojaukseen suosittelemme <a href=\"https:\/\/factory.sale\/fi\/tuote\/variton-oljy-saunan-lauteille-supi-laudesuoja-1l\/\" target=\"_blank\" rel=\"noopener\">Tikkurila Sauna SUPI -sarjaa<\/a>.<\/li>\n<li>Saunan lauteiden syvyys: 525 mm<\/li>\n<li>Istuinkorkeus 630 mm<\/li>\n<li>Ikkunat: Karkaistu lasi, 67 cm x 30 cm<\/li>\n<li>Ovi: 1650 mm x 590 mm, puinen ovi lasipaneelilla (665 mm x 300 mm)<\/li>\n<li>Paino: noin 800 kg<\/li>\n<li>Pakkauksen mitat: 280 x 120 x 90 cm<\/li>\n<\/ul>\n<p><strong>T\u00e4rkeimm\u00e4t ominaisuudet<\/strong><\/p>\n<ul>\n<li>Kest\u00e4v\u00e4 rakenne: Valmistettu korkealaatuisesta pohjoismaisesta kuusipuusta, suunniteltu kest\u00e4m\u00e4\u00e4n erilaisissa s\u00e4\u00e4olosuhteissa.<\/li>\n<li>Tehokas l\u00e4mm\u00f6nkierto: Tynnyrin muotoinen muotoilu takaa tasaisen l\u00e4mm\u00f6n ja mukavan saunakokemuksen.<\/li>\n<li>Kompakti muotoilu: mahtuu pienempiin ulkotiloihin ja tarjoaa silti riitt\u00e4v\u00e4sti tilaa kuudelle hengelle.<\/li>\n<li>Integroidut oleskelutilat: Saunan edess\u00e4 on penkit, joilla voi nauttia raikkaasta ilmasta.<\/li>\n<li>Joustavat l\u00e4mmitysvaihtoehdot: Yhteensopiva sek\u00e4 s\u00e4hk\u00f6- ett\u00e4 puul\u00e4mmittimien kanssa.<\/li>\n<li>S\u00e4\u00e4nkest\u00e4v\u00e4 katto: Kest\u00e4v\u00e4 kattomateriaali takaa pitk\u00e4n k\u00e4ytt\u00f6i\u00e4n kaikissa ilmastoissa.<\/li>\n<li>Toimitetaan kokoamattomana kuljetuksen helpottamiseksi.<\/li>\n<\/ul>\n<p><strong>Mit\u00e4 pakkaus sis\u00e4lt\u00e4\u00e4<\/strong><\/p>\n<ul>\n<li>Valmis sauna (kokoamaton)<\/li>\n<li>Puinen ovi lasipaneelilla<\/li>\n<li>Kiukaan alla ja takasein\u00e4ss\u00e4 palon- ja l\u00e4mm\u00f6nkest\u00e4v\u00e4 minerit-levy<\/li>\n<li>Puoliympyr\u00e4n muotoiset p\u00e4\u00e4tykaaret edess\u00e4 ja takana<\/li>\n<li>Tuuletusaukot<\/li>\n<li>Lattiaritil\u00e4t<\/li>\n<li>L\u00e4mp\u00f6puiset saunan lauteet<\/li>\n<li>Kaikki tarvittavat kiinnikkeet ja asennusohjeet<\/li>\n<li>Kattomateriaali bitumipaanuissa (saatavana eri v\u00e4reiss\u00e4).<\/li>\n<\/ul>\n<p><img loading=\"lazy\" decoding=\"async\" class=\"alignnone wp-image-97387\" src=\"https:\/\/factory.sale\/wp-content\/uploads\/2025\/01\/roof-color-options-300x67.webp\" alt=\"\" width=\"484\" height=\"108\" srcset=\"https:\/\/factory.sale\/wp-content\/uploads\/2025\/01\/roof-color-options-300x67.webp 300w, https:\/\/factory.sale\/wp-content\/uploads\/2025\/01\/roof-color-options-150x33.webp 150w, https:\/\/factory.sale\/wp-content\/uploads\/2025\/01\/roof-color-options-600x134.webp 600w, https:\/\/factory.sale\/wp-content\/uploads\/2025\/01\/roof-color-options.webp 754w\" sizes=\"auto, (max-width: 484px) 100vw, 484px\" \/><\/p>\n<p>Huom! Kiuas ei sis\u00e4lly pakkaukseen. <a href=\"https:\/\/factory.sale\/fi\/tuote\/huum-drop-sahkokiuas-9-kw\/\" target=\"_blank\" rel=\"noopener\">Sopivan s\u00e4hk\u00f6kiukaan l\u00f6yd\u00e4t t\u00e4\u00e4lt\u00e4<\/a> ja <a href=\"https:\/\/factory.sale\/fi\/tuote\/puukiuas-harvia-m3\/\" target=\"_blank\" rel=\"noopener\">puul\u00e4mmitteisen kiukaan t\u00e4\u00e4lt\u00e4<\/a>.<\/p>\n<p><strong>Valinnaiset lis\u00e4varusteet (lis\u00e4hintaan):<\/strong><\/p>\n<ul>\n<li>Puolipanoraamaikkuna takasein\u00e4ss\u00e4 (saatavana pronssisena tai peilipintaisena)<\/li>\n<li>T\u00e4yslasinen takasein\u00e4 (saatavana pronssisena tai peilipintaisena)<\/li>\n<li>Lasinen etusein\u00e4 (lasiovella) (saatavana pronssisena tai peilipintaisena)<\/li>\n<li>LED-valonauhat<\/li>\n<li>2 avattavaa ikkunaa<\/li>\n<li>2 avaamatonta ikkunaa<\/li>\n<li>Selk\u00e4nojasarja (2 kpl)<\/li>\n<li>Niskatukisarja (2 kpl)<\/li>\n<li>Saunatarvikesarja (\u00e4mp\u00e4ri, kauha ja l\u00e4mp\u00f6mittari)<\/li>\n<li>Vesis\u00e4ili\u00f6 savupiippua varten<\/li>\n<li>Savupiippusarja + l\u00e4mmityskivet<\/li>\n<li>Puul\u00e4mmitteinen kiuas <a href=\"https:\/\/factory.sale\/fi\/tuote\/puukiuas-harvia-m3\/\" target=\"_blank\" rel=\"noopener\">Harvia M3<\/a><\/li>\n<li>Puukiuas <a href=\"https:\/\/factory.sale\/fi\/tuote\/puulammitin-huum-hive-wood-13-kw\/\" target=\"_blank\" rel=\"noopener\">HUUM HIVE Wood 13 kW<\/a><\/li>\n<li>Puukiuas <a href=\"https:\/\/factory.sale\/fi\/tuote\/huum-hive-flow-puulammitteinen-98kw\/\" target=\"_blank\" rel=\"noopener\">HUUM HIVE Flow 9,8 kW<\/a><\/li>\n<li>S\u00e4hk\u00f6kiuas <a href=\"https:\/\/factory.sale\/fi\/tuote\/sahkokiuas-huum-hive-12kw\/\" target=\"_blank\" rel=\"noopener\">HUUM HIVE 12 kW<\/a><\/li>\n<li>S\u00e4hk\u00f6kiuas <a href=\"https:\/\/factory.sale\/fi\/tuote\/sahkokiuas-harvia-cilindro-pc90-9kw\/\" target=\"_blank\" rel=\"noopener\">Harvia PC90<\/a><\/li>\n<li>S\u00e4hk\u00f6kiuas <a href=\"https:\/\/factory.sale\/fi\/tuote\/sahkokiuas-huum-hive-mini-9kw\/\" target=\"_blank\" rel=\"noopener\">HUUM HIVE Mini 9 kW<\/a><\/li>\n<li>S\u00e4hk\u00f6kiuas <a href=\"https:\/\/factory.sale\/fi\/tuote\/huum-drop-sahkokiuas-9-kw\/\" target=\"_blank\" rel=\"noopener\">HUUM DROP 9 kW<\/a><\/li>\n<\/ul>\n<p>&nbsp;<\/p>\n","protected":false},"excerpt":{"rendered":"<p>Ehala 280 tynnyrisauna on t\u00e4ydellinen yhdistelm\u00e4 perinteist\u00e4 muotoilua ja modernia toiminnallisuutta. T\u00e4m\u00e4 2,8 metrin pituinen sauna sopii erinomaisesti niin yksityisiin hetkiin kuin yhteisiin saunakokemuksiin yst\u00e4vien kanssa. Tilava sis\u00e4tila, kest\u00e4v\u00e4t materiaalit ja k\u00e4yt\u00e4nn\u00f6lliset ulkoistuimet tekev\u00e4t t\u00e4st\u00e4 saunasta t\u00e4ydellisen lis\u00e4n mihin tahansa pihaan.<\/p>\n","protected":false},"featured_media":96853,"comment_status":"open","ping_status":"closed","template":"","meta":{"_acf_changed":false},"factory":[],"free-shipment":[],"product_brand":[],"product_cat":[1121,1317,1644],"product_tag":[3656,1651,3651,876,3654,2105],"class_list":{"0":"post-97446","1":"product","2":"type-product","3":"status-publish","4":"has-post-thumbnail","6":"product_cat-saniteetti","7":"product_cat-sauna-fi","8":"product_cat-tynnyrisauna","9":"product_tag-backyard-sauna-fi","10":"product_tag-barrel-sauna-fi","11":"product_tag-compact-sauna-fi","12":"product_tag-home-spa-fi","13":"product_tag-nordic-spruce-sauna-fi","14":"product_tag-outdoor-sauna-fi","16":"first","17":"instock","18":"sale","19":"taxable","20":"shipping-taxable","21":"purchasable","22":"product-type-simple"},"acf":[],"_links":{"self":[{"href":"https:\/\/factory.sale\/fi\/wp-json\/wp\/v2\/product\/97446","targetHints":{"allow":["GET"]}}],"collection":[{"href":"https:\/\/factory.sale\/fi\/wp-json\/wp\/v2\/product"}],"about":[{"href":"https:\/\/factory.sale\/fi\/wp-json\/wp\/v2\/types\/product"}],"replies":[{"embeddable":true,"href":"https:\/\/factory.sale\/fi\/wp-json\/wp\/v2\/comments?post=97446"}],"wp:featuredmedia":[{"embeddable":true,"href":"https:\/\/factory.sale\/fi\/wp-json\/wp\/v2\/media\/96853"}],"wp:attachment":[{"href":"https:\/\/factory.sale\/fi\/wp-json\/wp\/v2\/media?parent=97446"}],"wp:term":[{"taxonomy":"factory","embeddable":true,"href":"https:\/\/factory.sale\/fi\/wp-json\/wp\/v2\/factory?post=97446"},{"taxonomy":"free-shipment","embeddable":true,"href":"https:\/\/factory.sale\/fi\/wp-json\/wp\/v2\/free-shipment?post=97446"},{"taxonomy":"product_brand","embeddable":true,"href":"https:\/\/factory.sale\/fi\/wp-json\/wp\/v2\/product_brand?post=97446"},{"taxonomy":"product_cat","embeddable":true,"href":"https:\/\/factory.sale\/fi\/wp-json\/wp\/v2\/product_cat?post=97446"},{"taxonomy":"product_tag","embeddable":true,"href":"https:\/\/factory.sale\/fi\/wp-json\/wp\/v2\/product_tag?post=97446"}],"curies":[{"name":"wp","href":"https:\/\/api.w.org\/{rel}","templated":true}]}}