{"id":97437,"date":"2025-01-11T19:11:58","date_gmt":"2025-01-11T16:12:02","guid":{"rendered":"https:\/\/factory.sale\/?post_type=product&#038;p=97437"},"modified":"2026-03-29T14:13:02","modified_gmt":"2026-03-29T11:13:02","slug":"ehala-250-tynnyrisauna-2-5m-terassilla","status":"publish","type":"product","link":"https:\/\/factory.sale\/fi\/tuote\/ehala-250-tynnyrisauna-2-5m-terassilla\/","title":{"rendered":"&#8220;Ehala 250&#8221; tynnyrisauna &#8211; 2.5m, terassilla"},"content":{"rendered":"<p>Ehala 250 tynnyrisauna yhdist\u00e4\u00e4 k\u00e4yt\u00e4nn\u00f6llisyyden ja perinteisen saunasuunnittelun, tarjoten mukavan ja tehokkaan saunakokemuksen kuudelle hengelle. Klassinen tynnyrimuotoilu varmistaa tasaisen l\u00e4mm\u00f6n jakautumisen, luoden miellytt\u00e4v\u00e4n ja rentouttavan ilmapiirin. Kompaktin kokonsa ansiosta 2,5 metrin pituinen sauna sopii helposti mihin tahansa ulkotilaan ja se on erinomainen valinta heille, jotka arvostavat saunaperinteit\u00e4 ja modernia mukavuutta.<\/p>\n<p>Ensiluokkaisesta pohjoismaisesta kuusesta valmistettu Ehala 250 on valmistettu kest\u00e4m\u00e4\u00e4n kovimpiakin s\u00e4\u00e4olosuhteita. Ulkoistuinalue lis\u00e4\u00e4 k\u00e4yt\u00e4nn\u00f6llisyytt\u00e4, tarjoten t\u00e4ydellisen paikan rentoutumiseen saunomiskertojen v\u00e4lill\u00e4. Helposti koottava ja kest\u00e4v\u00e4 rakenne tuo perinteisen saunakulttuurin l\u00e4helle kotiasi.<\/p>\n<p><strong>Tekniset tiedot<\/strong><\/p>\n<ul>\n<li>Pituus 2500 mm<\/li>\n<li>Halkaisija: 2050mm \/ 2300mm<\/li>\n<li>P\u00e4\u00e4tysein\u00e4t: 28 mm<\/li>\n<li>Sivusein\u00e4t: 42 mm<\/li>\n<li>Materiaali: Korkealaatuinen skandinaavinen kuusi, k\u00e4sittelem\u00e4t\u00f6n<\/li>\n<li>Saunan lauteet: Lepp\u00e4, k\u00e4sittelem\u00e4t\u00f6n. Puunsuojaukseen suosittelemme <a href=\"https:\/\/factory.sale\/fi\/tuote\/variton-oljy-saunan-lauteille-supi-laudesuoja-1l\/\" target=\"_blank\" rel=\"noopener\">Tikkurila Sauna SUPI -sarjaa<\/a>.<\/li>\n<li>Saunan lauteiden syvyys: 520 mm<\/li>\n<li>Oven mitat: 160 cm x 59 cm<\/li>\n<li>Ikkunat: 2 x 67 cm x 30 cm, karkaistu lasi<\/li>\n<li>Paino: 750 kg<\/li>\n<li>Pakkauksen mitat: 250 cm x 120 cm x 120 cm<\/li>\n<\/ul>\n<p><strong>T\u00e4rkeimm\u00e4t ominaisuudet<\/strong><\/p>\n<ul>\n<li>Kompakti ja k\u00e4yt\u00e4nn\u00f6llinen: Soveltuu pienemmille ulkoalueille, mutta tarjoaa silti tilaa kuudelle hengelle.<\/li>\n<li>Tehokas l\u00e4mm\u00f6njako: Tynnyrisaunan muotoilu takaa tasaisen l\u00e4mm\u00f6n ja miellytt\u00e4v\u00e4n saunakokemuksen.<\/li>\n<li>Kest\u00e4v\u00e4 rakenne: Valmistettu s\u00e4\u00e4nkest\u00e4v\u00e4st\u00e4 pohjoismaisesta kuusipuusta pitk\u00e4kestoiseen k\u00e4ytt\u00f6\u00f6n.<\/li>\n<li>Ulkoistuinalue: Integroidut ulkopenkit tarjoavat paikan rentoutua ja vilvoitella.<\/li>\n<li>Mukautettavat l\u00e4mmitysvaihtoehdot: Soveltuu sek\u00e4 s\u00e4hk\u00f6- ett\u00e4 puul\u00e4mmitteisiin kiukaisiin jokaisen k\u00e4ytt\u00e4j\u00e4n tarpeisiin.<\/li>\n<\/ul>\n<p><strong>Mit\u00e4 pakkaus sis\u00e4lt\u00e4\u00e4<\/strong><\/p>\n<ul>\n<li>Valmiit saunapaneelit (kokoamattomat).<\/li>\n<li>Puinen ovi ikkunalla ja karkaistut lasi-ikkunat.<\/li>\n<li>Kiukaan alla ja takasein\u00e4ss\u00e4 palon- ja l\u00e4mm\u00f6nkest\u00e4v\u00e4 minerit-levy<\/li>\n<li>Ilmanvaihtoj\u00e4rjestelm\u00e4<\/li>\n<li>Lattiaritil\u00e4t<\/li>\n<li>Saunan lauteet, lepp\u00e4<\/li>\n<li>Kaikki tarvittavat kiinnikkeet ja ohjeet.<\/li>\n<li>Kattomateriaali: bitumipaanu (musta, ruskea, harmaa, punainen tai vihre\u00e4)<\/li>\n<\/ul>\n<p><img loading=\"lazy\" decoding=\"async\" class=\"alignnone wp-image-97387\" src=\"https:\/\/factory.sale\/wp-content\/uploads\/2025\/01\/roof-color-options-300x67.webp\" alt=\"\" width=\"484\" height=\"108\" srcset=\"https:\/\/factory.sale\/wp-content\/uploads\/2025\/01\/roof-color-options-300x67.webp 300w, https:\/\/factory.sale\/wp-content\/uploads\/2025\/01\/roof-color-options-150x33.webp 150w, https:\/\/factory.sale\/wp-content\/uploads\/2025\/01\/roof-color-options-600x134.webp 600w, https:\/\/factory.sale\/wp-content\/uploads\/2025\/01\/roof-color-options.webp 754w\" sizes=\"auto, (max-width: 484px) 100vw, 484px\" \/><\/p>\n<p>Huom! Kiuas ei sis\u00e4lly pakkaukseen. <a href=\"https:\/\/factory.sale\/fi\/tuote\/huum-drop-sahkokiuas-9-kw\/\" target=\"_blank\" rel=\"noopener\">Sopivan s\u00e4hk\u00f6kiukaan l\u00f6yd\u00e4t t\u00e4\u00e4lt\u00e4<\/a> ja <a href=\"https:\/\/factory.sale\/fi\/tuote\/puukiuas-harvia-m3\/\" target=\"_blank\" rel=\"noopener\">puul\u00e4mmitteisen kiukaan t\u00e4\u00e4lt\u00e4<\/a>.<\/p>\n<p><strong>Valinnaiset lis\u00e4varusteet (lis\u00e4hintaan):<\/strong><\/p>\n<ul>\n<li>Puolipanoraamaikkuna takasein\u00e4ss\u00e4 (saatavana pronssisena tai peilipintaisena)<\/li>\n<li>T\u00e4yslasinen takasein\u00e4 (saatavana pronssisena tai peilipintaisena)<\/li>\n<li>Lasinen etusein\u00e4 (lasiovella) (saatavana pronssisena tai peilipintaisena)<\/li>\n<li>LED-valonauhat<\/li>\n<li>2 avattavaa ikkunaa<\/li>\n<li>2 avaamatonta ikkunaa<\/li>\n<li>Selk\u00e4nojasarja (2 kpl)<\/li>\n<li>Niskatukisarja (2 kpl)<\/li>\n<li>Saunatarvikesarja (\u00e4mp\u00e4ri, kauha ja l\u00e4mp\u00f6mittari)<\/li>\n<li>Vesis\u00e4ili\u00f6 savupiippua varten<\/li>\n<li>Savupiippusarja + l\u00e4mmityskivet<\/li>\n<li>Puul\u00e4mmitteinen kiuas <a href=\"https:\/\/factory.sale\/fi\/tuote\/puukiuas-harvia-m3\/\" target=\"_blank\" rel=\"noopener\">Harvia M3<\/a><\/li>\n<li>Puukiuas <a href=\"https:\/\/factory.sale\/fi\/tuote\/puulammitin-huum-hive-wood-13-kw\/\" target=\"_blank\" rel=\"noopener\">HUUM HIVE Wood 13 kW<\/a><\/li>\n<li>Puukiuas <a href=\"https:\/\/factory.sale\/fi\/tuote\/huum-hive-flow-puulammitteinen-98kw\/\" target=\"_blank\" rel=\"noopener\">HUUM HIVE Flow 9,8 kW<\/a><\/li>\n<li>S\u00e4hk\u00f6kiuas <a href=\"https:\/\/factory.sale\/fi\/tuote\/sahkokiuas-huum-hive-12kw\/\" target=\"_blank\" rel=\"noopener\">HUUM HIVE 12 kW<\/a><\/li>\n<li>S\u00e4hk\u00f6kiuas <a href=\"https:\/\/factory.sale\/fi\/tuote\/sahkokiuas-harvia-cilindro-pc90-9kw\/\" target=\"_blank\" rel=\"noopener\">Harvia PC90<\/a><\/li>\n<li>S\u00e4hk\u00f6kiuas <a href=\"https:\/\/factory.sale\/fi\/tuote\/sahkokiuas-huum-hive-mini-9kw\/\" target=\"_blank\" rel=\"noopener\">HUUM HIVE Mini 9 kW<\/a><\/li>\n<li>S\u00e4hk\u00f6kiuas <a href=\"https:\/\/factory.sale\/fi\/tuote\/huum-drop-sahkokiuas-9-kw\/\" target=\"_blank\" rel=\"noopener\">HUUM DROP 9 kW<\/a><\/li>\n<\/ul>\n","protected":false},"excerpt":{"rendered":"<p>Koe perinteisen saunakulttuurin ilo Ehala 250 tynnyrisaunassa. T\u00e4m\u00e4 2,5 metrinen sauna yhdist\u00e4\u00e4 ajattoman muotoilun ja modernin k\u00e4yt\u00e4nn\u00f6llisyyden, ollen t\u00e4ydellinen lis\u00e4 mihin tahansa ulkotilaan.<\/p>\n","protected":false},"featured_media":96807,"comment_status":"open","ping_status":"closed","template":"","meta":{"_acf_changed":false},"factory":[],"free-shipment":[],"product_brand":[],"product_cat":[1121,1317,1644],"product_tag":[3652,3656,3651,3650,3654,3653,3655],"class_list":{"0":"post-97437","1":"product","2":"type-product","3":"status-publish","4":"has-post-thumbnail","6":"product_cat-saniteetti","7":"product_cat-sauna-fi","8":"product_cat-tynnyrisauna","9":"product_tag-4-person-sauna-fi","10":"product_tag-backyard-sauna-fi","11":"product_tag-compact-sauna-fi","12":"product_tag-ehala-250-barrel-sauna-fi","13":"product_tag-nordic-spruce-sauna-fi","14":"product_tag-outdoor-sauna-with-seating-fi","15":"product_tag-small-barrel-sauna-fi","17":"first","18":"instock","19":"sale","20":"taxable","21":"shipping-taxable","22":"purchasable","23":"product-type-simple"},"acf":[],"_links":{"self":[{"href":"https:\/\/factory.sale\/fi\/wp-json\/wp\/v2\/product\/97437","targetHints":{"allow":["GET"]}}],"collection":[{"href":"https:\/\/factory.sale\/fi\/wp-json\/wp\/v2\/product"}],"about":[{"href":"https:\/\/factory.sale\/fi\/wp-json\/wp\/v2\/types\/product"}],"replies":[{"embeddable":true,"href":"https:\/\/factory.sale\/fi\/wp-json\/wp\/v2\/comments?post=97437"}],"wp:featuredmedia":[{"embeddable":true,"href":"https:\/\/factory.sale\/fi\/wp-json\/wp\/v2\/media\/96807"}],"wp:attachment":[{"href":"https:\/\/factory.sale\/fi\/wp-json\/wp\/v2\/media?parent=97437"}],"wp:term":[{"taxonomy":"factory","embeddable":true,"href":"https:\/\/factory.sale\/fi\/wp-json\/wp\/v2\/factory?post=97437"},{"taxonomy":"free-shipment","embeddable":true,"href":"https:\/\/factory.sale\/fi\/wp-json\/wp\/v2\/free-shipment?post=97437"},{"taxonomy":"product_brand","embeddable":true,"href":"https:\/\/factory.sale\/fi\/wp-json\/wp\/v2\/product_brand?post=97437"},{"taxonomy":"product_cat","embeddable":true,"href":"https:\/\/factory.sale\/fi\/wp-json\/wp\/v2\/product_cat?post=97437"},{"taxonomy":"product_tag","embeddable":true,"href":"https:\/\/factory.sale\/fi\/wp-json\/wp\/v2\/product_tag?post=97437"}],"curies":[{"name":"wp","href":"https:\/\/api.w.org\/{rel}","templated":true}]}}