{"id":97434,"date":"2025-01-11T19:11:54","date_gmt":"2025-01-11T16:11:57","guid":{"rendered":"https:\/\/factory.sale\/?post_type=product&#038;p=97434"},"modified":"2026-03-29T14:15:51","modified_gmt":"2026-03-29T11:15:51","slug":"ehala-280-deluxe-tynnyrisauna-2-8m-termopuusta-tayskorkealla-lasiseinalla","status":"publish","type":"product","link":"https:\/\/factory.sale\/fi\/tuote\/ehala-280-deluxe-tynnyrisauna-2-8m-termopuusta-tayskorkealla-lasiseinalla\/","title":{"rendered":"&#8220;Ehala 280 deluxe&#8221; tynnyrisauna \u2013 2.8m, termopuusta, t\u00e4yskorkealla lasisein\u00e4ll\u00e4"},"content":{"rendered":"<p>Ehala 280 deluxe tynnyrisauna on suunniteltu t\u00e4ydelliseksi lis\u00e4ksi m\u00f6kille, j\u00e4rven rannalle tai omalle pihalle. T\u00e4m\u00e4 termopuusta valmistettu saunamalli yhdist\u00e4\u00e4 laadukkaan k\u00e4sity\u00f6n, kest\u00e4vyyden ja modernin muotoilun. T\u00e4yskorkea lasisein\u00e4 tuo sis\u00e4lle runsaasti luonnonvaloa ja tarjoaa upeat n\u00e4kym\u00e4t j\u00e4rvelle tai luontoon.<\/p>\n<p>2,8 metrin pituinen ja nelj\u00e4lle hengelle sopiva Ehala 280 deluxe on erinomainen valinta perheelle tai yst\u00e4vien kanssa saunomiseen. Tynnyrisaunan perinteinen muoto takaa tehokkaan l\u00e4mm\u00f6n kierron ja rentouttavan saunakokemuksen. Termopuun k\u00e4ytt\u00f6 lis\u00e4\u00e4 saunan kest\u00e4vyytt\u00e4 ja antaa sille kauniin, ajattoman ulkon\u00e4\u00f6n.<\/p>\n<p><strong>Tekniset tiedot<\/strong><\/p>\n<ul>\n<li>Pituus: 2800 mm<\/li>\n<li>Halkaisija: 2050 mm<\/li>\n<li>Sivusein\u00e4t: 42 mm<\/li>\n<li>P\u00e4\u00e4tysein\u00e4t: 28 mm<\/li>\n<li>Etusein\u00e4m\u00e4n materiaali: karkaistu lasi<\/li>\n<li>Takasein\u00e4- ja sivumateriaali: l\u00e4mp\u00f6puu, m\u00e4nty<\/li>\n<li>Saunan lauteet: l\u00e4mp\u00f6puu, haapa<\/li>\n<li>Saunan lauteiden syvyys: 525 mm<\/li>\n<li>Istuinkorkeus 630 mm<\/li>\n<li>Ovi: 160 cm x 59 cm, 8 mm karkaistu lasi pronssis\u00e4vyinen<\/li>\n<li>Paino: noin 800 kg<\/li>\n<li>Pakkauksen mitat: 280 x 120 x 90 cm<\/li>\n<\/ul>\n<p><strong>Avainominaisuudet<\/strong><\/p>\n<ul>\n<li>Tyylik\u00e4s viimeistely: S\u00e4\u00e4nkest\u00e4v\u00e4 ja pitk\u00e4kestoinen luonnonpuun kauneus ja karkaistu lasinen etusein\u00e4.<\/li>\n<li>Tehokas l\u00e4mm\u00f6nkierto: Tynnyrin muotoinen muotoilu takaa tasaisen l\u00e4mm\u00f6n ja mukavan saunakokemuksen.<\/li>\n<li>Kompakti muotoilu: mahtuu pienempiin ulkotiloihin ja tarjoaa silti riitt\u00e4v\u00e4sti tilaa kuudelle hengelle.<\/li>\n<li>Integroidut oleskelutilat: Saunan edess\u00e4 on penkit, joilla voi nauttia raikkaasta ilmasta.<\/li>\n<li>Joustavat l\u00e4mmitysvaihtoehdot: Yhteensopiva sek\u00e4 s\u00e4hk\u00f6- ett\u00e4 puul\u00e4mmittimien kanssa.<\/li>\n<li>S\u00e4\u00e4nkest\u00e4v\u00e4 katto: Kest\u00e4v\u00e4 kattomateriaali takaa pitk\u00e4n k\u00e4ytt\u00f6i\u00e4n kaikissa ilmastoissa.<\/li>\n<li>Toimitetaan kokoamattomana kuljetuksen helpottamiseksi.<\/li>\n<\/ul>\n<p><strong>Mit\u00e4 pakkaus sis\u00e4lt\u00e4\u00e4<\/strong><\/p>\n<ul>\n<li>Valmis sauna (kokoamaton)<\/li>\n<li>Puinen ovi lasipaneelilla<\/li>\n<li>Kiukaan alla ja takasein\u00e4ss\u00e4 palon- ja l\u00e4mm\u00f6nkest\u00e4v\u00e4 minerit-levy<\/li>\n<li>Puoliympyr\u00e4n muotoiset p\u00e4\u00e4tykaaret edess\u00e4 ja takana<\/li>\n<li>Tuuletusaukot<\/li>\n<li>Lattiaritil\u00e4t<\/li>\n<li>L\u00e4mp\u00f6sauna ja ulkopenkit<\/li>\n<li>Kaikki tarvittavat kiinnikkeet ja asennusohjeet<\/li>\n<li>Kattomateriaali bitumipaanuissa (saatavana eri v\u00e4reiss\u00e4).<\/li>\n<\/ul>\n<p><img loading=\"lazy\" decoding=\"async\" class=\"alignnone wp-image-97387\" src=\"https:\/\/factory.sale\/wp-content\/uploads\/2025\/01\/roof-color-options-300x67.webp\" alt=\"\" width=\"484\" height=\"108\" srcset=\"https:\/\/factory.sale\/wp-content\/uploads\/2025\/01\/roof-color-options-300x67.webp 300w, https:\/\/factory.sale\/wp-content\/uploads\/2025\/01\/roof-color-options-150x33.webp 150w, https:\/\/factory.sale\/wp-content\/uploads\/2025\/01\/roof-color-options-600x134.webp 600w, https:\/\/factory.sale\/wp-content\/uploads\/2025\/01\/roof-color-options.webp 754w\" sizes=\"auto, (max-width: 484px) 100vw, 484px\" \/><\/p>\n<p>Huom! Kiuas ei sis\u00e4lly pakkaukseen. <a href=\"https:\/\/factory.sale\/fi\/tuote\/huum-drop-sahkokiuas-9-kw\/\" target=\"_blank\" rel=\"noopener\">Sopivan s\u00e4hk\u00f6kiukaan l\u00f6yd\u00e4t t\u00e4\u00e4lt\u00e4<\/a> ja <a href=\"https:\/\/factory.sale\/fi\/tuote\/puukiuas-harvia-m3\/\" target=\"_blank\" rel=\"noopener\">puul\u00e4mmitteisen kiukaan t\u00e4\u00e4lt\u00e4<\/a>.<\/p>\n<p><strong>Valinnaiset lis\u00e4varusteet (lis\u00e4hintaan):<\/strong><\/p>\n<ul>\n<li>Puolipanoraamaikkuna takasein\u00e4ss\u00e4 (saatavana pronssisena tai peilipintaisena)<\/li>\n<li>T\u00e4yslasinen takasein\u00e4 (saatavana pronssisena tai peilipintaisena)<\/li>\n<li>Lasinen etusein\u00e4 lasiovella (peilipintaisena)<\/li>\n<li>LED-valonauhat<\/li>\n<li>2 avattavaa ikkunaa<\/li>\n<li>2 avaamatonta ikkunaa<\/li>\n<li>Selk\u00e4nojasarja (2 kpl)<\/li>\n<li>Niskatukisarja (2 kpl)<\/li>\n<li>Saunatarvikesarja (\u00e4mp\u00e4ri, kauha ja l\u00e4mp\u00f6mittari)<\/li>\n<li>Vesis\u00e4ili\u00f6 savupiippua varten<\/li>\n<li>Savupiippusarja + l\u00e4mmityskivet<\/li>\n<li>Puul\u00e4mmitteinen kiuas <a href=\"https:\/\/factory.sale\/fi\/tuote\/puukiuas-harvia-m3\/\" target=\"_blank\" rel=\"noopener\">Harvia M3<\/a><\/li>\n<li>Puukiuas <a href=\"https:\/\/factory.sale\/fi\/tuote\/puulammitin-huum-hive-wood-13-kw\/\" target=\"_blank\" rel=\"noopener\">HUUM HIVE Wood 13 kW<\/a><\/li>\n<li>Puukiuas <a href=\"https:\/\/factory.sale\/fi\/tuote\/huum-hive-flow-puulammitteinen-98kw\/\" target=\"_blank\" rel=\"noopener\">HUUM HIVE Flow 9,8 kW<\/a><\/li>\n<li>S\u00e4hk\u00f6kiuas <a href=\"https:\/\/factory.sale\/fi\/tuote\/sahkokiuas-huum-hive-12kw\/\" target=\"_blank\" rel=\"noopener\">HUUM HIVE 12 kW<\/a><\/li>\n<li>S\u00e4hk\u00f6kiuas <a href=\"https:\/\/factory.sale\/fi\/tuote\/sahkokiuas-harvia-cilindro-pc90-9kw\/\" target=\"_blank\" rel=\"noopener\">Harvia PC90<\/a><\/li>\n<li>S\u00e4hk\u00f6kiuas <a href=\"https:\/\/factory.sale\/fi\/tuote\/sahkokiuas-huum-hive-mini-9kw\/\" target=\"_blank\" rel=\"noopener\">HUUM HIVE Mini 9 kW<\/a><\/li>\n<li>S\u00e4hk\u00f6kiuas <a href=\"https:\/\/factory.sale\/fi\/tuote\/huum-drop-sahkokiuas-9-kw\/\" target=\"_blank\" rel=\"noopener\">HUUM DROP 9 kW<\/a><\/li>\n<\/ul>\n","protected":false},"excerpt":{"rendered":"<p>Nauti Ehala 280 deluxe -tynnyrisaunan eleganssista jossa toiminnallisuus yhdistyy upeisiin n\u00e4kymiin. Sauna on tehty kest\u00e4v\u00e4st\u00e4 l\u00e4mp\u00f6puusta, siin\u00e4 on ergonomiset istuimet ja t\u00e4yslasinen etusein\u00e4. T\u00e4ydellinen valinta rentoutumiseen.<\/p>\n","protected":false},"featured_media":96920,"comment_status":"open","ping_status":"closed","template":"","meta":{"_acf_changed":false},"factory":[],"free-shipment":[],"product_brand":[],"product_cat":[767,798,1642],"product_tag":[],"class_list":{"0":"post-97434","1":"product","2":"type-product","3":"status-publish","4":"has-post-thumbnail","6":"product_cat-sanitary-ware","7":"product_cat-sauna-2","8":"product_cat-barrel-sauna-2","10":"first","11":"instock","12":"sale","13":"taxable","14":"shipping-taxable","15":"purchasable","16":"product-type-simple"},"acf":[],"_links":{"self":[{"href":"https:\/\/factory.sale\/fi\/wp-json\/wp\/v2\/product\/97434","targetHints":{"allow":["GET"]}}],"collection":[{"href":"https:\/\/factory.sale\/fi\/wp-json\/wp\/v2\/product"}],"about":[{"href":"https:\/\/factory.sale\/fi\/wp-json\/wp\/v2\/types\/product"}],"replies":[{"embeddable":true,"href":"https:\/\/factory.sale\/fi\/wp-json\/wp\/v2\/comments?post=97434"}],"wp:featuredmedia":[{"embeddable":true,"href":"https:\/\/factory.sale\/fi\/wp-json\/wp\/v2\/media\/96920"}],"wp:attachment":[{"href":"https:\/\/factory.sale\/fi\/wp-json\/wp\/v2\/media?parent=97434"}],"wp:term":[{"taxonomy":"factory","embeddable":true,"href":"https:\/\/factory.sale\/fi\/wp-json\/wp\/v2\/factory?post=97434"},{"taxonomy":"free-shipment","embeddable":true,"href":"https:\/\/factory.sale\/fi\/wp-json\/wp\/v2\/free-shipment?post=97434"},{"taxonomy":"product_brand","embeddable":true,"href":"https:\/\/factory.sale\/fi\/wp-json\/wp\/v2\/product_brand?post=97434"},{"taxonomy":"product_cat","embeddable":true,"href":"https:\/\/factory.sale\/fi\/wp-json\/wp\/v2\/product_cat?post=97434"},{"taxonomy":"product_tag","embeddable":true,"href":"https:\/\/factory.sale\/fi\/wp-json\/wp\/v2\/product_tag?post=97434"}],"curies":[{"name":"wp","href":"https:\/\/api.w.org\/{rel}","templated":true}]}}