{"id":97422,"date":"2025-01-11T19:11:38","date_gmt":"2025-01-11T16:11:41","guid":{"rendered":"https:\/\/factory.sale\/?post_type=product&#038;p=97422"},"modified":"2026-03-29T14:21:16","modified_gmt":"2026-03-29T11:21:16","slug":"ehala-330-tynnyrisauna-3-3m-pukuhuoneella-ja-terassilla","status":"publish","type":"product","link":"https:\/\/factory.sale\/fi\/tuote\/ehala-330-tynnyrisauna-3-3m-pukuhuoneella-ja-terassilla\/","title":{"rendered":"&#8220;Ehala 330&#8221; tynnyrisauna &#8211; 3.3m, pukuhuoneella ja terassilla"},"content":{"rendered":"<p>Ehala 330 tynnyrisauna yhdist\u00e4\u00e4 laadukkaan muotoilun, toiminnallisuuden ja kest\u00e4vyyden. Tilava 3,3 metrin sauna, jossa on integroitu terassi ja erillinen pukuhuone, tarjoaa t\u00e4ydellisen saunael\u00e4myksen jopa kuudelle henkil\u00f6lle. Korkealaatuisesta puusta valmistettu tynnyrisauna sulautuu harmonisesti m\u00f6kin pihaan, puutarhaan tai j\u00e4rvimaisemaan.<\/p>\n<p>Perinteinen tynnyrimuoto varmistaa tasaisen l\u00e4mm\u00f6n jakautumisen, mik\u00e4 takaa rentouttavan saunael\u00e4myksen. Integroitu terassi lis\u00e4\u00e4 mukavuutta ja tarjoaa paikan viilenty\u00e4 raikkaassa ulkoilmassa. Kest\u00e4v\u00e4 rakenne ja k\u00e4yt\u00e4nn\u00f6lliset ratkaisut tekev\u00e4t t\u00e4st\u00e4 pitk\u00e4aikaisen investoinnin hyvinvointiin.<\/p>\n<p><strong>Tekniset tiedot<\/strong><\/p>\n<ul>\n<li>Pituus: 3300 mm<\/li>\n<li>Halkaisija: 2050mm \/ 2300mm<\/li>\n<li>Sivusein\u00e4t: 42 mm<\/li>\n<li>P\u00e4\u00e4tysein\u00e4t: 28 mm<\/li>\n<li>Materiaali: Korkealaatuinen skandinaavinen kuusi, k\u00e4sittelem\u00e4t\u00f6n<\/li>\n<li>Saunan lauteet: Lepp\u00e4, k\u00e4sittelem\u00e4t\u00f6n. Puunsuojaukseen suosittelemme <a href=\"https:\/\/factory.sale\/fi\/tuote\/variton-oljy-saunan-lauteille-supi-laudesuoja-1l\/\" target=\"_blank\" rel=\"noopener\">Tikkurila Sauna SUPI -sarjaa<\/a>.<\/li>\n<li>Saunan lauteiden syvyys: 520 mm<\/li>\n<li>Istuinkorkeus: 630 mm<\/li>\n<li>Ikkunat: Karkaistu lasi, 67 cm x 30 cm<\/li>\n<li>Ulko-ovi: 1650 mm x 590 mm, puinen ovi lasipaneelilla (665 mm x 300 mm)<\/li>\n<li>Lukitusovi: 1690 mm x 590 mm, 8 mm karkaistu lasi pronssin s\u00e4vyss\u00e4<\/li>\n<li>Paino: 950 kg<\/li>\n<li>Pakkauksen mitat: 330 cm x 120 cm x 120 cm<\/li>\n<\/ul>\n<p><strong>Keskeiset ominaisuudet<\/strong><\/p>\n<ul>\n<li>Suunniteltu mukavuuteen: tarpeeksi tilaa viett\u00e4\u00e4 aikaa perheen ja yst\u00e4vien kanssa tai nauttia rauhallisesta illasta.<\/li>\n<li>Kest\u00e4vyystakuu: Korkealaatuisesta pohjoismaisesta kuusipuusta valmistetut sein\u00e4t takaavat erinomaisen l\u00e4mm\u00f6npid\u00e4tyksen ja kest\u00e4vyyden.<\/li>\n<li>Ajaton muotoilu: Klassinen putkisaunan muoto sopii t\u00e4ydellisesti mihin tahansa luonnonymp\u00e4rist\u00f6\u00f6n &#8211; olipa se sitten puutarhassa tai j\u00e4rven rannalla.<\/li>\n<li>T\u00e4ydellinen saunakokemus: Sis\u00e4lt\u00e4\u00e4 h\u00f6yrysaunan, pukeutumistilan ja ulkoistuinalueen, jossa voit rentoutua saunan j\u00e4lkeen.<\/li>\n<li>Luonnonvalo ja yksityisyys: Karkaistut lasi-ikkunat p\u00e4\u00e4st\u00e4v\u00e4t sis\u00e4\u00e4n valoa s\u00e4ilytt\u00e4en samalla yksityisyyden.<\/li>\n<\/ul>\n<p><strong>Mit\u00e4 pakkaus sis\u00e4lt\u00e4\u00e4<\/strong><\/p>\n<ul>\n<li>Valmis sauna (kokoamaton).<\/li>\n<li>Puinen ovi ikkunalla ja karkaistut lasi-ikkunat.<\/li>\n<li>Karkaistu lasinen v\u00e4liovi kahvalla ja saranoilla<\/li>\n<li>Kiukaan alla ja takasein\u00e4ss\u00e4 palon- ja l\u00e4mm\u00f6nkest\u00e4v\u00e4 minerit-levy<\/li>\n<li>Puoliympyr\u00e4n muotoiset p\u00e4\u00e4tykaaret edess\u00e4 ja takana<\/li>\n<li>Tuuletusaukot<\/li>\n<li>Lattiaritil\u00e4t<\/li>\n<li>Lepp\u00e4puiset saunan lauteet<\/li>\n<li>Kaikki tarvittavat kiinnikkeet ja asennusohjeet<\/li>\n<li>Kattomateriaali bitumipaanuissa (saatavana eri v\u00e4reiss\u00e4).<\/li>\n<\/ul>\n<p><img loading=\"lazy\" decoding=\"async\" class=\"alignnone wp-image-97387\" src=\"https:\/\/factory.sale\/wp-content\/uploads\/2025\/01\/roof-color-options-300x67.webp\" alt=\"\" width=\"484\" height=\"108\" srcset=\"https:\/\/factory.sale\/wp-content\/uploads\/2025\/01\/roof-color-options-300x67.webp 300w, https:\/\/factory.sale\/wp-content\/uploads\/2025\/01\/roof-color-options-150x33.webp 150w, https:\/\/factory.sale\/wp-content\/uploads\/2025\/01\/roof-color-options-600x134.webp 600w, https:\/\/factory.sale\/wp-content\/uploads\/2025\/01\/roof-color-options.webp 754w\" sizes=\"auto, (max-width: 484px) 100vw, 484px\" \/><\/p>\n<p>Huom! Kiuas ei sis\u00e4lly pakkaukseen. <a href=\"https:\/\/factory.sale\/fi\/tuote\/huum-drop-sahkokiuas-9-kw\/\" target=\"_blank\" rel=\"noopener\">Sopivan s\u00e4hk\u00f6kiukaan l\u00f6yd\u00e4t t\u00e4\u00e4lt\u00e4<\/a> ja <a href=\"https:\/\/factory.sale\/fi\/tuote\/puukiuas-harvia-m3\/\" target=\"_blank\" rel=\"noopener\">puul\u00e4mmitteisen kiukaan t\u00e4\u00e4lt\u00e4<\/a>.<\/p>\n<p><strong>Valinnaiset lis\u00e4varusteet (lis\u00e4hintaan)<\/strong><\/p>\n<ul>\n<li>Puolipanoraamaikkuna takasein\u00e4ss\u00e4 (saatavana pronssisena tai peilipintaisena)<\/li>\n<li>T\u00e4yslasinen takasein\u00e4 (saatavana pronssisena tai peilipintaisena)<\/li>\n<li>Lasinen etusein\u00e4 (lasiovella) (saatavana pronssisena tai peilipintaisena)<\/li>\n<li>LED-valonauhat<\/li>\n<li>2 avattavaa ikkunaa<\/li>\n<li>2 avaamatonta ikkunaa<\/li>\n<li>Selk\u00e4nojasarja (2 kpl)<\/li>\n<li>Niskatukisarja (2 kpl)<\/li>\n<li>Saunatarvikesarja (\u00e4mp\u00e4ri, kauha ja l\u00e4mp\u00f6mittari)<\/li>\n<li>Vesis\u00e4ili\u00f6 savupiippua varten<\/li>\n<li>Savupiippusarja + l\u00e4mmityskivet<\/li>\n<li>Puul\u00e4mmitteinen kiuas <a href=\"https:\/\/factory.sale\/fi\/tuote\/puukiuas-harvia-m3\/\" target=\"_blank\" rel=\"noopener\">Harvia M3<\/a><\/li>\n<li>Puukiuas <a href=\"https:\/\/factory.sale\/fi\/tuote\/puulammitin-huum-hive-wood-13-kw\/\" target=\"_blank\" rel=\"noopener\">HUUM HIVE Wood 13 kW<\/a><\/li>\n<li>Puukiuas <a href=\"https:\/\/factory.sale\/fi\/tuote\/huum-hive-flow-puulammitteinen-98kw\/\" target=\"_blank\" rel=\"noopener\">HUUM HIVE Flow 9,8 kW<\/a><\/li>\n<li>S\u00e4hk\u00f6kiuas <a href=\"https:\/\/factory.sale\/fi\/tuote\/sahkokiuas-huum-hive-12kw\/\" target=\"_blank\" rel=\"noopener\">HUUM HIVE 12 kW<\/a><\/li>\n<li>S\u00e4hk\u00f6kiuas <a href=\"https:\/\/factory.sale\/fi\/tuote\/sahkokiuas-harvia-cilindro-pc90-9kw\/\" target=\"_blank\" rel=\"noopener\">Harvia PC90<\/a><\/li>\n<li>S\u00e4hk\u00f6kiuas <a href=\"https:\/\/factory.sale\/fi\/tuote\/sahkokiuas-huum-hive-mini-9kw\/\" target=\"_blank\" rel=\"noopener\">HUUM HIVE Mini 9 kW<\/a><\/li>\n<li>S\u00e4hk\u00f6kiuas <a href=\"https:\/\/factory.sale\/fi\/tuote\/huum-drop-sahkokiuas-9-kw\/\" target=\"_blank\" rel=\"noopener\">HUUM DROP 9 kW<\/a><\/li>\n<\/ul>\n","protected":false},"excerpt":{"rendered":"<p>Ehala 330 tynnyrisauna \u2013 Tilava ja toimiva jopa kuudelle henkil\u00f6lle.<br \/>\nKoe Ehala 330 tynnyrisauna, jossa on terassi ja erillinen pukuhuone. Tilava muotoilu, laadukkaat materiaalit ja k\u00e4yt\u00e4nn\u00f6llinen toiminnallisuus tekev\u00e4t siit\u00e4 t\u00e4ydellisen lis\u00e4n m\u00f6kin pihalle tai j\u00e4rven rantaan.<\/p>\n","protected":false},"featured_media":97008,"comment_status":"open","ping_status":"closed","template":"","meta":{"_acf_changed":false},"factory":[],"free-shipment":[],"product_brand":[],"product_cat":[1121,1317,1644],"product_tag":[3869],"class_list":{"0":"post-97422","1":"product","2":"type-product","3":"status-publish","4":"has-post-thumbnail","6":"product_cat-saniteetti","7":"product_cat-sauna-fi","8":"product_cat-tynnyrisauna","9":"product_tag-changing-room-sauna-fi","11":"first","12":"instock","13":"sale","14":"taxable","15":"shipping-taxable","16":"purchasable","17":"product-type-simple"},"acf":[],"_links":{"self":[{"href":"https:\/\/factory.sale\/fi\/wp-json\/wp\/v2\/product\/97422","targetHints":{"allow":["GET"]}}],"collection":[{"href":"https:\/\/factory.sale\/fi\/wp-json\/wp\/v2\/product"}],"about":[{"href":"https:\/\/factory.sale\/fi\/wp-json\/wp\/v2\/types\/product"}],"replies":[{"embeddable":true,"href":"https:\/\/factory.sale\/fi\/wp-json\/wp\/v2\/comments?post=97422"}],"wp:featuredmedia":[{"embeddable":true,"href":"https:\/\/factory.sale\/fi\/wp-json\/wp\/v2\/media\/97008"}],"wp:attachment":[{"href":"https:\/\/factory.sale\/fi\/wp-json\/wp\/v2\/media?parent=97422"}],"wp:term":[{"taxonomy":"factory","embeddable":true,"href":"https:\/\/factory.sale\/fi\/wp-json\/wp\/v2\/factory?post=97422"},{"taxonomy":"free-shipment","embeddable":true,"href":"https:\/\/factory.sale\/fi\/wp-json\/wp\/v2\/free-shipment?post=97422"},{"taxonomy":"product_brand","embeddable":true,"href":"https:\/\/factory.sale\/fi\/wp-json\/wp\/v2\/product_brand?post=97422"},{"taxonomy":"product_cat","embeddable":true,"href":"https:\/\/factory.sale\/fi\/wp-json\/wp\/v2\/product_cat?post=97422"},{"taxonomy":"product_tag","embeddable":true,"href":"https:\/\/factory.sale\/fi\/wp-json\/wp\/v2\/product_tag?post=97422"}],"curies":[{"name":"wp","href":"https:\/\/api.w.org\/{rel}","templated":true}]}}