{"id":97420,"date":"2025-01-11T19:11:35","date_gmt":"2025-01-11T16:11:38","guid":{"rendered":"https:\/\/factory.sale\/?post_type=product&#038;p=97420"},"modified":"2026-03-29T14:24:34","modified_gmt":"2026-03-29T11:24:34","slug":"ehala-330-tynnyrisauna-3-3m-lampopuusta-pukuhuoneella-ja-katoksella","status":"publish","type":"product","link":"https:\/\/factory.sale\/fi\/tuote\/ehala-330-tynnyrisauna-3-3m-lampopuusta-pukuhuoneella-ja-katoksella\/","title":{"rendered":"&#8220;Ehala 330&#8221; tynnyrisauna \u2013 3.3m, l\u00e4mp\u00f6puusta, pukuhuoneella ja katoksella"},"content":{"rendered":"<p>Ehala 330 tynnyrisauna yhdist\u00e4\u00e4 korkealaatuisen k\u00e4sity\u00f6n, toiminnallisuuden ja modernin muotoilun. Kest\u00e4v\u00e4st\u00e4 l\u00e4mp\u00f6puusta valmistettu 3,3 metrin pituinen sauna on suunniteltu kuudelle henkil\u00f6lle. Siin\u00e4 on mukava pukuhuone ja k\u00e4yt\u00e4nn\u00f6llinen katos. T\u00e4m\u00e4 sauna sopii t\u00e4ydellisesti rentoutumiseen ja sosiaalisiin hetkiin, ollen loistava lis\u00e4 m\u00f6kille tai j\u00e4rvenrantaan.<\/p>\n<p>L\u00e4mp\u00f6puun rakenne takaa erinomaisen s\u00e4\u00e4nkest\u00e4vyyden, pitk\u00e4n k\u00e4ytt\u00f6i\u00e4n ja luonnollisen viimeistelyn. Perinteinen tynnyrim\u00e4inen muotoilu varmistaa tehokkaan l\u00e4mm\u00f6njakautumisen ja miellytt\u00e4v\u00e4n saunael\u00e4myksen. Ehala 330 tynnyrisauna on helppo koota ja se on suunniteltu kest\u00e4m\u00e4\u00e4n. T\u00e4ydellinen niille, jotka arvostavat laatua ja rentoutumista.<\/p>\n<p><strong>Tekniset tiedot:<\/strong><\/p>\n<ul>\n<li>Pituus: 3300 mm<\/li>\n<li>Halkaisija: 2050mm \/ 2300mm<\/li>\n<li>Sivusein\u00e4t: 42 mm<\/li>\n<li>P\u00e4\u00e4tysein\u00e4t: 28 mm<\/li>\n<li>Materiaali: l\u00e4mp\u00f6puu, m\u00e4nty<\/li>\n<li>Saunan lauteet: l\u00e4mp\u00f6puu, haapa<\/li>\n<li>Saunan lauteiden syvyys: 520 mm<\/li>\n<li>Istuinkorkeus: 630 mm<\/li>\n<li>Ikkunat: Karkaistu lasi, 67 cm x 30 cm<\/li>\n<li>Ulko-ovi: 1650 mm x 590 mm, puinen ovi lasipaneelilla (665 mm x 300 mm)<\/li>\n<li>Lukitusovi: 1690 mm x 590 mm, 8 mm karkaistu lasi pronssin s\u00e4vyss\u00e4<\/li>\n<li>Paino: 950 kg<\/li>\n<li>Pakkauksen mitat: 330 cm x 120 cm x 120 cm<\/li>\n<\/ul>\n<p><strong>Avainominaisuudet:<\/strong><\/p>\n<ul>\n<li>Tilava muotoilu: Mahtuu mukavasti kuusi henkil\u00f6\u00e4, sis\u00e4lt\u00e4\u00e4 eteisen ja kattoterassin.<\/li>\n<li>Kest\u00e4v\u00e4 l\u00e4mp\u00f6puurakenne: Pitk\u00e4 k\u00e4ytt\u00f6ik\u00e4, s\u00e4\u00e4nkest\u00e4vyys ja kaunis viimeistely.<\/li>\n<li>Tehokas l\u00e4mm\u00f6nkierto: Tynnyrin muotoinen muotoilu takaa tasaisen l\u00e4mm\u00f6n ja miellytt\u00e4v\u00e4n saunakokemuksen.<\/li>\n<li>Eteinen: Tarjoaa lis\u00e4mukavuutta ja yksityisyytt\u00e4 ennen ja j\u00e4lkeen saunomisen.<\/li>\n<li>Joustavat l\u00e4mmitysvaihtoehdot: Soveltuu k\u00e4ytett\u00e4v\u00e4ksi sek\u00e4 s\u00e4hk\u00f6- ett\u00e4 puukiukaan kanssa.<\/li>\n<\/ul>\n<p><strong>Mit\u00e4 pakkaus sis\u00e4lt\u00e4\u00e4<\/strong><\/p>\n<ul>\n<li>Valmis sauna (kokoamaton).<\/li>\n<li>Puinen ovi ikkunalla ja karkaistut lasi-ikkunat.<\/li>\n<li>Karkaistu lasinen v\u00e4liovi kahvalla ja saranoilla<\/li>\n<li>Kiukaan alla ja takasein\u00e4ss\u00e4 palon- ja l\u00e4mm\u00f6nkest\u00e4v\u00e4 minerit-levy<\/li>\n<li>Puoliympyr\u00e4n muotoiset p\u00e4\u00e4tykaaret edess\u00e4 ja takana<\/li>\n<li>Tuuletusaukot<\/li>\n<li>Lattiaritil\u00e4t<\/li>\n<li>L\u00e4mp\u00f6puiset saunan lauteet<\/li>\n<li>Kaikki tarvittavat kiinnikkeet ja asennusohjeet<\/li>\n<li>Kattomateriaali bitumipaanuissa (saatavana eri v\u00e4reiss\u00e4).<\/li>\n<\/ul>\n<p><img loading=\"lazy\" decoding=\"async\" class=\"alignnone wp-image-97387\" src=\"https:\/\/factory.sale\/wp-content\/uploads\/2025\/01\/roof-color-options-300x67.webp\" alt=\"\" width=\"484\" height=\"108\" srcset=\"https:\/\/factory.sale\/wp-content\/uploads\/2025\/01\/roof-color-options-300x67.webp 300w, https:\/\/factory.sale\/wp-content\/uploads\/2025\/01\/roof-color-options-150x33.webp 150w, https:\/\/factory.sale\/wp-content\/uploads\/2025\/01\/roof-color-options-600x134.webp 600w, https:\/\/factory.sale\/wp-content\/uploads\/2025\/01\/roof-color-options.webp 754w\" sizes=\"auto, (max-width: 484px) 100vw, 484px\" \/><\/p>\n<p>Huom! Kiuas ei sis\u00e4lly pakkaukseen. <a href=\"https:\/\/factory.sale\/fi\/tuote\/huum-drop-sahkokiuas-9-kw\/\" target=\"_blank\" rel=\"noopener\">Sopivan s\u00e4hk\u00f6kiukaan l\u00f6yd\u00e4t t\u00e4\u00e4lt\u00e4<\/a> ja <a href=\"https:\/\/factory.sale\/fi\/tuote\/puukiuas-harvia-m3\/\" target=\"_blank\" rel=\"noopener\">puul\u00e4mmitteisen kiukaan t\u00e4\u00e4lt\u00e4<\/a>.<\/p>\n<p><strong>Valinnaiset lis\u00e4varusteet (lis\u00e4hintaan):<\/strong><\/p>\n<ul>\n<li>Puolipanoraamaikkuna takasein\u00e4ss\u00e4 (saatavana pronssisena tai peilipintaisena)<\/li>\n<li>T\u00e4yslasinen takasein\u00e4 (saatavana pronssisena tai peilipintaisena)<\/li>\n<li>Lasinen etusein\u00e4 (lasiovella) (saatavana pronssisena tai peilipintaisena)<\/li>\n<li>LED-valonauhat<\/li>\n<li>2 avattavaa ikkunaa<\/li>\n<li>2 avaamatonta ikkunaa<\/li>\n<li>Selk\u00e4nojasarja (2 kpl)<\/li>\n<li>Niskatukisarja (2 kpl)<\/li>\n<li>Saunatarvikesarja (\u00e4mp\u00e4ri, kauha ja l\u00e4mp\u00f6mittari)<\/li>\n<li>Vesis\u00e4ili\u00f6 savupiippua varten<\/li>\n<li>Savupiippusarja + l\u00e4mmityskivet<\/li>\n<li>Puul\u00e4mmitteinen kiuas <a href=\"https:\/\/factory.sale\/fi\/tuote\/puukiuas-harvia-m3\/\" target=\"_blank\" rel=\"noopener\">Harvia M3<\/a><\/li>\n<li>Puukiuas <a href=\"https:\/\/factory.sale\/fi\/tuote\/puulammitin-huum-hive-wood-13-kw\/\" target=\"_blank\" rel=\"noopener\">HUUM HIVE Wood 13 kW<\/a><\/li>\n<li>Puukiuas <a href=\"https:\/\/factory.sale\/fi\/tuote\/huum-hive-flow-puulammitteinen-98kw\/\" target=\"_blank\" rel=\"noopener\">HUUM HIVE Flow 9,8 kW<\/a><\/li>\n<li>S\u00e4hk\u00f6kiuas <a href=\"https:\/\/factory.sale\/fi\/tuote\/sahkokiuas-huum-hive-12kw\/\" target=\"_blank\" rel=\"noopener\">HUUM HIVE 12 kW<\/a><\/li>\n<li>S\u00e4hk\u00f6kiuas <a href=\"https:\/\/factory.sale\/fi\/tuote\/sahkokiuas-harvia-cilindro-pc90-9kw\/\" target=\"_blank\" rel=\"noopener\">Harvia PC90<\/a><\/li>\n<li>S\u00e4hk\u00f6kiuas <a href=\"https:\/\/factory.sale\/fi\/tuote\/sahkokiuas-huum-hive-mini-9kw\/\" target=\"_blank\" rel=\"noopener\">HUUM HIVE Mini 9 kW<\/a><\/li>\n<li>S\u00e4hk\u00f6kiuas <a href=\"https:\/\/factory.sale\/fi\/tuote\/huum-drop-sahkokiuas-9-kw\/\" target=\"_blank\" rel=\"noopener\">HUUM DROP 9 kW<\/a><\/li>\n<\/ul>\n<p>&nbsp;<\/p>\n","protected":false},"excerpt":{"rendered":"<p>Koe Ehala 330 tynnyrisaunan mukavuus ja kest\u00e4vyys. Tilava muotoilu, erillinen pukuhuone ja l\u00e4mp\u00f6puurakenne tekev\u00e4t siit\u00e4 t\u00e4ydellisen puutarhaasi tai j\u00e4rven rannalla.<\/p>\n","protected":false},"featured_media":96972,"comment_status":"open","ping_status":"closed","template":"","meta":{"_acf_changed":false},"factory":[],"free-shipment":[],"product_brand":[],"product_cat":[1121,1317,1644],"product_tag":[],"class_list":{"0":"post-97420","1":"product","2":"type-product","3":"status-publish","4":"has-post-thumbnail","6":"product_cat-saniteetti","7":"product_cat-sauna-fi","8":"product_cat-tynnyrisauna","10":"first","11":"instock","12":"sale","13":"taxable","14":"shipping-taxable","15":"purchasable","16":"product-type-simple"},"acf":[],"_links":{"self":[{"href":"https:\/\/factory.sale\/fi\/wp-json\/wp\/v2\/product\/97420","targetHints":{"allow":["GET"]}}],"collection":[{"href":"https:\/\/factory.sale\/fi\/wp-json\/wp\/v2\/product"}],"about":[{"href":"https:\/\/factory.sale\/fi\/wp-json\/wp\/v2\/types\/product"}],"replies":[{"embeddable":true,"href":"https:\/\/factory.sale\/fi\/wp-json\/wp\/v2\/comments?post=97420"}],"wp:featuredmedia":[{"embeddable":true,"href":"https:\/\/factory.sale\/fi\/wp-json\/wp\/v2\/media\/96972"}],"wp:attachment":[{"href":"https:\/\/factory.sale\/fi\/wp-json\/wp\/v2\/media?parent=97420"}],"wp:term":[{"taxonomy":"factory","embeddable":true,"href":"https:\/\/factory.sale\/fi\/wp-json\/wp\/v2\/factory?post=97420"},{"taxonomy":"free-shipment","embeddable":true,"href":"https:\/\/factory.sale\/fi\/wp-json\/wp\/v2\/free-shipment?post=97420"},{"taxonomy":"product_brand","embeddable":true,"href":"https:\/\/factory.sale\/fi\/wp-json\/wp\/v2\/product_brand?post=97420"},{"taxonomy":"product_cat","embeddable":true,"href":"https:\/\/factory.sale\/fi\/wp-json\/wp\/v2\/product_cat?post=97420"},{"taxonomy":"product_tag","embeddable":true,"href":"https:\/\/factory.sale\/fi\/wp-json\/wp\/v2\/product_tag?post=97420"}],"curies":[{"name":"wp","href":"https:\/\/api.w.org\/{rel}","templated":true}]}}