{"id":97396,"date":"2025-01-11T17:21:22","date_gmt":"2025-01-11T14:21:24","guid":{"rendered":"https:\/\/factory.sale\/?post_type=product&#038;p=97396"},"modified":"2026-03-29T14:31:33","modified_gmt":"2026-03-29T11:31:33","slug":"tonttu-kaarisauna-terassilla-3m","status":"publish","type":"product","link":"https:\/\/factory.sale\/fi\/tuote\/tonttu-kaarisauna-terassilla-3m\/","title":{"rendered":"&#8220;Tonttu&#8221; kaarisauna terassilla \u2013 3m"},"content":{"rendered":"<p>Tonttu kaarisauna terassilla \u2013 t\u00e4ydellinen yhdistelm\u00e4 perinteist\u00e4 saunaa ja modernia mukavuutta!<br \/>\nT\u00e4m\u00e4 3 metri\u00e4 pitk\u00e4 kaarisauna on suunniteltu jopa kuudelle henkil\u00f6lle. Se tarjoaa t\u00e4ydellisen saunakokemuksen mukavassa ja tyylikk\u00e4\u00e4ss\u00e4 ymp\u00e4rist\u00f6ss\u00e4. Terassi tuo lis\u00e4tilaa rentoutumiseen ja puumateriaalit varmistavat saunan kest\u00e4vyyden ja luonnollisen ulkon\u00e4\u00f6n.<\/p>\n<p>Saunan moderni kaarirakenne ja laadukkaat materiaalit tekev\u00e4t siit\u00e4 ihanteellisen lis\u00e4n m\u00f6kille, j\u00e4rvenrantaan tai kotiin. Tonttu kaarisauna on t\u00e4ydellinen paikka rentoutua yst\u00e4vien ja perheen kanssa saunomisen lomassa.<\/p>\n<p>Huomioithan, ett\u00e4 sauna toimitetaan kasaamattomana ja se vaatii asiakkaalta kokoamisen.<\/p>\n<p><strong>Tekniset tiedot<\/strong><\/p>\n<ul>\n<li>Mitat (P x L x K): 300 x 240 x 232 cm<\/li>\n<li>Sein\u00e4n paksuus: 42 mm<\/li>\n<li>Ikkunat: Puolikuun muotoiset, koko 67 x 30 cm<\/li>\n<li>Oven koko: 180 x 59 cm<\/li>\n<li>Paino: 900 kg<\/li>\n<li>Pakkauskoko: 300 x 120 x 120 cm<\/li>\n<\/ul>\n<p><strong>Keskeiset ominaisuudet<\/strong><\/p>\n<ul>\n<li>Sopii jopa kuudelle henkil\u00f6lle<\/li>\n<li>Kest\u00e4v\u00e4 ja luonnollinen puumateriaali<\/li>\n<li>Kaarirakenne tarjoaa esteettist\u00e4 ja toiminnallista arvoa<\/li>\n<li>Terassi lis\u00e4rentoutumiseen<\/li>\n<li>Puolikuun muotoiset ikkunat lis\u00e4\u00e4v\u00e4t tyylikkyytt\u00e4 ja valoa<\/li>\n<\/ul>\n<p><strong>Paketin sis\u00e4lt\u00f6<\/strong><\/p>\n<ul>\n<li>Valmiit saunapaneelit (toimitetaan kokoamattomina).<\/li>\n<li>Kiukaan alla ja takasein\u00e4ss\u00e4 tulen- ja l\u00e4mm\u00f6nkest\u00e4v\u00e4 mineriittilevy<\/li>\n<li>Seiniss\u00e4 tuuletusritil\u00e4t<\/li>\n<li>Lasiovi kahvalla ja saranoilla.<\/li>\n<li>Saunapenkit<\/li>\n<li>Kaikki tarvittavat kiinnikkeet ja asennusohjeet.<\/li>\n<li>Katepal bitumikate (musta, ruskea, harmaa, punainen, vihre\u00e4).<\/li>\n<\/ul>\n<p><img loading=\"lazy\" decoding=\"async\" class=\"alignnone wp-image-97387\" src=\"https:\/\/factory.sale\/wp-content\/uploads\/2025\/01\/roof-color-options-300x67.webp\" alt=\"\" width=\"484\" height=\"108\" srcset=\"https:\/\/factory.sale\/wp-content\/uploads\/2025\/01\/roof-color-options-300x67.webp 300w, https:\/\/factory.sale\/wp-content\/uploads\/2025\/01\/roof-color-options-150x33.webp 150w, https:\/\/factory.sale\/wp-content\/uploads\/2025\/01\/roof-color-options-600x134.webp 600w, https:\/\/factory.sale\/wp-content\/uploads\/2025\/01\/roof-color-options.webp 754w\" sizes=\"auto, (max-width: 484px) 100vw, 484px\" \/><\/p>\n<p>Huom! Kiuas ei sis\u00e4lly pakkaukseen. <a href=\"https:\/\/factory.sale\/fi\/tuote\/huum-drop-sahkokiuas-9-kw\/\" target=\"_blank\" rel=\"noopener\">Sopivan s\u00e4hk\u00f6kiukaan l\u00f6yd\u00e4t t\u00e4\u00e4lt\u00e4<\/a> ja <a href=\"https:\/\/factory.sale\/fi\/tuote\/huum-drop-sahkokiuas-9-kw\/\" target=\"_blank\" rel=\"noopener\">puul\u00e4mmitteisen kiukaan t\u00e4\u00e4lt\u00e4<\/a>.<\/p>\n<p><strong>Valinnaiset lis\u00e4t (lis\u00e4maksusta):<\/strong><\/p>\n<ul>\n<li>Saunatarvikesetti: sis\u00e4lt\u00e4\u00e4 \u00e4mp\u00e4rin, kauhan ja l\u00e4mp\u00f6mittarin t\u00e4ydellist\u00e4 saunael\u00e4myst\u00e4 varten.<\/li>\n<li>Ulkoviimeistelyvaihtoehdot.<\/li>\n<li>LED-valaistus sis\u00e4tiloihin ja terassille.<\/li>\n<li>Niskatukisetti (2 kpl).<\/li>\n<li>Selk\u00e4tukisetti (2 kpl).<\/li>\n<\/ul>\n","protected":false},"excerpt":{"rendered":"<p>Tonttu kaarisauna terassilla on 3 metrin pituinen ja suunniteltu jopa kuudelle henkil\u00f6lle. Kest\u00e4v\u00e4st\u00e4 puusta valmistettu sauna sis\u00e4lt\u00e4\u00e4 kaarirakenteen, joka lis\u00e4\u00e4 esteettist\u00e4 arvoa, sek\u00e4 terassin, joka tarjoaa lis\u00e4tilaa rentoutumiseen.<\/p>\n","protected":false},"featured_media":97291,"comment_status":"open","ping_status":"closed","template":"","meta":{"_acf_changed":false},"factory":[],"free-shipment":[],"product_brand":[],"product_cat":[1121,1317,1644],"product_tag":[4452],"class_list":{"0":"post-97396","1":"product","2":"type-product","3":"status-publish","4":"has-post-thumbnail","6":"product_cat-saniteetti","7":"product_cat-sauna-fi","8":"product_cat-tynnyrisauna","9":"product_tag-garden-sauna-fi","11":"first","12":"instock","13":"sale","14":"taxable","15":"shipping-taxable","16":"purchasable","17":"product-type-simple"},"acf":[],"_links":{"self":[{"href":"https:\/\/factory.sale\/fi\/wp-json\/wp\/v2\/product\/97396","targetHints":{"allow":["GET"]}}],"collection":[{"href":"https:\/\/factory.sale\/fi\/wp-json\/wp\/v2\/product"}],"about":[{"href":"https:\/\/factory.sale\/fi\/wp-json\/wp\/v2\/types\/product"}],"replies":[{"embeddable":true,"href":"https:\/\/factory.sale\/fi\/wp-json\/wp\/v2\/comments?post=97396"}],"wp:featuredmedia":[{"embeddable":true,"href":"https:\/\/factory.sale\/fi\/wp-json\/wp\/v2\/media\/97291"}],"wp:attachment":[{"href":"https:\/\/factory.sale\/fi\/wp-json\/wp\/v2\/media?parent=97396"}],"wp:term":[{"taxonomy":"factory","embeddable":true,"href":"https:\/\/factory.sale\/fi\/wp-json\/wp\/v2\/factory?post=97396"},{"taxonomy":"free-shipment","embeddable":true,"href":"https:\/\/factory.sale\/fi\/wp-json\/wp\/v2\/free-shipment?post=97396"},{"taxonomy":"product_brand","embeddable":true,"href":"https:\/\/factory.sale\/fi\/wp-json\/wp\/v2\/product_brand?post=97396"},{"taxonomy":"product_cat","embeddable":true,"href":"https:\/\/factory.sale\/fi\/wp-json\/wp\/v2\/product_cat?post=97396"},{"taxonomy":"product_tag","embeddable":true,"href":"https:\/\/factory.sale\/fi\/wp-json\/wp\/v2\/product_tag?post=97396"}],"curies":[{"name":"wp","href":"https:\/\/api.w.org\/{rel}","templated":true}]}}