{"id":97391,"date":"2025-01-11T13:01:53","date_gmt":"2025-01-11T10:01:55","guid":{"rendered":"https:\/\/factory.sale\/?post_type=product&#038;p=97391"},"modified":"2026-03-29T14:34:38","modified_gmt":"2026-03-29T11:34:38","slug":"tonttu-3m-kaarisauna-termopuusta-terassilla","status":"publish","type":"product","link":"https:\/\/factory.sale\/fi\/tuote\/tonttu-3m-kaarisauna-termopuusta-terassilla\/","title":{"rendered":"&#8220;Tonttu&#8221; 3m kaarisauna termopuusta, terassilla"},"content":{"rendered":"<p>Tonttu kaarisauna tarjoaa ylellisen ja perinteisen saunael\u00e4myksen, joka sopii t\u00e4ydellisesti m\u00f6kin pihapiiriin tai kotiin. Sen ainutlaatuinen kaareva muotoilu ja kest\u00e4v\u00e4 termopuu tekev\u00e4t saunasta modernin ja ymp\u00e4rist\u00f6\u00f6n sulautuvan. Saunassa on k\u00e4tev\u00e4 terassi, jolla voit rentoutua ja nauttia kauniista maisemista ennen saunaa tai sen j\u00e4lkeen.<\/p>\n<p>Tonttu kaarisauna on tilava ja sopii jopa kuudelle hengelle. Termopuun k\u00e4ytt\u00f6 takaa saunan kest\u00e4vyyden ja erinomaisen l\u00e4mm\u00f6neristyksen. Lasinen ovi lis\u00e4\u00e4 valoa ja tilan tuntua. Sauna toimitetaan osina, jolloin sen kuljetus ja asennus on helppoa. Huomioithan, ett\u00e4 kiuas ei sis\u00e4lly toimitukseen, joten voit valita tarpeisiisi sopivan s\u00e4hk\u00f6l\u00e4mmitteisen tai puul\u00e4mmitteisen kiukaan.<\/p>\n<p><strong>Tekniset tiedot:<\/strong><\/p>\n<ul>\n<li>Mitat: 300 x 240 cm<\/li>\n<li>Korkeus: 232 cm<\/li>\n<li>Materiaali: Termopuu<\/li>\n<li>Seinien paksuus: 42 mm<\/li>\n<li>Lasioven mitat: 180 x 59 cm<\/li>\n<li>Paino: 900 kg<\/li>\n<li>Paketin mitat: 300 x 120 x 120 cm<\/li>\n<\/ul>\n<p><strong>T\u00e4rkeimm\u00e4t ominaisuudet:<\/strong><\/p>\n<ul>\n<li>Tilava sauna jopa kuudelle hengelle.<\/li>\n<li>Valmistettu kest\u00e4v\u00e4st\u00e4 termopuusta, joka soveltuu erilaisiin s\u00e4\u00e4olosuhteisiin.<\/li>\n<li>Terassi tarjoaa lis\u00e4tilaa rentoutumiseen ja viilentymiseen.<\/li>\n<li>Kaareva muotoilu luo ainutlaatuisen ja modernin ulkon\u00e4\u00f6n.<\/li>\n<li>Lasinen ovi tuo eleganssia ja luonnonvaloa sis\u00e4tiloihin.<\/li>\n<\/ul>\n<p><strong>Paketti sis\u00e4lt\u00e4\u00e4:<\/strong><\/p>\n<ul>\n<li>Valmiit saunapaneelit (toimitetaan kokoamattomina).<\/li>\n<li>Kiukaan alla ja takasein\u00e4ss\u00e4 tulen- ja l\u00e4mm\u00f6nkest\u00e4v\u00e4 mineriittilevy<\/li>\n<li>Seiniss\u00e4 tuuletusritil\u00e4t<\/li>\n<li>Lasiovi kahvalla ja saranoilla.<\/li>\n<li>Saunapenkit<\/li>\n<li>Kaikki tarvittavat kiinnikkeet ja asennusohjeet.<\/li>\n<li>Katepal bitumikate (musta, ruskea, harmaa, punainen, vihre\u00e4).<\/li>\n<\/ul>\n<p><img loading=\"lazy\" decoding=\"async\" class=\"alignnone wp-image-97387\" src=\"https:\/\/factory.sale\/wp-content\/uploads\/2025\/01\/roof-color-options-300x67.webp\" alt=\"\" width=\"484\" height=\"108\" srcset=\"https:\/\/factory.sale\/wp-content\/uploads\/2025\/01\/roof-color-options-300x67.webp 300w, https:\/\/factory.sale\/wp-content\/uploads\/2025\/01\/roof-color-options-150x33.webp 150w, https:\/\/factory.sale\/wp-content\/uploads\/2025\/01\/roof-color-options-600x134.webp 600w, https:\/\/factory.sale\/wp-content\/uploads\/2025\/01\/roof-color-options.webp 754w\" sizes=\"auto, (max-width: 484px) 100vw, 484px\" \/><\/p>\n<p>Huom! Kiuas ei sis\u00e4lly pakkaukseen. <a href=\"https:\/\/factory.sale\/fi\/tuote\/huum-drop-sahkokiuas-9-kw\/\" target=\"_blank\" rel=\"noopener\">Sopivan s\u00e4hk\u00f6kiukaan l\u00f6yd\u00e4t t\u00e4\u00e4lt\u00e4<\/a> ja <a href=\"https:\/\/factory.sale\/fi\/tuote\/huum-drop-sahkokiuas-9-kw\/\" target=\"_blank\" rel=\"noopener\">puul\u00e4mmitteisen kiukaan t\u00e4\u00e4lt\u00e4<\/a>.<\/p>\n<p><strong>Lis\u00e4varusteet (lis\u00e4maksusta):<\/strong><\/p>\n<ul>\n<li>Saunatarvikesetti: sis\u00e4lt\u00e4\u00e4 \u00e4mp\u00e4rin, kauhan ja l\u00e4mp\u00f6mittarin t\u00e4ydellist\u00e4 saunael\u00e4myst\u00e4 varten.<\/li>\n<li>Ulkoviimeistelyvaihtoehdot.<\/li>\n<li>LED-valaistus sis\u00e4tiloihin ja terassille.<\/li>\n<li>Niskatukisetti (2 kpl).<\/li>\n<li>Selk\u00e4tukisetti (2 kpl).<\/li>\n<\/ul>\n","protected":false},"excerpt":{"rendered":"<p>Tonttu kaarisauna yhdist\u00e4\u00e4 modernin muotoilun ja k\u00e4yt\u00e4nn\u00f6llisyyden tarjoten t\u00e4ydellisen saunael\u00e4myksen. Kest\u00e4v\u00e4st\u00e4 termopuusta valmistettu sauna on tilava ja mukava, ja sen lasiovi lis\u00e4\u00e4 avaruutta ja tyylikkyytt\u00e4. Sauna toimitetaan osina helpon kuljetuksen ja asennuksen takaamiseksi.<\/p>\n","protected":false},"featured_media":97324,"comment_status":"open","ping_status":"closed","template":"","meta":{"_acf_changed":false},"factory":[],"free-shipment":[],"product_brand":[],"product_cat":[1121,1317,1644],"product_tag":[3818,4452,2105,3819],"class_list":{"0":"post-97391","1":"product","2":"type-product","3":"status-publish","4":"has-post-thumbnail","6":"product_cat-saniteetti","7":"product_cat-sauna-fi","8":"product_cat-tynnyrisauna","9":"product_tag-durable-sauna-fi","10":"product_tag-garden-sauna-fi","11":"product_tag-outdoor-sauna-fi","12":"product_tag-thermowood-sauna-fi","14":"first","15":"instock","16":"sale","17":"taxable","18":"shipping-taxable","19":"purchasable","20":"product-type-simple"},"acf":[],"_links":{"self":[{"href":"https:\/\/factory.sale\/fi\/wp-json\/wp\/v2\/product\/97391","targetHints":{"allow":["GET"]}}],"collection":[{"href":"https:\/\/factory.sale\/fi\/wp-json\/wp\/v2\/product"}],"about":[{"href":"https:\/\/factory.sale\/fi\/wp-json\/wp\/v2\/types\/product"}],"replies":[{"embeddable":true,"href":"https:\/\/factory.sale\/fi\/wp-json\/wp\/v2\/comments?post=97391"}],"wp:featuredmedia":[{"embeddable":true,"href":"https:\/\/factory.sale\/fi\/wp-json\/wp\/v2\/media\/97324"}],"wp:attachment":[{"href":"https:\/\/factory.sale\/fi\/wp-json\/wp\/v2\/media?parent=97391"}],"wp:term":[{"taxonomy":"factory","embeddable":true,"href":"https:\/\/factory.sale\/fi\/wp-json\/wp\/v2\/factory?post=97391"},{"taxonomy":"free-shipment","embeddable":true,"href":"https:\/\/factory.sale\/fi\/wp-json\/wp\/v2\/free-shipment?post=97391"},{"taxonomy":"product_brand","embeddable":true,"href":"https:\/\/factory.sale\/fi\/wp-json\/wp\/v2\/product_brand?post=97391"},{"taxonomy":"product_cat","embeddable":true,"href":"https:\/\/factory.sale\/fi\/wp-json\/wp\/v2\/product_cat?post=97391"},{"taxonomy":"product_tag","embeddable":true,"href":"https:\/\/factory.sale\/fi\/wp-json\/wp\/v2\/product_tag?post=97391"}],"curies":[{"name":"wp","href":"https:\/\/api.w.org\/{rel}","templated":true}]}}