{"id":97227,"date":"2025-01-09T15:19:13","date_gmt":"2025-01-13T10:16:00","guid":{"rendered":"https:\/\/factory.sale\/?post_type=product&#038;p=97227"},"modified":"2026-03-29T14:38:06","modified_gmt":"2026-03-29T11:38:06","slug":"ehala-pool-saunatynnyri-16-m","status":"publish","type":"product","link":"https:\/\/factory.sale\/fi\/tuote\/ehala-pool-saunatynnyri-16-m\/","title":{"rendered":"&#8220;Ehala Pool&#8221; saunatynnyri 1,6 m"},"content":{"rendered":"<p>Ehala Allas-saunatynnyri on t\u00e4ydellinen valinta pienille piha-alueille tai uima-altaan viereen. T\u00e4m\u00e4 1,6 metrin pituinen saunatynnyri yhdist\u00e4\u00e4 kompaktin koon, tyylikk\u00e4\u00e4n designin ja laadukkaat materiaalit, tarjoten ainutlaatuisen rentoutumiskokemuksen. Siin\u00e4 on t\u00e4yslasinen etusein\u00e4, ja se tarjoaa ainutlaatuisen panoraaman\u00e4kym\u00e4n, jolloin voit nauttia ymp\u00e4rist\u00f6st\u00e4 samalla kun rentoudut rauhoittavassa l\u00e4mm\u00f6ss\u00e4.<\/p>\n<p>Laadukkaista materiaaleista valmistettu sauna on rakennettu kest\u00e4m\u00e4\u00e4n erilaisia \u200b\u200bs\u00e4\u00e4olosuhteita s\u00e4ilytt\u00e4en samalla elegantin muotoilunsa. Sen tynnyrimuoto varmistaa optimaalisen l\u00e4mm\u00f6n kierron luoden mukavan ja yhten\u00e4isen saunomisen. T\u00e4m\u00e4 sauna on ihanteellinen sek\u00e4 yksityist\u00e4 lomaa etsiville henkil\u00f6ille ett\u00e4 pienille ryhmille, jotka haluavat lis\u00e4t\u00e4 ylellisyytt\u00e4 mihin tahansa ulkoilmaymp\u00e4rist\u00f6\u00f6n.<\/p>\n<p><strong>Tekniset tiedot:<\/strong><\/p>\n<ul>\n<li>Pituus: 1600 mm<\/li>\n<li>Halkaisija: 2050mm \/ 2300mm<\/li>\n<li>Sivusein\u00e4t: 42 mm<\/li>\n<li>P\u00e4\u00e4tysein\u00e4t: 28 mm<\/li>\n<li>Materiaali: l\u00e4mp\u00f6puu, m\u00e4nty<\/li>\n<li>Saunan lauteet: l\u00e4mp\u00f6puu, haapa<\/li>\n<li>Saunan lauteiden syvyys: 520 mm<\/li>\n<li>Ovi: 160 cm x 59 cm, 8 mm karkaistu lasi pronssis\u00e4vyinen<\/li>\n<li>Paino: 600 kg<\/li>\n<li>Pakkauksen mitat: 200 cm x 120 cm x 90 cm<\/li>\n<\/ul>\n<p><strong>Keskeiset ominaisuudet:<\/strong><\/p>\n<ul>\n<li>Kompakti ja tehokas: Vie v\u00e4h\u00e4n tilaa, mutta tarpeeksi suuri mahduttamaan mukavasti jopa 6 henke\u00e4.<\/li>\n<li>T\u00e4yslasinen etusein\u00e4: Panoraaman\u00e4kym\u00e4t ja runsaasti luonnonvaloa.<\/li>\n<li>Kest\u00e4v\u00e4 rakenne: Valmistettu korkealaatuisesta skandinaavisesta kuusesta, joka kest\u00e4\u00e4 \u00e4\u00e4rimm\u00e4isi\u00e4 s\u00e4\u00e4olosuhteita.<\/li>\n<li>Ajaton tynnyrisaunamuotoilu: Klassinen ilme, joka parantaa mit\u00e4 tahansa ulkoilmaa.<\/li>\n<li>Mukava sisustus: Mukavat lauteet miellytt\u00e4v\u00e4\u00e4n saunael\u00e4mykseen.<\/li>\n<li>S\u00e4\u00e4nkest\u00e4v\u00e4 katto: Kest\u00e4v\u00e4 kattomateriaali takaa pitk\u00e4n k\u00e4ytt\u00f6i\u00e4n kaikissa ilmastoissa.<\/li>\n<\/ul>\n<p><strong>Paketin sis\u00e4lt\u00f6:<\/strong><\/p>\n<ul>\n<li>Valmis sauna (kokoamaton)<\/li>\n<li>Lasinen etusein\u00e4<\/li>\n<li>Lasiovi kahvalla ja saranoilla (pronssin s\u00e4vy)<\/li>\n<li>Kiukaan alla ja takasein\u00e4ss\u00e4 palon- ja l\u00e4mm\u00f6nkest\u00e4v\u00e4 minerit-levy<\/li>\n<li>Puoliympyr\u00e4n muotoiset p\u00e4\u00e4tykaaret edess\u00e4 ja takana<\/li>\n<li>Tuuletusaukot<\/li>\n<li>Lattiaritil\u00e4t<\/li>\n<li>Saunan lauteet, haapa<\/li>\n<li>Kaikki tarvittavat kiinnikkeet ja asennusohjeet<\/li>\n<li>Kattomateriaali: bitumipaanu (musta, ruskea, harmaa, punainen tai vihre\u00e4)<\/li>\n<\/ul>\n<p><img loading=\"lazy\" decoding=\"async\" class=\"alignnone wp-image-97387\" src=\"https:\/\/factory.sale\/wp-content\/uploads\/2025\/01\/roof-color-options-300x67.webp\" alt=\"\" width=\"484\" height=\"108\" srcset=\"https:\/\/factory.sale\/wp-content\/uploads\/2025\/01\/roof-color-options-300x67.webp 300w, https:\/\/factory.sale\/wp-content\/uploads\/2025\/01\/roof-color-options-150x33.webp 150w, https:\/\/factory.sale\/wp-content\/uploads\/2025\/01\/roof-color-options-600x134.webp 600w, https:\/\/factory.sale\/wp-content\/uploads\/2025\/01\/roof-color-options.webp 754w\" sizes=\"auto, (max-width: 484px) 100vw, 484px\" \/><\/p>\n<p>Huom! Kiuas ei sis\u00e4lly pakkaukseen. <a href=\"https:\/\/factory.sale\/fi\/tuote\/sahkokiuas-huum-drop-6-kw\/\" target=\"_blank\" rel=\"noopener\">Sopivan s\u00e4hk\u00f6kiukaan l\u00f6yd\u00e4t t\u00e4\u00e4lt\u00e4<\/a>.<\/p>\n<p><strong>Lis\u00e4varusteet (lis\u00e4maksusta):<\/strong><\/p>\n<ul>\n<li>Puolipanoraamaikkuna takasein\u00e4ss\u00e4 (saatavana pronssisena tai peilipintaisena)<\/li>\n<li>T\u00e4yslasinen takasein\u00e4 (saatavana pronssisena tai peilipintaisena)<\/li>\n<li>Lasinen etusein\u00e4 lasiovella (peilipintaisena)<\/li>\n<li>LED-valonauhat<\/li>\n<li>2 avattavaa ikkunaa<\/li>\n<li>2 avaamatonta ikkunaa<\/li>\n<li>Selk\u00e4nojasarja (2 kpl)<\/li>\n<li>Niskatukisarja (2 kpl)<\/li>\n<li>Saunatarvikesarja (\u00e4mp\u00e4ri, kauha ja l\u00e4mp\u00f6mittari)<\/li>\n<li>Vesis\u00e4ili\u00f6 savupiippua varten<\/li>\n<li>Savupiippusarja + l\u00e4mmityskivet<\/li>\n<li>Puul\u00e4mmitteinen kiuas <a href=\"https:\/\/factory.sale\/fi\/tuote\/puukiuas-harvia-m3\/\" target=\"_blank\" rel=\"noopener\">Harvia M3<\/a><\/li>\n<li>Puukiuas <a href=\"https:\/\/factory.sale\/fi\/tuote\/puulammitin-huum-hive-wood-13-kw\/\" target=\"_blank\" rel=\"noopener\">HUUM HIVE Wood 13 kW<\/a><\/li>\n<li>Puukiuas <a href=\"https:\/\/factory.sale\/fi\/tuote\/huum-hive-flow-puulammitteinen-98kw\/\" target=\"_blank\" rel=\"noopener\">HUUM HIVE Flow 9,8 kW<\/a><\/li>\n<li>S\u00e4hk\u00f6kiuas <a href=\"https:\/\/factory.sale\/fi\/tuote\/sahkokiuas-huum-hive-12kw\/\" target=\"_blank\" rel=\"noopener\">HUUM HIVE 12 kW<\/a><\/li>\n<li>S\u00e4hk\u00f6kiuas <a href=\"https:\/\/factory.sale\/fi\/tuote\/sahkokiuas-harvia-cilindro-pc90-9kw\/\" target=\"_blank\" rel=\"noopener\">Harvia PC90<\/a><\/li>\n<li>S\u00e4hk\u00f6kiuas <a href=\"https:\/\/factory.sale\/fi\/tuote\/sahkokiuas-huum-hive-mini-9kw\/\" target=\"_blank\" rel=\"noopener\">HUUM HIVE Mini 9 kW<\/a><\/li>\n<li>S\u00e4hk\u00f6kiuas <a href=\"https:\/\/factory.sale\/fi\/tuote\/huum-drop-sahkokiuas-9-kw\/\" target=\"_blank\" rel=\"noopener\">HUUM DROP 9 kW<\/a><\/li>\n<\/ul>\n","protected":false},"excerpt":{"rendered":"<p>Ehala Pool-saunatynnyri 1,6 m \u2013 Kompakti rentoutumiskeidas.<\/p>\n<p>Lis\u00e4\u00e4 ylellisyytt\u00e4 piha- tai allasalueellesi Ehala-saunatynnyrill\u00e4. T\u00e4yslasinen etusein\u00e4, laadukas kuusipuu ja kompakti muotoilu tekev\u00e4t t\u00e4st\u00e4 saunasta t\u00e4ydellisen valinnan pieneen tilaan.<\/p>\n","protected":false},"featured_media":97209,"comment_status":"open","ping_status":"closed","template":"","meta":{"_acf_changed":false},"factory":[],"free-shipment":[],"product_brand":[],"product_cat":[767,798,1642],"product_tag":[],"class_list":{"0":"post-97227","1":"product","2":"type-product","3":"status-publish","4":"has-post-thumbnail","6":"product_cat-sanitary-ware","7":"product_cat-sauna-2","8":"product_cat-barrel-sauna-2","10":"first","11":"instock","12":"sale","13":"taxable","14":"shipping-taxable","15":"purchasable","16":"product-type-simple"},"acf":[],"_links":{"self":[{"href":"https:\/\/factory.sale\/fi\/wp-json\/wp\/v2\/product\/97227","targetHints":{"allow":["GET"]}}],"collection":[{"href":"https:\/\/factory.sale\/fi\/wp-json\/wp\/v2\/product"}],"about":[{"href":"https:\/\/factory.sale\/fi\/wp-json\/wp\/v2\/types\/product"}],"replies":[{"embeddable":true,"href":"https:\/\/factory.sale\/fi\/wp-json\/wp\/v2\/comments?post=97227"}],"wp:featuredmedia":[{"embeddable":true,"href":"https:\/\/factory.sale\/fi\/wp-json\/wp\/v2\/media\/97209"}],"wp:attachment":[{"href":"https:\/\/factory.sale\/fi\/wp-json\/wp\/v2\/media?parent=97227"}],"wp:term":[{"taxonomy":"factory","embeddable":true,"href":"https:\/\/factory.sale\/fi\/wp-json\/wp\/v2\/factory?post=97227"},{"taxonomy":"free-shipment","embeddable":true,"href":"https:\/\/factory.sale\/fi\/wp-json\/wp\/v2\/free-shipment?post=97227"},{"taxonomy":"product_brand","embeddable":true,"href":"https:\/\/factory.sale\/fi\/wp-json\/wp\/v2\/product_brand?post=97227"},{"taxonomy":"product_cat","embeddable":true,"href":"https:\/\/factory.sale\/fi\/wp-json\/wp\/v2\/product_cat?post=97227"},{"taxonomy":"product_tag","embeddable":true,"href":"https:\/\/factory.sale\/fi\/wp-json\/wp\/v2\/product_tag?post=97227"}],"curies":[{"name":"wp","href":"https:\/\/api.w.org\/{rel}","templated":true}]}}