{"id":97193,"date":"2025-01-08T19:41:12","date_gmt":"2025-01-08T16:59:36","guid":{"rendered":"https:\/\/factory.sale\/?post_type=product&#038;p=97193"},"modified":"2026-04-17T08:57:37","modified_gmt":"2026-04-17T05:57:37","slug":"jaahdytin-jaahdytys-lammitys","status":"publish","type":"product","link":"https:\/\/factory.sale\/fi\/tuote\/jaahdytin-jaahdytys-lammitys\/","title":{"rendered":"J\u00e4\u00e4hdytin, The Spawer Ice Spa 7 kW + suodatinsetti"},"content":{"rendered":"<p><span style=\"text-decoration: underline;\"><strong>J\u00e4\u00e4hdytys- ja l\u00e4mmitysj\u00e4rjestelm\u00e4<\/strong><\/span><\/p>\n<p>Spawer Ice Spa 7 kW j\u00e4\u00e4hdytimess\u00e4 on edistynyt EVI-teknologia, joka toimii tehokkaasti jopa -25 \u00b0C:n l\u00e4mp\u00f6tilassa ja kuluttaa 75 % v\u00e4hemm\u00e4n energiaa kuin perinteiset j\u00e4\u00e4hdyttimet. Sen k\u00e4\u00e4nteistoiminto mahdollistaa l\u00e4mmityksen talvella ja j\u00e4\u00e4hdytyksen kes\u00e4ll\u00e4, tarjoten ymp\u00e4rivuotisen ratkaisun ilman veden tuhlaamista. Integroitu WiFi-ohjaus mahdollistaa l\u00e4mp\u00f6tilan et\u00e4s\u00e4\u00e4d\u00f6n ja toiminnan ajoituksen \u00e4lypuhelinsovelluksen kautta.<br \/>\nPlug &amp; Play -j\u00e4rjestelm\u00e4 ei vaadi ammattilaisen asennusta tai erikoisty\u00f6kaluja, ja se on yhteensopiva kaikkien jopa 1,5 m\u00b3:n kokoisten kylpytynnyrien kanssa. Hiljaisen 28 dB:n toiminta\u00e4\u00e4nen, korroosionkest\u00e4v\u00e4n titaanil\u00e4mm\u00f6nvaihtimen ja kompaktin rakenteensa ansiosta se tarjoaa poikkeuksellisen suorituskyvyn ja mukavuuden kaikissa s\u00e4\u00e4olosuhteissa.<\/p>\n<p>&nbsp;<\/p>\n<p><strong>Hinta sis\u00e4lt\u00e4\u00e4:<\/strong><\/p>\n<ul>\n<li>Kosketusn\u00e4ytt\u00f6<\/li>\n<li>WiFi-yhteys<\/li>\n<li>x2 ohjausrelett\u00e4<\/li>\n<li>Vikavirtasuoja 5 m kaapelilla<\/li>\n<li>Liittimet 32\/38mm (2 sarjaa)<\/li>\n<li>Letkunkiristimet (2 sarjaa)<\/li>\n<li>Suodatinsarja (suodatin, polyeteenisuodatinpallot, 4 m letku, laipat 2 sarjaa, 6 kiristint\u00e4, 2 tulppaa)<\/li>\n<\/ul>\n<p>&nbsp;<\/p>\n<p>Tuotteen mitat (mm): 710x490x500<br \/>\nNetto-\/bruttopaino (kg): 43\/46<\/p>\n<p>&nbsp;<\/p>\n<p><strong>Kaavio, joka n\u00e4ytt\u00e4\u00e4 laitteen 1400 litran j\u00e4\u00e4haudeveden j\u00e4\u00e4hdytyksen ja l\u00e4mmityksen<\/strong><\/p>\n<p><img loading=\"lazy\" decoding=\"async\" class=\"alignnone wp-image-133550\" src=\"https:\/\/factory.sale\/wp-content\/uploads\/2025\/01\/icebath-grafik-1-300x175.webp\" alt=\"\" width=\"414\" height=\"242\" srcset=\"https:\/\/factory.sale\/wp-content\/uploads\/2025\/01\/icebath-grafik-1-300x175.webp 300w, https:\/\/factory.sale\/wp-content\/uploads\/2025\/01\/icebath-grafik-1-150x87.webp 150w, https:\/\/factory.sale\/wp-content\/uploads\/2025\/01\/icebath-grafik-1.webp 555w\" sizes=\"auto, (max-width: 414px) 100vw, 414px\" \/><\/p>\n<p>&nbsp;<\/p>\n<p><strong>Kaavio, joka n\u00e4ytt\u00e4\u00e4 laitteen 320 litran j\u00e4\u00e4haudeveden j\u00e4\u00e4hdytyksen ja l\u00e4mmityksen<\/strong><\/p>\n<p>&nbsp;<\/p>\n<p><img loading=\"lazy\" decoding=\"async\" class=\"alignnone wp-image-133553\" src=\"https:\/\/factory.sale\/wp-content\/uploads\/2025\/01\/icebath-grafik-2-300x181.webp\" alt=\"\" width=\"416\" height=\"251\" srcset=\"https:\/\/factory.sale\/wp-content\/uploads\/2025\/01\/icebath-grafik-2-300x181.webp 300w, https:\/\/factory.sale\/wp-content\/uploads\/2025\/01\/icebath-grafik-2-150x91.webp 150w, https:\/\/factory.sale\/wp-content\/uploads\/2025\/01\/icebath-grafik-2.webp 555w\" sizes=\"auto, (max-width: 416px) 100vw, 416px\" \/><\/p>\n<p>&nbsp;<\/p>\n<p><strong>Tutustu ruostumattomasta ter\u00e4ksest\u00e4 valmistettuun kylm\u00e4vesialtaaseemme <a href=\"https:\/\/factory.sale\/fi\/tuote\/ruostumattomasta-teraksesta-valmistettu-kylmaallas-yhdelle-henkilolle\/\" target=\"_blank\" rel=\"noopener\">t\u00e4\u00e4ll\u00e4<\/a>!<\/strong><\/p>\n<p>&nbsp;<\/p>\n<p>&nbsp;<\/p>\n<p>&nbsp;<\/p>\n","protected":false},"excerpt":{"rendered":"<p>Spawer Ice Spa 7 kW j\u00e4\u00e4hdytimess\u00e4 on edistynyt EVI-teknologia, joka toimii tehokkaasti jopa -25 \u00b0C:n l\u00e4mp\u00f6tilassa ja kuluttaa 75 % v\u00e4hemm\u00e4n energiaa kuin perinteiset j\u00e4\u00e4hdyttimet. Sen k\u00e4\u00e4nteistoiminto mahdollistaa l\u00e4mmityksen talvella ja j\u00e4\u00e4hdytyksen kes\u00e4ll\u00e4, tarjoten ymp\u00e4rivuotisen ratkaisun ilman veden tuhlaamista. Integroitu WiFi-ohjaus mahdollistaa l\u00e4mp\u00f6tilan et\u00e4s\u00e4\u00e4d\u00f6n ja toiminnan ajoituksen \u00e4lypuhelinsovelluksen kautta.<\/p>\n","protected":false},"featured_media":131441,"comment_status":"open","ping_status":"closed","template":"","meta":{"_acf_changed":false},"factory":[],"free-shipment":[],"product_brand":[],"product_cat":[3028,2210],"product_tag":[],"class_list":{"0":"post-97193","1":"product","2":"type-product","3":"status-publish","4":"has-post-thumbnail","6":"product_cat-kulmavesipaljut","7":"product_cat-kylpytynnyrit","9":"first","10":"instock","11":"sale","12":"taxable","13":"shipping-taxable","14":"purchasable","15":"product-type-simple"},"acf":[],"_links":{"self":[{"href":"https:\/\/factory.sale\/fi\/wp-json\/wp\/v2\/product\/97193","targetHints":{"allow":["GET"]}}],"collection":[{"href":"https:\/\/factory.sale\/fi\/wp-json\/wp\/v2\/product"}],"about":[{"href":"https:\/\/factory.sale\/fi\/wp-json\/wp\/v2\/types\/product"}],"replies":[{"embeddable":true,"href":"https:\/\/factory.sale\/fi\/wp-json\/wp\/v2\/comments?post=97193"}],"wp:featuredmedia":[{"embeddable":true,"href":"https:\/\/factory.sale\/fi\/wp-json\/wp\/v2\/media\/131441"}],"wp:attachment":[{"href":"https:\/\/factory.sale\/fi\/wp-json\/wp\/v2\/media?parent=97193"}],"wp:term":[{"taxonomy":"factory","embeddable":true,"href":"https:\/\/factory.sale\/fi\/wp-json\/wp\/v2\/factory?post=97193"},{"taxonomy":"free-shipment","embeddable":true,"href":"https:\/\/factory.sale\/fi\/wp-json\/wp\/v2\/free-shipment?post=97193"},{"taxonomy":"product_brand","embeddable":true,"href":"https:\/\/factory.sale\/fi\/wp-json\/wp\/v2\/product_brand?post=97193"},{"taxonomy":"product_cat","embeddable":true,"href":"https:\/\/factory.sale\/fi\/wp-json\/wp\/v2\/product_cat?post=97193"},{"taxonomy":"product_tag","embeddable":true,"href":"https:\/\/factory.sale\/fi\/wp-json\/wp\/v2\/product_tag?post=97193"}],"curies":[{"name":"wp","href":"https:\/\/api.w.org\/{rel}","templated":true}]}}