{"id":97183,"date":"2025-01-08T18:39:23","date_gmt":"2025-01-08T16:07:08","guid":{"rendered":"https:\/\/factory.sale\/?post_type=product&#038;p=97183"},"modified":"2026-04-03T15:15:09","modified_gmt":"2026-04-03T12:15:09","slug":"ruostumattomasta-teraksesta-valmistettu-kylmaallas-yhdelle-henkilolle","status":"publish","type":"product","link":"https:\/\/factory.sale\/fi\/tuote\/ruostumattomasta-teraksesta-valmistettu-kylmaallas-yhdelle-henkilolle\/","title":{"rendered":"Ruostumattomasta ter\u00e4ksest\u00e4 valmistettu kylm\u00e4allas yhdelle henkil\u00f6lle"},"content":{"rendered":"<p><video style=\"max-width: 100%; height: auto; display: block;\" preload=\"auto\" autoplay=\"autoplay\" loop=\"loop\" muted=\"\" controls=\"controls\" width=\"900\" height=\"1350\"><source src=\"https:\/\/factory.sale\/wp-content\/uploads\/2025\/01\/video-new-ice-bath-with-in-stainless-steel.mp4\" type=\"video\/mp4\" \/>Your browser does not support the video tag.<\/video><\/p>\n<p>Koe t\u00e4ydellinen hyvinvointi ruostumattomasta ter\u00e4ksest\u00e4 valmistetun kylm\u00e4altaamme kanssa, joka on suunniteltu yhdelle henkil\u00f6lle. Kompaktin 86 cm halkaisijan ja 105 cm korkeuden ansiosta se sopii saumattomasti mihin tahansa tilaan, tarjoten silti runsaasti tilaa virkist\u00e4v\u00e4lle kylvylle. Ruostumattomasta ter\u00e4ksest\u00e4 valmistettu 400 litran allas on kest\u00e4v\u00e4 ja toimiva. Tyylik\u00e4s 18 mm paksuinen l\u00e4mp\u00f6k\u00e4sitelty puupinta lis\u00e4\u00e4 luonnollista ja eleganttia ilmett\u00e4.<br \/>\nVoit parantaa p\u00e4ivitt\u00e4ist\u00e4 rutiiniasi valinnaisella ulkoisella j\u00e4\u00e4hdyttimell\u00e4, joka tarjoaa virkist\u00e4v\u00e4\u00e4 kylm\u00e4hoitoa palautumiseen ja uudistumiseen. J\u00e4\u00e4hdytin voi toimia my\u00f6s l\u00e4mmittimen\u00e4, tarjoten tarvittaessa miellytt\u00e4v\u00e4\u00e4 l\u00e4mp\u00f6\u00e4.<br \/>\nT\u00e4m\u00e4 kylm\u00e4allas on t\u00e4ydellinen rentoutumiseen, palautumiseen harjoituksen j\u00e4lkeen tai p\u00e4ivitt\u00e4isen hyvinvointirutiinisi nostamiseen.<\/p>\n<p>&nbsp;<\/p>\n<p>&nbsp;<\/p>\n<p><strong>Peruspaketti sis\u00e4lt\u00e4\u00e4:<\/strong><\/p>\n<p>Ruostumattomasta ter\u00e4ksest\u00e4 valmistettu allas, joka on p\u00e4\u00e4llystetty 18 mm l\u00e4mp\u00f6puulla<br \/>\n2 ruostumattomasta ter\u00e4ksest\u00e4 valmistettua vannetta<br \/>\nL\u00e4mp\u00f6puusta valmistettu istuin<br \/>\nTyhjennyshana<\/p>\n<p>&nbsp;<\/p>\n<p><strong>Tekniset tiedot:<\/strong><\/p>\n<p>Malli: Py\u00f6re\u00e4 \u00d80,86m<br \/>\nKoko: \u00d80,86m<br \/>\nTilavuus (henkil\u00f6\u00e4): 1<br \/>\nTilavuus: 400 l<br \/>\nPaino: 120 kg<br \/>\nTynnyrin korkeus: 1.05 m<br \/>\nTynnyrin syvyys: 0.96 m<br \/>\nIstuinpenkkien korkeus: 320 mm<br \/>\nIstuinpenkkien leveys: 350 mm<br \/>\nL\u00e4mp\u00f6puu verhoilu (pysty laudoitus, paksuus): 18 mm<br \/>\nVedenkest\u00e4v\u00e4: vanerilattia<\/p>\n<p>&nbsp;<\/p>\n<p><img loading=\"lazy\" decoding=\"async\" class=\"alignnone wp-image-131430\" src=\"https:\/\/factory.sale\/wp-content\/uploads\/2025\/01\/Stainless-steel-cold-plunge-tub-for-one-factory-sale-6-160x300.webp\" alt=\"\" width=\"268\" height=\"503\" srcset=\"https:\/\/factory.sale\/wp-content\/uploads\/2025\/01\/Stainless-steel-cold-plunge-tub-for-one-factory-sale-6-160x300.webp 160w, https:\/\/factory.sale\/wp-content\/uploads\/2025\/01\/Stainless-steel-cold-plunge-tub-for-one-factory-sale-6-80x150.webp 80w\" sizes=\"auto, (max-width: 268px) 100vw, 268px\" \/> <img loading=\"lazy\" decoding=\"async\" class=\"alignnone wp-image-131433\" src=\"https:\/\/factory.sale\/wp-content\/uploads\/2025\/01\/Stainless-steel-cold-plunge-tub-for-one-factory-sale-7-138x300.webp\" alt=\"\" width=\"222\" height=\"483\" srcset=\"https:\/\/factory.sale\/wp-content\/uploads\/2025\/01\/Stainless-steel-cold-plunge-tub-for-one-factory-sale-7-138x300.webp 138w, https:\/\/factory.sale\/wp-content\/uploads\/2025\/01\/Stainless-steel-cold-plunge-tub-for-one-factory-sale-7-470x1024.webp 470w, https:\/\/factory.sale\/wp-content\/uploads\/2025\/01\/Stainless-steel-cold-plunge-tub-for-one-factory-sale-7-69x150.webp 69w, https:\/\/factory.sale\/wp-content\/uploads\/2025\/01\/Stainless-steel-cold-plunge-tub-for-one-factory-sale-7.webp 544w\" sizes=\"auto, (max-width: 222px) 100vw, 222px\" \/><\/p>\n<p>&nbsp;<\/p>\n<p>Innovatiivinen j\u00e4\u00e4hdytinj\u00e4\u00e4hdyttimemme ja ruostumattomasta ter\u00e4ksest\u00e4 valmistettu j\u00e4\u00e4hdytin muodostavat t\u00e4ydellisen parin, tarjoten tarkasti s\u00e4\u00e4dett\u00e4v\u00e4n veden l\u00e4mp\u00f6tilan ja elegantin sek\u00e4 kest\u00e4v\u00e4n altaan, joka sopii t\u00e4ydellisesti sek\u00e4 kylm\u00e4- ett\u00e4 l\u00e4mminvesiterapiaan.<\/p>\n<p>Tutustu <a href=\"https:\/\/factory.sale\/fi\/tuote\/jaahdytin-jaahdytys-lammitys\/\" target=\"_blank\" rel=\"noopener\">j\u00e4\u00e4hdytinj\u00e4\u00e4hdyttimeemme t\u00e4\u00e4ll\u00e4<\/a>!<\/p>\n<p>&nbsp;<\/p>\n<p>&nbsp;<\/p>\n<p><b>Kuljetustiedot:<\/b><\/p>\n<p>Toimitus kuorma-autolla, jossa on takalaitanostin.<\/p>\n","protected":false},"excerpt":{"rendered":"<p>Koe hyvinvoinnin huippu ruostumattomasta ter\u00e4ksest\u00e4 valmistetulla kylm\u00e4vesialtaallamme. Yhdelle k\u00e4ytt\u00e4j\u00e4lle suunniteltu allas on halkaisijaltaan 86 cm, korkeudeltaan 105 cm ja tilavuudeltaan 400 litraa. Kest\u00e4v\u00e4 ruostumattomasta ter\u00e4ksest\u00e4 valmistettu s\u00e4ili\u00f6 on viimeistelty tyylikk\u00e4\u00e4ll\u00e4 18 mm l\u00e4mp\u00f6puupinnalla. Valinnainen s\u00e4hk\u00f6inen j\u00e4\u00e4hdytin tarjoaa sek\u00e4 kylm\u00e4terapiaa ett\u00e4 rauhoittavaa l\u00e4mp\u00f6\u00e4, tehden altaasta ihanteellisen palautumiseen ja rentoutumiseen kaikissa tiloissa.<\/p>\n","protected":false},"featured_media":97168,"comment_status":"open","ping_status":"closed","template":"","meta":{"_acf_changed":false},"factory":[],"free-shipment":[],"product_brand":[],"product_cat":[3028,2210],"product_tag":[],"class_list":{"0":"post-97183","1":"product","2":"type-product","3":"status-publish","4":"has-post-thumbnail","6":"product_cat-kulmavesipaljut","7":"product_cat-kylpytynnyrit","9":"first","10":"instock","11":"sale","12":"taxable","13":"shipping-taxable","14":"purchasable","15":"product-type-simple"},"acf":[],"_links":{"self":[{"href":"https:\/\/factory.sale\/fi\/wp-json\/wp\/v2\/product\/97183","targetHints":{"allow":["GET"]}}],"collection":[{"href":"https:\/\/factory.sale\/fi\/wp-json\/wp\/v2\/product"}],"about":[{"href":"https:\/\/factory.sale\/fi\/wp-json\/wp\/v2\/types\/product"}],"replies":[{"embeddable":true,"href":"https:\/\/factory.sale\/fi\/wp-json\/wp\/v2\/comments?post=97183"}],"wp:featuredmedia":[{"embeddable":true,"href":"https:\/\/factory.sale\/fi\/wp-json\/wp\/v2\/media\/97168"}],"wp:attachment":[{"href":"https:\/\/factory.sale\/fi\/wp-json\/wp\/v2\/media?parent=97183"}],"wp:term":[{"taxonomy":"factory","embeddable":true,"href":"https:\/\/factory.sale\/fi\/wp-json\/wp\/v2\/factory?post=97183"},{"taxonomy":"free-shipment","embeddable":true,"href":"https:\/\/factory.sale\/fi\/wp-json\/wp\/v2\/free-shipment?post=97183"},{"taxonomy":"product_brand","embeddable":true,"href":"https:\/\/factory.sale\/fi\/wp-json\/wp\/v2\/product_brand?post=97183"},{"taxonomy":"product_cat","embeddable":true,"href":"https:\/\/factory.sale\/fi\/wp-json\/wp\/v2\/product_cat?post=97183"},{"taxonomy":"product_tag","embeddable":true,"href":"https:\/\/factory.sale\/fi\/wp-json\/wp\/v2\/product_tag?post=97183"}],"curies":[{"name":"wp","href":"https:\/\/api.w.org\/{rel}","templated":true}]}}