{"id":96580,"date":"2025-01-02T00:17:14","date_gmt":"2025-01-01T21:27:39","guid":{"rendered":"https:\/\/factory.sale\/?post_type=product&#038;p=96580"},"modified":"2025-01-05T16:11:26","modified_gmt":"2025-01-05T13:11:26","slug":"osb-3-levy-22x1250x2500-mm","status":"publish","type":"product","link":"https:\/\/factory.sale\/fi\/tuote\/osb-3-levy-22x1250x2500-mm\/","title":{"rendered":"OSB-3 levy 22x1250x2500 mm"},"content":{"rendered":"<p><strong>Tuotekoodi:<\/strong> 6655<\/p>\n<p>&nbsp;<\/p>\n<p>OSB 3 on kantava, puupohjainen levy, joka koostuu kerroksista suuntautuneita lastuja ja hartsilla sidottuja hienoja kuituja. Se on markkinoiden edistyksellisin t\u00e4ll\u00e4 hetkell\u00e4 saatavilla oleva OSB-tyyppi. OSB 3 on kehitetty ja valmistettu ymp\u00e4rist\u00f6tietoisen el\u00e4m\u00e4ntavan vaatimusten mukaisesti, keskittyen orgaanisiin materiaaleihin. Sopivista puuraaka-aineista ja liima-aineista valmistettu OSB 3 t\u00e4ytt\u00e4\u00e4 kest\u00e4v\u00e4n rakentamisen tiukat standardit.<\/p>\n<p>&nbsp;<\/p>\n<p><strong>Tuotetiedot:<\/strong><\/p>\n<p>Mitat: 22 x 1250 x 2500 mm<br \/>\nBr\u00e4ndi: Kronospan Riga<\/p>\n<p>&nbsp;<\/p>\n<p>&nbsp;<\/p>\n<p><strong>Ominaisuudet:<\/strong><\/p>\n<ul>\n<li>Korkea kosteudenkest\u00e4vyys<\/li>\n<li>Erinomainen kantavuus ja j\u00e4ykkyys rakenteissa<\/li>\n<li>Tarkat mitat ja muodon vakaus<\/li>\n<li>Korkea elastisuus ja iskunkest\u00e4vyys<\/li>\n<li>Helppo k\u00e4sitell\u00e4 tavallisilla puuty\u00f6kaluilla<\/li>\n<li>Ymp\u00e4rist\u00f6yst\u00e4v\u00e4llinen ja kierr\u00e4tett\u00e4v\u00e4<\/li>\n<\/ul>\n<p>&nbsp;<\/p>\n<p><strong>K\u00e4ytt\u00f6kohteet<\/strong><\/p>\n<p><strong>Rakentaminen:<\/strong><\/p>\n<p>Sein\u00e4t, lattiat, katot, portaat ja kaiteet.<\/p>\n<p>&nbsp;<\/p>\n<p><strong>Sisustussuunnittelu:<\/strong><\/p>\n<p>Huonekalujen osat, sisustuselementit, pehmustettujen huonekalujen rungot, ovipaneelit, julkisivup\u00e4\u00e4llysteet ja v\u00e4lisein\u00e4t.<\/p>\n<p>&nbsp;<\/p>\n<p><strong>Pakkaaminen:<\/strong><\/p>\n<p>Kuljetuslaatikot ja -kontit, lavat.<\/p>\n<p>&nbsp;<\/p>\n<p><strong>V\u00e4hitt\u00e4iskauppa ja n\u00e4yttelyt:<\/strong><\/p>\n<p>N\u00e4yttelytelineet ja hyllyt.<\/p>\n<p>&nbsp;<\/p>\n<p><strong>Varastointi:<\/strong><\/p>\n<p>Hyllyt ja varastointiratkaisut.<\/p>\n<p>&nbsp;<\/p>\n<p><strong>Standardit<\/strong><\/p>\n<p>EN 300 \u2013 Tyyppi OSB 3<br \/>\nEN 13501-1 \u2013 Luokka D-s1, d0<br \/>\nEN 13986:2004+A1:2015<\/p>\n<p>&nbsp;<\/p>\n<p><strong>P\u00e4\u00e4st\u00f6luokka<\/strong><\/p>\n<p>E1 (EN ISO 12460-5)<\/p>\n<p>&nbsp;<\/p>\n","protected":false},"excerpt":{"rendered":"<p>Kest\u00e4v\u00e4 OSB-3-levy (22 x 1250 x 2500 mm), valmistaja Kronospan Riga. T\u00e4m\u00e4 kosteutta kest\u00e4v\u00e4, ymp\u00e4rist\u00f6yst\u00e4v\u00e4llinen puupohjainen paneeli, joka sopii t\u00e4ydellisesti seinille, lattioille ja katoille, t\u00e4ytt\u00e4\u00e4 EN 300 -standardit. Ihanteellinen kest\u00e4v\u00e4\u00e4n rakentamiseen ja monipuolisiin sovelluksiin!<\/p>\n<p>HUOM! T\u00e4m\u00e4 on suuntaa-antava neli\u00f6hinta.<br \/>\nPyyd\u00e4 tarjous pienemmist\u00e4 ja isommista m\u00e4\u00e4rist\u00e4 &#8211; voimme toimittaa my\u00f6s isot er\u00e4t!<\/p>\n","protected":false},"featured_media":96577,"comment_status":"open","ping_status":"closed","template":"","meta":{"_acf_changed":false},"factory":[],"free-shipment":[],"product_brand":[],"product_cat":[2281,1605],"product_tag":[],"class_list":{"0":"post-96580","1":"product","2":"type-product","3":"status-publish","4":"has-post-thumbnail","6":"product_cat-osb-levy","7":"product_cat-puutuotteet","9":"first","10":"instock","11":"sale","12":"taxable","13":"shipping-taxable","14":"purchasable","15":"product-type-simple"},"acf":[],"_links":{"self":[{"href":"https:\/\/factory.sale\/fi\/wp-json\/wp\/v2\/product\/96580","targetHints":{"allow":["GET"]}}],"collection":[{"href":"https:\/\/factory.sale\/fi\/wp-json\/wp\/v2\/product"}],"about":[{"href":"https:\/\/factory.sale\/fi\/wp-json\/wp\/v2\/types\/product"}],"replies":[{"embeddable":true,"href":"https:\/\/factory.sale\/fi\/wp-json\/wp\/v2\/comments?post=96580"}],"wp:featuredmedia":[{"embeddable":true,"href":"https:\/\/factory.sale\/fi\/wp-json\/wp\/v2\/media\/96577"}],"wp:attachment":[{"href":"https:\/\/factory.sale\/fi\/wp-json\/wp\/v2\/media?parent=96580"}],"wp:term":[{"taxonomy":"factory","embeddable":true,"href":"https:\/\/factory.sale\/fi\/wp-json\/wp\/v2\/factory?post=96580"},{"taxonomy":"free-shipment","embeddable":true,"href":"https:\/\/factory.sale\/fi\/wp-json\/wp\/v2\/free-shipment?post=96580"},{"taxonomy":"product_brand","embeddable":true,"href":"https:\/\/factory.sale\/fi\/wp-json\/wp\/v2\/product_brand?post=96580"},{"taxonomy":"product_cat","embeddable":true,"href":"https:\/\/factory.sale\/fi\/wp-json\/wp\/v2\/product_cat?post=96580"},{"taxonomy":"product_tag","embeddable":true,"href":"https:\/\/factory.sale\/fi\/wp-json\/wp\/v2\/product_tag?post=96580"}],"curies":[{"name":"wp","href":"https:\/\/api.w.org\/{rel}","templated":true}]}}