{"id":96476,"date":"2024-12-30T00:08:50","date_gmt":"2024-12-29T21:56:30","guid":{"rendered":"https:\/\/factory.sale\/?post_type=product&#038;p=96476"},"modified":"2025-01-05T16:17:05","modified_gmt":"2025-01-05T13:17:05","slug":"osb3-levy-pefc-11x1200x2600-mm-312-m%c2%b2","status":"publish","type":"product","link":"https:\/\/factory.sale\/fi\/tuote\/osb3-levy-pefc-11x1200x2600-mm-312-m%c2%b2\/","title":{"rendered":"OSB3 levy pefc 11x1200x2600 mm 3,12 m\u00b2"},"content":{"rendered":"<p><strong>Tuotekoodi:<\/strong> 79OR<\/p>\n<p>&nbsp;<\/p>\n<p>Kiinte\u00e4 katon pohjalevy, jota voidaan k\u00e4ytt\u00e4\u00e4 my\u00f6s sis\u00e4- ja ulkorakentamiseen rakennepaneelina. Levyn koko 1200 x 2600 mm. Paksuus 11 mm.<\/p>\n<p>OSB-levy on kest\u00e4v\u00e4 kolmikerroksinen rakennuslevy, joka on valmistettu ristiinlaminoiduista puus\u00e4ikeist\u00e4 ja liimattu formaldehyditt\u00f6m\u00e4ll\u00e4 liimalla (E1-luokitus). Sen pinta est\u00e4\u00e4 lian ja kosteuden tunkeutumisen levyn rakenteeseen. Paneelit sopivat K600- ja K900-kattoristikoiden v\u00e4liin. Kielekeliit\u00e4nt\u00e4 yksinkertaistaa ja nopeuttaa asennusta.<\/p>\n<p>OSB4-paneelit soveltuvat erityisesti raskaaseen kuormitukseen suojatuissa ulkoymp\u00e4rist\u00f6iss\u00e4. N\u00e4it\u00e4 monipuolisia OSB-levyj\u00e4 voidaan k\u00e4ytt\u00e4\u00e4 katto-, v\u00e4lilattia- ja sein\u00e4rakenteissa. Paneelit kiinnitet\u00e4\u00e4n joko naulaamalla tai ruuvaamalla noin 15 cm:n v\u00e4lein.<\/p>\n<p>&nbsp;<\/p>\n<p><strong>Tuotetiedot:<\/strong><\/p>\n<p>Br\u00e4ndi: Kronospan<br \/>\nKorkeus \/ paksuus (mm): 11,0<br \/>\nLeveys \/ halkaisija (mm): 1200,0<br \/>\nPituus \/ syvyys (mm): 2600,0<br \/>\nVarastointiyksik\u00f6n korkeus (cm): 1,1<br \/>\nVarastointiyksik\u00f6n leveys (cm): 100,0<br \/>\nVarastointiyksik\u00f6n syvyys (cm): 100,0<br \/>\nVarastointiyksik\u00f6n paino (kg): 6,814<\/p>\n<p>&nbsp;<\/p>\n<p>&nbsp;<\/p>\n<p>Myyntipakkaus 1: 3,12 m2<br \/>\nMyyntipakkaus 2: 187,2 m2<br \/>\nMyyntipakkaus 3: 187,2 m2<\/p>\n<p>&nbsp;<\/p>\n<p><a href=\"https:\/\/factory.sale\/wp-content\/uploads\/2024\/12\/pefc_fin_20240822_QR.pdf\" target=\"_blank\" rel=\"noopener\">Sertifikaatti\u00a0<\/a><\/p>\n","protected":false},"excerpt":{"rendered":"<p>OSB-levy on kest\u00e4v\u00e4 kolmikerroksinen rakennuslevy, joka on valmistettu ristiinlaminoiduista puus\u00e4ikeist\u00e4 ja liimattu formaldehyditt\u00f6m\u00e4ll\u00e4 liimalla (E1-luokitus). Sen pinta est\u00e4\u00e4 lian ja kosteuden tunkeutumisen levyn rakenteeseen. Paneelit sopivat K600- ja K900-kattoristikoiden v\u00e4liin. Kielekeliit\u00e4nt\u00e4 yksinkertaistaa ja nopeuttaa asennusta.<\/p>\n<p>HUOM! T\u00e4m\u00e4 on suuntaa-antava neli\u00f6hinta.<br \/>\nPyyd\u00e4 tarjous pienemmist\u00e4 ja isommista m\u00e4\u00e4rist\u00e4 &#8211; voimme toimittaa my\u00f6s isot er\u00e4t!<\/p>\n","protected":false},"featured_media":96464,"comment_status":"open","ping_status":"closed","template":"","meta":{"_acf_changed":false},"factory":[],"free-shipment":[],"product_brand":[],"product_cat":[2281,1605],"product_tag":[],"class_list":{"0":"post-96476","1":"product","2":"type-product","3":"status-publish","4":"has-post-thumbnail","6":"product_cat-osb-levy","7":"product_cat-puutuotteet","9":"first","10":"instock","11":"sale","12":"taxable","13":"shipping-taxable","14":"purchasable","15":"product-type-simple"},"acf":[],"_links":{"self":[{"href":"https:\/\/factory.sale\/fi\/wp-json\/wp\/v2\/product\/96476","targetHints":{"allow":["GET"]}}],"collection":[{"href":"https:\/\/factory.sale\/fi\/wp-json\/wp\/v2\/product"}],"about":[{"href":"https:\/\/factory.sale\/fi\/wp-json\/wp\/v2\/types\/product"}],"replies":[{"embeddable":true,"href":"https:\/\/factory.sale\/fi\/wp-json\/wp\/v2\/comments?post=96476"}],"wp:featuredmedia":[{"embeddable":true,"href":"https:\/\/factory.sale\/fi\/wp-json\/wp\/v2\/media\/96464"}],"wp:attachment":[{"href":"https:\/\/factory.sale\/fi\/wp-json\/wp\/v2\/media?parent=96476"}],"wp:term":[{"taxonomy":"factory","embeddable":true,"href":"https:\/\/factory.sale\/fi\/wp-json\/wp\/v2\/factory?post=96476"},{"taxonomy":"free-shipment","embeddable":true,"href":"https:\/\/factory.sale\/fi\/wp-json\/wp\/v2\/free-shipment?post=96476"},{"taxonomy":"product_brand","embeddable":true,"href":"https:\/\/factory.sale\/fi\/wp-json\/wp\/v2\/product_brand?post=96476"},{"taxonomy":"product_cat","embeddable":true,"href":"https:\/\/factory.sale\/fi\/wp-json\/wp\/v2\/product_cat?post=96476"},{"taxonomy":"product_tag","embeddable":true,"href":"https:\/\/factory.sale\/fi\/wp-json\/wp\/v2\/product_tag?post=96476"}],"curies":[{"name":"wp","href":"https:\/\/api.w.org\/{rel}","templated":true}]}}