{"id":96444,"date":"2024-12-27T03:43:30","date_gmt":"2024-12-27T00:53:39","guid":{"rendered":"https:\/\/factory.sale\/?post_type=product&#038;p=96444"},"modified":"2025-08-17T21:45:25","modified_gmt":"2025-08-17T18:45:25","slug":"tadelakt","status":"publish","type":"product","link":"https:\/\/factory.sale\/fi\/tuote\/tadelakt\/","title":{"rendered":"UKU Tadelakt"},"content":{"rendered":"<p>UKU Tadelakt on tyylik\u00e4s kalkkia sis\u00e4lt\u00e4v\u00e4 viimeistelylaasti, joka luo sile\u00e4n, vett\u00e4 hylkiv\u00e4n pinnan ja mahdollistaa koko sein\u00e4n saumattoman rappauksen. Se on erinomainen vaihtoehto keraamisille laatoille. Tadelaktilla tehty kiilt\u00e4v\u00e4 ja silkkinen pinta k\u00e4tkee sis\u00e4lleen luonnonkiven lujuuden. Se on my\u00f6s vedenkest\u00e4v\u00e4, joten se sopii suoraan veden kanssa kosketuksissa olevien pintojen viimeistelyyn.<\/p>\n<p>Tadelakt on 100 % luonnollinen ja koristeellinen kalkkiviimeistelylaasti, joka on saanut inspiraationsa Marokosta. UKU Tadelakt on innovatiivinen virolainen tuote, joka seuraa tuhansien vuosien perinteit\u00e4. Sen valmistuksessa on k\u00e4ytetty aurinkoenergiaa ja paikallisia luonnonmateriaaleja.<\/p>\n<p>Tadelakt soveltuu k\u00e4ytett\u00e4v\u00e4ksi kylpyhuoneissa ja suihkukaapeissa, ja on suosittu my\u00f6s olohuoneissa ja toimistoissa.<\/p>\n<p>Tadelaktilla viimeistelty pinta on vett\u00e4 hylkiv\u00e4 ja saumaton, mink\u00e4 ansiosta se soveltuu my\u00f6s m\u00e4rkien tilojen, suihkunurkkausten, kylpyammeiden ja pesualtaiden viimeistelyyn. Tadelakt mukautuu alustansa muotoihin, joka mahdollistaa kaarevien pintojen luomisen, saumakohtien peitt\u00e4misen ja ulkonevan muodon rakentamisen.<\/p>\n<p>Tadelakt on kermanvalkoinen kuivalaastiseos, johon tarvitsee lis\u00e4t\u00e4 vain vesi. Seos on mahdollista s\u00e4vytt\u00e4\u00e4 pigmenteill\u00e4, jolloin s\u00e4vyvalikoima on l\u00e4hes rajaton.<\/p>\n<p>Vett\u00e4 hylkiv\u00e4n pinnan aikaansaamiseksi tulee k\u00e4ytt\u00e4\u00e4 perinteisi\u00e4 tadelakt-v\u00e4lineit\u00e4 eli kiillotuskive\u00e4 ja oliivi\u00f6ljysaippuaa sek\u00e4 perehty\u00e4 tadelaktille ominaiseen materiaalin ty\u00f6st\u00f6tekniikkaan. Tuloksena on ainutlaatuinen ja ylellinen pinta.<\/p>\n<p>&nbsp;<\/p>\n<p>Sopivat alustat: hydraulinen kalkkikipsi V\u00e4ri: valkoinen, voidaan s\u00e4vytt\u00e4\u00e4 pigmenteill\u00e4<\/p>\n<p>&nbsp;<\/p>\n<p><strong>Tuotetiedot:<\/strong><\/p>\n<p>Ter\u00e4n koko: 0-1 mm<br \/>\nKulutus: 3kg\/m\u00b2<br \/>\nPakkaus: 2,5 kg sanko, 10 kg sanko, 20 kg sanko<\/p>\n<p>&nbsp;<\/p>\n<p>&nbsp;<\/p>\n<p><a href=\"https:\/\/factory.sale\/wp-content\/uploads\/2024\/12\/Tadelakt-Eng.pdf\" target=\"_blank\" rel=\"noopener\">Tuoteohje<\/a><\/p>\n<p><a href=\"https:\/\/factory.sale\/wp-content\/uploads\/2024\/12\/ENG-Tadelakt.pdf\" target=\"_blank\" rel=\"noopener\">S\u00e4vykartta<\/a><\/p>\n<p>&nbsp;<\/p>\n<div class=\"video-wrapper \"><iframe loading=\"lazy\" title=\"Applying UKU Tadelakt (regular white with pigment)\" width=\"500\" height=\"281\" src=\"https:\/\/www.youtube.com\/embed\/oCEpCE-rhUo?feature=oembed\" frameborder=\"0\" allow=\"accelerometer; autoplay; clipboard-write; encrypted-media; gyroscope; picture-in-picture; web-share\" referrerpolicy=\"strict-origin-when-cross-origin\" allowfullscreen><\/iframe><\/div>\n","protected":false},"excerpt":{"rendered":"<p>UKU Tadelakt on tyylik\u00e4s kalkkia sis\u00e4lt\u00e4v\u00e4 viimeistelylaasti, joka luo sile\u00e4n, vett\u00e4 hylkiv\u00e4n pinnan ja mahdollistaa koko sein\u00e4n saumattoman rappauksen. Se on erinomainen vaihtoehto keraamisille laatoille. Tadelaktilla tehty kiilt\u00e4v\u00e4 ja silkkinen pinta k\u00e4tkee sis\u00e4lleen luonnonkiven lujuuden. Se on my\u00f6s vedenkest\u00e4v\u00e4, joten se sopii suoraan veden kanssa kosketuksissa olevien pintojen viimeistelyyn.<\/p>\n","protected":false},"featured_media":96425,"comment_status":"open","ping_status":"closed","template":"","meta":{"_acf_changed":false},"factory":[],"free-shipment":[],"product_brand":[4557],"product_cat":[3473,1321],"product_tag":[],"class_list":{"0":"post-96444","1":"product","2":"type-product","3":"status-publish","4":"has-post-thumbnail","6":"product_brand-uku","7":"product_cat-luonnolliset-rakennusratkaisut","8":"product_cat-yleinen-rakentaminen","10":"first","11":"instock","12":"sale","13":"taxable","14":"shipping-taxable","15":"purchasable","16":"product-type-simple"},"acf":[],"_links":{"self":[{"href":"https:\/\/factory.sale\/fi\/wp-json\/wp\/v2\/product\/96444","targetHints":{"allow":["GET"]}}],"collection":[{"href":"https:\/\/factory.sale\/fi\/wp-json\/wp\/v2\/product"}],"about":[{"href":"https:\/\/factory.sale\/fi\/wp-json\/wp\/v2\/types\/product"}],"replies":[{"embeddable":true,"href":"https:\/\/factory.sale\/fi\/wp-json\/wp\/v2\/comments?post=96444"}],"wp:featuredmedia":[{"embeddable":true,"href":"https:\/\/factory.sale\/fi\/wp-json\/wp\/v2\/media\/96425"}],"wp:attachment":[{"href":"https:\/\/factory.sale\/fi\/wp-json\/wp\/v2\/media?parent=96444"}],"wp:term":[{"taxonomy":"factory","embeddable":true,"href":"https:\/\/factory.sale\/fi\/wp-json\/wp\/v2\/factory?post=96444"},{"taxonomy":"free-shipment","embeddable":true,"href":"https:\/\/factory.sale\/fi\/wp-json\/wp\/v2\/free-shipment?post=96444"},{"taxonomy":"product_brand","embeddable":true,"href":"https:\/\/factory.sale\/fi\/wp-json\/wp\/v2\/product_brand?post=96444"},{"taxonomy":"product_cat","embeddable":true,"href":"https:\/\/factory.sale\/fi\/wp-json\/wp\/v2\/product_cat?post=96444"},{"taxonomy":"product_tag","embeddable":true,"href":"https:\/\/factory.sale\/fi\/wp-json\/wp\/v2\/product_tag?post=96444"}],"curies":[{"name":"wp","href":"https:\/\/api.w.org\/{rel}","templated":true}]}}