{"id":96419,"date":"2024-12-27T03:11:59","date_gmt":"2024-12-27T00:28:11","guid":{"rendered":"https:\/\/factory.sale\/?post_type=product&#038;p=96419"},"modified":"2025-08-15T12:42:26","modified_gmt":"2025-08-15T09:42:26","slug":"kalkki-stucco","status":"publish","type":"product","link":"https:\/\/factory.sale\/fi\/tuote\/kalkki-stucco\/","title":{"rendered":"UKU Kalkki Stucco"},"content":{"rendered":"<p>UKU Kalkki Stucco on kiilt\u00e4v\u00e4 laasti, johon on saatu inspiraatio venetsialaisesta stucco-lustro-tekniikasta. Sen avulla voidaan luoda l\u00e4hes peilinsile\u00e4, n\u00e4ytt\u00e4v\u00e4 pinta.<\/p>\n<p>Pigmentteill\u00e4 Kalkki Stucco voidaan s\u00e4vytt\u00e4\u00e4 loputtomaan m\u00e4\u00e4r\u00e4\u00e4n eri s\u00e4vyj\u00e4. Kiilt\u00e4v\u00e4\u00e4 kalkkilaastia k\u00e4ytet\u00e4\u00e4n p\u00e4\u00e4asiassa kalkkilaastien ja muiden mineraalilaastien viimeistelyyn kaikissa sis\u00e4tiloissa. Laasti sopii my\u00f6s kosteisiin sis\u00e4tiloihin, kuten kylpy- ja suihkuhuoneisiin.<\/p>\n<p>Kalkki Stucco on kuin taideteos, jonka silkkisest\u00e4 pinnasta heijastuvat kuviot luovat tilaan ylellisen tunnelman. N\u00e4ytt\u00e4v\u00e4 pinta saadaan aikaan vain muutamalla ohuella laastikerroksella.<\/p>\n<p>Kalkki Stucco on roiskeenkest\u00e4v\u00e4 ja vett\u00e4 hylkiv\u00e4, 100 % luonnonmukainen kalkkilaasti. Se ei sis\u00e4ll\u00e4 haitallisia, haihtuvia orgaanisia yhdisteit\u00e4 ja sopii siksi hyvin allergikoille.<\/p>\n<p>Venetsialaisesta stucco-lustro-tekniikasta inspiroitunut materiaali sopii t\u00e4ydellisesti vaativaankin sisustukseen, my\u00f6s m\u00e4rk\u00e4tiloihin. Stucco on eritt\u00e4in helppo huoltaa ja sen k\u00e4ytt\u00f6ik\u00e4 on satoja vuosia.<\/p>\n<p>&nbsp;<\/p>\n<p><strong>Sopivat alustat:<\/strong><\/p>\n<p>Kipsilevy (Knauf, Fermacell) rapattu.<br \/>\nRappauspinnat (kalkkikipsi, mineraalilaasti)<\/p>\n<p>&nbsp;<\/p>\n<p><strong>Tuotetiedot:<\/strong><\/p>\n<p>V\u00e4ri: valkoinen, voidaan s\u00e4vytt\u00e4\u00e4 pigmenteill\u00e4<br \/>\nRaekoko: 0\u20130,2 mm<br \/>\nMenekki: 0,4\u20130,6 kg\/m\u00b2<br \/>\nPakkaus: 1 kg sanko, 5 kg sanko, 10 kg sanko<\/p>\n<p>&nbsp;<\/p>\n<p>&nbsp;<\/p>\n<p><a href=\"https:\/\/factory.sale\/wp-content\/uploads\/2024\/12\/Lubi-stucco-est.pdf\" target=\"_blank\" rel=\"noopener\">Tuoteohje<\/a><\/p>\n<p><a href=\"https:\/\/factory.sale\/wp-content\/uploads\/2024\/12\/ENG-Lime-Stucco.pdf\" target=\"_blank\" rel=\"noopener\">S\u00e4vykartta<\/a><\/p>\n","protected":false},"excerpt":{"rendered":"<p>Kalkki Stucco on kiilt\u00e4v\u00e4 laasti, johon on saatu inspiraatio venetsialaisesta stucco-lustro-tekniikasta. Sen avulla voidaan luoda l\u00e4hes peilinsile\u00e4, n\u00e4ytt\u00e4v\u00e4 pinta.<\/p>\n","protected":false},"featured_media":96407,"comment_status":"open","ping_status":"closed","template":"","meta":{"_acf_changed":false},"factory":[],"free-shipment":[],"product_brand":[4557],"product_cat":[3473,1321],"product_tag":[],"class_list":{"0":"post-96419","1":"product","2":"type-product","3":"status-publish","4":"has-post-thumbnail","6":"product_brand-uku","7":"product_cat-luonnolliset-rakennusratkaisut","8":"product_cat-yleinen-rakentaminen","10":"first","11":"instock","12":"sale","13":"taxable","14":"shipping-taxable","15":"purchasable","16":"product-type-simple"},"acf":[],"_links":{"self":[{"href":"https:\/\/factory.sale\/fi\/wp-json\/wp\/v2\/product\/96419","targetHints":{"allow":["GET"]}}],"collection":[{"href":"https:\/\/factory.sale\/fi\/wp-json\/wp\/v2\/product"}],"about":[{"href":"https:\/\/factory.sale\/fi\/wp-json\/wp\/v2\/types\/product"}],"replies":[{"embeddable":true,"href":"https:\/\/factory.sale\/fi\/wp-json\/wp\/v2\/comments?post=96419"}],"wp:featuredmedia":[{"embeddable":true,"href":"https:\/\/factory.sale\/fi\/wp-json\/wp\/v2\/media\/96407"}],"wp:attachment":[{"href":"https:\/\/factory.sale\/fi\/wp-json\/wp\/v2\/media?parent=96419"}],"wp:term":[{"taxonomy":"factory","embeddable":true,"href":"https:\/\/factory.sale\/fi\/wp-json\/wp\/v2\/factory?post=96419"},{"taxonomy":"free-shipment","embeddable":true,"href":"https:\/\/factory.sale\/fi\/wp-json\/wp\/v2\/free-shipment?post=96419"},{"taxonomy":"product_brand","embeddable":true,"href":"https:\/\/factory.sale\/fi\/wp-json\/wp\/v2\/product_brand?post=96419"},{"taxonomy":"product_cat","embeddable":true,"href":"https:\/\/factory.sale\/fi\/wp-json\/wp\/v2\/product_cat?post=96419"},{"taxonomy":"product_tag","embeddable":true,"href":"https:\/\/factory.sale\/fi\/wp-json\/wp\/v2\/product_tag?post=96419"}],"curies":[{"name":"wp","href":"https:\/\/api.w.org\/{rel}","templated":true}]}}