{"id":96377,"date":"2024-12-27T02:07:28","date_gmt":"2024-12-26T23:11:50","guid":{"rendered":"https:\/\/factory.sale\/?post_type=product&#038;p=96377"},"modified":"2024-12-27T02:12:13","modified_gmt":"2024-12-26T23:12:13","slug":"savi-marmorino","status":"publish","type":"product","link":"https:\/\/factory.sale\/fi\/tuote\/savi-marmorino\/","title":{"rendered":"Savi marmorino"},"content":{"rendered":"<p>Savi Marmorino -laasti on ymp\u00e4rist\u00f6yst\u00e4v\u00e4llinen ja vastuullinen viimeistelymateriaali. Vain muutamalla ohuella kerroksella on mahdollista saavuttaa mattapintainen tai satiinisen kiilt\u00e4v\u00e4 lopputulos.<\/p>\n<p>Marmorino-laasti on valmistettu korkealaatuisista paikallisista mineraalimateriaaleista, jotka ovat turvallisia sek\u00e4 ymp\u00e4rist\u00f6lle ett\u00e4 ihmisten terveydelle. Sen valmistamiseen on saatu inspiraatiota venetsialaisten mestareiden kehitt\u00e4m\u00e4st\u00e4, ylellisest\u00e4 marmoria j\u00e4ljittelev\u00e4st\u00e4 viimeistelytekniikasta.<\/p>\n<p>Savi Marmorino on viimeistelylaasti, jossa on satiininen luonnonkive\u00e4 ja marmoria j\u00e4ljittelev\u00e4 pinta. Se luo tilaan kauniin ja ylellisen tunnelman.<\/p>\n<p>Marmorino on antibakteerinen ja homeen muodostumista ehk\u00e4isev\u00e4 viimeistelylaasti, joka sopii hyvin allergikoille. Laasti on my\u00f6s antistaattinen, ei sis\u00e4ll\u00e4 haitallisia saastuttavia aineita eik\u00e4 haihtuvia orgaanisia yhdisteit\u00e4 (VOC).<\/p>\n<p>Savi Marmorinossa on erinomainen pintalujuus ja tarttuvuus. Se hengitt\u00e4\u00e4 hyvin ja s\u00e4\u00e4telee huoneen kosteustasoa, joka auttaa yll\u00e4pit\u00e4m\u00e4\u00e4n terveellist\u00e4 ymp\u00e4rist\u00f6\u00e4.<\/p>\n<p>&nbsp;<\/p>\n<p><strong>Sopivat alustat:<\/strong> Sopii kaikille imukykyisille rappaus- ja kittipinnoille kuivissa sis\u00e4tiloissa.<\/p>\n<p>&nbsp;<\/p>\n<p>&nbsp;<\/p>\n<p><strong>Tuotetiedot:<\/strong><\/p>\n<ul>\n<li>V\u00e4ris\u00e4vy: valkoinen, lumivalkoinen, oranssi, harmaa, vaaleanvioletti, keltainen, punainen, sininen, beige, toffee<\/li>\n<li>Raekoko: 0\u20130,5mm<\/li>\n<li>Menekki: 800\u20131000 g\/m\u00b2<\/li>\n<li>Pakkaus:<br \/>\n1 kg sanko &#8211; 17,50 \u20ac (+alv)<br \/>\n5 kg sanko &#8211; 55 \u20ac (+alv)<br \/>\n10 kg sanko &#8211; 95 \u20ac (+alv)<\/li>\n<\/ul>\n<p>&nbsp;<\/p>\n<p>&nbsp;<\/p>\n<p><a href=\"https:\/\/factory.sale\/wp-content\/uploads\/2024\/12\/Clay-marmorino.pdf\" target=\"_blank\" rel=\"noopener\">Tuoteohje<\/a><\/p>\n","protected":false},"excerpt":{"rendered":"<p>Savi Marmorino -laasti on ymp\u00e4rist\u00f6yst\u00e4v\u00e4llinen ja vastuullinen viimeistelymateriaali. Vain muutamalla ohuella kerroksella on mahdollista saavuttaa mattapintainen tai satiinisen kiilt\u00e4v\u00e4 lopputulos.<\/p>\n","protected":false},"featured_media":96367,"comment_status":"open","ping_status":"closed","template":"","meta":{"_acf_changed":false},"factory":[],"free-shipment":[],"product_brand":[],"product_cat":[3107,1755],"product_tag":[],"class_list":{"0":"post-96377","1":"product","2":"type-product","3":"status-publish","4":"has-post-thumbnail","6":"product_cat-clay-materials","7":"product_cat-finishing-materials","9":"first","10":"instock","11":"sale","12":"taxable","13":"shipping-taxable","14":"purchasable","15":"product-type-simple"},"acf":[],"_links":{"self":[{"href":"https:\/\/factory.sale\/fi\/wp-json\/wp\/v2\/product\/96377","targetHints":{"allow":["GET"]}}],"collection":[{"href":"https:\/\/factory.sale\/fi\/wp-json\/wp\/v2\/product"}],"about":[{"href":"https:\/\/factory.sale\/fi\/wp-json\/wp\/v2\/types\/product"}],"replies":[{"embeddable":true,"href":"https:\/\/factory.sale\/fi\/wp-json\/wp\/v2\/comments?post=96377"}],"wp:featuredmedia":[{"embeddable":true,"href":"https:\/\/factory.sale\/fi\/wp-json\/wp\/v2\/media\/96367"}],"wp:attachment":[{"href":"https:\/\/factory.sale\/fi\/wp-json\/wp\/v2\/media?parent=96377"}],"wp:term":[{"taxonomy":"factory","embeddable":true,"href":"https:\/\/factory.sale\/fi\/wp-json\/wp\/v2\/factory?post=96377"},{"taxonomy":"free-shipment","embeddable":true,"href":"https:\/\/factory.sale\/fi\/wp-json\/wp\/v2\/free-shipment?post=96377"},{"taxonomy":"product_brand","embeddable":true,"href":"https:\/\/factory.sale\/fi\/wp-json\/wp\/v2\/product_brand?post=96377"},{"taxonomy":"product_cat","embeddable":true,"href":"https:\/\/factory.sale\/fi\/wp-json\/wp\/v2\/product_cat?post=96377"},{"taxonomy":"product_tag","embeddable":true,"href":"https:\/\/factory.sale\/fi\/wp-json\/wp\/v2\/product_tag?post=96377"}],"curies":[{"name":"wp","href":"https:\/\/api.w.org\/{rel}","templated":true}]}}