{"id":96159,"date":"2024-12-20T15:28:03","date_gmt":"2024-12-20T12:35:58","guid":{"rendered":"https:\/\/factory.sale\/?post_type=product&#038;p=96159"},"modified":"2024-12-21T01:36:18","modified_gmt":"2024-12-20T22:36:18","slug":"kylmaallas-ukko-ice","status":"publish","type":"product","link":"https:\/\/factory.sale\/fi\/tuote\/kylmaallas-ukko-ice\/","title":{"rendered":"Kylm\u00e4allas Ukko Ice"},"content":{"rendered":"<p>Elvyt\u00e4 kehosi laadukkaalla kylm\u00e4altaallamme<br \/>\nKoe kylm\u00e4vesiterapian virkist\u00e4v\u00e4t hy\u00f6dyt asiantuntevasti suunnitellun kylm\u00e4altaamme avulla. Haluatpa sitten tehostaa harjoituksen j\u00e4lkeist\u00e4 palautumista, parantaa verenkiertoa tai lis\u00e4t\u00e4 energiaasi, t\u00e4m\u00e4 kylm\u00e4allas tarjoaa t\u00e4ydellisen ratkaisun.<\/p>\n<p><strong>Tekniset tiedot:<\/strong><\/p>\n<ul>\n<li>Leveys: 1015 mm<\/li>\n<li>Pituus: 875 mm<\/li>\n<li>Korkeus: 1050 mm<\/li>\n<li>Kapasiteetti: 1 henkil\u00f6<\/li>\n<li>Paino: 65 kg<\/li>\n<\/ul>\n<p><strong>Setti sis\u00e4lt\u00e4\u00e4:<\/strong><\/p>\n<ul>\n<li>Lasikuitusis\u00e4osa (harmaa tai valkoinen)<\/li>\n<li>S\u00e4\u00e4nkest\u00e4v\u00e4ll\u00e4 suojak\u00e4sittelyll\u00e4 viimeistelty l\u00e4mp\u00f6puinen ulkoviimeistely (p\u00e4hkin\u00e4nruskea)<\/li>\n<li>Portaat<\/li>\n<\/ul>\n<p><strong>Mukautettavat lis\u00e4varusteet:<\/strong><\/p>\n<ul>\n<li>Eristekansi<\/li>\n<li><a href=\"https:\/\/factory.sale\/wp-content\/uploads\/2024\/12\/cooler-heater-for-ice-bath-cold-plunge-factory.sale_.webp\" target=\"_blank\" rel=\"noopener\">Vedenj\u00e4\u00e4hdytin-l\u00e4mmitin<\/a><\/li>\n<li>PUR-vaahtoeristys<\/li>\n<li>Valmius vedenj\u00e4\u00e4hdyttimen liit\u00e4nn\u00f6ille (oman j\u00e4\u00e4hdytyskoneen k\u00e4ytt\u00f6\u00f6n)<\/li>\n<li>LED-valot<\/li>\n<li>Digitaalinen integroitu l\u00e4mp\u00f6mittari<\/li>\n<\/ul>\n<p>Paranna hyvinvointiasi laadukkaalla kylm\u00e4altaallamme.<\/p>\n<p>Nauti kylm\u00e4hoidon virkist\u00e4v\u00e4st\u00e4 voimasta ja terveellisemm\u00e4st\u00e4 el\u00e4m\u00e4ntavasta.<\/p>\n<p>Paketin mitat: 120cm x 120 cm x 120cm<br \/>\nPaino: 90 kg<\/p>\n","protected":false},"excerpt":{"rendered":"<p>Virkist\u00e4 kehosi asiantuntevasti valmistetulla kylm\u00e4altaallamme, joka on suunniteltu parantamaan palautumista, verenkiertoa ja energiatasoa. Se on t\u00e4ydellinen lis\u00e4ys hyvinvointirutiineihisi.<\/p>\n","protected":false},"featured_media":96026,"comment_status":"open","ping_status":"closed","template":"","meta":{"_acf_changed":false},"factory":[],"free-shipment":[],"product_brand":[],"product_cat":[3028,2210],"product_tag":[4439,2849],"class_list":{"0":"post-96159","1":"product","2":"type-product","3":"status-publish","4":"has-post-thumbnail","6":"product_cat-kulmavesipaljut","7":"product_cat-kylpytynnyrit","8":"product_tag-cold-plunge-fi","9":"product_tag-wellness-fi","11":"first","12":"instock","13":"sale","14":"taxable","15":"shipping-taxable","16":"purchasable","17":"product-type-simple"},"acf":[],"_links":{"self":[{"href":"https:\/\/factory.sale\/fi\/wp-json\/wp\/v2\/product\/96159","targetHints":{"allow":["GET"]}}],"collection":[{"href":"https:\/\/factory.sale\/fi\/wp-json\/wp\/v2\/product"}],"about":[{"href":"https:\/\/factory.sale\/fi\/wp-json\/wp\/v2\/types\/product"}],"replies":[{"embeddable":true,"href":"https:\/\/factory.sale\/fi\/wp-json\/wp\/v2\/comments?post=96159"}],"wp:featuredmedia":[{"embeddable":true,"href":"https:\/\/factory.sale\/fi\/wp-json\/wp\/v2\/media\/96026"}],"wp:attachment":[{"href":"https:\/\/factory.sale\/fi\/wp-json\/wp\/v2\/media?parent=96159"}],"wp:term":[{"taxonomy":"factory","embeddable":true,"href":"https:\/\/factory.sale\/fi\/wp-json\/wp\/v2\/factory?post=96159"},{"taxonomy":"free-shipment","embeddable":true,"href":"https:\/\/factory.sale\/fi\/wp-json\/wp\/v2\/free-shipment?post=96159"},{"taxonomy":"product_brand","embeddable":true,"href":"https:\/\/factory.sale\/fi\/wp-json\/wp\/v2\/product_brand?post=96159"},{"taxonomy":"product_cat","embeddable":true,"href":"https:\/\/factory.sale\/fi\/wp-json\/wp\/v2\/product_cat?post=96159"},{"taxonomy":"product_tag","embeddable":true,"href":"https:\/\/factory.sale\/fi\/wp-json\/wp\/v2\/product_tag?post=96159"}],"curies":[{"name":"wp","href":"https:\/\/api.w.org\/{rel}","templated":true}]}}