{"id":96006,"date":"2024-12-15T13:07:24","date_gmt":"2024-12-15T10:24:33","guid":{"rendered":"https:\/\/factory.sale\/?post_type=product&#038;p=96006"},"modified":"2024-12-15T22:23:09","modified_gmt":"2024-12-15T19:23:09","slug":"harvia-modulaaripiippu-whp1500","status":"publish","type":"product","link":"https:\/\/factory.sale\/fi\/tuote\/harvia-modulaaripiippu-whp1500\/","title":{"rendered":"Harvia modulaaripiippu WHP1500"},"content":{"rendered":"<p>Harvian ter\u00e4spiippu on tyylik\u00e4s savupiippuratkaisu, joka on helppo asentaa. Ter\u00e4spiippu kest\u00e4\u00e4 suuria l\u00e4mp\u00f6tilanvaihteluita ja se on ensisijaisesti tarkoitettu k\u00e4ytett\u00e4v\u00e4ksi erillisiss\u00e4 saunarakennuksissa, joissa on kiukaat, pienemm\u00e4t tulisijat ja tulisijat. Koska ulkokuori, sis\u00e4putki ja p\u00e4\u00e4tykappaleet on valmistettu ruostumattomasta ter\u00e4ksest\u00e4, joka on kest\u00e4v\u00e4\u00e4 ja s\u00e4ilytt\u00e4\u00e4 ulkon\u00e4k\u00f6ns\u00e4.<\/p>\n<p>Ter\u00e4ksisen savupiipun aloituspakkaus sis\u00e4lt\u00e4\u00e4: 1,5 m ter\u00e4spiippu (WHP1500) ja tarvikelaatikko, joka sis\u00e4lt\u00e4\u00e4 1,0 m erist\u00e4m\u00e4tt\u00f6m\u00e4n hormiputken, sadesuojan, kumisen sadekauluksen ja sadekauluksen asennussarjan, ruostumattomasta ter\u00e4ksest\u00e4 valmistetun l\u00e4pivientiholkin katon ja piipun ter\u00e4sl\u00e4pivientieristeen. Ter\u00e4spiippua on helppo jatkaa 0,5 (WHP500) ja 1,0 (WHP1000) metrin pituisilla jatkeilla. Nerokkaan mekanismin ansiosta lis\u00e4osat ruuvataan kiinni toisiinsa ja my\u00f6s savuputket lukittuvat toisiinsa putken urien ansiosta. T\u00e4ll\u00e4 tavalla estet\u00e4\u00e4n l\u00e4mp\u00f6tilanvaihteluista johtuva liike. Sis\u00e4tiloissa savupiippu voidaan asentaa 3 metrin korkeuteen ilman tukea ja ulkona vastaava korkeus on 2 m.<\/p>\n<p>Harvia-ter\u00e4spiippuun kytketyn tulisijan savukaasujen nimellisl\u00e4mp\u00f6tilan tulee olla max. 600 \u00baC. Ter\u00e4spiipun ulkohalkaisija on 220 mm ja paloputken halkaisija 115 mm. Ter\u00e4spiippujen turvaet\u00e4isyys palavista materiaaleista on 100 mm. Harvia-ter\u00e4spiippu on CE-merkitty ja siten tuote t\u00e4ytt\u00e4\u00e4 kansainv\u00e4liset palo- ja turvallisuusvaatimukset. Ter\u00e4spiippu kest\u00e4\u00e4 noen palamista. Lue huolellisesti ter\u00e4spiipun ja siihen liitetyn kiukaan asennus- ja k\u00e4ytt\u00f6ohjeet.<\/p>\n<p>&nbsp;<\/p>\n<div><\/div>\n<div class=\"sauna-page-hide-item\"><strong>Tekniset tiedot:<\/strong><\/div>\n<div><\/div>\n<table class=\"sauna-table-properties\">\n<tbody>\n<tr>\n<td>Tuotteen nimi<\/td>\n<td class=\"sauna-properties-value-box \">Modulaarinen savupiippu<\/td>\n<\/tr>\n<tr>\n<td class=\"hightLight\">Tehdaskoodi<\/td>\n<td class=\"sauna-properties-value-box hightLight\">WHP 1500<\/td>\n<\/tr>\n<tr>\n<td>Materiaali<\/td>\n<td class=\"sauna-properties-value-box \">Ruostumaton ter\u00e4s<\/td>\n<\/tr>\n<tr>\n<td class=\"hightLight\">Halkaisija (mm)<\/td>\n<td class=\"sauna-properties-value-box hightLight\">115<\/td>\n<\/tr>\n<tr>\n<td>Materiaalin paksuus (mm)<\/td>\n<td class=\"sauna-properties-value-box \">0.7<\/td>\n<\/tr>\n<\/tbody>\n<\/table>\n<p>&nbsp;<\/p>\n<p>&nbsp;<\/p>\n<p><a href=\"https:\/\/factory.sale\/wp-content\/uploads\/2024\/12\/manual_harvia_whp_eng_de.pdf\" target=\"_blank\" rel=\"noopener\">Lataa k\u00e4ytt\u00f6ohje napsauttamalla t\u00e4st\u00e4.<\/a><\/p>\n<p>&nbsp;<\/p>\n<p>&nbsp;<\/p>\n<p>&nbsp;<\/p>\n<p>&nbsp;<\/p>\n","protected":false},"excerpt":{"rendered":"<p>Kest\u00e4v\u00e4 ruostumattomasta ter\u00e4ksest\u00e4 valmistettu hormi puul\u00e4mmitteisiin kiukaisiin \u2013 helppo asennus ja CE-sertifioitu!<\/p>\n<p>Tutustu kest\u00e4v\u00e4\u00e4n ja helposti asennettavaan ruostumattomaan ter\u00e4shormiin, joka on suunniteltu puul\u00e4mmitteisiin kamiinoihin, takkoihin ja kiukaisiin. Kest\u00e4\u00e4 korkeita l\u00e4mp\u00f6tiloja aina 600 \u00baC:een asti, sis\u00e4lt\u00e4\u00e4 CE-merkinn\u00e4n ja mahdollistaa moduulilaajennukset r\u00e4\u00e4t\u00e4l\u00f6ityyn asennukseen. Tyylik\u00e4s, pitk\u00e4ik\u00e4inen ja nokipalonkest\u00e4v\u00e4.<\/p>\n","protected":false},"featured_media":95991,"comment_status":"open","ping_status":"closed","template":"","meta":{"_acf_changed":false},"factory":[],"free-shipment":[],"product_brand":[],"product_cat":[1121,4161,1334],"product_tag":[1152,2106],"class_list":{"0":"post-96006","1":"product","2":"type-product","3":"status-publish","4":"has-post-thumbnail","6":"product_cat-saniteetti","7":"product_cat-piippusetit","8":"product_cat-saunatarvikkeet","9":"product_tag-harvia-fi","10":"product_tag-sauna-fi","12":"first","13":"instock","14":"sale","15":"taxable","16":"shipping-taxable","17":"purchasable","18":"product-type-simple"},"acf":[],"_links":{"self":[{"href":"https:\/\/factory.sale\/fi\/wp-json\/wp\/v2\/product\/96006","targetHints":{"allow":["GET"]}}],"collection":[{"href":"https:\/\/factory.sale\/fi\/wp-json\/wp\/v2\/product"}],"about":[{"href":"https:\/\/factory.sale\/fi\/wp-json\/wp\/v2\/types\/product"}],"replies":[{"embeddable":true,"href":"https:\/\/factory.sale\/fi\/wp-json\/wp\/v2\/comments?post=96006"}],"wp:featuredmedia":[{"embeddable":true,"href":"https:\/\/factory.sale\/fi\/wp-json\/wp\/v2\/media\/95991"}],"wp:attachment":[{"href":"https:\/\/factory.sale\/fi\/wp-json\/wp\/v2\/media?parent=96006"}],"wp:term":[{"taxonomy":"factory","embeddable":true,"href":"https:\/\/factory.sale\/fi\/wp-json\/wp\/v2\/factory?post=96006"},{"taxonomy":"free-shipment","embeddable":true,"href":"https:\/\/factory.sale\/fi\/wp-json\/wp\/v2\/free-shipment?post=96006"},{"taxonomy":"product_brand","embeddable":true,"href":"https:\/\/factory.sale\/fi\/wp-json\/wp\/v2\/product_brand?post=96006"},{"taxonomy":"product_cat","embeddable":true,"href":"https:\/\/factory.sale\/fi\/wp-json\/wp\/v2\/product_cat?post=96006"},{"taxonomy":"product_tag","embeddable":true,"href":"https:\/\/factory.sale\/fi\/wp-json\/wp\/v2\/product_tag?post=96006"}],"curies":[{"name":"wp","href":"https:\/\/api.w.org\/{rel}","templated":true}]}}