{"id":95977,"date":"2024-12-13T17:05:31","date_gmt":"2024-12-13T14:10:21","guid":{"rendered":"https:\/\/factory.sale\/?post_type=product&#038;p=95977"},"modified":"2025-09-19T20:53:20","modified_gmt":"2025-09-19T17:53:20","slug":"lelulaatikko-250l-ulkokayttoon","status":"publish","type":"product","link":"https:\/\/factory.sale\/fi\/tuote\/lelulaatikko-250l-ulkokayttoon\/","title":{"rendered":"Lelulaatikko 250L, ulkok\u00e4ytt\u00f6\u00f6n"},"content":{"rendered":"<p>Lelulaatikko 250L, ulkok\u00e4ytt\u00f6\u00f6n<\/p>\n<p><strong>Miksi valita 250 litran lelulaatikko?<\/strong><\/p>\n<p>T\u00e4m\u00e4 ulkok\u00e4ytt\u00f6\u00f6n tarkoitettu lelulaatikko on v\u00e4ltt\u00e4m\u00e4t\u00f6n perheille, jotka arvostavat j\u00e4rjestyst\u00e4 ja mukavuutta. Se tarjoaa kest\u00e4v\u00e4n s\u00e4ilytysratkaisun ja pit\u00e4\u00e4 ulkotilat siistein\u00e4 ja esteettisesti miellytt\u00e4vin\u00e4. Olipa kyseess\u00e4 terassi, puutarha tai uima-altaan ymp\u00e4rist\u00f6 \u2013 t\u00e4m\u00e4 lelulaatikko s\u00e4ilytt\u00e4\u00e4 kaikki tavarat siististi ja suojattuna.<\/p>\n<p><img loading=\"lazy\" decoding=\"async\" class=\"alignnone size-medium wp-image-119076\" src=\"https:\/\/factory.sale\/wp-content\/uploads\/2025\/09\/factory-sale-products-IMG_6140-300x190.jpg\" alt=\"\" width=\"300\" height=\"190\" srcset=\"https:\/\/factory.sale\/wp-content\/uploads\/2025\/09\/factory-sale-products-IMG_6140-300x190.jpg 300w, https:\/\/factory.sale\/wp-content\/uploads\/2025\/09\/factory-sale-products-IMG_6140-1024x648.jpg 1024w, https:\/\/factory.sale\/wp-content\/uploads\/2025\/09\/factory-sale-products-IMG_6140-150x95.jpg 150w, https:\/\/factory.sale\/wp-content\/uploads\/2025\/09\/factory-sale-products-IMG_6140-768x486.jpg 768w, https:\/\/factory.sale\/wp-content\/uploads\/2025\/09\/factory-sale-products-IMG_6140-1536x972.jpg 1536w, https:\/\/factory.sale\/wp-content\/uploads\/2025\/09\/factory-sale-products-IMG_6140-600x380.jpg 600w, https:\/\/factory.sale\/wp-content\/uploads\/2025\/09\/factory-sale-products-IMG_6140.jpg 1680w\" sizes=\"auto, (max-width: 300px) 100vw, 300px\" \/><\/p>\n<p><strong>Tekniset tiedot:<\/strong><\/p>\n<p>Mitat: 63\/87\/77 cm<br \/>\nTilavuus: 250 L<\/p>\n<p>&nbsp;<\/p>\n<p><img loading=\"lazy\" decoding=\"async\" class=\"alignnone size-medium wp-image-119159\" src=\"https:\/\/factory.sale\/wp-content\/uploads\/2025\/09\/factory-sale-products-IMG_3707-Edit-Edit-225x300.jpg\" alt=\"\" width=\"225\" height=\"300\" srcset=\"https:\/\/factory.sale\/wp-content\/uploads\/2025\/09\/factory-sale-products-IMG_3707-Edit-Edit-225x300.jpg 225w, https:\/\/factory.sale\/wp-content\/uploads\/2025\/09\/factory-sale-products-IMG_3707-Edit-Edit-768x1024.jpg 768w, https:\/\/factory.sale\/wp-content\/uploads\/2025\/09\/factory-sale-products-IMG_3707-Edit-Edit-112x150.jpg 112w, https:\/\/factory.sale\/wp-content\/uploads\/2025\/09\/factory-sale-products-IMG_3707-Edit-Edit-1152x1536.jpg 1152w, https:\/\/factory.sale\/wp-content\/uploads\/2025\/09\/factory-sale-products-IMG_3707-Edit-Edit-600x800.jpg 600w, https:\/\/factory.sale\/wp-content\/uploads\/2025\/09\/factory-sale-products-IMG_3707-Edit-Edit.jpg 1400w\" sizes=\"auto, (max-width: 225px) 100vw, 225px\" \/> <img loading=\"lazy\" decoding=\"async\" class=\"alignnone size-medium wp-image-119177\" src=\"https:\/\/factory.sale\/wp-content\/uploads\/2025\/09\/factory-sale-products-IMG_3710-Edit-225x300.jpg\" alt=\"\" width=\"225\" height=\"300\" srcset=\"https:\/\/factory.sale\/wp-content\/uploads\/2025\/09\/factory-sale-products-IMG_3710-Edit-225x300.jpg 225w, https:\/\/factory.sale\/wp-content\/uploads\/2025\/09\/factory-sale-products-IMG_3710-Edit-768x1024.jpg 768w, https:\/\/factory.sale\/wp-content\/uploads\/2025\/09\/factory-sale-products-IMG_3710-Edit-112x150.jpg 112w, https:\/\/factory.sale\/wp-content\/uploads\/2025\/09\/factory-sale-products-IMG_3710-Edit-1152x1536.jpg 1152w, https:\/\/factory.sale\/wp-content\/uploads\/2025\/09\/factory-sale-products-IMG_3710-Edit-600x800.jpg 600w, https:\/\/factory.sale\/wp-content\/uploads\/2025\/09\/factory-sale-products-IMG_3710-Edit.jpg 1400w\" sizes=\"auto, (max-width: 225px) 100vw, 225px\" \/><\/p>\n<p>Tutustu samankaltaisiin tuotteisiin t\u00e4\u00e4ll\u00e4:\u00a0<a href=\"https:\/\/factory.sale\/fi\/tuote-osasto\/piha-puutarha-fi\/teollisuussailiot\/\"><i>\u201cTeollisuuss\u00e4ili\u00f6t\u201d<\/i><\/a><\/p>\n<p>Katso teollisuus s\u00e4ili\u00f6iden laadunhallintaj\u00e4rjestelm\u00e4n\u00a0<a href=\"https:\/\/www.iso.org\/standard\/62085.html\" target=\"_blank\" rel=\"noopener\">ISO 9001 \u2013 standardin seloste<\/a><\/p>\n<p><em><strong>Etk\u00f6 ole varma, mink\u00e4 s\u00e4ili\u00f6n valitsisit? Blogikirjoituksemme \u201c<a href=\"https:\/\/factory.sale\/fi\/blog\/kuinka-valita-oikea-sailio\/\" target=\"_blank\" rel=\"noopener\">Kuinka valita oikea s\u00e4ili\u00f6<\/a>\u201d selitt\u00e4\u00e4 askel askeleelta, mit\u00e4 tulee ottaa huomioon uutta s\u00e4ili\u00f6t\u00e4 valitessa. Tutustu nyt!<\/strong><\/em><\/p>\n","protected":false},"excerpt":{"rendered":"<p>Pid\u00e4 ulkotilasi siistein\u00e4 ja j\u00e4rjestyksess\u00e4 250 litran lelulaatikolla \u2013 t\u00e4ydellinen ratkaisu lelujen, urheiluv\u00e4lineiden ja muiden ulkotarvikkeiden s\u00e4ilytt\u00e4miseen. T\u00e4m\u00e4 tilava ja kest\u00e4v\u00e4 s\u00e4ilytyslaatikko on suunniteltu kest\u00e4m\u00e4\u00e4n s\u00e4\u00e4olosuhteita ja tarjoaa k\u00e4tev\u00e4n tavan pit\u00e4\u00e4 kaikki omilla paikoillaan, pit\u00e4en terassisi, puutarhasi tai pihasi siistin\u00e4 ja sotkuttomana.<\/p>\n","protected":false},"featured_media":118844,"comment_status":"open","ping_status":"closed","template":"","meta":{"_acf_changed":false},"factory":[],"free-shipment":[],"product_brand":[],"product_cat":[917,3043],"product_tag":[1035],"class_list":{"0":"post-95977","1":"product","2":"type-product","3":"status-publish","4":"has-post-thumbnail","6":"product_cat-garden-yard","7":"product_cat-industrial-containers","8":"product_tag-garden","10":"first","11":"instock","12":"sale","13":"taxable","14":"shipping-taxable","15":"purchasable","16":"product-type-simple"},"acf":[],"_links":{"self":[{"href":"https:\/\/factory.sale\/fi\/wp-json\/wp\/v2\/product\/95977","targetHints":{"allow":["GET"]}}],"collection":[{"href":"https:\/\/factory.sale\/fi\/wp-json\/wp\/v2\/product"}],"about":[{"href":"https:\/\/factory.sale\/fi\/wp-json\/wp\/v2\/types\/product"}],"replies":[{"embeddable":true,"href":"https:\/\/factory.sale\/fi\/wp-json\/wp\/v2\/comments?post=95977"}],"wp:featuredmedia":[{"embeddable":true,"href":"https:\/\/factory.sale\/fi\/wp-json\/wp\/v2\/media\/118844"}],"wp:attachment":[{"href":"https:\/\/factory.sale\/fi\/wp-json\/wp\/v2\/media?parent=95977"}],"wp:term":[{"taxonomy":"factory","embeddable":true,"href":"https:\/\/factory.sale\/fi\/wp-json\/wp\/v2\/factory?post=95977"},{"taxonomy":"free-shipment","embeddable":true,"href":"https:\/\/factory.sale\/fi\/wp-json\/wp\/v2\/free-shipment?post=95977"},{"taxonomy":"product_brand","embeddable":true,"href":"https:\/\/factory.sale\/fi\/wp-json\/wp\/v2\/product_brand?post=95977"},{"taxonomy":"product_cat","embeddable":true,"href":"https:\/\/factory.sale\/fi\/wp-json\/wp\/v2\/product_cat?post=95977"},{"taxonomy":"product_tag","embeddable":true,"href":"https:\/\/factory.sale\/fi\/wp-json\/wp\/v2\/product_tag?post=95977"}],"curies":[{"name":"wp","href":"https:\/\/api.w.org\/{rel}","templated":true}]}}